{"id":8098,"date":"2025-06-13T01:48:40","date_gmt":"2025-06-13T01:48:40","guid":{"rendered":"https:\/\/sinoextrud.com\/product\/2024-2014-alloy-aluminum-profiles\/"},"modified":"2025-06-24T06:23:02","modified_gmt":"2025-06-24T06:23:02","slug":"2024-2014-profiles-en-alliage-daluminium","status":"publish","type":"product","link":"https:\/\/sinoextrud.com\/fr\/product\/2024-2014-alloy-aluminum-profiles\/","title":{"rendered":"2024 2014 Profil\u00e9s en alliage d'aluminium"},"content":{"rendered":"<h2>D\u00e9tails des produits<\/h2>\n<table class=\"custom-table\">\n<tbody>\n<tr>\n<td> Nom :<\/td>\n<td> 2024 2014 Profil\u00e9s en alliage d'aluminium<\/td>\n<\/tr>\n<tr>\n<td> Marque :<\/td>\n<td> Sinoextrud \/ Sinoextrud<\/td>\n<\/tr>\n<tr>\n<td> Mat\u00e9riau :<\/td>\n<td> S\u00e9rie 2000<\/td>\n<\/tr>\n<tr>\n<td> Temp\u00e9rer :<\/td>\n<td> T4-T6<\/td>\n<\/tr>\n<tr>\n<td> Longueur :<\/td>\n<td> Personnalisation<\/td>\n<\/tr>\n<tr>\n<td> Traitement de surface :<\/td>\n<td> Finition en usine, anodisation, rev\u00eatement PVDF, etc.<\/td>\n<\/tr>\n<tr>\n<td> Utilisation :<\/td>\n<td> Industrie, Architecture<\/td>\n<\/tr>\n<tr>\n<td> Couleur :<\/td>\n<td> Sur mesure<\/td>\n<\/tr>\n<tr>\n<td> Certification :<\/td>\n<td> ISO9001-2008, CE, BV, JIS, AS, NZS, QUALICOAT<\/td>\n<\/tr>\n<tr>\n<td> Fabrication :<\/td>\n<td> D\u00e9coupage, fraisage, per\u00e7age, poin\u00e7onnage, etc.<\/td>\n<\/tr>\n<tr>\n<td> De :<\/td>\n<td> Foshan, Guangdong, Chine<\/td>\n<\/tr>\n<\/tbody>\n<\/table>\n<h2>Notre base de production<\/h2>\n<h3>Panorama de l'usine<\/h3>\n<p><img decoding=\"async\" src=\"\/wp-content\/uploads\/factory-01.webp\"\/><\/p>\n<h3>Atelier de fabrication de barres d'aluminium<\/h3>\n<p><img decoding=\"async\" src=\"\/wp-content\/uploads\/factory-02.webp\"\/><\/p>\n<p><img decoding=\"async\" src=\"\/wp-content\/uploads\/factory-03.webp\"\/><\/p>\n<h3>Entrep\u00f4t de stockage des moules<\/h3>\n<p><img decoding=\"async\" src=\"\/wp-content\/uploads\/factory-04.webp\"\/><\/p>\n<h3>43 lignes d'extrusion d'aluminium (500 \u00e0 5500 tonnes)<\/h3>\n<p><img decoding=\"async\" src=\"\/wp-content\/uploads\/factory-05.webp\"\/><\/p>\n<p><img decoding=\"async\" src=\"\/wp-content\/uploads\/factory-06.webp\"\/><\/p>\n<p><img decoding=\"async\" src=\"\/wp-content\/uploads\/factory-07.webp\"\/><\/p>\n<h3>Atelier de peinture en poudre<\/h3>\n<p><img decoding=\"async\" src=\"\/wp-content\/uploads\/factory-09.webp\"\/><\/p>\n<h3>Atelier d'anodisation<\/h3>\n<p><img decoding=\"async\" src=\"\/wp-content\/uploads\/factory-10.webp\"\/><\/p>\n<h3>Atelier sur le traitement en profondeur<\/h3>\n<p><img decoding=\"async\" src=\"\/wp-content\/uploads\/factory-11.webp\"\/><\/p>\n<h3>Atelier d'usinage de pr\u00e9cision CNC<\/h3>\n<p><img decoding=\"async\" src=\"\/wp-content\/uploads\/factory-11.5.webp\"\/><\/p>\n<h3>Entrep\u00f4t de produits finis et d'exportation<\/h3>\n<p><img decoding=\"async\" src=\"\/wp-content\/uploads\/factory-12.webp\"\/><\/p>\n<p><img decoding=\"async\" src=\"\/wp-content\/uploads\/factory-13.webp\"\/><\/p>\n<p><img decoding=\"async\" src=\"\/wp-content\/uploads\/factory-14.webp\"\/><\/p>\n<h2>FAQ<\/h2>\n<p><p><b>1. \u00e0 quoi servent les profil\u00e9s en alliage d'aluminium de 2024 et de 2014 ? <\/b><\/p>\n<p> Les profil\u00e9s en alliage d'aluminium 2024 et 2014 sont couramment utilis\u00e9s dans l'a\u00e9rospatiale, l'automobile et les applications structurelles \u00e0 forte charge en raison de leur excellente solidit\u00e9 et de leur r\u00e9sistance \u00e0 la fatigue.<br \/>\n<\/p><br \/>\n<br \/>\n<p><b>2) Quelle est la principale diff\u00e9rence entre l'alliage d'aluminium 2024 et l'alliage d'aluminium 2014 ? <\/b><\/p>\n<p> Le 2024 offre une r\u00e9sistance \u00e0 la fatigue sup\u00e9rieure, tandis que le 2014 offre une meilleure usinabilit\u00e9 et une r\u00e9sistance l\u00e9g\u00e8rement sup\u00e9rieure, ce qui les rend tous deux adapt\u00e9s \u00e0 diff\u00e9rentes applications de pr\u00e9cision.<br \/>\n<\/p><br \/>\n<br \/>\n<p><b>3.Les profil\u00e9s d'aluminium 2024 et 2014 peuvent-ils \u00eatre trait\u00e9s thermiquement ? <\/b><\/p>\n<p> Oui, les alliages 2024 et 2014 peuvent \u00eatre trait\u00e9s thermiquement, ce qui permet d'am\u00e9liorer la r\u00e9sistance m\u00e9canique et les performances dans des environnements exigeants.<br \/>\n<\/p><br \/>\n<br \/>\n<p><b>4. l'aluminium 2024\/2014 se pr\u00eate-t-il \u00e0 l'usinage ? <\/b><\/p>\n<p> Absolument, les alliages 2024 et 2014 offrent tous deux une excellente usinabilit\u00e9, ce qui les rend id\u00e9aux pour les composants d\u00e9taill\u00e9s et de haute pr\u00e9cision.<br \/>\n<\/p><br \/>\n<br \/>\n<p><b>5. Les profil\u00e9s en aluminium 2024 et 2014 peuvent-ils \u00eatre personnalis\u00e9s ? <\/b><\/p>\n<p> Oui, nous fournissons des extrusions, des longueurs et des finitions sur mesure pour r\u00e9pondre aux exigences sp\u00e9cifiques des projets industriels et d'ing\u00e9nierie.<br \/>\n<\/p><br \/>\n<br \/>\n<p><b>6. Quelle est la r\u00e9sistance des profil\u00e9s en alliage d'aluminium de 2024 et de 2014 ? <\/b><\/p>\n<p> Ces alliages sont parmi les mat\u00e9riaux d'aluminium les plus r\u00e9sistants disponibles, ce qui les rend adapt\u00e9s aux applications structurelles et portantes.<br \/>\n<\/p><br \/>\n<br \/>\n<p><b>7. ces profil\u00e9s en aluminium r\u00e9sistent-ils bien \u00e0 la corrosion ? <\/b><\/p>\n<p> Bien qu'ils offrent une bonne r\u00e9sistance, les alliages 2024 et 2014 sont moins r\u00e9sistants \u00e0 la corrosion que d'autres grades, de sorte qu'un traitement de surface ou des rev\u00eatements protecteurs sont recommand\u00e9s pour une utilisation en ext\u00e9rieur.<br \/>\n<\/p><br \/><\/p>","protected":false},"featured_media":8097,"template":"","categories":[54],"class_list":["post-8098","product","type-product","status-publish","has-post-thumbnail","hentry","category-industrial-aluminum-profiles"],"meta_box":{"hilight_text_group":{"product_hilight_text":"<li>High-strength aluminum alloy ideal for structural and aerospace applications.<\/li>\r\r\n<li>Excellent machinability for precision components and complex designs.<\/li>\r\r\n<li>Superior fatigue resistance ensures long-term performance under stress.<\/li>\r\r\n<li>Good thermal and electrical conductivity for industrial use.<\/li>\r\r\n<li>Available in a range of custom extrusions and profiles.<\/li>\r\r\n<li>Lightweight material helps reduce overall assembly weight.<\/li>\r\r\n<li>Heat treatable to enhance mechanical properties and strength.<\/li>","product_chanpin_blog":"<ul>\r\r\n<li><a href=\"https:\/\/sinoextrud.com\/t-slot-v-slot-differences\/\" target=\"_blank\">t slot vs v slot<\/a><\/li>\r\r\n<li><a href=\"https:\/\/sinoextrud.com\/what-is-4040-aluminium-extrud\/\" target=\"_blank\">4040 aluminium extrusion<\/a><\/li>\r\r\n<li><a href=\"https:\/\/sinoextrud.com\/what-is-4040-aluminium-extrud\/\" target=\"_blank\">aluminum extrusions for industrial racks<\/a><\/li>\r\r\n<li><a href=\"https:\/\/sinoextrud.com\/powder-coating-aluminium-process\/\" target=\"_blank\">powder coating aluminium<\/a><\/li>\r\r\n<li><a href=\"https:\/\/sinoextrud.com\/what-is-an-aluminium-strip-ceiling\/\" target=\"_blank\">aluminium strip ceiling<\/a><\/li>\r\r\n<li><a href=\"https:\/\/sinoextrud.com\/what-is-a-heat-sink\/\" target=\"_blank\">what is a heat sink<\/a><\/li>\r\r\n<\/ul>","product_chanpin_chanpin":"<li><a href=\"https:\/\/sinoextrud.com\/product\/t-slot-framing-systems\/\" target=\"_blank\">T Slot Framing Systems<\/a><\/li>\r\n<li><a href=\"https:\/\/sinoextrud.com\/product\/sailboat-mast-extrusions\/\" target=\"_blank\">Sailboat mast extrusions<\/a><\/li>\r\n<li><a href=\"https:\/\/sinoextrud.com\/product\/v-rail-aluminum-extrusion-profiles-pipeline\/\" target=\"_blank\">V Rail Aluminum Extrusion Profiles Pipeline<\/a><\/li>\r\n<li><a href=\"https:\/\/sinoextrud.com\/product\/t-track-aluminium-extrusion-industrial-usage\/\" target=\"_blank\">T Track Aluminium Extrusion Industrial Usage<\/a><\/li>\r\n<li><a href=\"https:\/\/sinoextrud.com\/product\/2024-2014-alloy-aluminum-profiles\/\" target=\"_blank\">2024 2014 Alloy Aluminum Profiles<\/a><\/li>\r\n<li><a href=\"https:\/\/sinoextrud.com\/product\/300mm-aluminium-louvre-extrusion\/\" target=\"_blank\">300mm Aluminium Louvre Extrusion<\/a><\/li>\r\n<li><a href=\"https:\/\/sinoextrud.com\/product\/40mm-aluminium-extrusion\/\" target=\"_blank\">40mm Aluminium Extrusion<\/a><\/li>\r\n<li><a href=\"https:\/\/sinoextrud.com\/product\/6063-and-6061-extruded-led-lighting-telecommunications-and-audio-industrial-aluminum-heat-sink-profile\/\" target=\"_blank\">6063 and 6061 Extruded LED Lighting Telecommunications and Audio Industrial Aluminum Heat Sink Profile<\/a><\/li>\r\n<li><a href=\"https:\/\/sinoextrud.com\/product\/6063-t5-alloy-industrial-aluminum-extrusions-aluminum-profile-with-anodized-surface-treatment\/\" target=\"_blank\">6063 T5 Alloy Industrial Aluminum Extrusions Aluminum Profile With Anodized Surface Treatment<\/a><\/li>\r\n<li><a href=\"https:\/\/sinoextrud.com\/product\/aluminum-window-frames-mosquito-netting-suppliers\/\" target=\"_blank\">Aluminum Window Frames Mosquito Netting Suppliers<\/a><\/li>\r\n<li><a href=\"https:\/\/sinoextrud.com\/product\/small-aluminium-extrusions\/\" target=\"_blank\">Small Aluminium Extrusions<\/a><\/li>"},"feature_list":[]},"_links":{"self":[{"href":"https:\/\/sinoextrud.com\/fr\/wp-json\/wp\/v2\/product\/8098","targetHints":{"allow":["GET"]}}],"collection":[{"href":"https:\/\/sinoextrud.com\/fr\/wp-json\/wp\/v2\/product"}],"about":[{"href":"https:\/\/sinoextrud.com\/fr\/wp-json\/wp\/v2\/types\/product"}],"wp:featuredmedia":[{"embeddable":true,"href":"https:\/\/sinoextrud.com\/fr\/wp-json\/wp\/v2\/media\/8097"}],"wp:attachment":[{"href":"https:\/\/sinoextrud.com\/fr\/wp-json\/wp\/v2\/media?parent=8098"}],"wp:term":[{"taxonomy":"category","embeddable":true,"href":"https:\/\/sinoextrud.com\/fr\/wp-json\/wp\/v2\/categories?post=8098"}],"curies":[{"name":"wp","href":"https:\/\/api.w.org\/{rel}","templated":true}]}}