{"id":8096,"date":"2025-06-13T01:46:57","date_gmt":"2025-06-13T01:46:57","guid":{"rendered":"https:\/\/sinoextrud.com\/product\/t-track-aluminium-extrusion-industrial-usage\/"},"modified":"2025-06-24T06:23:01","modified_gmt":"2025-06-24T06:23:01","slug":"extrusion-daluminium-sur-rail-en-t-usage-industriel","status":"publish","type":"product","link":"https:\/\/sinoextrud.com\/fr\/product\/t-track-aluminium-extrusion-industrial-usage\/","title":{"rendered":"Extrusion d'aluminium en T Usage industriel"},"content":{"rendered":"<h2>D\u00e9tails des produits<\/h2>\n<table class=\"custom-table\">\n<tbody>\n<tr>\n<td> Grade :<\/td>\n<td> 6063 -t5<\/td>\n<\/tr>\n<tr>\n<td> Technique :<\/td>\n<td> Extrusion d'aluminium en T Usage industriel<\/td>\n<\/tr>\n<tr>\n<td> Temp\u00e9rer :<\/td>\n<td> T3 - T8<\/td>\n<\/tr>\n<tr>\n<td> Services d'usinage :<\/td>\n<td> Per\u00e7age, taraudage, rivetage, assemblage, etc.<\/td>\n<\/tr>\n<tr>\n<td> Marque d\u00e9pos\u00e9e :<\/td>\n<td> Sinoextrud Sinoextrud <\/td>\n<\/tr>\n<tr>\n<td> Type :<\/td>\n<td> Extrusion d'aluminium en T Usage industriel<\/td>\n<\/tr>\n<tr>\n<td> Forme :<\/td>\n<td> Con\u00e7us par les clients<\/td>\n<\/tr>\n<tr>\n<td> Traitement de surface :<\/td>\n<td> Finition broyage Anodis\u00e9 Bross\u00e9<\/td>\n<\/tr>\n<tr>\n<td> Longueur :<\/td>\n<td> 1m \u00e0 9m par longueur<\/td>\n<\/tr>\n<tr>\n<td> Couleurs :<\/td>\n<td> Argent Noir<\/td>\n<\/tr>\n<tr>\n<td> Code HS :<\/td>\n<td> 76042990<\/td>\n<\/tr>\n<\/tbody>\n<\/table>\n<h2>Notre base de production<\/h2>\n<h3>Panorama de l'usine<\/h3>\n<p><img decoding=\"async\" src=\"\/wp-content\/uploads\/factory-01.webp\"\/><\/p>\n<h3>Atelier de fabrication de barres d'aluminium<\/h3>\n<p><img decoding=\"async\" src=\"\/wp-content\/uploads\/factory-02.webp\"\/><\/p>\n<p><img decoding=\"async\" src=\"\/wp-content\/uploads\/factory-03.webp\"\/><\/p>\n<h3>Entrep\u00f4t de stockage des moules<\/h3>\n<p><img decoding=\"async\" src=\"\/wp-content\/uploads\/factory-04.webp\"\/><\/p>\n<h3>43 lignes d'extrusion d'aluminium (500 \u00e0 5500 tonnes)<\/h3>\n<p><img decoding=\"async\" src=\"\/wp-content\/uploads\/factory-05.webp\"\/><\/p>\n<p><img decoding=\"async\" src=\"\/wp-content\/uploads\/factory-06.webp\"\/><\/p>\n<p><img decoding=\"async\" src=\"\/wp-content\/uploads\/factory-07.webp\"\/><\/p>\n<h3>Atelier de peinture en poudre<\/h3>\n<p><img decoding=\"async\" src=\"\/wp-content\/uploads\/factory-09.webp\"\/><\/p>\n<h3>Atelier d'anodisation<\/h3>\n<p><img decoding=\"async\" src=\"\/wp-content\/uploads\/factory-10.webp\"\/><\/p>\n<h3>Atelier sur le traitement en profondeur<\/h3>\n<p><img decoding=\"async\" src=\"\/wp-content\/uploads\/factory-11.webp\"\/><\/p>\n<h3>Atelier d'usinage de pr\u00e9cision CNC<\/h3>\n<p><img decoding=\"async\" src=\"\/wp-content\/uploads\/factory-11.5.webp\"\/><\/p>\n<h3>Entrep\u00f4t de produits finis et d'exportation<\/h3>\n<p><img decoding=\"async\" src=\"\/wp-content\/uploads\/factory-12.webp\"\/><\/p>\n<p><img decoding=\"async\" src=\"\/wp-content\/uploads\/factory-13.webp\"\/><\/p>\n<p><img decoding=\"async\" src=\"\/wp-content\/uploads\/factory-14.webp\"\/><\/p>\n<h2>FAQ<\/h2>\n<p><p><b>1. \u00e0 quoi servent les profil\u00e9s en aluminium pour rail en T ?<\/b><\/p>\n<p>Les profil\u00e9s aluminium T Track sont utilis\u00e9s pour cr\u00e9er des syst\u00e8mes ajustables et modulaires dans les applications industrielles, telles que les postes de travail, les lignes d'assemblage et les cadres personnalis\u00e9s.<br \/>\n<\/p><br \/>\n<br \/>\n<p><b>2. pourquoi l'aluminium est-il id\u00e9al pour les profil\u00e9s en T ?<\/b><\/p>\n<p>L'aluminium est l\u00e9ger, solide et r\u00e9sistant \u00e0 la corrosion, ce qui en fait un mat\u00e9riau id\u00e9al pour les profil\u00e9s en T qui doivent r\u00e9sister aux environnements industriels tout en \u00e9tant faciles \u00e0 manipuler et durables.<br \/>\n<\/p><br \/>\n<br \/>\n<p><b>3) Les profil\u00e9s en aluminium pour rail en T peuvent-ils \u00eatre personnalis\u00e9s ?<\/b><\/p>\n<p>Oui, ces extrusions sont personnalisables en termes de taille, de forme et de profil pour r\u00e9pondre \u00e0 des besoins industriels sp\u00e9cifiques et am\u00e9liorer la fonctionnalit\u00e9 des syst\u00e8mes modulaires.<br \/>\n<\/p><br \/>\n<br \/>\n<p><b>4. Comment T Track Aluminium Extrusions am\u00e9liore-t-elle l'efficacit\u00e9 op\u00e9rationnelle ?<\/b><\/p>\n<p>La nature modulaire des profil\u00e9s aluminium T Track permet des ajustements rapides, une reconfiguration ais\u00e9e et un assemblage plus rapide, am\u00e9liorant ainsi l'efficacit\u00e9 globale des op\u00e9rations industrielles.<br \/>\n<\/p><br \/>\n<br \/>\n<p><b>5. les profil\u00e9s aluminium T Track sont-ils r\u00e9sistants \u00e0 la corrosion ?<\/b><\/p>\n<p>Oui, les profil\u00e9s aluminium T Track sont con\u00e7us avec de l'aluminium r\u00e9sistant \u00e0 la corrosion, ce qui les rend id\u00e9aux pour une utilisation industrielle \u00e0 l'int\u00e9rieur et \u00e0 l'ext\u00e9rieur, m\u00eame dans des conditions difficiles.<br \/>\n<\/p><br \/>\n<br \/>\n<p><b>6. Quelle est la facilit\u00e9 d'installation des profil\u00e9s aluminium T Track ?<\/b><\/p>\n<p>L'installation est simple, car ces extrusions peuvent \u00eatre facilement assembl\u00e9es \u00e0 l'aide de fixations standard, ce qui r\u00e9duit le temps d'installation et les co\u00fbts de main-d'\u0153uvre dans la fabrication.<br \/>\n<\/p><br \/>\n<br \/>\n<p><b>7) Quelles sont les industries qui b\u00e9n\u00e9ficient des extrusions d'aluminium T Track ?<\/b><\/p>\n<p>Les industries telles que la fabrication, l'automatisation, la robotique et la construction b\u00e9n\u00e9ficient de la flexibilit\u00e9 et de la r\u00e9sistance des extrusions d'aluminium T Track pour cr\u00e9er des syst\u00e8mes personnalis\u00e9s et efficaces.<br \/>\n<\/p><br \/><\/p>","protected":false},"featured_media":8095,"template":"","categories":[54],"class_list":["post-8096","product","type-product","status-publish","has-post-thumbnail","hentry","category-industrial-aluminum-profiles"],"meta_box":{"hilight_text_group":{"product_hilight_text":"<li>Versatile T-track design allows for easy integration and adjustment of components in industrial applications.<\/li>\r\r\n<li>High-strength aluminum ensures durability and stability in demanding environments.<\/li>\r\r\n<li>Corrosion-resistant properties make it suitable for use in various industrial settings, including outdoor environments.<\/li>\r\r\n<li>Customizable profiles to meet specific industrial requirements and improve operational efficiency.<\/li>\r\r\n<li>Simple installation process reduces assembly time and costs in manufacturing processes.<\/li>","product_chanpin_blog":"<ul>\r\r\n<li><a href=\"https:\/\/sinoextrud.com\/t-slot-v-slot-differences\/\" target=\"_blank\">t slot vs v slot<\/a><\/li>\r\r\n<li><a href=\"https:\/\/sinoextrud.com\/what-is-4040-aluminium-extrud\/\" target=\"_blank\">4040 aluminium extrusion<\/a><\/li>\r\r\n<li><a href=\"https:\/\/sinoextrud.com\/what-is-4040-aluminium-extrud\/\" target=\"_blank\">aluminum extrusions for industrial racks<\/a><\/li>\r\r\n<li><a href=\"https:\/\/sinoextrud.com\/powder-coating-aluminium-process\/\" target=\"_blank\">powder coating aluminium<\/a><\/li>\r\r\n<li><a href=\"https:\/\/sinoextrud.com\/what-is-an-aluminium-strip-ceiling\/\" target=\"_blank\">aluminium strip ceiling<\/a><\/li>\r\r\n<li><a href=\"https:\/\/sinoextrud.com\/what-is-a-heat-sink\/\" target=\"_blank\">what is a heat sink<\/a><\/li>\r\r\n<\/ul>","product_chanpin_chanpin":"<li><a href=\"https:\/\/sinoextrud.com\/product\/t-shaped-aluminium-extrusion\/\" target=\"_blank\">T Shaped Aluminium Extrusion<\/a><\/li>\r\n<li><a href=\"https:\/\/sinoextrud.com\/product\/t-slot-framing-systems\/\" target=\"_blank\">T Slot Framing Systems<\/a><\/li>\r\n<li><a href=\"https:\/\/sinoextrud.com\/product\/sailboat-mast-extrusions\/\" target=\"_blank\">Sailboat mast extrusions<\/a><\/li>\r\n<li><a href=\"https:\/\/sinoextrud.com\/product\/v-rail-aluminum-extrusion-profiles-pipeline\/\" target=\"_blank\">V Rail Aluminum Extrusion Profiles Pipeline<\/a><\/li>\r\n<li><a href=\"https:\/\/sinoextrud.com\/product\/t-track-aluminium-extrusion-industrial-usage\/\" target=\"_blank\">T Track Aluminium Extrusion Industrial Usage<\/a><\/li>\r\n<li><a href=\"https:\/\/sinoextrud.com\/product\/2024-2014-alloy-aluminum-profiles\/\" target=\"_blank\">2024 2014 Alloy Aluminum Profiles<\/a><\/li>\r\n<li><a href=\"https:\/\/sinoextrud.com\/product\/300mm-aluminium-louvre-extrusion\/\" target=\"_blank\">300mm Aluminium Louvre Extrusion<\/a><\/li>\r\n<li><a href=\"https:\/\/sinoextrud.com\/product\/40mm-aluminium-extrusion\/\" target=\"_blank\">40mm Aluminium Extrusion<\/a><\/li>\r\n<li><a href=\"https:\/\/sinoextrud.com\/product\/6063-and-6061-extruded-led-lighting-telecommunications-and-audio-industrial-aluminum-heat-sink-profile\/\" target=\"_blank\">6063 and 6061 Extruded LED Lighting Telecommunications and Audio Industrial Aluminum Heat Sink Profile<\/a><\/li>\r\n<li><a href=\"https:\/\/sinoextrud.com\/product\/sailboat-mast-extrusions\/\" target=\"_blank\">Sailboat mast extrusions<\/a><\/li>\r\n<li><a href=\"https:\/\/sinoextrud.com\/product\/picture-frame-extrusions\/\" target=\"_blank\">Picture Frame Extrusions<\/a><\/li>"},"feature_list":[]},"_links":{"self":[{"href":"https:\/\/sinoextrud.com\/fr\/wp-json\/wp\/v2\/product\/8096","targetHints":{"allow":["GET"]}}],"collection":[{"href":"https:\/\/sinoextrud.com\/fr\/wp-json\/wp\/v2\/product"}],"about":[{"href":"https:\/\/sinoextrud.com\/fr\/wp-json\/wp\/v2\/types\/product"}],"wp:featuredmedia":[{"embeddable":true,"href":"https:\/\/sinoextrud.com\/fr\/wp-json\/wp\/v2\/media\/8095"}],"wp:attachment":[{"href":"https:\/\/sinoextrud.com\/fr\/wp-json\/wp\/v2\/media?parent=8096"}],"wp:term":[{"taxonomy":"category","embeddable":true,"href":"https:\/\/sinoextrud.com\/fr\/wp-json\/wp\/v2\/categories?post=8096"}],"curies":[{"name":"wp","href":"https:\/\/api.w.org\/{rel}","templated":true}]}}