{"id":8070,"date":"2025-06-12T07:32:12","date_gmt":"2025-06-12T07:32:12","guid":{"rendered":"https:\/\/sinoextrud.com\/product\/t-shaped-aluminium-extrusion\/"},"modified":"2025-06-24T06:23:00","modified_gmt":"2025-06-24T06:23:00","slug":"extrusion-daluminium-en-forme-de-t-2","status":"publish","type":"product","link":"https:\/\/sinoextrud.com\/fr\/product\/t-shaped-aluminium-extrusion\/","title":{"rendered":"Extrusion d'aluminium en forme de T"},"content":{"rendered":"<h2>D\u00e9tails des produits<\/h2>\n<table class=\"custom-table\">\n<tbody>\n<tr>\n<td> Nom<\/td>\n<td> Supports en extrusion d'aluminium<\/td>\n<\/tr>\n<tr>\n<td> Marque<\/td>\n<td> Sinoextrud\/Sinoextrud<\/td>\n<\/tr>\n<tr>\n<td> Cat\u00e9gorie<\/td>\n<td> Extrusion d'aluminium<\/td>\n<\/tr>\n<tr>\n<td> Mat\u00e9riau<\/td>\n<td> La norme 6061 est largement utilis\u00e9e. 6063, 6463, 6005, 6082 sont \u00e9galement disponibles.<\/td>\n<\/tr>\n<tr>\n<td> Type<\/td>\n<td> Type lourd ou type l\u00e9ger disponible<\/td>\n<\/tr>\n<tr>\n<td> Temp\u00e9rer<\/td>\n<td> T5-T8<\/td>\n<\/tr>\n<tr>\n<td> Longueur<\/td>\n<td> 1-9m, ou personnalisation<\/td>\n<\/tr>\n<tr>\n<td> Taille (mm)<\/td>\n<td> Diff\u00e9rentes tailles sont disponibles, le dessin du client est disponible<\/td>\n<\/tr>\n<tr>\n<td> Forme<\/td>\n<td> Selon le dessin<\/td>\n<\/tr>\n<tr>\n<td> Traitement de surface<\/td>\n<td> Rev\u00eatement \u00e9lectrique ; finition en usine, anodisation, sablage, \u00e9lectrophor\u00e8se \u00e9galement disponible.<\/td>\n<\/tr>\n<tr>\n<td> Couleur<\/td>\n<td> Nous pouvons personnaliser les couleurs en fonction des \u00e9chantillons des clients.<\/td>\n<\/tr>\n<tr>\n<td> Garantie<\/td>\n<td> GB<\/td>\n<\/tr>\n<tr>\n<td> Standard<\/td>\n<td> Qualit\u00e9 moyenne et \u00e9lev\u00e9e<\/td>\n<\/tr>\n<tr>\n<td> MOQ<\/td>\n<td> 200KGS pour chaque article<\/td>\n<\/tr>\n<tr>\n<td> De<\/td>\n<td> Guangdong, Chine<\/td>\n<\/tr>\n<tr>\n<td> Application<\/td>\n<td> Industrie, b\u00e2timent, d\u00e9coration<\/td>\n<\/tr>\n<\/tbody>\n<\/table>\n<h2>Notre base de production<\/h2>\n<h3>Panorama de l'usine<\/h3>\n<p><img decoding=\"async\" src=\"\/wp-content\/uploads\/factory-01.webp\"\/><\/p>\n<h3>Atelier de fabrication de barres d'aluminium<\/h3>\n<p><img decoding=\"async\" src=\"\/wp-content\/uploads\/factory-02.webp\"\/><\/p>\n<p><img decoding=\"async\" src=\"\/wp-content\/uploads\/factory-03.webp\"\/><\/p>\n<h3>Entrep\u00f4t de stockage des moules<\/h3>\n<p><img decoding=\"async\" src=\"\/wp-content\/uploads\/factory-04.webp\"\/><\/p>\n<h3>43 lignes d'extrusion d'aluminium (500 \u00e0 5500 tonnes)<\/h3>\n<p><img decoding=\"async\" src=\"\/wp-content\/uploads\/factory-05.webp\"\/><\/p>\n<p><img decoding=\"async\" src=\"\/wp-content\/uploads\/factory-06.webp\"\/><\/p>\n<p><img decoding=\"async\" src=\"\/wp-content\/uploads\/factory-07.webp\"\/><\/p>\n<h3>Atelier de peinture en poudre<\/h3>\n<p><img decoding=\"async\" src=\"\/wp-content\/uploads\/factory-09.webp\"\/><\/p>\n<h3>Atelier d'anodisation<\/h3>\n<p><img decoding=\"async\" src=\"\/wp-content\/uploads\/factory-10.webp\"\/><\/p>\n<h3>Atelier sur le traitement en profondeur<\/h3>\n<p><img decoding=\"async\" src=\"\/wp-content\/uploads\/factory-11.webp\"\/><\/p>\n<h3>Atelier d'usinage de pr\u00e9cision CNC<\/h3>\n<p><img decoding=\"async\" src=\"\/wp-content\/uploads\/factory-11.5.webp\"\/><\/p>\n<h3>Entrep\u00f4t de produits finis et d'exportation<\/h3>\n<p><img decoding=\"async\" src=\"\/wp-content\/uploads\/factory-12.webp\"\/><\/p>\n<p><img decoding=\"async\" src=\"\/wp-content\/uploads\/factory-13.webp\"\/><\/p>\n<p><img decoding=\"async\" src=\"\/wp-content\/uploads\/factory-14.webp\"\/><\/p>\n<h2>FAQ<\/h2>\n<p><p><b>1. \u00e0 quoi sert l'extrusion d'aluminium en forme de T ?<\/b><\/p>\n<p>L'extrusion d'aluminium en forme de T est couramment utilis\u00e9e pour cr\u00e9er des cadres modulaires, des bo\u00eetiers et des supports structurels pour des applications industrielles, offrant \u00e0 la fois r\u00e9sistance et flexibilit\u00e9.<br \/>\n<\/p><br \/>\n<br \/>\n<p><b>2) Pourquoi la forme en T est-elle avantageuse pour les profil\u00e9s d'extrusion ?<\/b><\/p>\n<p>La forme en T permet une connexion facile et une int\u00e9gration s\u00fbre avec d'autres profils, ce qui en fait la solution id\u00e9ale pour les structures modulaires et personnalisables.<br \/>\n<\/p><br \/>\n<br \/>\n<p><b>3. L'extrusion d'aluminium en forme de T est-elle r\u00e9sistante \u00e0 la corrosion ?<\/b><\/p>\n<p>Oui, l'extrusion d'aluminium en forme de T poss\u00e8de des propri\u00e9t\u00e9s de r\u00e9sistance \u00e0 la corrosion, ce qui lui permet d'\u00eatre utilis\u00e9e dans des conditions environnementales difficiles et d'assurer une durabilit\u00e9 \u00e0 long terme.<br \/>\n<\/p><br \/>\n<br \/>\n<p><b>4. L'extrusion d'aluminium en forme de T peut-elle \u00eatre personnalis\u00e9e pour diff\u00e9rentes applications ?<\/b><\/p>\n<p>Oui, l'extrusion d'aluminium en forme de T est disponible dans des longueurs et des profils personnalisables, ce qui permet de l'adapter aux exigences de divers projets.<br \/>\n<\/p><br \/>\n<br \/>\n<p><b>5. Comment l'extrusion d'aluminium en forme de T am\u00e9liore-t-elle l'efficacit\u00e9 du projet ?<\/b><\/p>\n<p>La conception modulaire de l'extrusion d'aluminium en forme de T permet un assemblage plus rapide et une modification facile, ce qui r\u00e9duit le temps d'installation et les co\u00fbts de main-d'\u0153uvre.<br \/>\n<\/p><br \/>\n<br \/>\n<p><b>6) Quelles sont les industries qui utilisent l'extrusion d'aluminium en forme de T ?<\/b><\/p>\n<p>Les industries telles que la fabrication, la construction, l'automobile et l'\u00e9lectronique utilisent l'extrusion d'aluminium en forme de T pour sa r\u00e9sistance, sa polyvalence et sa facilit\u00e9 d'utilisation dans diverses applications.<br \/>\n<\/p><br \/>\n<br \/>\n<p><b>7. Quelle est la dur\u00e9e de vie d'une extrusion d'aluminium en forme de T ?<\/b><\/p>\n<p>L'extrusion d'aluminium en forme de T est con\u00e7ue pour une utilisation \u00e0 long terme, offrant une grande durabilit\u00e9 et une r\u00e9sistance \u00e0 l'usure et \u00e0 la corrosion, garantissant une longue dur\u00e9e de vie dans des environnements exigeants.<br \/>\n<\/p><br \/><\/p>","protected":false},"featured_media":8069,"template":"","categories":[54],"class_list":["post-8070","product","type-product","status-publish","has-post-thumbnail","hentry","category-industrial-aluminum-profiles"],"meta_box":{"hilight_text_group":{"product_hilight_text":"<li>T Shaped Aluminium Extrusion provides a strong, versatile frame solution for various industrial applications.<\/li>\r\r\n<li>The T-shaped design allows for easy integration with other profiles, making it ideal for modular construction.<\/li>\r\r\n<li>Corrosion-resistant properties ensure long-lasting durability in demanding environments.<\/li>\r\r\n<li>Lightweight yet robust, making it ideal for structures requiring both strength and reduced weight.<\/li>\r\r\n<li>Customizable lengths and profiles allow for tailored solutions to meet specific project requirements.<\/li>","product_chanpin_blog":"<ul>\r\r\n<li><a href=\"https:\/\/sinoextrud.com\/t-slot-v-slot-differences\/\" target=\"_blank\">t slot vs v slot<\/a><\/li>\r\r\n<li><a href=\"https:\/\/sinoextrud.com\/what-is-4040-aluminium-extrud\/\" target=\"_blank\">4040 aluminium extrusion<\/a><\/li>\r\r\n<li><a href=\"https:\/\/sinoextrud.com\/what-is-4040-aluminium-extrud\/\" target=\"_blank\">aluminum extrusions for industrial racks<\/a><\/li>\r\r\n<li><a href=\"https:\/\/sinoextrud.com\/powder-coating-aluminium-process\/\" target=\"_blank\">powder coating aluminium<\/a><\/li>\r\r\n<li><a href=\"https:\/\/sinoextrud.com\/what-is-an-aluminium-strip-ceiling\/\" target=\"_blank\">aluminium strip ceiling<\/a><\/li>\r\r\n<li><a href=\"https:\/\/sinoextrud.com\/what-is-a-heat-sink\/\" target=\"_blank\">what is a heat sink<\/a><\/li>\r\r\n<\/ul>","product_chanpin_chanpin":"<li><a href=\"https:\/\/sinoextrud.com\/product\/t-shaped-aluminium-profile\/\" target=\"_blank\">T Shaped Aluminium Profile<\/a><\/li>\r\n<li><a href=\"https:\/\/sinoextrud.com\/product\/slotted-aluminum-extrusion\/\" target=\"_blank\">Slotted Aluminum Extrusion<\/a><\/li>\r\n<li><a href=\"https:\/\/sinoextrud.com\/product\/octagon-aluminum-extrusion\/\" target=\"_blank\">Octagon Aluminum Extrusion<\/a><\/li>\r\n<li><a href=\"https:\/\/sinoextrud.com\/product\/t-shape-aluminum-extruded-profile\/\" target=\"_blank\">T Shape Aluminum Extruded Profile<\/a><\/li>\r\n<li><a href=\"https:\/\/sinoextrud.com\/product\/t-shaped-aluminium-extrusion\/\" target=\"_blank\">T Shaped Aluminium Extrusion<\/a><\/li>\r\n<li><a href=\"https:\/\/sinoextrud.com\/product\/t-slot-framing-systems\/\" target=\"_blank\">T Slot Framing Systems<\/a><\/li>\r\n<li><a href=\"https:\/\/sinoextrud.com\/product\/sailboat-mast-extrusions\/\" target=\"_blank\">Sailboat mast extrusions<\/a><\/li>\r\n<li><a href=\"https:\/\/sinoextrud.com\/product\/v-rail-aluminum-extrusion-profiles-pipeline\/\" target=\"_blank\">V Rail Aluminum Extrusion Profiles Pipeline<\/a><\/li>\r\n<li><a href=\"https:\/\/sinoextrud.com\/product\/t-track-aluminium-extrusion-industrial-usage\/\" target=\"_blank\">T Track Aluminium Extrusion Industrial Usage<\/a><\/li>\r\n<li><a href=\"https:\/\/sinoextrud.com\/product\/aluminum-sliding-door-track\/\" target=\"_blank\">Aluminum Sliding Door Track<\/a><\/li>\r\n<li><a href=\"https:\/\/sinoextrud.com\/product\/anodized-aluminum-manufacturer-supply-anodized-aluminium-extrusion-tube-6063\/\" target=\"_blank\">anodized aluminum Manufacturer Supply anodized Aluminium Extrusion Tube 6063<\/a><\/li>"},"feature_list":[]},"_links":{"self":[{"href":"https:\/\/sinoextrud.com\/fr\/wp-json\/wp\/v2\/product\/8070","targetHints":{"allow":["GET"]}}],"collection":[{"href":"https:\/\/sinoextrud.com\/fr\/wp-json\/wp\/v2\/product"}],"about":[{"href":"https:\/\/sinoextrud.com\/fr\/wp-json\/wp\/v2\/types\/product"}],"wp:featuredmedia":[{"embeddable":true,"href":"https:\/\/sinoextrud.com\/fr\/wp-json\/wp\/v2\/media\/8069"}],"wp:attachment":[{"href":"https:\/\/sinoextrud.com\/fr\/wp-json\/wp\/v2\/media?parent=8070"}],"wp:term":[{"taxonomy":"category","embeddable":true,"href":"https:\/\/sinoextrud.com\/fr\/wp-json\/wp\/v2\/categories?post=8070"}],"curies":[{"name":"wp","href":"https:\/\/api.w.org\/{rel}","templated":true}]}}