{"id":8064,"date":"2025-06-12T07:26:18","date_gmt":"2025-06-12T07:26:18","guid":{"rendered":"https:\/\/sinoextrud.com\/product\/slotted-aluminum-extrusion\/"},"modified":"2025-06-24T06:23:00","modified_gmt":"2025-06-24T06:23:00","slug":"extrusion-daluminium-a-fente","status":"publish","type":"product","link":"https:\/\/sinoextrud.com\/fr\/product\/slotted-aluminum-extrusion\/","title":{"rendered":"Extrusion d'aluminium fendu"},"content":{"rendered":"<h2>D\u00e9tails des produits<\/h2>\n<table class=\"custom-table\">\n<tr>\n<td class=\"label\">Mod\u00e8le NO :<\/td>\n<td> extrusion d'aluminium \u00e0 fente<\/td>\n<\/tr>\n<tr>\n<td class=\"label\">Mat\u00e9riau :<\/td>\n<td> Almunum\/Alliage d'aluminium<\/td>\n<\/tr>\n<tr>\n<td class=\"label\">Tol\u00e9rance :<\/td>\n<td> +\/-0,1 mm<\/td>\n<\/tr>\n<tr>\n<td class=\"label\">D\u00e9lai d'ex\u00e9cution de l'\u00e9chantillon :<\/td>\n<td> 15 Dyas<\/td>\n<\/tr>\n<tr>\n<td class=\"label\">Qt\u00e9 min :<\/td>\n<td> 1000 PCS<\/td>\n<\/tr>\n<tr>\n<td class=\"label\">Application :<\/td>\n<td> L'industrie<\/td>\n<\/tr>\n<tr>\n<td class=\"label\">Paquet de transport :<\/td>\n<td> Bo\u00eete en carton et palette en bois<\/td>\n<\/tr>\n<tr>\n<td class=\"label\">Origine :<\/td>\n<td> Chine<\/td>\n<\/tr>\n<tr>\n<td class=\"label\">Options de traitement :<\/td>\n<td> Mchine pure<\/td>\n<\/tr>\n<tr>\n<td class=\"label\">Options de mat\u00e9riaux :<\/td>\n<td> Acier inoxydable\/alliage d'acier\/laiton\/bronze\/titane<\/td>\n<\/tr>\n<tr>\n<td class=\"label\">Conception :<\/td>\n<td> Sur mesure<\/td>\n<\/tr>\n<tr>\n<td class=\"label\">Production de masse :<\/td>\n<td> 30 Dyas<\/td>\n<\/tr>\n<tr>\n<td class=\"label\">Capacit\u00e9 :<\/td>\n<td> 500 000 000PCS\/an<\/td>\n<\/tr>\n<tr>\n<td class=\"label\">Marque d\u00e9pos\u00e9e :<\/td>\n<td> Sinoextrud<\/td>\n<\/tr>\n<tr>\n<td class=\"label\">Sp\u00e9cification :<\/td>\n<td> 0,2KG-200KG<\/td>\n<\/tr>\n<tr>\n<td class=\"label\">Code HS :<\/td>\n<td> 76169990<\/td>\n<\/tr>\n<\/table>\n<h2>Notre base de production<\/h2>\n<h3>Panorama de l'usine<\/h3>\n<p><img decoding=\"async\" src=\"\/wp-content\/uploads\/factory-01.webp\"\/><\/p>\n<h3>Atelier de fabrication de barres d'aluminium<\/h3>\n<p><img decoding=\"async\" src=\"\/wp-content\/uploads\/factory-02.webp\"\/><\/p>\n<p><img decoding=\"async\" src=\"\/wp-content\/uploads\/factory-03.webp\"\/><\/p>\n<h3>Entrep\u00f4t de stockage des moules<\/h3>\n<p><img decoding=\"async\" src=\"\/wp-content\/uploads\/factory-04.webp\"\/><\/p>\n<h3>43 lignes d'extrusion d'aluminium (500 \u00e0 5500 tonnes)<\/h3>\n<p><img decoding=\"async\" src=\"\/wp-content\/uploads\/factory-05.webp\"\/><\/p>\n<p><img decoding=\"async\" src=\"\/wp-content\/uploads\/factory-06.webp\"\/><\/p>\n<p><img decoding=\"async\" src=\"\/wp-content\/uploads\/factory-07.webp\"\/><\/p>\n<h3>Atelier de peinture en poudre<\/h3>\n<p><img decoding=\"async\" src=\"\/wp-content\/uploads\/factory-09.webp\"\/><\/p>\n<h3>Atelier d'anodisation<\/h3>\n<p><img decoding=\"async\" src=\"\/wp-content\/uploads\/factory-10.webp\"\/><\/p>\n<h3>Atelier sur le traitement en profondeur<\/h3>\n<p><img decoding=\"async\" src=\"\/wp-content\/uploads\/factory-11.webp\"\/><\/p>\n<h3>Atelier d'usinage de pr\u00e9cision CNC<\/h3>\n<p><img decoding=\"async\" src=\"\/wp-content\/uploads\/factory-11.5.webp\"\/><\/p>\n<h3>Entrep\u00f4t de produits finis et d'exportation<\/h3>\n<p><img decoding=\"async\" src=\"\/wp-content\/uploads\/factory-12.webp\"\/><\/p>\n<p><img decoding=\"async\" src=\"\/wp-content\/uploads\/factory-13.webp\"\/><\/p>\n<p><img decoding=\"async\" src=\"\/wp-content\/uploads\/factory-14.webp\"\/><\/p>\n<h2>FAQ<\/h2>\n<p><p><b>1) Qu'est-ce qui fait que l'extrusion d'aluminium fendu est id\u00e9ale pour les applications de charpente et de structure ? <\/b><\/p>\n<p> Les profil\u00e9s d'aluminium rainur\u00e9s sont polyvalents, solides et r\u00e9sistants \u00e0 la corrosion, ce qui les rend parfaits pour la construction de cadres et de structures de soutien sur mesure pour une large gamme d'applications.<br \/>\n<\/p><br \/>\n<br \/>\n<p><b>2) L'extrusion d'aluminium \u00e0 fentes peut-elle \u00eatre personnalis\u00e9e ? <\/b><\/p>\n<p> Oui, les extrusions d'aluminium fendues peuvent \u00eatre personnalis\u00e9es en termes de taille, de forme et de longueur pour r\u00e9pondre aux besoins sp\u00e9cifiques de n'importe quel projet.<br \/>\n<\/p><br \/>\n<br \/>\n<p><b>3. Quelle est la durabilit\u00e9 de l'extrusion d'aluminium fendu ? <\/b><\/p>\n<p> Les extrusions d'aluminium fendues sont tr\u00e8s durables, avec des propri\u00e9t\u00e9s de r\u00e9sistance \u00e0 la corrosion qui garantissent une performance durable dans une vari\u00e9t\u00e9 d'environnements.<br \/>\n<\/p><br \/>\n<br \/>\n<p><b>4) Quelles sont les industries qui b\u00e9n\u00e9ficient de l'utilisation de l'extrusion d'aluminium \u00e0 rainures ? <\/b><\/p>\n<p> Les extrusions d'aluminium fendues sont couramment utilis\u00e9es dans les industries telles que l'automatisation, la robotique, la fabrication et la construction pour construire des cadres, des supports et des syst\u00e8mes personnalis\u00e9s.<br \/>\n<\/p><br \/>\n<br \/>\n<p><b>5. l'extrusion d'aluminium \u00e0 fentes est-elle facile \u00e0 assembler et \u00e0 modifier ? <\/b><\/p>\n<p> Oui, la conception \u00e0 fentes permet un assemblage rapide et des modifications faciles, ce qui r\u00e9duit les co\u00fbts de main-d'\u0153uvre et offre une certaine souplesse pour les ajustements futurs.<br \/>\n<\/p><br \/>\n<br \/>\n<p><b>6. Comment l'extrusion d'aluminium \u00e0 fentes am\u00e9liore-t-elle l'efficacit\u00e9 des projets ? <\/b><\/p>\n<p> La conception facile \u00e0 assembler et personnalisable permet de gagner du temps lors de l'installation et offre la flexibilit\u00e9 n\u00e9cessaire pour s'adapter aux changements dans les exigences du projet.<br \/>\n<\/p><br \/>\n<br \/>\n<p><b>7. l'extrusion d'aluminium fendu est-elle respectueuse de l'environnement ? <\/b><\/p>\n<p> Oui, l'aluminium est enti\u00e8rement recyclable, ce qui fait de l'extrusion d'aluminium rainur\u00e9 une solution \u00e9cologique pour les projets structurels durables.<br \/>\n<\/p><br \/><\/p>","protected":false},"featured_media":8063,"template":"","categories":[54],"class_list":["post-8064","product","type-product","status-publish","has-post-thumbnail","hentry","category-industrial-aluminum-profiles"],"meta_box":{"hilight_text_group":{"product_hilight_text":"<li>High-quality slotted aluminum extrusion for versatile framing and structural applications<\/li>\r\r\n<li>Corrosion-resistant, ensuring durability and long-term performance in various environments<\/li>\r\r\n<li>Customizable sizes, shapes, and lengths to meet specific project requirements<\/li>\r\r\n<li>Easy to assemble, modify, and adapt for different designs and applications<\/li>\r\r\n<li>Lightweight yet strong, offering excellent support without adding unnecessary weight<\/li>\r\r\n<li>Perfect for use in automation, machinery, and custom construction projects<\/li>\r\r\n<li>Environmentally friendly, as aluminum is fully recyclable<\/li>","product_chanpin_blog":"<ul>\r\r\n<li><a href=\"https:\/\/sinoextrud.com\/t-slot-v-slot-differences\/\" target=\"_blank\">t slot vs v slot<\/a><\/li>\r\r\n<li><a href=\"https:\/\/sinoextrud.com\/what-is-4040-aluminium-extrud\/\" target=\"_blank\">4040 aluminium extrusion<\/a><\/li>\r\r\n<li><a href=\"https:\/\/sinoextrud.com\/what-is-4040-aluminium-extrud\/\" target=\"_blank\">aluminum extrusions for industrial racks<\/a><\/li>\r\r\n<li><a href=\"https:\/\/sinoextrud.com\/powder-coating-aluminium-process\/\" target=\"_blank\">powder coating aluminium<\/a><\/li>\r\r\n<li><a href=\"https:\/\/sinoextrud.com\/what-is-an-aluminium-strip-ceiling\/\" target=\"_blank\">aluminium strip ceiling<\/a><\/li>\r\r\n<li><a href=\"https:\/\/sinoextrud.com\/what-is-a-heat-sink\/\" target=\"_blank\">what is a heat sink<\/a><\/li>\r\r\n<\/ul>","product_chanpin_chanpin":"<li><a href=\"https:\/\/sinoextrud.com\/product\/j-section-aluminum-extrusion\/\" target=\"_blank\">J Section Aluminum Extrusion<\/a><\/li>\r\n<li><a href=\"https:\/\/sinoextrud.com\/product\/linear-rail-aluminum-extrusion\/\" target=\"_blank\">Linear Rail Aluminum Extrusion<\/a><\/li>\r\n<li><a href=\"https:\/\/sinoextrud.com\/product\/t-slot-aluminum-profile\/\" target=\"_blank\">T-slot Aluminum Profile<\/a><\/li>\r\n<li><a href=\"https:\/\/sinoextrud.com\/product\/t-shaped-aluminium-profile\/\" target=\"_blank\">T Shaped Aluminium Profile<\/a><\/li>\r\n<li><a href=\"https:\/\/sinoextrud.com\/product\/slotted-aluminum-extrusion\/\" target=\"_blank\">Slotted Aluminum Extrusion<\/a><\/li>\r\n<li><a href=\"https:\/\/sinoextrud.com\/product\/octagon-aluminum-extrusion\/\" target=\"_blank\">Octagon Aluminum Extrusion<\/a><\/li>\r\n<li><a href=\"https:\/\/sinoextrud.com\/product\/t-shape-aluminum-extruded-profile\/\" target=\"_blank\">T Shape Aluminum Extruded Profile<\/a><\/li>\r\n<li><a href=\"https:\/\/sinoextrud.com\/product\/t-shaped-aluminium-extrusion\/\" target=\"_blank\">T Shaped Aluminium Extrusion<\/a><\/li>\r\n<li><a href=\"https:\/\/sinoextrud.com\/product\/t-slot-framing-systems\/\" target=\"_blank\">T Slot Framing Systems<\/a><\/li>\r\n<li><a href=\"https:\/\/sinoextrud.com\/product\/extruded-aluminium-case\/\" target=\"_blank\">Extruded Aluminium Case<\/a><\/li>\r\n<li><a href=\"https:\/\/sinoextrud.com\/product\/fabricated-aluminium-extrusions-electrophoresis-champagne\/\" target=\"_blank\">Fabricated Aluminium Extrusions Electrophoresis Champagne<\/a><\/li>"},"feature_list":[]},"_links":{"self":[{"href":"https:\/\/sinoextrud.com\/fr\/wp-json\/wp\/v2\/product\/8064","targetHints":{"allow":["GET"]}}],"collection":[{"href":"https:\/\/sinoextrud.com\/fr\/wp-json\/wp\/v2\/product"}],"about":[{"href":"https:\/\/sinoextrud.com\/fr\/wp-json\/wp\/v2\/types\/product"}],"wp:featuredmedia":[{"embeddable":true,"href":"https:\/\/sinoextrud.com\/fr\/wp-json\/wp\/v2\/media\/8063"}],"wp:attachment":[{"href":"https:\/\/sinoextrud.com\/fr\/wp-json\/wp\/v2\/media?parent=8064"}],"wp:term":[{"taxonomy":"category","embeddable":true,"href":"https:\/\/sinoextrud.com\/fr\/wp-json\/wp\/v2\/categories?post=8064"}],"curies":[{"name":"wp","href":"https:\/\/api.w.org\/{rel}","templated":true}]}}