{"id":8062,"date":"2025-06-12T07:21:52","date_gmt":"2025-06-12T07:21:52","guid":{"rendered":"https:\/\/sinoextrud.com\/product\/t-shaped-aluminium-profile\/"},"modified":"2025-06-24T06:22:58","modified_gmt":"2025-06-24T06:22:58","slug":"profile-en-aluminium-en-forme-de-t","status":"publish","type":"product","link":"https:\/\/sinoextrud.com\/fr\/product\/t-shaped-aluminium-profile\/","title":{"rendered":"Profil\u00e9 en aluminium en forme de T"},"content":{"rendered":"<h2>D\u00e9tails des produits<\/h2>\n<table class=\"custom-table\">\n<tbody>\n<tr>\n<td> Mod\u00e8le NO :<\/td>\n<td>  Profil\u00e9 en aluminium en forme de T<\/td>\n<td> Installation :<\/td>\n<td> Sortie<\/td>\n<\/tr>\n<tr>\n<td> Utilisation :<\/td>\n<td> pour climatiseurs, pour fabrication, pour r\u00e9frig\u00e9ration<\/td>\n<td> \u00c9paisseur :<\/td>\n<td> 3,0 mm<\/td>\n<\/tr>\n<tr>\n<td> Fonction :<\/td>\n<td> Ventilation<\/td>\n<td> Mod\u00e8le :<\/td>\n<td> Sinoextrud-8012<\/td>\n<\/tr>\n<tr>\n<td> Origine :<\/td>\n<td> La certification de l'original est disponible<\/td>\n<td> D\u00e9lai de livraison :<\/td>\n<td> 25 jours<\/td>\n<\/tr>\n<tr>\n<td> Mat\u00e9riau :<\/td>\n<td> Alliage d'aluminium 6063<\/td>\n<td> Type :<\/td>\n<td> Diffuseurs \u00e0 jet h\u00e9lico\u00efdal<\/td>\n<\/tr>\n<tr>\n<td> Certification :<\/td>\n<td> SGS<\/td>\n<td> Paquet :<\/td>\n<td> Bo\u00eete en carton<\/td>\n<\/tr>\n<\/tbody>\n<\/table>\n<h2>Notre base de production<\/h2>\n<h3>Panorama de l'usine<\/h3>\n<p><img decoding=\"async\" src=\"\/wp-content\/uploads\/factory-01.webp\"\/><\/p>\n<h3>Atelier de fabrication de barres d'aluminium<\/h3>\n<p><img decoding=\"async\" src=\"\/wp-content\/uploads\/factory-02.webp\"\/><\/p>\n<\/p>\n<p><img decoding=\"async\" src=\"\/wp-content\/uploads\/factory-03.webp\"\/><\/p>\n<h3>Entrep\u00f4t de stockage des moules<\/h3>\n<p><img decoding=\"async\" src=\"\/wp-content\/uploads\/factory-04.webp\"\/><\/p>\n<h3>43 lignes d'extrusion d'aluminium (500 \u00e0 5500 tonnes)<\/h3>\n<p><img decoding=\"async\" src=\"\/wp-content\/uploads\/factory-05.webp\"\/><\/p>\n<p><img decoding=\"async\" src=\"\/wp-content\/uploads\/factory-06.webp\"\/><\/p>\n<p><img decoding=\"async\" src=\"\/wp-content\/uploads\/factory-07.webp\"\/><\/p>\n<h3>Atelier de peinture en poudre<\/h3>\n<p><img decoding=\"async\" src=\"\/wp-content\/uploads\/factory-09.webp\"\/><\/p>\n<h3>Atelier d'anodisation<\/h3>\n<p><img decoding=\"async\" src=\"\/wp-content\/uploads\/factory-10.webp\"\/><\/p>\n<h3>Atelier sur le traitement en profondeur<\/h3>\n<p><img decoding=\"async\" src=\"\/wp-content\/uploads\/factory-11.webp\"\/><\/p>\n<h3>Atelier d'usinage de pr\u00e9cision CNC<\/h3>\n<p><img decoding=\"async\" src=\"\/wp-content\/uploads\/factory-11.5.webp\"\/><\/p>\n<h3>Entrep\u00f4t de produits finis et d'exportation<\/h3>\n<p><img decoding=\"async\" src=\"\/wp-content\/uploads\/factory-12.webp\"\/><\/p>\n<p><img decoding=\"async\" src=\"\/wp-content\/uploads\/factory-13.webp\"\/><\/p>\n<p><img decoding=\"async\" src=\"\/wp-content\/uploads\/factory-14.webp\"\/><\/p>\n<h2>FAQ<\/h2>\n<p><b>1) Qu'est-ce qui fait que le profil\u00e9 en aluminium en forme de T est id\u00e9al pour les applications structurelles ? <\/b><\/p>\n<p> Les profil\u00e9s en aluminium en forme de T sont solides, r\u00e9sistants \u00e0 la corrosion et polyvalents, ce qui les rend parfaits pour les applications de charpente et de structure sur mesure.\n<\/p>\n<p><\/p>\n<p><b>2) Les profil\u00e9s aluminium en forme de T peuvent-ils \u00eatre personnalis\u00e9s ? <\/b><\/p>\n<p> Oui, ces profil\u00e9s peuvent \u00eatre personnalis\u00e9s en termes de longueur, de taille et de conception pour r\u00e9pondre aux exigences d'un projet sp\u00e9cifique.\n<\/p>\n<p><\/p>\n<p><b>3. Quelle est la durabilit\u00e9 des profil\u00e9s aluminium en forme de T ? <\/b><\/p>\n<p> Les profil\u00e9s en aluminium en forme de T sont tr\u00e8s durables gr\u00e2ce \u00e0 leurs propri\u00e9t\u00e9s de r\u00e9sistance \u00e0 la corrosion, ce qui garantit des performances durables dans divers environnements.\n<\/p>\n<p><\/p>\n<p><b>4) Quelles sont les industries qui b\u00e9n\u00e9ficient des profil\u00e9s en aluminium en forme de T ? <\/b><\/p>\n<p> Les profil\u00e9s en aluminium en forme de T sont largement utilis\u00e9s dans des secteurs tels que la construction, l'automatisation, la robotique et la fabrication de cadres de construction et de composants structurels.\n<\/p>\n<p><\/p>\n<p><b>5. Les profil\u00e9s en aluminium en forme de T sont-ils faciles \u00e0 assembler ? <\/b><\/p>\n<p> Oui, la conception en forme de T permet un assemblage, une modification et un d\u00e9montage faciles, ce qui am\u00e9liore la flexibilit\u00e9 et r\u00e9duit le temps d'installation.\n<\/p>\n<p><\/p>\n<p><b>6. Comment les profil\u00e9s en aluminium en forme de T am\u00e9liorent-ils l'efficacit\u00e9 des projets ? <\/b><\/p>\n<p> Gr\u00e2ce \u00e0 leur conception personnalisable et \u00e0 leur facilit\u00e9 d'assemblage, les profil\u00e9s en aluminium en forme de T sont id\u00e9aux pour la construction rapide et efficace de cadres et de structures.\n<\/p>\n<p><\/p>\n<p><b>7. le profil\u00e9 en aluminium en forme de T est-il respectueux de l'environnement ? <\/b><\/p>\n<p> Oui, l'aluminium est enti\u00e8rement recyclable, ce qui fait des profil\u00e9s en aluminium en forme de T un choix \u00e9cologique pour les projets de construction durable.\n<\/p>\n<p><\/p>","protected":false},"featured_media":8061,"template":"","categories":[54],"class_list":["post-8062","product","type-product","status-publish","has-post-thumbnail","hentry","category-industrial-aluminum-profiles"],"meta_box":{"hilight_text_group":{"product_hilight_text":"<li>High-strength T-shaped aluminium profile ideal for structural applications and framing<\/li>\r\r\n<li>Corrosion-resistant, ensuring long-lasting durability in various environmental conditions<\/li>\r\r\n<li>Customizable lengths and sizes to meet specific design and structural requirements<\/li>\r\r\n<li>Easy to assemble, modify, and adapt for different projects, offering high flexibility<\/li>\r\r\n<li>Lightweight yet strong, providing excellent support without adding excessive weight<\/li>\r\r\n<li>Efficient for use in automation, robotics, and other engineering projects<\/li>\r\r\n<li>Eco-friendly, made from fully recyclable aluminium material<\/li>","product_chanpin_blog":"<ul>\r\r\n<li><a href=\"https:\/\/sinoextrud.com\/t-slot-v-slot-differences\/\" target=\"_blank\">t slot vs v slot<\/a><\/li>\r\r\n<li><a href=\"https:\/\/sinoextrud.com\/what-is-4040-aluminium-extrud\/\" target=\"_blank\">4040 aluminium extrusion<\/a><\/li>\r\r\n<li><a href=\"https:\/\/sinoextrud.com\/what-is-4040-aluminium-extrud\/\" target=\"_blank\">aluminum extrusions for industrial racks<\/a><\/li>\r\r\n<li><a href=\"https:\/\/sinoextrud.com\/powder-coating-aluminium-process\/\" target=\"_blank\">powder coating aluminium<\/a><\/li>\r\r\n<li><a href=\"https:\/\/sinoextrud.com\/what-is-an-aluminium-strip-ceiling\/\" target=\"_blank\">aluminium strip ceiling<\/a><\/li>\r\r\n<li><a href=\"https:\/\/sinoextrud.com\/what-is-a-heat-sink\/\" target=\"_blank\">what is a heat sink<\/a><\/li>\r\r\n<\/ul>","product_chanpin_chanpin":"<li><a href=\"https:\/\/sinoextrud.com\/product\/industrial-aluminum-extrusion-profile\/\" target=\"_blank\">Industrial Aluminum Extrusion Profile<\/a><\/li>\r\n<li><a href=\"https:\/\/sinoextrud.com\/product\/j-section-aluminum-extrusion\/\" target=\"_blank\">J Section Aluminum Extrusion<\/a><\/li>\r\n<li><a href=\"https:\/\/sinoextrud.com\/product\/linear-rail-aluminum-extrusion\/\" target=\"_blank\">Linear Rail Aluminum Extrusion<\/a><\/li>\r\n<li><a href=\"https:\/\/sinoextrud.com\/product\/t-slot-aluminum-profile\/\" target=\"_blank\">T-slot Aluminum Profile<\/a><\/li>\r\n<li><a href=\"https:\/\/sinoextrud.com\/product\/t-shaped-aluminium-profile\/\" target=\"_blank\">T Shaped Aluminium Profile<\/a><\/li>\r\n<li><a href=\"https:\/\/sinoextrud.com\/product\/slotted-aluminum-extrusion\/\" target=\"_blank\">Slotted Aluminum Extrusion<\/a><\/li>\r\n<li><a href=\"https:\/\/sinoextrud.com\/product\/octagon-aluminum-extrusion\/\" target=\"_blank\">Octagon Aluminum Extrusion<\/a><\/li>\r\n<li><a href=\"https:\/\/sinoextrud.com\/product\/t-shape-aluminum-extruded-profile\/\" target=\"_blank\">T Shape Aluminum Extruded Profile<\/a><\/li>\r\n<li><a href=\"https:\/\/sinoextrud.com\/product\/t-shaped-aluminium-extrusion\/\" target=\"_blank\">T Shaped Aluminium Extrusion<\/a><\/li>\r\n<li><a href=\"https:\/\/sinoextrud.com\/product\/alloy-extrusion-profiles\/\" target=\"_blank\">Alloy Extrusion Profiles<\/a><\/li>\r\n<li><a href=\"https:\/\/sinoextrud.com\/product\/custom-precision-cnc-machining-for-aluminum-parts\/\" target=\"_blank\">Custom Precision CNC Machining for Aluminum Parts<\/a><\/li>"},"feature_list":[]},"_links":{"self":[{"href":"https:\/\/sinoextrud.com\/fr\/wp-json\/wp\/v2\/product\/8062","targetHints":{"allow":["GET"]}}],"collection":[{"href":"https:\/\/sinoextrud.com\/fr\/wp-json\/wp\/v2\/product"}],"about":[{"href":"https:\/\/sinoextrud.com\/fr\/wp-json\/wp\/v2\/types\/product"}],"wp:featuredmedia":[{"embeddable":true,"href":"https:\/\/sinoextrud.com\/fr\/wp-json\/wp\/v2\/media\/8061"}],"wp:attachment":[{"href":"https:\/\/sinoextrud.com\/fr\/wp-json\/wp\/v2\/media?parent=8062"}],"wp:term":[{"taxonomy":"category","embeddable":true,"href":"https:\/\/sinoextrud.com\/fr\/wp-json\/wp\/v2\/categories?post=8062"}],"curies":[{"name":"wp","href":"https:\/\/api.w.org\/{rel}","templated":true}]}}