{"id":8060,"date":"2025-06-12T07:17:05","date_gmt":"2025-06-12T07:17:05","guid":{"rendered":"https:\/\/sinoextrud.com\/product\/t-slot-aluminum-profile\/"},"modified":"2025-06-24T06:22:58","modified_gmt":"2025-06-24T06:22:58","slug":"profile-daluminium-a-rainure-en-t","status":"publish","type":"product","link":"https:\/\/sinoextrud.com\/fr\/product\/t-slot-aluminum-profile\/","title":{"rendered":"Profil\u00e9 aluminium \u00e0 rainure en T"},"content":{"rendered":"<h2>D\u00e9tails des produits<\/h2>\n<table class=\"custom-table\">\n<tr>\n<td class=\"label\">Nom du produit<\/td>\n<td>profil\u00e9 d'aluminium \u00e0 rainure en t<\/td>\n<\/tr>\n<tr>\n<td class=\"label\">Mat\u00e9riau<\/td>\n<td>6063<\/td>\n<\/tr>\n<tr>\n<td class=\"label\">Temp\u00e9rer<\/td>\n<td>T5, T6<\/td>\n<\/tr>\n<tr>\n<td class=\"label\">\u00c9paisseur<\/td>\n<td>\u00c9paisseur du profil 1,0 mm<\/td>\n<\/tr>\n<tr>\n<td class=\"label\">Longueur<\/td>\n<td>5,8 m par pi\u00e8ce. Demande personnalis\u00e9e disponible<\/td>\n<\/tr>\n<tr>\n<td class=\"label\">Forme<\/td>\n<td>Carr\u00e9 identique \u00e0 l'image. Possibilit\u00e9 de personnalisation<\/td>\n<\/tr>\n<tr>\n<td class=\"label\">Traitement de surface<\/td>\n<td>Epaisseur du rev\u00eatement en poudre : 80 micorn.<\/td>\n<\/tr>\n<tr>\n<td class=\"label\">Couleur<\/td>\n<td>Blanc<\/td>\n<\/tr>\n<tr>\n<td class=\"label\">Application<\/td>\n<td>Ligne de production de machines, rail de transport<\/td>\n<\/tr>\n<tr>\n<td class=\"label\">Processus en profondeur<\/td>\n<td>CNC, per\u00e7age, d\u00e9coupe, soudage, assemblage<\/td>\n<\/tr>\n<tr>\n<td class=\"label\">MOQ<\/td>\n<td>200KG pour chaque article<\/td>\n<\/tr>\n<tr>\n<td class=\"label\">Capacit\u00e9 de production<\/td>\n<td>15 000 tonnes par mois<\/td>\n<\/tr>\n<tr>\n<td class=\"label\">Certificat et norme<\/td>\n<td>1) ISO9001-2008\/ISO 9001:2008 ;<br \/>\n2) Certification CQM ;<br \/>\n3) SGS, BV, ROSH disponibles<\/td>\n<\/tr>\n<tr>\n<td class=\"label\">Garantie<\/td>\n<td>La couleur de la surface peut rester stable pendant 10 \u00e0 20 ans en utilisation int\u00e9rieure.<\/td>\n<\/tr>\n<tr>\n<td class=\"label\">D\u00e9tails de l'emballage<\/td>\n<td>Int\u00e9rieur : emball\u00e9 sous film plastique pour prot\u00e9ger chaque pi\u00e8ce<br \/>\nA l'ext\u00e9rieur : Envelopper les paquets avec du papier artisanal imperm\u00e9able ou un film EPE. Des demandes personnalis\u00e9es sont disponibles.<\/td>\n<\/tr>\n<tr>\n<td class=\"label\">D\u00e9lai d'ex\u00e9cution<\/td>\n<td>Mise au point de la matrice et essai des \u00e9chantillons : 12-18 jours.<br \/>\nProduction en s\u00e9rie : 20-30 jours.<\/td>\n<\/tr>\n<tr>\n<td class=\"label\">Port FOB<\/td>\n<td>Shenzhen \/ Guangzhou \/ Foshan<\/td>\n<\/tr>\n<tr>\n<td class=\"label\">Conditions de paiement<\/td>\n<td>T\/T 30% pour le d\u00e9p\u00f4t, le solde avant la livraison.<\/td>\n<\/tr>\n<\/table>\n<h2>Notre base de production<\/h2>\n<h3>Panorama de l'usine<\/h3>\n<p><img decoding=\"async\" src=\"\/wp-content\/uploads\/factory-01.webp\"\/><\/p>\n<h3>Atelier de fabrication de barres d'aluminium<\/h3>\n<p><img decoding=\"async\" src=\"\/wp-content\/uploads\/factory-02.webp\"\/><\/p>\n<\/p>\n<p><img decoding=\"async\" src=\"\/wp-content\/uploads\/factory-03.webp\"\/><\/p>\n<h3>Entrep\u00f4t de stockage des moules<\/h3>\n<p><img decoding=\"async\" src=\"\/wp-content\/uploads\/factory-04.webp\"\/><\/p>\n<h3>43 lignes d'extrusion d'aluminium (500 \u00e0 5500 tonnes)<\/h3>\n<p><img decoding=\"async\" src=\"\/wp-content\/uploads\/factory-05.webp\"\/><\/p>\n<p><img decoding=\"async\" src=\"\/wp-content\/uploads\/factory-06.webp\"\/><\/p>\n<p><img decoding=\"async\" src=\"\/wp-content\/uploads\/factory-07.webp\"\/><\/p>\n<h3>Atelier de peinture en poudre<\/h3>\n<p><img decoding=\"async\" src=\"\/wp-content\/uploads\/factory-09.webp\"\/><\/p>\n<h3>Atelier d'anodisation<\/h3>\n<p><img decoding=\"async\" src=\"\/wp-content\/uploads\/factory-10.webp\"\/><\/p>\n<h3>Atelier sur le traitement en profondeur<\/h3>\n<p><img decoding=\"async\" src=\"\/wp-content\/uploads\/factory-11.webp\"\/><\/p>\n<h3>Atelier d'usinage de pr\u00e9cision CNC<\/h3>\n<p><img decoding=\"async\" src=\"\/wp-content\/uploads\/factory-11.5.webp\"\/><\/p>\n<h3>Entrep\u00f4t de produits finis et d'exportation<\/h3>\n<p><img decoding=\"async\" src=\"\/wp-content\/uploads\/factory-12.webp\"\/><\/p>\n<p><img decoding=\"async\" src=\"\/wp-content\/uploads\/factory-13.webp\"\/><\/p>\n<p><img decoding=\"async\" src=\"\/wp-content\/uploads\/factory-14.webp\"\/><\/p>\n<h2>FAQ<\/h2>\n<p><b>1) Qu'est-ce qui fait que les profil\u00e9s aluminium \u00e0 rainure en T sont id\u00e9aux pour les cadres et les structures sur mesure ? <\/b><\/p>\n<p> Les profil\u00e9s aluminium \u00e0 rainure en T sont polyvalents, faciles \u00e0 assembler et hautement personnalisables, ce qui permet aux utilisateurs de construire des structures uniques et flexibles pour diverses applications.\n<\/p>\n<p><\/p>\n<p><b>2) Les profil\u00e9s aluminium \u00e0 rainure en T peuvent-ils \u00eatre personnalis\u00e9s ? <\/b><\/p>\n<p> Oui, ces profil\u00e9s peuvent \u00eatre adapt\u00e9s en termes de taille, de longueur et de conception pour r\u00e9pondre aux exigences et aux applications sp\u00e9cifiques du projet.\n<\/p>\n<p><\/p>\n<p><b>3. Quelle est la durabilit\u00e9 des profil\u00e9s aluminium \u00e0 rainure en T ? <\/b><\/p>\n<p> Les profil\u00e9s en aluminium \u00e0 rainure en T sont tr\u00e8s durables, gr\u00e2ce \u00e0 leurs propri\u00e9t\u00e9s de r\u00e9sistance \u00e0 la corrosion, ce qui garantit des performances durables m\u00eame dans des environnements difficiles.\n<\/p>\n<p><\/p>\n<p><b>4) Quelles sont les industries qui b\u00e9n\u00e9ficient des profil\u00e9s aluminium \u00e0 rainure en T ? <\/b><\/p>\n<p> Les profil\u00e9s aluminium \u00e0 rainure en T sont largement utilis\u00e9s dans des secteurs tels que l'automatisation, la robotique, la manutention et le b\u00e2timent pour la construction de cadres et de structures de soutien sur mesure.\n<\/p>\n<p><\/p>\n<p><b>5. les profil\u00e9s aluminium \u00e0 rainure en T sont-ils faciles \u00e0 installer et \u00e0 modifier ? <\/b><\/p>\n<p> Oui, la conception modulaire des profil\u00e9s aluminium \u00e0 rainure en T permet une installation facile et des modifications ult\u00e9rieures, ce qui r\u00e9duit le temps d'installation et offre une flexibilit\u00e9 \u00e0 long terme.\n<\/p>\n<p><\/p>\n<p><b>6. Comment les profil\u00e9s aluminium \u00e0 rainure en T am\u00e9liorent-ils les performances du syst\u00e8me ? <\/b><\/p>\n<p> Ces profil\u00e9s offrent un support solide et stable tout en restant flexibles pour les changements de conception, am\u00e9liorant ainsi l'efficacit\u00e9 et l'adaptabilit\u00e9 des syst\u00e8mes d'automatisation.\n<\/p>\n<p><\/p>\n<p><b>7. les profil\u00e9s aluminium \u00e0 rainure en T sont-ils respectueux de l'environnement ? <\/b><\/p>\n<p> Oui, l'aluminium est enti\u00e8rement recyclable, ce qui fait des profil\u00e9s aluminium \u00e0 rainure en T un choix \u00e9cologique pour la construction de structures durables.\n<\/p>\n<p><\/p>","protected":false},"featured_media":8059,"template":"","categories":[54],"class_list":["post-8060","product","type-product","status-publish","has-post-thumbnail","hentry","category-industrial-aluminum-profiles"],"meta_box":{"hilight_text_group":{"product_hilight_text":"<li>Versatile T-slot aluminum profiles for building custom frames, structures, and workstations<\/li>\r\r\n<li>Durable and corrosion-resistant, ensuring long-lasting performance in various industrial environments<\/li>\r\r\n<li>Easy to assemble and modify, offering flexibility for future adjustments and upgrades<\/li>\r\r\n<li>Lightweight yet strong, providing excellent support without adding excess weight<\/li>\r\r\n<li>Customizable sizes and lengths to meet specific project needs<\/li>\r\r\n<li>Efficient for use in automation, robotics, and material handling systems<\/li>\r\r\n<li>Eco-friendly, made from recyclable aluminum material<\/li>","product_chanpin_blog":"<ul>\r\r\n<li><a href=\"https:\/\/sinoextrud.com\/t-slot-v-slot-differences\/\" target=\"_blank\">t slot vs v slot<\/a><\/li>\r\r\n<li><a href=\"https:\/\/sinoextrud.com\/what-is-4040-aluminium-extrud\/\" target=\"_blank\">4040 aluminium extrusion<\/a><\/li>\r\r\n<li><a href=\"https:\/\/sinoextrud.com\/what-is-4040-aluminium-extrud\/\" target=\"_blank\">aluminum extrusions for industrial racks<\/a><\/li>\r\r\n<li><a href=\"https:\/\/sinoextrud.com\/powder-coating-aluminium-process\/\" target=\"_blank\">powder coating aluminium<\/a><\/li>\r\r\n<li><a href=\"https:\/\/sinoextrud.com\/what-is-an-aluminium-strip-ceiling\/\" target=\"_blank\">aluminium strip ceiling<\/a><\/li>\r\r\n<li><a href=\"https:\/\/sinoextrud.com\/what-is-a-heat-sink\/\" target=\"_blank\">what is a heat sink<\/a><\/li>\r\r\n<\/ul>","product_chanpin_chanpin":"<li><a href=\"https:\/\/sinoextrud.com\/product\/customized-led-strip-light-aluminium-profile-led-aluminum-extrusion\/\" target=\"_blank\">Customized LED Strip Light Aluminium Profile  LED Aluminum Extrusion<\/a><\/li>\r\n<li><a href=\"https:\/\/sinoextrud.com\/product\/industrial-aluminum-extrusion-profile\/\" target=\"_blank\">Industrial Aluminum Extrusion Profile<\/a><\/li>\r\n<li><a href=\"https:\/\/sinoextrud.com\/product\/j-section-aluminum-extrusion\/\" target=\"_blank\">J Section Aluminum Extrusion<\/a><\/li>\r\n<li><a href=\"https:\/\/sinoextrud.com\/product\/linear-rail-aluminum-extrusion\/\" target=\"_blank\">Linear Rail Aluminum Extrusion<\/a><\/li>\r\n<li><a href=\"https:\/\/sinoextrud.com\/product\/t-slot-aluminum-profile\/\" target=\"_blank\">T-slot Aluminum Profile<\/a><\/li>\r\n<li><a href=\"https:\/\/sinoextrud.com\/product\/t-shaped-aluminium-profile\/\" target=\"_blank\">T Shaped Aluminium Profile<\/a><\/li>\r\n<li><a href=\"https:\/\/sinoextrud.com\/product\/slotted-aluminum-extrusion\/\" target=\"_blank\">Slotted Aluminum Extrusion<\/a><\/li>\r\n<li><a href=\"https:\/\/sinoextrud.com\/product\/octagon-aluminum-extrusion\/\" target=\"_blank\">Octagon Aluminum Extrusion<\/a><\/li>\r\n<li><a href=\"https:\/\/sinoextrud.com\/product\/t-shape-aluminum-extruded-profile\/\" target=\"_blank\">T Shape Aluminum Extruded Profile<\/a><\/li>\r\n<li><a href=\"https:\/\/sinoextrud.com\/product\/medical-instrument-aluminum-profile\/\" target=\"_blank\">Medical Instrument Aluminum Profile<\/a><\/li>\r\n<li><a href=\"https:\/\/sinoextrud.com\/product\/j-section-aluminum-extrusion\/\" target=\"_blank\">J Section Aluminum Extrusion<\/a><\/li>"},"feature_list":[]},"_links":{"self":[{"href":"https:\/\/sinoextrud.com\/fr\/wp-json\/wp\/v2\/product\/8060","targetHints":{"allow":["GET"]}}],"collection":[{"href":"https:\/\/sinoextrud.com\/fr\/wp-json\/wp\/v2\/product"}],"about":[{"href":"https:\/\/sinoextrud.com\/fr\/wp-json\/wp\/v2\/types\/product"}],"wp:featuredmedia":[{"embeddable":true,"href":"https:\/\/sinoextrud.com\/fr\/wp-json\/wp\/v2\/media\/8059"}],"wp:attachment":[{"href":"https:\/\/sinoextrud.com\/fr\/wp-json\/wp\/v2\/media?parent=8060"}],"wp:term":[{"taxonomy":"category","embeddable":true,"href":"https:\/\/sinoextrud.com\/fr\/wp-json\/wp\/v2\/categories?post=8060"}],"curies":[{"name":"wp","href":"https:\/\/api.w.org\/{rel}","templated":true}]}}