{"id":8058,"date":"2025-06-12T07:15:34","date_gmt":"2025-06-12T07:15:34","guid":{"rendered":"https:\/\/sinoextrud.com\/product\/linear-rail-aluminum-extrusion\/"},"modified":"2025-06-24T06:22:58","modified_gmt":"2025-06-24T06:22:58","slug":"rail-lineaire-en-aluminium-extrude","status":"publish","type":"product","link":"https:\/\/sinoextrud.com\/fr\/product\/linear-rail-aluminum-extrusion\/","title":{"rendered":"Rail lin\u00e9aire Extrusion d'aluminium"},"content":{"rendered":"<h2>D\u00e9tails des produits<\/h2>\n<table class=\"custom-table\">\n<tbody>\n<tr>\n<td> Nom du produit<\/td>\n<td> Rail lin\u00e9aire Extrusion d'aluminium<\/td>\n<\/tr>\n<tr>\n<td> Temp\u00e9rer<\/td>\n<td> T3-T8<\/td>\n<\/tr>\n<tr>\n<td> Mat\u00e9riau<\/td>\n<td> Alliage de la s\u00e9rie 6000, tel que 6063, 6061, 6082, 6463, etc.<\/td>\n<\/tr>\n<tr>\n<td> Couleur<\/td>\n<td> Or, argent, noir, blanc, gris, champagne, miroir, grain de bois, demande personnalis\u00e9e disponible<\/td>\n<\/tr>\n<tr>\n<td> Termin\u00e9<\/td>\n<td> Anodis\u00e9, rev\u00eatement par poudre, grain de bois, \u00e9lectrophor\u00e8se, PVDF, Akzo, poli, bross\u00e9, mat, etc.<\/td>\n<\/tr>\n<tr>\n<td> Usinage CNC<\/td>\n<td> CNC, per\u00e7age, fraisage, d\u00e9coupage, soudage, pliage, assemblage, poin\u00e7onnage, taraudage, etc.<\/td>\n<\/tr>\n<tr>\n<td> Longueur<\/td>\n<td> 1m-9m ou sur mesure<\/td>\n<\/tr>\n<tr>\n<td> Forme<\/td>\n<td> Carr\u00e9, plat, rond, creux, ovale, triangle, profil\u00e9s en U, profil\u00e9s en L, profil\u00e9s en T, profil\u00e9s en H, disponibles sur mesure<\/td>\n<\/tr>\n<tr>\n<td> D\u00e9lai d'ex\u00e9cution<\/td>\n<td> Moule ouvert et test d'\u00e9chantillonnage : 12-15 jours ouvrables. Production en s\u00e9rie : 20-30 jours ouvrables, en fonction de la QT\u00c9.<\/td>\n<\/tr>\n<tr>\n<td> Application<\/td>\n<td> Fen\u00eatres et portes, murs-rideaux, murs en verre, meubles, plafonds, cuisines, bandes LED, transports ferroviaires, v\u00e9hicules, logements motoris\u00e9s, machines, tentes, \u00e9nergie solaire. Profil industriel, profil de d\u00e9coration, etc.<\/td>\n<\/tr>\n<tr>\n<td> Paquet<\/td>\n<td> Film protecteur, papier imperm\u00e9able, EPE, carton, palette ou sur mesure<\/td>\n<\/tr>\n<tr>\n<td> Style d'entreprise<\/td>\n<td> Soci\u00e9t\u00e9 de fabrication et de commerce<\/td>\n<\/tr>\n<tr>\n<td> Nom de la marque<\/td>\n<td> Sinoextrud, Sinoextrud, , Sinoextrud<\/td>\n<\/tr>\n<tr>\n<td> OEM<\/td>\n<td> Nous esp\u00e9rons \u00e9tablir une relation durable avec nos clients. Nous sommes certains de pouvoir vous fournir le meilleur service OEM.<\/td>\n<\/tr>\n<tr>\n<td> Garantie<\/td>\n<td> La couleur de la surface peut rester stable pendant 10 \u00e0 20 ans en utilisation int\u00e9rieure.<\/td>\n<\/tr>\n<tr>\n<td> Port FOB<\/td>\n<td> Foshan, Guangzhou, Shenzhen, Chine<\/td>\n<\/tr>\n<tr>\n<td> MOQ<\/td>\n<td> 200KGs \/ Article<\/td>\n<\/tr>\n<tr>\n<td> Origine<\/td>\n<td> Foshan, Chine<\/td>\n<\/tr>\n<\/tbody>\n<\/table>\n<h2>Notre base de production<\/h2>\n<h3>Panorama de l'usine<\/h3>\n<p><img decoding=\"async\" src=\"\/wp-content\/uploads\/factory-01.webp\"\/><\/p>\n<h3>Atelier de fabrication de barres d'aluminium<\/h3>\n<p><img decoding=\"async\" src=\"\/wp-content\/uploads\/factory-02.webp\"\/><\/p>\n<p><img decoding=\"async\" src=\"\/wp-content\/uploads\/factory-03.webp\"\/><\/p>\n<h3>Entrep\u00f4t de stockage des moules<\/h3>\n<p><img decoding=\"async\" src=\"\/wp-content\/uploads\/factory-04.webp\"\/><\/p>\n<h3>43 lignes d'extrusion d'aluminium (500 \u00e0 5500 tonnes)<\/h3>\n<p><img decoding=\"async\" src=\"\/wp-content\/uploads\/factory-05.webp\"\/><\/p>\n<p><img decoding=\"async\" src=\"\/wp-content\/uploads\/factory-06.webp\"\/><\/p>\n<p><img decoding=\"async\" src=\"\/wp-content\/uploads\/factory-07.webp\"\/><\/p>\n<h3>Atelier de peinture en poudre<\/h3>\n<p><img decoding=\"async\" src=\"\/wp-content\/uploads\/factory-09.webp\"\/><\/p>\n<h3>Atelier d'anodisation<\/h3>\n<p><img decoding=\"async\" src=\"\/wp-content\/uploads\/factory-10.webp\"\/><\/p>\n<h3>Atelier sur le traitement en profondeur<\/h3>\n<p><img decoding=\"async\" src=\"\/wp-content\/uploads\/factory-11.webp\"\/><\/p>\n<h3>Atelier d'usinage de pr\u00e9cision CNC<\/h3>\n<p><img decoding=\"async\" src=\"\/wp-content\/uploads\/factory-11.5.webp\"\/><\/p>\n<h3>Entrep\u00f4t de produits finis et d'exportation<\/h3>\n<p><img decoding=\"async\" src=\"\/wp-content\/uploads\/factory-12.webp\"\/><\/p>\n<p><img decoding=\"async\" src=\"\/wp-content\/uploads\/factory-13.webp\"\/><\/p>\n<p><img decoding=\"async\" src=\"\/wp-content\/uploads\/factory-14.webp\"\/><\/p>\n<h2>FAQ<\/h2>\n<p><p><b>1) Qu'est-ce qui fait que les rails lin\u00e9aires en aluminium extrud\u00e9 conviennent aux applications de mouvement de pr\u00e9cision ? <\/b><\/p>\n<p> Les profil\u00e9s aluminium pour rails lin\u00e9aires sont con\u00e7us pour offrir un support de mouvement souple et pr\u00e9cis, ce qui les rend id\u00e9aux pour les applications exigeant de la pr\u00e9cision.<br \/>\n<\/p><br \/>\n<br \/>\n<p><b>2. l'extrusion aluminium pour rail lin\u00e9aire peut-elle \u00eatre personnalis\u00e9e ? <\/b><\/p>\n<p> Oui, l'extrusion peut \u00eatre personnalis\u00e9e en termes de taille, de longueur et de profil pour r\u00e9pondre aux besoins sp\u00e9cifiques des syst\u00e8mes d'automatisation et des machines.<br \/>\n<\/p><br \/>\n<br \/>\n<p><b>3. quelle est la durabilit\u00e9 de l'extrusion aluminium pour rail lin\u00e9aire ? <\/b><\/p>\n<p> Les extrusions d'aluminium des rails lin\u00e9aires sont tr\u00e8s durables et r\u00e9sistantes \u00e0 la corrosion, ce qui garantit des performances fiables \u00e0 long terme, m\u00eame dans des environnements difficiles.<br \/>\n<\/p><br \/>\n<br \/>\n<p><b>4) Quelles sont les industries qui b\u00e9n\u00e9ficient de l'utilisation de l'extrusion d'aluminium pour rails lin\u00e9aires ? <\/b><\/p>\n<p> Ces extrusions sont largement utilis\u00e9es dans des secteurs tels que l'automatisation, la robotique, la manutention et la fabrication de syst\u00e8mes pr\u00e9cis de contr\u00f4le des mouvements.<br \/>\n<\/p><br \/>\n<br \/>\n<p><b>5. le rail lin\u00e9aire en aluminium extrud\u00e9 est-il facile \u00e0 installer ? <\/b><\/p>\n<p> Oui, il est con\u00e7u pour une installation facile, ce qui permet de r\u00e9duire le temps d'assemblage et les co\u00fbts de main-d'\u0153uvre.<br \/>\n<\/p><br \/>\n<br \/>\n<p><b>6. comment l'extrusion d'aluminium pour rail lin\u00e9aire am\u00e9liore-t-elle la performance du syst\u00e8me ? <\/b><\/p>\n<p> Les extrusions permettent des mouvements pr\u00e9cis et fluides, augmentant ainsi l'efficacit\u00e9 et la pr\u00e9cision des syst\u00e8mes d'automatisation, de robotique et de machinerie.<br \/>\n<\/p><br \/>\n<br \/>\n<p><b>7. l'extrusion de rails lin\u00e9aires en aluminium est-elle respectueuse de l'environnement ? <\/b><\/p>\n<p> Oui, l'aluminium est un mat\u00e9riau recyclable, ce qui fait de ces extrusions une solution \u00e9cologique pour une large gamme d'applications industrielles.<br \/>\n<\/p><br \/><\/p>","protected":false},"featured_media":8057,"template":"","categories":[54],"class_list":["post-8058","product","type-product","status-publish","has-post-thumbnail","hentry","category-industrial-aluminum-profiles"],"meta_box":{"hilight_text_group":{"product_hilight_text":"<li>High-strength linear rail aluminum extrusion for precise linear motion applications<\/li>\r\r\n<li>Corrosion-resistant, ensuring long-lasting performance in various environments<\/li>\r\r\n<li>Lightweight yet durable, providing strong support without excess weight<\/li>\r\r\n<li>Customizable lengths and profiles to meet specific needs in automation and machinery<\/li>\r\r\n<li>Highly accurate and smooth, improving the efficiency and precision of motion systems<\/li>\r\r\n<li>Cost-effective, offering excellent performance at a competitive price<\/li>\r\r\n<li>Eco-friendly, made from recyclable aluminum material<\/li>","product_chanpin_blog":"<ul>\r\r\n<li><a href=\"https:\/\/sinoextrud.com\/t-slot-v-slot-differences\/\" target=\"_blank\">t slot vs v slot<\/a><\/li>\r\r\n<li><a href=\"https:\/\/sinoextrud.com\/what-is-4040-aluminium-extrud\/\" target=\"_blank\">4040 aluminium extrusion<\/a><\/li>\r\r\n<li><a href=\"https:\/\/sinoextrud.com\/what-is-4040-aluminium-extrud\/\" target=\"_blank\">aluminum extrusions for industrial racks<\/a><\/li>\r\r\n<li><a href=\"https:\/\/sinoextrud.com\/powder-coating-aluminium-process\/\" target=\"_blank\">powder coating aluminium<\/a><\/li>\r\r\n<li><a href=\"https:\/\/sinoextrud.com\/what-is-an-aluminium-strip-ceiling\/\" target=\"_blank\">aluminium strip ceiling<\/a><\/li>\r\r\n<li><a href=\"https:\/\/sinoextrud.com\/what-is-a-heat-sink\/\" target=\"_blank\">what is a heat sink<\/a><\/li>\r\r\n<\/ul>","product_chanpin_chanpin":"<li><a href=\"https:\/\/sinoextrud.com\/product\/t-slot-aluminum-extrusion-profile-for-industrial-assembly-line\/\" target=\"_blank\">T Slot Aluminum Extrusion Profile For Industrial Assembly Line<\/a><\/li>\r\n<li><a href=\"https:\/\/sinoextrud.com\/product\/customized-led-strip-light-aluminium-profile-led-aluminum-extrusion\/\" target=\"_blank\">Customized LED Strip Light Aluminium Profile  LED Aluminum Extrusion<\/a><\/li>\r\n<li><a href=\"https:\/\/sinoextrud.com\/product\/industrial-aluminum-extrusion-profile\/\" target=\"_blank\">Industrial Aluminum Extrusion Profile<\/a><\/li>\r\n<li><a href=\"https:\/\/sinoextrud.com\/product\/j-section-aluminum-extrusion\/\" target=\"_blank\">J Section Aluminum Extrusion<\/a><\/li>\r\n<li><a href=\"https:\/\/sinoextrud.com\/product\/linear-rail-aluminum-extrusion\/\" target=\"_blank\">Linear Rail Aluminum Extrusion<\/a><\/li>\r\n<li><a href=\"https:\/\/sinoextrud.com\/product\/t-slot-aluminum-profile\/\" target=\"_blank\">T-slot Aluminum Profile<\/a><\/li>\r\n<li><a href=\"https:\/\/sinoextrud.com\/product\/t-shaped-aluminium-profile\/\" target=\"_blank\">T Shaped Aluminium Profile<\/a><\/li>\r\n<li><a href=\"https:\/\/sinoextrud.com\/product\/slotted-aluminum-extrusion\/\" target=\"_blank\">Slotted Aluminum Extrusion<\/a><\/li>\r\n<li><a href=\"https:\/\/sinoextrud.com\/product\/octagon-aluminum-extrusion\/\" target=\"_blank\">Octagon Aluminum Extrusion<\/a><\/li>\r\n<li><a href=\"https:\/\/sinoextrud.com\/product\/anodized-aluminum-railing-systems\/\" target=\"_blank\">Anodized Aluminum Railing Systems<\/a><\/li>\r\n<li><a href=\"https:\/\/sinoextrud.com\/product\/pvdf-coating-aluminum-profile-curtain-wall\/\" target=\"_blank\">PVDF Coating Aluminum profile Curtain Wall<\/a><\/li>"},"feature_list":[]},"_links":{"self":[{"href":"https:\/\/sinoextrud.com\/fr\/wp-json\/wp\/v2\/product\/8058","targetHints":{"allow":["GET"]}}],"collection":[{"href":"https:\/\/sinoextrud.com\/fr\/wp-json\/wp\/v2\/product"}],"about":[{"href":"https:\/\/sinoextrud.com\/fr\/wp-json\/wp\/v2\/types\/product"}],"wp:featuredmedia":[{"embeddable":true,"href":"https:\/\/sinoextrud.com\/fr\/wp-json\/wp\/v2\/media\/8057"}],"wp:attachment":[{"href":"https:\/\/sinoextrud.com\/fr\/wp-json\/wp\/v2\/media?parent=8058"}],"wp:term":[{"taxonomy":"category","embeddable":true,"href":"https:\/\/sinoextrud.com\/fr\/wp-json\/wp\/v2\/categories?post=8058"}],"curies":[{"name":"wp","href":"https:\/\/api.w.org\/{rel}","templated":true}]}}