{"id":8056,"date":"2025-06-12T07:13:21","date_gmt":"2025-06-12T07:13:21","guid":{"rendered":"https:\/\/sinoextrud.com\/product\/j-section-aluminum-extrusion\/"},"modified":"2025-06-24T06:22:58","modified_gmt":"2025-06-24T06:22:58","slug":"extrusion-daluminium-de-section-j","status":"publish","type":"product","link":"https:\/\/sinoextrud.com\/fr\/product\/j-section-aluminum-extrusion\/","title":{"rendered":"Extrusion d'aluminium de section J"},"content":{"rendered":"<h2>D\u00e9tails des produits<\/h2>\n<table class=\"custom-table\">\n<tbody>\n<tr>\n<td> Nom du produit<\/td>\n<td> Extrusion d'aluminium de section J<\/td>\n<\/tr>\n<tr>\n<td> Mat\u00e9riau<\/td>\n<td> 6063, 6061, 6082, 6005, etc.<\/td>\n<\/tr>\n<tr>\n<td> Temp\u00e9rer<\/td>\n<td> T3-T8<\/td>\n<\/tr>\n<tr>\n<td> Taille et \u00e9paisseur<\/td>\n<td> Selon les besoins du client<\/td>\n<\/tr>\n<tr>\n<td> Couleur<\/td>\n<td> Finition en usine ou autre couleur personnalis\u00e9e<\/td>\n<\/tr>\n<tr>\n<td> Longueur<\/td>\n<td> Longueur standard 1-9M, autres longueurs sp\u00e9ciales disponibles.<\/td>\n<\/tr>\n<tr>\n<td> Applications typiques<\/td>\n<td> Zone industrielle, architecturale et de d\u00e9coration<\/td>\n<\/tr>\n<tr>\n<td> Marque<\/td>\n<td> Sinoextrud ou OEM<\/td>\n<\/tr>\n<tr>\n<td> Processus CNC<\/td>\n<td> Prise en charge du fraisage, du poin\u00e7onnage, du per\u00e7age, du taraudage et du cintrage CNC<\/td>\n<\/tr>\n<tr>\n<td> MOQ<\/td>\n<td> 200KG<\/td>\n<\/tr>\n<tr>\n<td> Traitement de surface<\/td>\n<td> Finition en usine, grain de bois, anodisation, rev\u00eatement en poudre, \u00e9lectrophor\u00e8se, rev\u00eatement PVDF, bross\u00e9, etc.<\/td>\n<\/tr>\n<tr>\n<td> Certifications<\/td>\n<td> ISO9001, ISO4001, CQM, SGS, CE, BV, etc.<\/td>\n<\/tr>\n<\/tbody>\n<\/table>\n<h2>Notre base de production<\/h2>\n<h3>Panorama de l'usine<\/h3>\n<p><img decoding=\"async\" src=\"\/wp-content\/uploads\/factory-01.webp\"\/><\/p>\n<h3>Atelier de fabrication de barres d'aluminium<\/h3>\n<p><img decoding=\"async\" src=\"\/wp-content\/uploads\/factory-02.webp\"\/><\/p>\n<p><img decoding=\"async\" src=\"\/wp-content\/uploads\/factory-03.webp\"\/><\/p>\n<h3>Entrep\u00f4t de stockage des moules<\/h3>\n<p><img decoding=\"async\" src=\"\/wp-content\/uploads\/factory-04.webp\"\/><\/p>\n<h3>43 lignes d'extrusion d'aluminium (500 \u00e0 5500 tonnes)<\/h3>\n<p><img decoding=\"async\" src=\"\/wp-content\/uploads\/factory-05.webp\"\/><\/p>\n<p><img decoding=\"async\" src=\"\/wp-content\/uploads\/factory-06.webp\"\/><\/p>\n<p><img decoding=\"async\" src=\"\/wp-content\/uploads\/factory-07.webp\"\/><\/p>\n<h3>Atelier de peinture en poudre<\/h3>\n<p><img decoding=\"async\" src=\"\/wp-content\/uploads\/factory-09.webp\"\/><\/p>\n<h3>Atelier d'anodisation<\/h3>\n<p><img decoding=\"async\" src=\"\/wp-content\/uploads\/factory-10.webp\"\/><\/p>\n<h3>Atelier sur le traitement en profondeur<\/h3>\n<p><img decoding=\"async\" src=\"\/wp-content\/uploads\/factory-11.webp\"\/><\/p>\n<h3>Atelier d'usinage de pr\u00e9cision CNC<\/h3>\n<p><img decoding=\"async\" src=\"\/wp-content\/uploads\/factory-11.5.webp\"\/><\/p>\n<h3>Entrep\u00f4t de produits finis et d'exportation<\/h3>\n<p><img decoding=\"async\" src=\"\/wp-content\/uploads\/factory-12.webp\"\/><\/p>\n<p><img decoding=\"async\" src=\"\/wp-content\/uploads\/factory-13.webp\"\/><\/p>\n<p><img decoding=\"async\" src=\"\/wp-content\/uploads\/factory-14.webp\"\/><\/p>\n<h2>FAQ<\/h2>\n<p><p><b>1. \u00e0 quoi sert l'extrusion d'aluminium \u00e0 profil\u00e9 J ?<\/b><\/p>\n<p>L'extrusion d'aluminium de section J est couramment utilis\u00e9e dans des applications structurelles n\u00e9cessitant une r\u00e9sistance et une stabilit\u00e9 accrues, telles que les cadres, les supports et les bo\u00eetiers.<br \/>\n<\/p><br \/>\n<br \/>\n<p><b>2) Pourquoi choisir l'extrusion d'aluminium de section J plut\u00f4t que d'autres profils ?<\/b><\/p>\n<p>L'extrusion d'aluminium en J offre une r\u00e9sistance et une rigidit\u00e9 sup\u00e9rieures, ce qui la rend id\u00e9ale pour supporter de lourdes charges et r\u00e9sister \u00e0 des environnements difficiles.<br \/>\n<\/p><br \/>\n<br \/>\n<p><b>3. l'extrusion d'aluminium de section J peut-elle \u00eatre personnalis\u00e9e pour des projets sp\u00e9cifiques ?<\/b><\/p>\n<p>Oui, l'extrusion d'aluminium de profil\u00e9 J peut \u00eatre personnalis\u00e9e en termes de taille et de profil\u00e9 pour r\u00e9pondre aux besoins sp\u00e9cifiques de votre projet.<br \/>\n<\/p><br \/>\n<br \/>\n<p><b>4. Comment l'extrusion d'aluminium \u00e0 profil\u00e9 J r\u00e9siste-t-elle aux conditions environnementales difficiles ?<\/b><\/p>\n<p>L'extrusion d'aluminium de section J est fabriqu\u00e9e \u00e0 partir d'aluminium r\u00e9sistant \u00e0 la corrosion, ce qui la rend id\u00e9ale pour les applications int\u00e9rieures et ext\u00e9rieures, m\u00eame dans des conditions m\u00e9t\u00e9orologiques difficiles.<br \/>\n<\/p><br \/>\n<br \/>\n<p><b>5. l'extrusion d'aluminium \u00e0 profil\u00e9 J est-elle facile \u00e0 installer ?<\/b><\/p>\n<p>Oui, l'extrusion d'aluminium de profil\u00e9 J est facile \u00e0 couper, \u00e0 assembler et \u00e0 installer, ce qui r\u00e9duit les co\u00fbts de main-d'\u0153uvre et le temps d'installation pour les projets de grande envergure.<br \/>\n<\/p><br \/>\n<br \/>\n<p><b>6. quels sont les principaux avantages de l'utilisation de l'aluminium pour l'extrusion de profil\u00e9s en J ?<\/b><\/p>\n<p>L'aluminium offre une combinaison de solidit\u00e9, de l\u00e9g\u00e8ret\u00e9 et de r\u00e9sistance \u00e0 la corrosion, ce qui fait de l'extrusion d'aluminium de section J un choix durable et rentable pour de nombreuses applications.<br \/>\n<\/p><br \/>\n<br \/>\n<p><b>7) Quelle est la dur\u00e9e de vie de l'extrusion d'aluminium \u00e0 profil\u00e9 J ?<\/b><\/p>\n<p>L'extrusion d'aluminium de profil\u00e9 J est con\u00e7ue pour des performances \u00e0 long terme, offrant une excellente durabilit\u00e9 et une r\u00e9sistance \u00e0 la corrosion, ce qui garantit qu'elle durera de nombreuses ann\u00e9es dans des conditions exigeantes.<br \/>\n<\/p><br \/><\/p>","protected":false},"featured_media":8055,"template":"","categories":[54],"class_list":["post-8056","product","type-product","status-publish","has-post-thumbnail","hentry","category-industrial-aluminum-profiles"],"meta_box":{"hilight_text_group":{"product_hilight_text":"<li>J Section Aluminum Extrusion offers enhanced strength and stability for structural applications.<\/li>\r\r\n<li>Durable aluminum material ensures long-lasting performance in demanding environments.<\/li>\r\r\n<li>Customizable profiles and sizes available to meet specific design and structural needs.<\/li>\r\r\n<li>Corrosion-resistant surface ideal for outdoor and industrial applications.<\/li>\r\r\n<li>Easy to cut and assemble, reducing installation time and cost for large projects.<\/li>","product_chanpin_blog":"<ul>\r\r\n<li><a href=\"https:\/\/sinoextrud.com\/t-slot-v-slot-differences\/\" target=\"_blank\">t slot vs v slot<\/a><\/li>\r\r\n<li><a href=\"https:\/\/sinoextrud.com\/what-is-4040-aluminium-extrud\/\" target=\"_blank\">4040 aluminium extrusion<\/a><\/li>\r\r\n<li><a href=\"https:\/\/sinoextrud.com\/what-is-4040-aluminium-extrud\/\" target=\"_blank\">aluminum extrusions for industrial racks<\/a><\/li>\r\r\n<li><a href=\"https:\/\/sinoextrud.com\/powder-coating-aluminium-process\/\" target=\"_blank\">powder coating aluminium<\/a><\/li>\r\r\n<li><a href=\"https:\/\/sinoextrud.com\/what-is-an-aluminium-strip-ceiling\/\" target=\"_blank\">aluminium strip ceiling<\/a><\/li>\r\r\n<li><a href=\"https:\/\/sinoextrud.com\/what-is-a-heat-sink\/\" target=\"_blank\">what is a heat sink<\/a><\/li>\r\r\n<\/ul>","product_chanpin_chanpin":"<li><a href=\"https:\/\/sinoextrud.com\/product\/heatsink-aluminum-profiles\/\" target=\"_blank\">Heatsink Aluminum Profiles<\/a><\/li>\r\n<li><a href=\"https:\/\/sinoextrud.com\/product\/t-slot-aluminum-extrusion-profile-for-industrial-assembly-line\/\" target=\"_blank\">T Slot Aluminum Extrusion Profile For Industrial Assembly Line<\/a><\/li>\r\n<li><a href=\"https:\/\/sinoextrud.com\/product\/customized-led-strip-light-aluminium-profile-led-aluminum-extrusion\/\" target=\"_blank\">Customized LED Strip Light Aluminium Profile  LED Aluminum Extrusion<\/a><\/li>\r\n<li><a href=\"https:\/\/sinoextrud.com\/product\/industrial-aluminum-extrusion-profile\/\" target=\"_blank\">Industrial Aluminum Extrusion Profile<\/a><\/li>\r\n<li><a href=\"https:\/\/sinoextrud.com\/product\/j-section-aluminum-extrusion\/\" target=\"_blank\">J Section Aluminum Extrusion<\/a><\/li>\r\n<li><a href=\"https:\/\/sinoextrud.com\/product\/linear-rail-aluminum-extrusion\/\" target=\"_blank\">Linear Rail Aluminum Extrusion<\/a><\/li>\r\n<li><a href=\"https:\/\/sinoextrud.com\/product\/t-slot-aluminum-profile\/\" target=\"_blank\">T-slot Aluminum Profile<\/a><\/li>\r\n<li><a href=\"https:\/\/sinoextrud.com\/product\/t-shaped-aluminium-profile\/\" target=\"_blank\">T Shaped Aluminium Profile<\/a><\/li>\r\n<li><a href=\"https:\/\/sinoextrud.com\/product\/slotted-aluminum-extrusion\/\" target=\"_blank\">Slotted Aluminum Extrusion<\/a><\/li>\r\n<li><a href=\"https:\/\/sinoextrud.com\/product\/aluminum-extrusion-heat-profiles-sink\/\" target=\"_blank\">Aluminum Extrusion Heat Profiles Sink<\/a><\/li>\r\n<li><a href=\"https:\/\/sinoextrud.com\/product\/custom-aluminum-tongue-and-groove-extrusion\/\" target=\"_blank\">Custom Aluminum Tongue And Groove Extrusion<\/a><\/li>"},"feature_list":[]},"_links":{"self":[{"href":"https:\/\/sinoextrud.com\/fr\/wp-json\/wp\/v2\/product\/8056","targetHints":{"allow":["GET"]}}],"collection":[{"href":"https:\/\/sinoextrud.com\/fr\/wp-json\/wp\/v2\/product"}],"about":[{"href":"https:\/\/sinoextrud.com\/fr\/wp-json\/wp\/v2\/types\/product"}],"wp:featuredmedia":[{"embeddable":true,"href":"https:\/\/sinoextrud.com\/fr\/wp-json\/wp\/v2\/media\/8055"}],"wp:attachment":[{"href":"https:\/\/sinoextrud.com\/fr\/wp-json\/wp\/v2\/media?parent=8056"}],"wp:term":[{"taxonomy":"category","embeddable":true,"href":"https:\/\/sinoextrud.com\/fr\/wp-json\/wp\/v2\/categories?post=8056"}],"curies":[{"name":"wp","href":"https:\/\/api.w.org\/{rel}","templated":true}]}}