{"id":8054,"date":"2025-06-12T07:11:50","date_gmt":"2025-06-12T07:11:50","guid":{"rendered":"https:\/\/sinoextrud.com\/product\/industrial-aluminum-extrusion-profile\/"},"modified":"2025-06-24T06:22:58","modified_gmt":"2025-06-24T06:22:58","slug":"profile-dextrusion-daluminium-industriel","status":"publish","type":"product","link":"https:\/\/sinoextrud.com\/fr\/product\/industrial-aluminum-extrusion-profile\/","title":{"rendered":"Profil\u00e9 d'extrusion d'aluminium industriel"},"content":{"rendered":"<h2>D\u00e9tails des produits<\/h2>\n<table class=\"custom-table\">\n<tr>\n<td class=\"label\">Forme :<\/td>\n<td> Forme en U<\/td>\n<\/tr>\n<tr>\n<td class=\"label\">Temp\u00e9rer :<\/td>\n<td> T3-T8<\/td>\n<\/tr>\n<tr>\n<td class=\"label\">Alliage :<\/td>\n<td> Alliage<\/td>\n<\/tr>\n<tr>\n<td class=\"label\">Ingr\u00e9dient d'alliage :<\/td>\n<td> 6063<\/td>\n<\/tr>\n<tr>\n<td class=\"label\">Mat\u00e9riau du cadre et de l'ouvrant :<\/td>\n<td> Alliage d'aluminium<\/td>\n<\/tr>\n<tr>\n<td class=\"label\">Longueur maximale du profil :<\/td>\n<td> 7,2 mm<\/td>\n<\/tr>\n<tr>\n<td class=\"label\">Paquet de transport :<\/td>\n<td> Papier nominal, emballage r\u00e9tractable, coton perl\u00e9 ou sur mesure<\/td>\n<\/tr>\n<tr>\n<td class=\"label\">Origine :<\/td>\n<td> Foshan Guang Dong, Chine<\/td>\n<\/tr>\n<tr>\n<td class=\"label\">Type :<\/td>\n<td> Utilisation industrielle<\/td>\n<\/tr>\n<tr>\n<td class=\"label\">Grade :<\/td>\n<td> S\u00e9rie 6000<\/td>\n<\/tr>\n<tr>\n<td class=\"label\">Profil\u00e9s industriels en aluminium :<\/td>\n<td> 18 S\u00e9ries<\/td>\n<\/tr>\n<tr>\n<td class=\"label\">Finition de la surface :<\/td>\n<td> Oxydation anodique<\/td>\n<\/tr>\n<tr>\n<td class=\"label\">Certification :<\/td>\n<td> ISO, RoHS<\/td>\n<\/tr>\n<tr>\n<td class=\"label\">Couleur :<\/td>\n<td> Argent ,Champagne,Bronze,Couleur personnalis\u00e9e<\/td>\n<\/tr>\n<tr>\n<td class=\"label\">Code HS :<\/td>\n<td> 76042910<\/td>\n<\/tr>\n<\/table>\n<h2>Notre base de production<\/h2>\n<h3>Panorama de l'usine<\/h3>\n<p><img decoding=\"async\" src=\"\/wp-content\/uploads\/factory-01.webp\"\/><\/p>\n<h3>Atelier de fabrication de barres d'aluminium<\/h3>\n<p><img decoding=\"async\" src=\"\/wp-content\/uploads\/factory-02.webp\"\/><\/p>\n<p><img decoding=\"async\" src=\"\/wp-content\/uploads\/factory-03.webp\"\/><\/p>\n<h3>Entrep\u00f4t de stockage des moules<\/h3>\n<p><img decoding=\"async\" src=\"\/wp-content\/uploads\/factory-04.webp\"\/><\/p>\n<h3>43 lignes d'extrusion d'aluminium (500 \u00e0 5500 tonnes)<\/h3>\n<p><img decoding=\"async\" src=\"\/wp-content\/uploads\/factory-05.webp\"\/><\/p>\n<p><img decoding=\"async\" src=\"\/wp-content\/uploads\/factory-06.webp\"\/><\/p>\n<p><img decoding=\"async\" src=\"\/wp-content\/uploads\/factory-07.webp\"\/><\/p>\n<h3>Atelier de peinture en poudre<\/h3>\n<p><img decoding=\"async\" src=\"\/wp-content\/uploads\/factory-09.webp\"\/><\/p>\n<h3>Atelier d'anodisation<\/h3>\n<p><img decoding=\"async\" src=\"\/wp-content\/uploads\/factory-10.webp\"\/><\/p>\n<h3>Atelier sur le traitement en profondeur<\/h3>\n<p><img decoding=\"async\" src=\"\/wp-content\/uploads\/factory-11.webp\"\/><\/p>\n<h3>Atelier d'usinage de pr\u00e9cision CNC<\/h3>\n<p><img decoding=\"async\" src=\"\/wp-content\/uploads\/factory-11.5.webp\"\/><\/p>\n<h3>Entrep\u00f4t de produits finis et d'exportation<\/h3>\n<p><img decoding=\"async\" src=\"\/wp-content\/uploads\/factory-12.webp\"\/><\/p>\n<p><img decoding=\"async\" src=\"\/wp-content\/uploads\/factory-13.webp\"\/><\/p>\n<p><img decoding=\"async\" src=\"\/wp-content\/uploads\/factory-14.webp\"\/><\/p>\n<h2>FAQ<\/h2>\n<p><p><b>1) Qu'est-ce qui fait que les profil\u00e9s d'extrusion d'aluminium industriels sont id\u00e9aux pour les applications industrielles ?<\/b><\/p>\n<p>Les profil\u00e9s industriels d'extrusion d'aluminium sont durables, l\u00e9gers, r\u00e9sistants \u00e0 la corrosion et personnalisables, ce qui les rend parfaits pour une large gamme d'applications industrielles.<br \/>\n<\/p><br \/>\n<br \/>\n<p><b>2. Comment le mat\u00e9riau aluminium am\u00e9liore-t-il les performances des profil\u00e9s d'extrusion ?<\/b><\/p>\n<p>L'aluminium offre d'excellentes propri\u00e9t\u00e9s de solidit\u00e9, de r\u00e9sistance \u00e0 la corrosion et de l\u00e9g\u00e8ret\u00e9, ce qui le rend id\u00e9al pour des performances fiables et durables dans les environnements industriels.<br \/>\n<\/p><br \/>\n<br \/>\n<p><b>3. les profil\u00e9s industriels d'extrusion d'aluminium peuvent-ils \u00eatre personnalis\u00e9s pour des projets sp\u00e9cifiques ?<\/b><\/p>\n<p>Oui, les profil\u00e9s sont hautement personnalisables, ce qui permet d'\u00e9laborer des solutions sur mesure r\u00e9pondant \u00e0 des exigences structurelles et m\u00e9caniques sp\u00e9cifiques pour diverses applications industrielles.<br \/>\n<\/p><br \/>\n<br \/>\n<p><b>4. En quoi la r\u00e9sistance \u00e0 la corrosion des profil\u00e9s industriels d'extrusion d'aluminium est-elle b\u00e9n\u00e9fique pour leur utilisation ?<\/b><\/p>\n<p>Les propri\u00e9t\u00e9s anticorrosion de l'aluminium garantissent que les profil\u00e9s restent solides et fonctionnels, m\u00eame dans des environnements difficiles et corrosifs, ce qui prolonge leur dur\u00e9e de vie.<br \/>\n<\/p><br \/>\n<br \/>\n<p><b>5. quelles industries utilisent les profil\u00e9s industriels d'extrusion d'aluminium ?<\/b><\/p>\n<p>Ils sont largement utilis\u00e9s dans des secteurs tels que la fabrication, la construction, l'automatisation, la robotique et bien d'autres, o\u00f9 des solutions d'encadrement flexibles et durables sont n\u00e9cessaires.<br \/>\n<\/p><br \/>\n<br \/>\n<p><b>6. quel est le rapport co\u00fbt-efficacit\u00e9 du profil\u00e9 industriel d'extrusion d'aluminium ?<\/b><\/p>\n<p>Il offre une solution rentable en r\u00e9duisant le besoin de composants suppl\u00e9mentaires, en simplifiant l'assemblage et en r\u00e9duisant les co\u00fbts globaux du projet tout en garantissant la durabilit\u00e9.<br \/>\n<\/p><br \/>\n<br \/>\n<p><b>7.Comment les profil\u00e9s industriels d'extrusion d'aluminium am\u00e9liorent-ils l'efficacit\u00e9 des projets ?<\/b><\/p>\n<p>Leur l\u00e9g\u00e8ret\u00e9 et leur facilit\u00e9 de manipulation r\u00e9duisent le temps d'installation et les co\u00fbts de main-d'\u0153uvre, tandis que la flexibilit\u00e9 de la personnalisation permet une adaptation rapide aux diff\u00e9rents besoins de conception.<br \/>\n<\/p><br \/><\/p>","protected":false},"featured_media":8053,"template":"","categories":[54],"class_list":["post-8054","product","type-product","status-publish","has-post-thumbnail","hentry","category-industrial-aluminum-profiles"],"meta_box":{"hilight_text_group":{"product_hilight_text":"<li>High-strength aluminum construction, providing durable and reliable performance for industrial applications.<\/li>\r\r\n<li>Lightweight and easy to handle, reducing installation time and labor costs.<\/li>\r\r\n<li>Corrosion-resistant properties, ensuring long-lasting use in demanding environments.<\/li>\r\r\n<li>Highly customizable profiles, allowing for tailored solutions for various structural and mechanical needs.<\/li>\r\r\n<li>Cost-effective solution for creating robust and flexible industrial frameworks with minimal tooling requirements.<\/li>","product_chanpin_blog":"<ul>\r\r\n<li><a href=\"https:\/\/sinoextrud.com\/t-slot-v-slot-differences\/\" target=\"_blank\">t slot vs v slot<\/a><\/li>\r\r\n<li><a href=\"https:\/\/sinoextrud.com\/what-is-4040-aluminium-extrud\/\" target=\"_blank\">4040 aluminium extrusion<\/a><\/li>\r\r\n<li><a href=\"https:\/\/sinoextrud.com\/what-is-4040-aluminium-extrud\/\" target=\"_blank\">aluminum extrusions for industrial racks<\/a><\/li>\r\r\n<li><a href=\"https:\/\/sinoextrud.com\/powder-coating-aluminium-process\/\" target=\"_blank\">powder coating aluminium<\/a><\/li>\r\r\n<li><a href=\"https:\/\/sinoextrud.com\/what-is-an-aluminium-strip-ceiling\/\" target=\"_blank\">aluminium strip ceiling<\/a><\/li>\r\r\n<li><a href=\"https:\/\/sinoextrud.com\/what-is-a-heat-sink\/\" target=\"_blank\">what is a heat sink<\/a><\/li>\r\r\n<\/ul>","product_chanpin_chanpin":"<li><a href=\"https:\/\/sinoextrud.com\/product\/led-aluminum-profile-with-heatsink\/\" target=\"_blank\">Led Aluminum Profile With Heatsink<\/a><\/li>\r\n<li><a href=\"https:\/\/sinoextrud.com\/product\/heatsink-aluminum-profiles\/\" target=\"_blank\">Heatsink Aluminum Profiles<\/a><\/li>\r\n<li><a href=\"https:\/\/sinoextrud.com\/product\/t-slot-aluminum-extrusion-profile-for-industrial-assembly-line\/\" target=\"_blank\">T Slot Aluminum Extrusion Profile For Industrial Assembly Line<\/a><\/li>\r\n<li><a href=\"https:\/\/sinoextrud.com\/product\/customized-led-strip-light-aluminium-profile-led-aluminum-extrusion\/\" target=\"_blank\">Customized LED Strip Light Aluminium Profile  LED Aluminum Extrusion<\/a><\/li>\r\n<li><a href=\"https:\/\/sinoextrud.com\/product\/industrial-aluminum-extrusion-profile\/\" target=\"_blank\">Industrial Aluminum Extrusion Profile<\/a><\/li>\r\n<li><a href=\"https:\/\/sinoextrud.com\/product\/j-section-aluminum-extrusion\/\" target=\"_blank\">J Section Aluminum Extrusion<\/a><\/li>\r\n<li><a href=\"https:\/\/sinoextrud.com\/product\/linear-rail-aluminum-extrusion\/\" target=\"_blank\">Linear Rail Aluminum Extrusion<\/a><\/li>\r\n<li><a href=\"https:\/\/sinoextrud.com\/product\/t-slot-aluminum-profile\/\" target=\"_blank\">T-slot Aluminum Profile<\/a><\/li>\r\n<li><a href=\"https:\/\/sinoextrud.com\/product\/t-shaped-aluminium-profile\/\" target=\"_blank\">T Shaped Aluminium Profile<\/a><\/li>\r\n<li><a href=\"https:\/\/sinoextrud.com\/product\/extruded-aluminum-t-track\/\" target=\"_blank\">Extruded Aluminum T Track<\/a><\/li>\r\n<li><a href=\"https:\/\/sinoextrud.com\/product\/aluminium-picture-frame-extrusions\/\" target=\"_blank\">Aluminium Picture Frame Extrusions<\/a><\/li>"},"feature_list":[]},"_links":{"self":[{"href":"https:\/\/sinoextrud.com\/fr\/wp-json\/wp\/v2\/product\/8054","targetHints":{"allow":["GET"]}}],"collection":[{"href":"https:\/\/sinoextrud.com\/fr\/wp-json\/wp\/v2\/product"}],"about":[{"href":"https:\/\/sinoextrud.com\/fr\/wp-json\/wp\/v2\/types\/product"}],"wp:featuredmedia":[{"embeddable":true,"href":"https:\/\/sinoextrud.com\/fr\/wp-json\/wp\/v2\/media\/8053"}],"wp:attachment":[{"href":"https:\/\/sinoextrud.com\/fr\/wp-json\/wp\/v2\/media?parent=8054"}],"wp:term":[{"taxonomy":"category","embeddable":true,"href":"https:\/\/sinoextrud.com\/fr\/wp-json\/wp\/v2\/categories?post=8054"}],"curies":[{"name":"wp","href":"https:\/\/api.w.org\/{rel}","templated":true}]}}