{"id":8050,"date":"2025-06-12T07:05:14","date_gmt":"2025-06-12T07:05:14","guid":{"rendered":"https:\/\/sinoextrud.com\/product\/t-slot-aluminum-extrusion-profile-for-industrial-assembly-line\/"},"modified":"2025-06-24T06:22:56","modified_gmt":"2025-06-24T06:22:56","slug":"profile-dextrusion-en-aluminium-a-rainure-en-t-pour-ligne-dassemblage-industrielle","status":"publish","type":"product","link":"https:\/\/sinoextrud.com\/fr\/product\/t-slot-aluminum-extrusion-profile-for-industrial-assembly-line\/","title":{"rendered":"Profil\u00e9 d'extrusion d'aluminium \u00e0 rainure en T pour ligne d'assemblage industrielle"},"content":{"rendered":"<h2>D\u00e9tails des produits<\/h2>\n<table class=\"custom-table\">\n<tbody>\n<tr>\n<td> Article :<\/td>\n<td> Profil\u00e9 d'extrusion d'aluminium \u00e0 rainure en T pour ligne d'assemblage industrielle<\/td>\n<td> Alliage :<\/td>\n<td> Alliage<\/td>\n<\/tr>\n<tr>\n<td> Ingr\u00e9dient d'alliage :<\/td>\n<td> 6063<\/td>\n<td> Temp\u00e9rer :<\/td>\n<td> T3-T8<\/td>\n<\/tr>\n<tr>\n<td> Mat\u00e9riau :<\/td>\n<td> 6063\/6061\/6005\/6060 T5\/T6<\/td>\n<td> Grade :<\/td>\n<td> S\u00e9rie 6000<\/td>\n<\/tr>\n<tr>\n<td> Aluminium poli Profil :<\/td>\n<td> Polissage m\u00e9canique<\/td>\n<td> Garantie :<\/td>\n<td> Garantie de couleur de 15 \u00e0 20 ans<\/td>\n<\/tr>\n<tr>\n<td> Type de produits :<\/td>\n<td> Profil de l'industrie des extrusions d'aluminium<\/td>\n<td> Type :<\/td>\n<td> Profil\u00e9 d'aluminium pour portes et fen\u00eatres, profil\u00e9 d'aluminium pour la d\u00e9coration, profil\u00e9 d'aluminium pour dissipateur thermique, profil\u00e9 d'aluminium pour parois en verre, profil\u00e9 d'aluminium pour le transport<\/td>\n<\/tr>\n<tr>\n<td> Traitement de surface :<\/td>\n<td> Anodisation, rev\u00eatement par poudre, couleur bois, polissage<\/td>\n<td> Taille :<\/td>\n<td> Selon les besoins du client<\/td>\n<\/tr>\n<tr>\n<td> Marque d\u00e9pos\u00e9e :<\/td>\n<td>Sinoextrud, OEM<\/td>\n<td> Sp\u00e9cification :<\/td>\n<td> \u00c0 la demande des clients<\/td>\n<\/tr>\n<\/tbody>\n<\/table>\n<h2>Notre base de production<\/h2>\n<h3>Panorama de l'usine<\/h3>\n<p><img decoding=\"async\" src=\"\/wp-content\/uploads\/factory-01.webp\"\/><\/p>\n<h3>Atelier de fabrication de barres d'aluminium<\/h3>\n<p><img decoding=\"async\" src=\"\/wp-content\/uploads\/factory-02.webp\"\/><\/p>\n<\/p>\n<p><img decoding=\"async\" src=\"\/wp-content\/uploads\/factory-03.webp\"\/><\/p>\n<h3>Entrep\u00f4t de stockage des moules<\/h3>\n<p><img decoding=\"async\" src=\"\/wp-content\/uploads\/factory-04.webp\"\/><\/p>\n<h3>43 lignes d'extrusion d'aluminium (500-5500 tonnes)<\/h3>\n<p><img decoding=\"async\" src=\"\/wp-content\/uploads\/factory-05.webp\"\/><\/p>\n<p><img decoding=\"async\" src=\"\/wp-content\/uploads\/factory-06.webp\"\/><\/p>\n<p><img decoding=\"async\" src=\"\/wp-content\/uploads\/factory-07.webp\"\/><\/p>\n<h3>Atelier de peinture en poudre<\/h3>\n<p><img decoding=\"async\" src=\"\/wp-content\/uploads\/factory-09.webp\"\/><\/p>\n<h3>Atelier d'anodisation<\/h3>\n<p><img decoding=\"async\" src=\"\/wp-content\/uploads\/factory-10.webp\"\/><\/p>\n<h3>Atelier sur le traitement en profondeur<\/h3>\n<p><img decoding=\"async\" src=\"\/wp-content\/uploads\/factory-11.webp\"\/><\/p>\n<h3>Atelier d'usinage de pr\u00e9cision CNC<\/h3>\n<p><img decoding=\"async\" src=\"\/wp-content\/uploads\/factory-11.5.webp\"\/><\/p>\n<h3>Entrep\u00f4t de produits finis et d'exportation<\/h3>\n<p><img decoding=\"async\" src=\"\/wp-content\/uploads\/factory-12.webp\"\/><\/p>\n<p><img decoding=\"async\" src=\"\/wp-content\/uploads\/factory-13.webp\"\/><\/p>\n<p><img decoding=\"async\" src=\"\/wp-content\/uploads\/factory-14.webp\"\/><\/p>\n<h2>FAQ<\/h2>\n<p><b>1) A quoi servent les profil\u00e9s d'extrusion en aluminium \u00e0 rainure en T dans les lignes d'assemblage industrielles ? <\/b><\/p>\n<p>Les profil\u00e9s d'extrusion d'aluminium \u00e0 rainure en T sont utilis\u00e9s pour cr\u00e9er des structures modulaires personnalisables telles que des postes de travail, des cadres et des supports pour les lignes d'assemblage industrielles.\n<\/p>\n<p><\/p>\n<p><b>2. Pourquoi l'aluminium est-il utilis\u00e9 pour les profil\u00e9s d'extrusion \u00e0 rainure en T ? <\/b><\/p>\n<p>L'aluminium est l\u00e9ger, durable, r\u00e9sistant \u00e0 la corrosion et offre une excellente r\u00e9sistance, ce qui le rend id\u00e9al pour construire des structures flexibles et solides dans les environnements industriels.\n<\/p>\n<p><\/p>\n<p><b>3. En quoi la conception des rainures en T est-elle avantageuse pour les lignes d'assemblage industrielles ? <\/b><\/p>\n<p>La conception des rainures en T permet un assemblage facile et pr\u00e9cis des diff\u00e9rents composants, ce qui facilite la modification ou l'extension des syst\u00e8mes en fonction de l'\u00e9volution des besoins de production.\n<\/p>\n<p><\/p>\n<p><b>4) Les profil\u00e9s d'extrusion d'aluminium \u00e0 rainure en T peuvent-ils \u00eatre personnalis\u00e9s pour r\u00e9pondre \u00e0 des besoins industriels sp\u00e9cifiques ? <\/b><\/p>\n<p>Oui, ces profil\u00e9s peuvent \u00eatre personnalis\u00e9s en termes de taille, de forme et de conception afin de r\u00e9pondre aux exigences uniques des diff\u00e9rentes installations et configurations des cha\u00eenes de montage.\n<\/p>\n<p><\/p>\n<p><b>5. Comment la finition anodis\u00e9e am\u00e9liore-t-elle les profil\u00e9s en aluminium \u00e0 rainure en T ? <\/b><\/p>\n<p>La finition anodis\u00e9e renforce la r\u00e9sistance \u00e0 la corrosion, augmentant la long\u00e9vit\u00e9 et la durabilit\u00e9 des profil\u00e9s, en particulier dans les environnements industriels exigeants.\n<\/p>\n<p><\/p>\n<p><b>6. les profil\u00e9s d'extrusion en aluminium \u00e0 rainure en T sont-ils faciles \u00e0 installer ? <\/b><\/p>\n<p>Oui, le syst\u00e8me de rainure en T permet un assemblage rapide et facile, ce qui permet de gagner du temps et de r\u00e9duire les co\u00fbts de main-d'\u0153uvre lors de l'installation ou de l'ajustement de syst\u00e8mes industriels.\n<\/p>\n<p><\/p>\n<p><b>7) Comment l'utilisation de profil\u00e9s d'extrusion en aluminium am\u00e9liore-t-elle l'efficacit\u00e9 de la cha\u00eene de montage ? <\/b><\/p>\n<p>L'utilisation de profil\u00e9s d'extrusion en aluminium permet une construction pr\u00e9cise et modulaire des postes de travail et des supports, ce qui am\u00e9liore la flexibilit\u00e9 globale du syst\u00e8me et l'efficacit\u00e9 op\u00e9rationnelle.\n<\/p>\n<p><\/p>","protected":false},"featured_media":8049,"template":"","categories":[54],"class_list":["post-8050","product","type-product","status-publish","has-post-thumbnail","hentry","category-industrial-aluminum-profiles"],"meta_box":{"hilight_text_group":{"product_hilight_text":"<ul>\r\r\n  <li>T-slot aluminum extrusion profiles are ideal for building customizable, modular structures for industrial assembly lines.<\/li>\r\r\n  <li>Durable and lightweight, these profiles offer a strong yet flexible solution for creating custom workstations and machinery frames.<\/li>\r\r\n  <li>Corrosion-resistant anodized finish ensures long-lasting performance, even in harsh industrial environments.<\/li>\r\r\n  <li>Easy to assemble and modify, reducing setup time and allowing for quick adjustments as production needs change.<\/li>\r\r\n  <li>Compatible with a wide range of accessories and tools, enabling easy integration with existing assembly line systems.<\/li>\r\r\n  <li>Cost-effective and eco-friendly, as aluminum is recyclable and reduces material waste in the construction of industrial systems.<\/li>\r\r\n  <li>Precision-engineered for high stability and accuracy, improving the efficiency and reliability of industrial operations.<\/li>\r\r\n<\/ul>","product_chanpin_blog":"<ul>\r\r\n<li><a href=\"https:\/\/sinoextrud.com\/t-slot-v-slot-differences\/\" target=\"_blank\">t slot vs v slot<\/a><\/li>\r\r\n<li><a href=\"https:\/\/sinoextrud.com\/what-is-4040-aluminium-extrud\/\" target=\"_blank\">4040 aluminium extrusion<\/a><\/li>\r\r\n<li><a href=\"https:\/\/sinoextrud.com\/what-is-4040-aluminium-extrud\/\" target=\"_blank\">aluminum extrusions for industrial racks<\/a><\/li>\r\r\n<li><a href=\"https:\/\/sinoextrud.com\/powder-coating-aluminium-process\/\" target=\"_blank\">powder coating aluminium<\/a><\/li>\r\r\n<li><a href=\"https:\/\/sinoextrud.com\/what-is-an-aluminium-strip-ceiling\/\" target=\"_blank\">aluminium strip ceiling<\/a><\/li>\r\r\n<li><a href=\"https:\/\/sinoextrud.com\/what-is-a-heat-sink\/\" target=\"_blank\">what is a heat sink<\/a><\/li>\r\r\n<\/ul>","product_chanpin_chanpin":"<li><a href=\"https:\/\/sinoextrud.com\/product\/extruded-decorative-aluminum-railing-systems\/\" target=\"_blank\">Extruded Decorative Aluminum Railing Systems<\/a><\/li>\r\n<li><a href=\"https:\/\/sinoextrud.com\/product\/led-aluminum-profile-strip-heatsink\/\" target=\"_blank\">Led Aluminum Profile Strip Heatsink<\/a><\/li>\r\n<li><a href=\"https:\/\/sinoextrud.com\/product\/led-aluminum-profile-with-heatsink\/\" target=\"_blank\">Led Aluminum Profile With Heatsink<\/a><\/li>\r\n<li><a href=\"https:\/\/sinoextrud.com\/product\/heatsink-aluminum-profiles\/\" target=\"_blank\">Heatsink Aluminum Profiles<\/a><\/li>\r\n<li><a href=\"https:\/\/sinoextrud.com\/product\/t-slot-aluminum-extrusion-profile-for-industrial-assembly-line\/\" target=\"_blank\">T Slot Aluminum Extrusion Profile For Industrial Assembly Line<\/a><\/li>\r\n<li><a href=\"https:\/\/sinoextrud.com\/product\/customized-led-strip-light-aluminium-profile-led-aluminum-extrusion\/\" target=\"_blank\">Customized LED Strip Light Aluminium Profile  LED Aluminum Extrusion<\/a><\/li>\r\n<li><a href=\"https:\/\/sinoextrud.com\/product\/industrial-aluminum-extrusion-profile\/\" target=\"_blank\">Industrial Aluminum Extrusion Profile<\/a><\/li>\r\n<li><a href=\"https:\/\/sinoextrud.com\/product\/j-section-aluminum-extrusion\/\" target=\"_blank\">J Section Aluminum Extrusion<\/a><\/li>\r\n<li><a href=\"https:\/\/sinoextrud.com\/product\/linear-rail-aluminum-extrusion\/\" target=\"_blank\">Linear Rail Aluminum Extrusion<\/a><\/li>\r\n<li><a href=\"https:\/\/sinoextrud.com\/product\/item-modular-aluminium-profile-system\/\" target=\"_blank\">Item Modular Aluminium Profile System<\/a><\/li>\r\n<li><a href=\"https:\/\/sinoextrud.com\/product\/square-aluminium-extrusion\/\" target=\"_blank\">Square Aluminium Extrusion<\/a><\/li>"},"feature_list":[]},"_links":{"self":[{"href":"https:\/\/sinoextrud.com\/fr\/wp-json\/wp\/v2\/product\/8050","targetHints":{"allow":["GET"]}}],"collection":[{"href":"https:\/\/sinoextrud.com\/fr\/wp-json\/wp\/v2\/product"}],"about":[{"href":"https:\/\/sinoextrud.com\/fr\/wp-json\/wp\/v2\/types\/product"}],"wp:featuredmedia":[{"embeddable":true,"href":"https:\/\/sinoextrud.com\/fr\/wp-json\/wp\/v2\/media\/8049"}],"wp:attachment":[{"href":"https:\/\/sinoextrud.com\/fr\/wp-json\/wp\/v2\/media?parent=8050"}],"wp:term":[{"taxonomy":"category","embeddable":true,"href":"https:\/\/sinoextrud.com\/fr\/wp-json\/wp\/v2\/categories?post=8050"}],"curies":[{"name":"wp","href":"https:\/\/api.w.org\/{rel}","templated":true}]}}