{"id":8048,"date":"2025-06-12T07:04:10","date_gmt":"2025-06-12T07:04:10","guid":{"rendered":"https:\/\/sinoextrud.com\/product\/heatsink-aluminum-profiles\/"},"modified":"2025-06-24T06:22:56","modified_gmt":"2025-06-24T06:22:56","slug":"profiles-en-aluminium-pour-dissipateurs-de-chaleur","status":"publish","type":"product","link":"https:\/\/sinoextrud.com\/fr\/product\/heatsink-aluminum-profiles\/","title":{"rendered":"Profil\u00e9s d'aluminium pour dissipateur thermique"},"content":{"rendered":"<h2>D\u00e9tails des produits<\/h2>\n<table class=\"custom-table\">\n<tbody>\n<tr>\n<td> Nom du profil<\/td>\n<td> Profil\u00e9s en aluminium du dissipateur thermique<\/td>\n<\/tr>\n<tr>\n<td> Mat\u00e9riau<\/td>\n<td> Alliage d'aluminium 6063-T5<\/td>\n<\/tr>\n<tr>\n<td> Couleur<\/td>\n<td> cr\u00e8me, blanc, bleu, rouge, vert, argent et bronze, etc.<\/td>\n<\/tr>\n<tr>\n<td> Traitement de surface<\/td>\n<td> Finition en usine, rev\u00eatement en poudre, anodisation, etc.<\/td>\n<\/tr>\n<tr>\n<td> Longueur<\/td>\n<td> 5,8m\/5,85m\/ 6m ou personnalisation<\/td>\n<\/tr>\n<tr>\n<td> \u00c9paisseur<\/td>\n<td> 0,7 mm et plus<\/td>\n<\/tr>\n<tr>\n<td> Application<\/td>\n<td> Profil\u00e9 d'aluminium standard comme le rectangle, le carr\u00e9, l'ovale, le rond<\/td>\n<\/tr>\n<tr>\n<td> Certificat<\/td>\n<td> SGS, SONCAP, ISO 9001:2008, ASTM<\/td>\n<\/tr>\n<tr>\n<td> Fonctionnalit\u00e9<\/td>\n<td> Bonne r\u00e9sistance \u00e0 l'usure et \u00e0 la corrosion.<br \/>\nDouceur, aspect attrayant et \u00e9l\u00e9gant pour r\u00e9pondre \u00e0 vos pr\u00e9f\u00e9rences<br \/>\nSimple et facile \u00e0 installer.<\/td>\n<\/tr>\n<\/tbody>\n<\/table>\n<h2>Notre base de production<\/h2>\n<h3>Panorama de l'usine<\/h3>\n<p><img decoding=\"async\" src=\"\/wp-content\/uploads\/factory-01.webp\"\/><\/p>\n<h3>Atelier de fabrication de barres d'aluminium<\/h3>\n<p><img decoding=\"async\" src=\"\/wp-content\/uploads\/factory-02.webp\"\/><\/p>\n<p><img decoding=\"async\" src=\"\/wp-content\/uploads\/factory-03.webp\"\/><\/p>\n<h3>Entrep\u00f4t de stockage des moules<\/h3>\n<p><img decoding=\"async\" src=\"\/wp-content\/uploads\/factory-04.webp\"\/><\/p>\n<h3>43 lignes d'extrusion d'aluminium (500 \u00e0 5500 tonnes)<\/h3>\n<p><img decoding=\"async\" src=\"\/wp-content\/uploads\/factory-05.webp\"\/><\/p>\n<p><img decoding=\"async\" src=\"\/wp-content\/uploads\/factory-06.webp\"\/><\/p>\n<p><img decoding=\"async\" src=\"\/wp-content\/uploads\/factory-07.webp\"\/><\/p>\n<h3>Atelier de peinture en poudre<\/h3>\n<p><img decoding=\"async\" src=\"\/wp-content\/uploads\/factory-09.webp\"\/><\/p>\n<h3>Atelier d'anodisation<\/h3>\n<p><img decoding=\"async\" src=\"\/wp-content\/uploads\/factory-10.webp\"\/><\/p>\n<h3>Atelier sur le traitement en profondeur<\/h3>\n<p><img decoding=\"async\" src=\"\/wp-content\/uploads\/factory-11.webp\"\/><\/p>\n<h3>Atelier d'usinage de pr\u00e9cision CNC<\/h3>\n<p><img decoding=\"async\" src=\"\/wp-content\/uploads\/factory-11.5.webp\"\/><\/p>\n<h3>Entrep\u00f4t de produits finis et d'exportation<\/h3>\n<p><img decoding=\"async\" src=\"\/wp-content\/uploads\/factory-12.webp\"\/><\/p>\n<p><img decoding=\"async\" src=\"\/wp-content\/uploads\/factory-13.webp\"\/><\/p>\n<p><img decoding=\"async\" src=\"\/wp-content\/uploads\/factory-14.webp\"\/><\/p>\n<h2>FAQ<\/h2>\n<p><p><b>1. \u00e0 quoi servent les profil\u00e9s en aluminium pour dissipateurs thermiques ? <\/b><\/p>\n<p>Les profil\u00e9s en aluminium des dissipateurs thermiques sont utilis\u00e9s pour dissiper la chaleur des composants \u00e9lectroniques, assurant un refroidissement efficace et \u00e9vitant la surchauffe, ce qui am\u00e9liore leurs performances et leur dur\u00e9e de vie.<br \/>\n<\/p><br \/>\n<br \/>\n<p><b>2) Pourquoi l'aluminium est-il couramment utilis\u00e9 pour les dissipateurs thermiques ? <\/b><\/p>\n<p>L'aluminium poss\u00e8de une excellente conductivit\u00e9 thermique, est l\u00e9ger, durable et r\u00e9sistant \u00e0 la corrosion, ce qui en fait un mat\u00e9riau id\u00e9al pour les dissipateurs thermiques dans divers secteurs.<br \/>\n<\/p><br \/>\n<br \/>\n<p><b>3.Comment un dissipateur thermique am\u00e9liore-t-il les performances d'un appareil \u00e9lectronique ? <\/b><\/p>\n<p>En dissipant efficacement la chaleur, un dissipateur thermique permet de maintenir des temp\u00e9ratures de fonctionnement optimales pour les composants \u00e9lectroniques, ce qui \u00e9vite de les endommager et am\u00e9liore les performances globales.<br \/>\n<\/p><br \/>\n<br \/>\n<p><b>4. les profil\u00e9s en aluminium des dissipateurs thermiques peuvent-ils \u00eatre personnalis\u00e9s ? <\/b><\/p>\n<p>Oui, les profil\u00e9s en aluminium des dissipateurs thermiques peuvent \u00eatre personnalis\u00e9s en termes de taille, de forme et de conception afin de r\u00e9pondre aux besoins sp\u00e9cifiques de refroidissement des diff\u00e9rentes applications \u00e9lectroniques ou industrielles.<br \/>\n<\/p><br \/>\n<br \/>\n<p><b>5) Quels sont les avantages de l'utilisation de l'aluminium pour les dissipateurs thermiques par rapport \u00e0 d'autres mat\u00e9riaux ? <\/b><\/p>\n<p>L'aluminium est l\u00e9ger, \u00e9conomique et offre des propri\u00e9t\u00e9s de dissipation de la chaleur sup\u00e9rieures \u00e0 celles d'autres mat\u00e9riaux, ce qui le rend id\u00e9al pour g\u00e9rer la chaleur dans les syst\u00e8mes \u00e9lectroniques.<br \/>\n<\/p><br \/>\n<br \/>\n<p><b>6) En quoi la r\u00e9sistance \u00e0 la corrosion de l'aluminium est-elle b\u00e9n\u00e9fique aux dissipateurs thermiques ? <\/b><\/p>\n<p>La r\u00e9sistance \u00e0 la corrosion garantit que les dissipateurs en aluminium conservent leurs performances et leur apparence au fil du temps, m\u00eame dans des environnements difficiles ou ext\u00e9rieurs.<br \/>\n<\/p><br \/>\n<br \/>\n<p><b>7. les profil\u00e9s en aluminium des dissipateurs sont-ils adapt\u00e9s aux applications \u00e0 haute puissance ? <\/b><\/p>\n<p>Oui, les profil\u00e9s en aluminium pour dissipateurs de chaleur sont id\u00e9aux pour les applications \u00e0 haute puissance, car ils g\u00e8rent efficacement la dissipation de la chaleur et contribuent \u00e0 assurer la long\u00e9vit\u00e9 des composants \u00e9lectroniques gourmands en \u00e9nergie.<br \/>\n<\/p><br \/><\/p>","protected":false},"featured_media":8047,"template":"","categories":[54],"class_list":["post-8048","product","type-product","status-publish","has-post-thumbnail","hentry","category-industrial-aluminum-profiles"],"meta_box":{"hilight_text_group":{"product_hilight_text":"<ul>\r\r\n  <li>Heatsink aluminum profiles provide excellent thermal conductivity, ensuring effective heat dissipation for electronic components.<\/li>\r\r\n  <li>Durable and corrosion-resistant, these aluminum profiles offer long-lasting performance even in harsh environments.<\/li>\r\r\n  <li>Customizable designs available to meet specific cooling needs for various industrial and electronic applications.<\/li>\r\r\n  <li>Lightweight yet robust, offering a great balance of strength and ease of installation in thermal management systems.<\/li>\r\r\n  <li>Efficient and cost-effective, reducing the need for additional cooling equipment while optimizing performance.<\/li>\r\r\n  <li>Eco-friendly, as aluminum is 100% recyclable, supporting sustainable practices in electronic and industrial applications.<\/li>\r\r\n  <li>Versatile for use in a wide range of industries, including telecommunications, automotive, and power systems.<\/li>\r\r\n<\/ul>","product_chanpin_blog":"<ul>\r\r\n<li><a href=\"https:\/\/sinoextrud.com\/t-slot-v-slot-differences\/\" target=\"_blank\">t slot vs v slot<\/a><\/li>\r\r\n<li><a href=\"https:\/\/sinoextrud.com\/what-is-4040-aluminium-extrud\/\" target=\"_blank\">4040 aluminium extrusion<\/a><\/li>\r\r\n<li><a href=\"https:\/\/sinoextrud.com\/what-is-4040-aluminium-extrud\/\" target=\"_blank\">aluminum extrusions for industrial racks<\/a><\/li>\r\r\n<li><a href=\"https:\/\/sinoextrud.com\/powder-coating-aluminium-process\/\" target=\"_blank\">powder coating aluminium<\/a><\/li>\r\r\n<li><a href=\"https:\/\/sinoextrud.com\/what-is-an-aluminium-strip-ceiling\/\" target=\"_blank\">aluminium strip ceiling<\/a><\/li>\r\r\n<li><a href=\"https:\/\/sinoextrud.com\/what-is-a-heat-sink\/\" target=\"_blank\">what is a heat sink<\/a><\/li>\r\r\n<\/ul>","product_chanpin_chanpin":"<li><a href=\"https:\/\/sinoextrud.com\/product\/extruded-aluminum-structural-framing\/\" target=\"_blank\">Extruded Aluminum Structural Framing<\/a><\/li>\r\n<li><a href=\"https:\/\/sinoextrud.com\/product\/extruded-decorative-aluminum-railing-systems\/\" target=\"_blank\">Extruded Decorative Aluminum Railing Systems<\/a><\/li>\r\n<li><a href=\"https:\/\/sinoextrud.com\/product\/led-aluminum-profile-strip-heatsink\/\" target=\"_blank\">Led Aluminum Profile Strip Heatsink<\/a><\/li>\r\n<li><a href=\"https:\/\/sinoextrud.com\/product\/led-aluminum-profile-with-heatsink\/\" target=\"_blank\">Led Aluminum Profile With Heatsink<\/a><\/li>\r\n<li><a href=\"https:\/\/sinoextrud.com\/product\/heatsink-aluminum-profiles\/\" target=\"_blank\">Heatsink Aluminum Profiles<\/a><\/li>\r\n<li><a href=\"https:\/\/sinoextrud.com\/product\/t-slot-aluminum-extrusion-profile-for-industrial-assembly-line\/\" target=\"_blank\">T Slot Aluminum Extrusion Profile For Industrial Assembly Line<\/a><\/li>\r\n<li><a href=\"https:\/\/sinoextrud.com\/product\/customized-led-strip-light-aluminium-profile-led-aluminum-extrusion\/\" target=\"_blank\">Customized LED Strip Light Aluminium Profile  LED Aluminum Extrusion<\/a><\/li>\r\n<li><a href=\"https:\/\/sinoextrud.com\/product\/industrial-aluminum-extrusion-profile\/\" target=\"_blank\">Industrial Aluminum Extrusion Profile<\/a><\/li>\r\n<li><a href=\"https:\/\/sinoextrud.com\/product\/j-section-aluminum-extrusion\/\" target=\"_blank\">J Section Aluminum Extrusion<\/a><\/li>\r\n<li><a href=\"https:\/\/sinoextrud.com\/product\/aluminum-outdoor-louver\/\" target=\"_blank\">Aluminum Outdoor Louver<\/a><\/li>\r\n<li><a href=\"https:\/\/sinoextrud.com\/product\/extruded-aluminum-channel-shapes-customized\/\" target=\"_blank\">Extruded Aluminum Channel Shapes Customized<\/a><\/li>"},"feature_list":[]},"_links":{"self":[{"href":"https:\/\/sinoextrud.com\/fr\/wp-json\/wp\/v2\/product\/8048","targetHints":{"allow":["GET"]}}],"collection":[{"href":"https:\/\/sinoextrud.com\/fr\/wp-json\/wp\/v2\/product"}],"about":[{"href":"https:\/\/sinoextrud.com\/fr\/wp-json\/wp\/v2\/types\/product"}],"wp:featuredmedia":[{"embeddable":true,"href":"https:\/\/sinoextrud.com\/fr\/wp-json\/wp\/v2\/media\/8047"}],"wp:attachment":[{"href":"https:\/\/sinoextrud.com\/fr\/wp-json\/wp\/v2\/media?parent=8048"}],"wp:term":[{"taxonomy":"category","embeddable":true,"href":"https:\/\/sinoextrud.com\/fr\/wp-json\/wp\/v2\/categories?post=8048"}],"curies":[{"name":"wp","href":"https:\/\/api.w.org\/{rel}","templated":true}]}}