{"id":8042,"date":"2025-06-12T06:52:07","date_gmt":"2025-06-12T06:52:07","guid":{"rendered":"https:\/\/sinoextrud.com\/product\/extruded-decorative-aluminum-railing-systems\/"},"modified":"2025-06-24T06:22:55","modified_gmt":"2025-06-24T06:22:55","slug":"systemes-de-garde-corps-en-aluminium-decoratif-extrude","status":"publish","type":"product","link":"https:\/\/sinoextrud.com\/fr\/product\/extruded-decorative-aluminum-railing-systems\/","title":{"rendered":"Syst\u00e8mes de garde-corps en aluminium d\u00e9coratif extrud\u00e9"},"content":{"rendered":"<h2>D\u00e9tails des produits<\/h2>\n<table class=\"custom-table\">\n<tbody>\n<tr>\n<td> Grade :<\/td>\n<td> 6063 -t5<\/td>\n<\/tr>\n<tr>\n<td> Technique :<\/td>\n<td> Syst\u00e8mes de garde-corps en aluminium d\u00e9coratif extrud\u00e9<\/td>\n<\/tr>\n<tr>\n<td> Temp\u00e9rer :<\/td>\n<td> T3 - T8<\/td>\n<\/tr>\n<tr>\n<td> Services d'usinage :<\/td>\n<td> Per\u00e7age, taraudage, rivetage, assemblage, etc.<\/td>\n<\/tr>\n<tr>\n<td> Marque d\u00e9pos\u00e9e :<\/td>\n<td> Sinoextrud Sinoextrud <\/td>\n<\/tr>\n<tr>\n<td> Type :<\/td>\n<td> Syst\u00e8mes de garde-corps en aluminium d\u00e9coratif extrud\u00e9<\/td>\n<\/tr>\n<tr>\n<td> Forme :<\/td>\n<td> Con\u00e7us par les clients<\/td>\n<\/tr>\n<tr>\n<td> Traitement de surface :<\/td>\n<td> Finition broyage Anodis\u00e9 Bross\u00e9<\/td>\n<\/tr>\n<tr>\n<td> Longueur :<\/td>\n<td> 1m \u00e0 9m par longueur<\/td>\n<\/tr>\n<tr>\n<td> Couleurs :<\/td>\n<td> Argent Noir<\/td>\n<\/tr>\n<tr>\n<td> Code HS :<\/td>\n<td> 76042990<\/td>\n<\/tr>\n<\/tbody>\n<\/table>\n<h2>Notre base de production<\/h2>\n<h3>Panorama de l'usine<\/h3>\n<p><img decoding=\"async\" src=\"\/wp-content\/uploads\/factory-01.webp\"\/><\/p>\n<h3>Atelier de fabrication de barres d'aluminium<\/h3>\n<p><img decoding=\"async\" src=\"\/wp-content\/uploads\/factory-02.webp\"\/><\/p>\n<p><img decoding=\"async\" src=\"\/wp-content\/uploads\/factory-03.webp\"\/><\/p>\n<h3>Entrep\u00f4t de stockage des moules<\/h3>\n<p><img decoding=\"async\" src=\"\/wp-content\/uploads\/factory-04.webp\"\/><\/p>\n<h3>43 lignes d'extrusion d'aluminium (500 \u00e0 5500 tonnes)<\/h3>\n<p><img decoding=\"async\" src=\"\/wp-content\/uploads\/factory-05.webp\"\/><\/p>\n<p><img decoding=\"async\" src=\"\/wp-content\/uploads\/factory-06.webp\"\/><\/p>\n<p><img decoding=\"async\" src=\"\/wp-content\/uploads\/factory-07.webp\"\/><\/p>\n<h3>Atelier de peinture en poudre<\/h3>\n<p><img decoding=\"async\" src=\"\/wp-content\/uploads\/factory-09.webp\"\/><\/p>\n<h3>Atelier d'anodisation<\/h3>\n<p><img decoding=\"async\" src=\"\/wp-content\/uploads\/factory-10.webp\"\/><\/p>\n<h3>Atelier sur le traitement en profondeur<\/h3>\n<p><img decoding=\"async\" src=\"\/wp-content\/uploads\/factory-11.webp\"\/><\/p>\n<h3>Atelier d'usinage de pr\u00e9cision CNC<\/h3>\n<p><img decoding=\"async\" src=\"\/wp-content\/uploads\/factory-11.5.webp\"\/><\/p>\n<h3>Entrep\u00f4t de produits finis et d'exportation<\/h3>\n<p><img decoding=\"async\" src=\"\/wp-content\/uploads\/factory-12.webp\"\/><\/p>\n<p><img decoding=\"async\" src=\"\/wp-content\/uploads\/factory-13.webp\"\/><\/p>\n<p><img decoding=\"async\" src=\"\/wp-content\/uploads\/factory-14.webp\"\/><\/p>\n<h2>FAQ<\/h2>\n<p><p><b>1. \u00e0 quoi servent les syst\u00e8mes de garde-corps en aluminium d\u00e9coratif extrud\u00e9 ?<\/b><\/p>\n<p>Les syst\u00e8mes de garde-corps en aluminium d\u00e9coratif extrud\u00e9 sont utilis\u00e9s pour cr\u00e9er des solutions de garde-corps durables et visuellement attrayantes pour les propri\u00e9t\u00e9s r\u00e9sidentielles et commerciales.<br \/>\n<\/p><br \/>\n<br \/>\n<p><b>2) Pourquoi l'aluminium est-il un bon choix pour les garde-corps d\u00e9coratifs ?<\/b><\/p>\n<p>L'aluminium est l\u00e9ger, r\u00e9sistant \u00e0 la corrosion et solide, ce qui en fait un mat\u00e9riau id\u00e9al pour les garde-corps d\u00e9coratifs qui doivent \u00eatre performants tout en conservant leur aspect au fil du temps.<br \/>\n<\/p><br \/>\n<br \/>\n<p><b>3) Les syst\u00e8mes de rampes en aluminium d\u00e9coratif extrud\u00e9 peuvent-ils \u00eatre personnalis\u00e9s ?<\/b><\/p>\n<p>Oui, ces syst\u00e8mes de garde-corps peuvent \u00eatre personnalis\u00e9s en termes de forme, de taille et de finition pour s'adapter \u00e0 des conceptions architecturales sp\u00e9cifiques et \u00e0 des pr\u00e9f\u00e9rences esth\u00e9tiques.<br \/>\n<\/p><br \/>\n<br \/>\n<p><b>4. les syst\u00e8mes de rampes en aluminium d\u00e9coratif extrud\u00e9 conviennent-ils \u00e0 une utilisation \u00e0 l'ext\u00e9rieur ?<\/b><\/p>\n<p>En effet, leurs propri\u00e9t\u00e9s de r\u00e9sistance \u00e0 la corrosion et aux intemp\u00e9ries les rendent parfaits pour une utilisation en ext\u00e9rieur, supportant des conditions environnementales difficiles.<br \/>\n<\/p><br \/>\n<br \/>\n<p><b>5. Comment les syst\u00e8mes de garde-corps en aluminium d\u00e9coratif extrud\u00e9 am\u00e9liorent-ils la s\u00e9curit\u00e9 ?<\/b><\/p>\n<p>Ces syst\u00e8mes de garde-corps offrent un support structurel robuste, garantissant la s\u00e9curit\u00e9 tout en offrant un design \u00e9l\u00e9gant qui s'int\u00e8gre \u00e0 l'architecture environnante.<br \/>\n<\/p><br \/>\n<br \/>\n<p><b>6. ces syst\u00e8mes de garde-corps n\u00e9cessitent-ils peu d'entretien ?<\/b><\/p>\n<p>Oui, les syst\u00e8mes de garde-corps en aluminium d\u00e9coratif extrud\u00e9 n\u00e9cessitent un entretien minimal en raison de leur r\u00e9sistance \u00e0 la corrosion et de leur finition durable, ce qui les rend rentables au fil du temps.<br \/>\n<\/p><br \/>\n<br \/>\n<p><b>7) Quelles sont les industries qui b\u00e9n\u00e9ficient des syst\u00e8mes de garde-corps en aluminium d\u00e9coratif extrud\u00e9 ?<\/b><\/p>\n<p>Les industries telles que la construction, l'architecture et l'immobilier b\u00e9n\u00e9ficient de ces syst\u00e8mes de garde-corps \u00e0 des fins d\u00e9coratives et fonctionnelles dans les projets commerciaux et r\u00e9sidentiels.<br \/>\n<\/p><br \/><\/p>","protected":false},"featured_media":8041,"template":"","categories":[54],"class_list":["post-8042","product","type-product","status-publish","has-post-thumbnail","hentry","category-industrial-aluminum-profiles"],"meta_box":{"hilight_text_group":{"product_hilight_text":"<li>Elegant design with high-strength aluminum for both aesthetics and durability.<\/li>\r\r\n<li>Corrosion-resistant and weatherproof, making it ideal for outdoor and high-moisture environments.<\/li>\r\r\n<li>Customizable profiles to suit various architectural and decorative needs.<\/li>\r\r\n<li>Low maintenance requirements, ensuring long-term beauty and performance.<\/li>\r\r\n<li>Easy installation with lightweight components, reducing labor and setup costs.<\/li>","product_chanpin_blog":"<ul>\r\r\n<li><a href=\"https:\/\/sinoextrud.com\/t-slot-v-slot-differences\/\" target=\"_blank\">t slot vs v slot<\/a><\/li>\r\r\n<li><a href=\"https:\/\/sinoextrud.com\/what-is-4040-aluminium-extrud\/\" target=\"_blank\">4040 aluminium extrusion<\/a><\/li>\r\r\n<li><a href=\"https:\/\/sinoextrud.com\/what-is-4040-aluminium-extrud\/\" target=\"_blank\">aluminum extrusions for industrial racks<\/a><\/li>\r\r\n<li><a href=\"https:\/\/sinoextrud.com\/powder-coating-aluminium-process\/\" target=\"_blank\">powder coating aluminium<\/a><\/li>\r\r\n<li><a href=\"https:\/\/sinoextrud.com\/what-is-an-aluminium-strip-ceiling\/\" target=\"_blank\">aluminium strip ceiling<\/a><\/li>\r\r\n<li><a href=\"https:\/\/sinoextrud.com\/what-is-a-heat-sink\/\" target=\"_blank\">what is a heat sink<\/a><\/li>\r\r\n<\/ul>","product_chanpin_chanpin":"<li><a href=\"https:\/\/sinoextrud.com\/product\/t-slot-extruded-aluminum-profile-cutting-for-sale-by-weight-of-aluminum-section-open-extrusion-die\/\" target=\"_blank\">t slot extruded aluminum profile cutting for sale by weight of aluminum section open extrusion die<\/a><\/li>\r\n<li><a href=\"https:\/\/sinoextrud.com\/product\/oem-aluminum-extusion-profile-led-light-strip-channel\/\" target=\"_blank\">OEM Aluminum Extusion Profile Led Light strip channel<\/a><\/li>\r\n<li><a href=\"https:\/\/sinoextrud.com\/product\/extruded-aluminum-shelving\/\" target=\"_blank\">Extruded Aluminum Shelving<\/a><\/li>\r\n<li><a href=\"https:\/\/sinoextrud.com\/product\/extruded-aluminum-structural-framing\/\" target=\"_blank\">Extruded Aluminum Structural Framing<\/a><\/li>\r\n<li><a href=\"https:\/\/sinoextrud.com\/product\/extruded-decorative-aluminum-railing-systems\/\" target=\"_blank\">Extruded Decorative Aluminum Railing Systems<\/a><\/li>\r\n<li><a href=\"https:\/\/sinoextrud.com\/product\/led-aluminum-profile-strip-heatsink\/\" target=\"_blank\">Led Aluminum Profile Strip Heatsink<\/a><\/li>\r\n<li><a href=\"https:\/\/sinoextrud.com\/product\/led-aluminum-profile-with-heatsink\/\" target=\"_blank\">Led Aluminum Profile With Heatsink<\/a><\/li>\r\n<li><a href=\"https:\/\/sinoextrud.com\/product\/heatsink-aluminum-profiles\/\" target=\"_blank\">Heatsink Aluminum Profiles<\/a><\/li>\r\n<li><a href=\"https:\/\/sinoextrud.com\/product\/t-slot-aluminum-extrusion-profile-for-industrial-assembly-line\/\" target=\"_blank\">T Slot Aluminum Extrusion Profile For Industrial Assembly Line<\/a><\/li>\r\n<li><a href=\"https:\/\/sinoextrud.com\/product\/h-channel-aluminum-extrusion\/\" target=\"_blank\">H Channel Aluminum Extrusion<\/a><\/li>\r\n<li><a href=\"https:\/\/sinoextrud.com\/product\/high-precision-aluminum-extrusion-profile-cnc-machining-accessory-parts\/\" target=\"_blank\">High Precision Aluminum extrusion Profile CNC Machining Accessory Parts<\/a><\/li>"},"feature_list":[]},"_links":{"self":[{"href":"https:\/\/sinoextrud.com\/fr\/wp-json\/wp\/v2\/product\/8042","targetHints":{"allow":["GET"]}}],"collection":[{"href":"https:\/\/sinoextrud.com\/fr\/wp-json\/wp\/v2\/product"}],"about":[{"href":"https:\/\/sinoextrud.com\/fr\/wp-json\/wp\/v2\/types\/product"}],"wp:featuredmedia":[{"embeddable":true,"href":"https:\/\/sinoextrud.com\/fr\/wp-json\/wp\/v2\/media\/8041"}],"wp:attachment":[{"href":"https:\/\/sinoextrud.com\/fr\/wp-json\/wp\/v2\/media?parent=8042"}],"wp:term":[{"taxonomy":"category","embeddable":true,"href":"https:\/\/sinoextrud.com\/fr\/wp-json\/wp\/v2\/categories?post=8042"}],"curies":[{"name":"wp","href":"https:\/\/api.w.org\/{rel}","templated":true}]}}