{"id":8020,"date":"2025-06-12T06:30:37","date_gmt":"2025-06-12T06:30:37","guid":{"rendered":"https:\/\/sinoextrud.com\/product\/standard-extruded-aluminum-shapes\/"},"modified":"2025-06-24T06:22:51","modified_gmt":"2025-06-24T06:22:51","slug":"formes-standard-en-aluminium-extrude","status":"publish","type":"product","link":"https:\/\/sinoextrud.com\/fr\/product\/standard-extruded-aluminum-shapes\/","title":{"rendered":"Formes standard d'aluminium extrud\u00e9"},"content":{"rendered":"<h2>D\u00e9tails des produits<\/h2>\n<table class=\"custom-table\">\n<colgroup>\n<col width=\"135\"\/>\n<col width=\"457\"\/><\/colgroup>\n<tbody>\n<tr>\n<td> <\/td>\n<td>Mod\u00e8le NO : Formes standard en aluminium extrud\u00e9<\/td>\n<\/tr>\n<tr>\n<td>Mat\u00e9riau<\/td>\n<td>S\u00e9rie 6000Aluminium \uff086063, 6061, 6463, 6082)<\/td>\n<\/tr>\n<tr>\n<td>Temp\u00e9rer<\/td>\n<td>T4,T5,T6<\/td>\n<\/tr>\n<tr>\n<td>Taille\/\u00c9paisseur<\/td>\n<td>\u00c9paisseur de 0,8 \u00e0 5,0 mm ou personnalis\u00e9e, longueur de 1 \u00e0 9 m ou personnalis\u00e9e disponible\uff1b \u00c9paisseur du film de protection anodique de 8 \u00e0 20 mm, rev\u00eatement par poudre de 40 \u00e0 120 mm.<\/td>\n<\/tr>\n<tr>\n<td>Forme<\/td>\n<td>carr\u00e9, rond, rectangulaire, triangle, etc. ou personnalis\u00e9<\/td>\n<\/tr>\n<tr>\n<td>Application<\/td>\n<td>Ameublement, fen\u00eatres et portes, d\u00e9coration, industrie, construction, etc.<\/td>\n<\/tr>\n<tr>\n<td>Traitement de surface<\/td>\n<td>peinture en poudre, PVDF, anodisation, grain de bois, \u00e9lectrophor\u00e8se, brossage, polissage, etc.<\/td>\n<\/tr>\n<tr>\n<td>Couleurs<\/td>\n<td>Feuille de couleurs pour le rev\u00eatement par poudre et couleurs personnalis\u00e9es disponibles<\/td>\n<\/tr>\n<tr>\n<td>Deepprocess<\/td>\n<td>CNC, per\u00e7age, fraisage, d\u00e9coupe, soudage, pliage, assemblage<\/td>\n<\/tr>\n<tr>\n<td>FOBPort<\/td>\n<td>Guangzhou, Foshan, Shenzhen<\/td>\n<\/tr>\n<tr>\n<td>conditions de paiement<\/td>\n<td>T\/T, L\/C<\/td>\n<\/tr>\n<tr>\n<td>r\u00e8glement du litige<\/td>\n<td>Facturation par poids r\u00e9el final ou par tirage au sort du poids th\u00e9orique<\/td>\n<\/tr>\n<tr>\n<td>Traitement<\/td>\n<td>Demande de renseignements - \u00e9chantillon ou dessin CAO (fourni par le client) - dessin CAO (de notre soci\u00e9t\u00e9) - confirmation du dessin - fabrication du moule - \u00e9chantillon - production de masse - inspection - livraison<\/td>\n<\/tr>\n<tr>\n<td>Certification disponible :<\/td>\n<td>ISO:9001, SONCAP, certificat BVC ou certificat du client disponibles<\/td>\n<\/tr>\n<\/tbody>\n<\/table>\n<h2>Notre base de production<\/h2>\n<h3>Panorama de l'usine<\/h3>\n<p><img decoding=\"async\" src=\"\/wp-content\/uploads\/factory-01.webp\"\/><\/p>\n<h3>Atelier de fabrication de barres d'aluminium<\/h3>\n<p><img decoding=\"async\" src=\"\/wp-content\/uploads\/factory-02.webp\"\/><\/p>\n<p><img decoding=\"async\" src=\"\/wp-content\/uploads\/factory-03.webp\"\/><\/p>\n<h3>Entrep\u00f4t de stockage des moules<\/h3>\n<p><img decoding=\"async\" src=\"\/wp-content\/uploads\/factory-04.webp\"\/><\/p>\n<h3>43 lignes d'extrusion d'aluminium (500-5500 tonnes)<\/h3>\n<p><img decoding=\"async\" src=\"\/wp-content\/uploads\/factory-05.webp\"\/><\/p>\n<p><img decoding=\"async\" src=\"\/wp-content\/uploads\/factory-06.webp\"\/><\/p>\n<p><img decoding=\"async\" src=\"\/wp-content\/uploads\/factory-07.webp\"\/><\/p>\n<h3>Atelier de peinture en poudre<\/h3>\n<p><img decoding=\"async\" src=\"\/wp-content\/uploads\/factory-09.webp\"\/><\/p>\n<h3>Atelier d'anodisation<\/h3>\n<p><img decoding=\"async\" src=\"\/wp-content\/uploads\/factory-10.webp\"\/><\/p>\n<h3>Atelier sur le traitement en profondeur<\/h3>\n<p><img decoding=\"async\" src=\"\/wp-content\/uploads\/factory-11.webp\"\/><\/p>\n<h3>Atelier d'usinage de pr\u00e9cision CNC<\/h3>\n<p><img decoding=\"async\" src=\"\/wp-content\/uploads\/factory-11.5.webp\"\/><\/p>\n<h3>Entrep\u00f4t de produits finis et d'exportation<\/h3>\n<p><img decoding=\"async\" src=\"\/wp-content\/uploads\/factory-12.webp\"\/><\/p>\n<p><img decoding=\"async\" src=\"\/wp-content\/uploads\/factory-13.webp\"\/><\/p>\n<p><img decoding=\"async\" src=\"\/wp-content\/uploads\/factory-14.webp\"\/><\/p>\n<h2>FAQ<\/h2>\n<p><p><b>1) A quoi servent les profil\u00e9s standard en aluminium extrud\u00e9 ? <\/b><\/p>\n<p> Les formes standard en aluminium extrud\u00e9 sont utilis\u00e9es dans une large gamme d'applications, notamment dans la construction, la machinerie, l'automobile et l'ameublement, offrant un soutien structurel et une grande polyvalence.<br \/>\n<\/p><br \/>\n<br \/>\n<p><b>2. pourquoi choisir des formes en aluminium extrud\u00e9 ? <\/b><\/p>\n<p> Les formes d'aluminium extrud\u00e9 offrent un excellent rapport poids\/r\u00e9sistance, une r\u00e9sistance \u00e0 la corrosion et une grande polyvalence, ce qui les rend id\u00e9ales pour de nombreuses applications industrielles et structurelles.<br \/>\n<\/p><br \/>\n<br \/>\n<p><b>3. ces formes en aluminium peuvent-elles \u00eatre personnalis\u00e9es ? <\/b><\/p>\n<p> Oui, nous proposons diff\u00e9rentes formes standard, ainsi que des profils et des longueurs sur mesure pour r\u00e9pondre aux besoins de projets sp\u00e9cifiques.<br \/>\n<\/p><br \/>\n<br \/>\n<p><b>4. ces formes en aluminium conviennent-elles \u00e0 une utilisation en ext\u00e9rieur ? <\/b><\/p>\n<p> De plus, les propri\u00e9t\u00e9s anticorrosion de l'aluminium rendent ces formes parfaites pour les applications int\u00e9rieures et ext\u00e9rieures, m\u00eame dans des conditions m\u00e9t\u00e9orologiques difficiles.<br \/>\n<\/p><br \/>\n<br \/>\n<p><b>5. Comment les formes en aluminium extrud\u00e9 se comparent-elles aux autres mat\u00e9riaux ? <\/b><\/p>\n<p> L'aluminium est plus l\u00e9ger que l'acier, offre une excellente durabilit\u00e9 et une r\u00e9sistance \u00e0 la corrosion, et peut \u00eatre facilement usin\u00e9 pour diverses applications, ce qui constitue une solution plus rentable.<br \/>\n<\/p><br \/>\n<br \/>\n<p><b>6) Quelles sont les industries qui utilisent le plus souvent des formes standard en aluminium extrud\u00e9 ? <\/b><\/p>\n<p> Ces formes sont largement utilis\u00e9es dans les secteurs de la construction, de la fabrication, du transport et de l'\u00e9lectronique, o\u00f9 la r\u00e9sistance, la durabilit\u00e9 et la flexibilit\u00e9 de la conception personnalis\u00e9e sont essentielles.<br \/>\n<\/p><br \/>\n<br \/>\n<p><b>7. ces formes peuvent-elles \u00eatre facilement int\u00e9gr\u00e9es dans des assemblages personnalis\u00e9s ? <\/b><\/p>\n<p> Oui, les formes en aluminium extrud\u00e9 sont faciles \u00e0 usiner, \u00e0 souder et \u00e0 assembler \u00e0 l'aide de fixations et de connecteurs standard, ce qui offre une grande souplesse pour les projets personnalis\u00e9s.<br \/>\n<\/p><br \/><\/p>","protected":false},"featured_media":8019,"template":"","categories":[54],"class_list":["post-8020","product","type-product","status-publish","has-post-thumbnail","hentry","category-industrial-aluminum-profiles"],"meta_box":{"hilight_text_group":{"product_hilight_text":"<li>Standard extruded aluminum shapes provide a cost-effective solution for a wide range of structural applications.<\/li>\r\r\n<li>Available in various profiles, including angles, channels, beams, and more, to meet different design needs.<\/li>\r\r\n<li>High strength and lightweight properties make these shapes ideal for construction, automotive, and industrial uses.<\/li>\r\r\n<li>Corrosion-resistant, ensuring long-term performance in outdoor and challenging environments.<\/li>\r\r\n<li>Consistent, precise dimensions and profiles ensure quality and reliability in every extrusion.<\/li>\r\r\n<li>Easy to machine, weld, and integrate with other components for custom applications.<\/li>\r\r\n<li>Eco-friendly and 100% recyclable, contributing to sustainable building practices.<\/li>","product_chanpin_blog":"<ul>\r\r\n<li><a href=\"https:\/\/sinoextrud.com\/t-slot-v-slot-differences\/\" target=\"_blank\">t slot vs v slot<\/a><\/li>\r\r\n<li><a href=\"https:\/\/sinoextrud.com\/what-is-4040-aluminium-extrud\/\" target=\"_blank\">4040 aluminium extrusion<\/a><\/li>\r\r\n<li><a href=\"https:\/\/sinoextrud.com\/what-is-4040-aluminium-extrud\/\" target=\"_blank\">aluminum extrusions for industrial racks<\/a><\/li>\r\r\n<li><a href=\"https:\/\/sinoextrud.com\/powder-coating-aluminium-process\/\" target=\"_blank\">powder coating aluminium<\/a><\/li>\r\r\n<li><a href=\"https:\/\/sinoextrud.com\/what-is-an-aluminium-strip-ceiling\/\" target=\"_blank\">aluminium strip ceiling<\/a><\/li>\r\r\n<li><a href=\"https:\/\/sinoextrud.com\/what-is-a-heat-sink\/\" target=\"_blank\">what is a heat sink<\/a><\/li>\r\r\n<\/ul>","product_chanpin_chanpin":"<li><a href=\"https:\/\/sinoextrud.com\/product\/structural-aluminium-extrusions\/\" target=\"_blank\">Structural Aluminium Extrusions<\/a><\/li>\r\n<li><a href=\"https:\/\/sinoextrud.com\/product\/powder-coated-and-anodized-aluminium-profile-for-electric-frame-motor-housing-and-aluminum-enclosure\/\" target=\"_blank\">Powder coated and Anodized aluminium profile for electric frame motor housing and aluminum enclosure<\/a><\/li>\r\n<li><a href=\"https:\/\/sinoextrud.com\/product\/customized-powder-coated-anodized-aluminium-extrusion-profile-roller-shutter-supplier\/\" target=\"_blank\">Customized Powder Coated Anodized Aluminium Extrusion Profile Roller Shutter Supplier<\/a><\/li>\r\n<li><a href=\"https:\/\/sinoextrud.com\/product\/design-of-anodized-aluminum-handrail-price\/\" target=\"_blank\">design of anodized aluminum handrail price<\/a><\/li>\r\n<li><a href=\"https:\/\/sinoextrud.com\/product\/standard-extruded-aluminum-shapes\/\" target=\"_blank\">Standard Extruded Aluminum Shapes<\/a><\/li>\r\n<li><a href=\"https:\/\/sinoextrud.com\/product\/t-slot-industrial-extruded-aluminum-profile\/\" target=\"_blank\">T-slot Industrial Extruded Aluminum Profile<\/a><\/li>\r\n<li><a href=\"https:\/\/sinoextrud.com\/product\/extruded-aluminum-channel\/\" target=\"_blank\">Extruded Aluminum Channel<\/a><\/li>\r\n<li><a href=\"https:\/\/sinoextrud.com\/product\/made-extrusion-square-tube-aluminium-profiles-in-stock\/\" target=\"_blank\">Made Extrusion Square Tube Aluminium Profiles in Stock<\/a><\/li>\r\n<li><a href=\"https:\/\/sinoextrud.com\/product\/extruded-aluminum-electronic-enclosures\/\" target=\"_blank\">Extruded Aluminum Electronic Enclosures<\/a><\/li>\r\n<li><a href=\"https:\/\/sinoextrud.com\/product\/extruded-aluminum-housing\/\" target=\"_blank\">Extruded Aluminum Housing<\/a><\/li>\r\n<li><a href=\"https:\/\/sinoextrud.com\/product\/anodized-small-machining-aluminum-parts\/\" target=\"_blank\">Anodized Small Machining Aluminum Parts<\/a><\/li>"},"feature_list":[]},"_links":{"self":[{"href":"https:\/\/sinoextrud.com\/fr\/wp-json\/wp\/v2\/product\/8020","targetHints":{"allow":["GET"]}}],"collection":[{"href":"https:\/\/sinoextrud.com\/fr\/wp-json\/wp\/v2\/product"}],"about":[{"href":"https:\/\/sinoextrud.com\/fr\/wp-json\/wp\/v2\/types\/product"}],"wp:featuredmedia":[{"embeddable":true,"href":"https:\/\/sinoextrud.com\/fr\/wp-json\/wp\/v2\/media\/8019"}],"wp:attachment":[{"href":"https:\/\/sinoextrud.com\/fr\/wp-json\/wp\/v2\/media?parent=8020"}],"wp:term":[{"taxonomy":"category","embeddable":true,"href":"https:\/\/sinoextrud.com\/fr\/wp-json\/wp\/v2\/categories?post=8020"}],"curies":[{"name":"wp","href":"https:\/\/api.w.org\/{rel}","templated":true}]}}