{"id":8014,"date":"2025-06-12T06:24:05","date_gmt":"2025-06-12T06:24:05","guid":{"rendered":"https:\/\/sinoextrud.com\/product\/powder-coated-and-anodized-aluminium-profile-for-electric-frame-motor-housing-and-aluminum-enclosure\/"},"modified":"2025-06-24T06:22:50","modified_gmt":"2025-06-24T06:22:50","slug":"profile-en-aluminium-anodise-et-peint-par-poudrage-pour-le-boitier-du-moteur-du-cadre-electrique-et-lenceinte-en-aluminium","status":"publish","type":"product","link":"https:\/\/sinoextrud.com\/fr\/product\/powder-coated-and-anodized-aluminium-profile-for-electric-frame-motor-housing-and-aluminum-enclosure\/","title":{"rendered":"Profil\u00e9 en aluminium anodis\u00e9 et peint par poudrage pour le bo\u00eetier du moteur du cadre \u00e9lectrique et l'enceinte en aluminium"},"content":{"rendered":"<h2>D\u00e9tails des produits<\/h2>\n<table class=\"custom-table\">\n<tbody>\n<tr>\n<td> Article :<\/td>\n<td> Profil\u00e9 en aluminium anodis\u00e9 et peint par poudrage pour le bo\u00eetier du moteur du cadre \u00e9lectrique et l'enceinte en aluminium<\/td>\n<td> Grade :<\/td>\n<td> S\u00e9rie 6000 6063<\/td>\n<\/tr>\n<tr>\n<td> Temp\u00e9rer :<\/td>\n<td> 6063-T5<\/td>\n<td> Lieu d'origine :<\/td>\n<td> Foshan, Guangdong<\/td>\n<\/tr>\n<tr>\n<td> Forme :<\/td>\n<td> Canal en U<\/td>\n<td> Alliage ou non :<\/td>\n<td> Alliage d'Alunimun<\/td>\n<\/tr>\n<tr>\n<td> Tol\u00e9rance :<\/td>\n<td> \u00b10,5%<\/td>\n<td> Marque :<\/td>\n<td> Sinoextrud, Sinoextrud<\/td>\n<\/tr>\n<tr>\n<td> Standard :<\/td>\n<td> qualit\u00e9 moyenne et \u00e9lev\u00e9e<\/td>\n<td> Traitement de surface :<\/td>\n<td> rev\u00eatement en poudre, \u00e9lectrophor\u00e8se, grain de bois, anodis\u00e9, bross\u00e9, polissage<\/td>\n<\/tr>\n<tr>\n<td> D\u00e9lai de livraison :<\/td>\n<td> 25-30 jours<\/td>\n<td> MOQ :<\/td>\n<td> 200KG<\/td>\n<\/tr>\n<tr>\n<td> D\u00e9lai de paiement :<\/td>\n<td> T\/T(30% Deposit), L\/C<\/td>\n<td> Service de traitement :<\/td>\n<td> Pliage, d\u00e9roulage, soudage, poin\u00e7onnage, d\u00e9coupage<\/td>\n<\/tr>\n<tr>\n<td> Port :<\/td>\n<td> Guangzhou, Shenzhen\uff0cFoshan<\/td>\n<td> Longueur: :<\/td>\n<td> 1-9m ou sur mesure<\/td>\n<\/tr>\n<\/tbody>\n<\/table>\n<h2>Notre base de production<\/h2>\n<h3>Panorama de l'usine<\/h3>\n<p><img decoding=\"async\" src=\"\/wp-content\/uploads\/factory-01.webp\"\/><\/p>\n<h3>Atelier de fabrication de barres d'aluminium<\/h3>\n<p><img decoding=\"async\" src=\"\/wp-content\/uploads\/factory-02.webp\"\/><\/p>\n<\/p>\n<p><img decoding=\"async\" src=\"\/wp-content\/uploads\/factory-03.webp\"\/><\/p>\n<h3>Entrep\u00f4t de stockage des moules<\/h3>\n<p><img decoding=\"async\" src=\"\/wp-content\/uploads\/factory-04.webp\"\/><\/p>\n<h3>43 lignes d'extrusion d'aluminium (500-5500 tonnes)<\/h3>\n<p><img decoding=\"async\" src=\"\/wp-content\/uploads\/factory-05.webp\"\/><\/p>\n<p><img decoding=\"async\" src=\"\/wp-content\/uploads\/factory-06.webp\"\/><\/p>\n<p><img decoding=\"async\" src=\"\/wp-content\/uploads\/factory-07.webp\"\/><\/p>\n<h3>Atelier de peinture en poudre<\/h3>\n<p><img decoding=\"async\" src=\"\/wp-content\/uploads\/factory-09.webp\"\/><\/p>\n<h3>Atelier d'anodisation<\/h3>\n<p><img decoding=\"async\" src=\"\/wp-content\/uploads\/factory-10.webp\"\/><\/p>\n<h3>Atelier sur le traitement en profondeur<\/h3>\n<p><img decoding=\"async\" src=\"\/wp-content\/uploads\/factory-11.webp\"\/><\/p>\n<h3>Atelier d'usinage de pr\u00e9cision CNC<\/h3>\n<p><img decoding=\"async\" src=\"\/wp-content\/uploads\/factory-11.5.webp\"\/><\/p>\n<h3>Entrep\u00f4t de produits finis et d'exportation<\/h3>\n<p><img decoding=\"async\" src=\"\/wp-content\/uploads\/factory-12.webp\"\/><\/p>\n<p><img decoding=\"async\" src=\"\/wp-content\/uploads\/factory-13.webp\"\/><\/p>\n<p><img decoding=\"async\" src=\"\/wp-content\/uploads\/factory-14.webp\"\/><\/p>\n<h2>FAQ<\/h2>\n<p><b>1) Qu'est-ce qu'un profil\u00e9 en aluminium anodis\u00e9 et peint par poudrage pour un carter de moteur \u00e9lectrique ? <\/b><\/p>\n<p> Il s'agit d'une extrusion d'aluminium finie utilis\u00e9e pour fabriquer des bo\u00eetiers et des enveloppes de moteurs \u00e9lectriques, offrant durabilit\u00e9, r\u00e9sistance \u00e0 la corrosion et gestion de la chaleur.\n<\/p>\n<p><\/p>\n<p><b>2. Pourquoi utiliser le thermolaquage et l'anodisation sur les bo\u00eetiers en aluminium ? <\/b><\/p>\n<p> Ces finitions offrent une excellente protection contre la corrosion, l'usure et les dommages caus\u00e9s par les UV, garantissant une fiabilit\u00e9 \u00e0 long terme dans des environnements difficiles.\n<\/p>\n<p><\/p>\n<p><b>3. Les profil\u00e9s en aluminium peuvent-ils \u00eatre personnalis\u00e9s pour les ch\u00e2ssis de moteurs \u00e9lectriques ? <\/b><\/p>\n<p> Oui, nous proposons des profils, des dimensions et des finitions sur mesure pour r\u00e9pondre aux exigences sp\u00e9cifiques de conception des moteurs et des bo\u00eetiers.\n<\/p>\n<p><\/p>\n<p><b>4. Ces profil\u00e9s en aluminium conviennent-ils pour des environnements ext\u00e9rieurs ou industriels ? <\/b><\/p>\n<p> Absolument, les surfaces anodis\u00e9es et \u00e0 rev\u00eatement en poudre assurent une performance durable dans des conditions ext\u00e9rieures et industrielles.\n<\/p>\n<p><\/p>\n<p><b>5. Comment l'aluminium contribue-t-il \u00e0 la dissipation de la chaleur dans les carters de moteurs ? <\/b><\/p>\n<p> La conductivit\u00e9 thermique naturelle de l'aluminium permet de disperser la chaleur loin des composants internes, prot\u00e9geant ainsi les moteurs et l'\u00e9lectronique.\n<\/p>\n<p><\/p>\n<p><b>6. Quelles sont les applications typiques de ces profil\u00e9s en aluminium ? <\/b><\/p>\n<p> Les utilisations les plus courantes sont les ch\u00e2ssis de moteurs \u00e9lectriques, les bo\u00eetiers d'entra\u00eenement, les bo\u00eetiers de commande d'automatisation et les bo\u00eetiers d'\u00e9lectronique industrielle.\n<\/p>\n<p><\/p>\n<p><b>7. le profil\u00e9 en aluminium est-il facile \u00e0 usiner et \u00e0 assembler ? <\/b><\/p>\n<p> Oui, nos profil\u00e9s sont con\u00e7us pour \u00eatre facilement usin\u00e9s, perc\u00e9s et int\u00e9gr\u00e9s aux syst\u00e8mes de fixation standard et aux composants finaux.\n<\/p>\n<p><\/p>","protected":false},"featured_media":8013,"template":"","categories":[54],"class_list":["post-8014","product","type-product","status-publish","has-post-thumbnail","hentry","category-industrial-aluminum-profiles"],"meta_box":{"hilight_text_group":{"product_hilight_text":"<li>Durable powder coated and anodized finish for superior corrosion and wear resistance.<\/li>\r\r\n<li>Precision-extruded aluminium profile ensures accurate fitting and assembly.<\/li>\r\r\n<li>Ideal for electric motor housing, control boxes, and electronic enclosures.<\/li>\r\r\n<li>Lightweight yet strong, suitable for demanding industrial applications.<\/li>\r\r\n<li>Customizable shapes, sizes, and surface finishes for tailored solutions.<\/li>\r\r\n<li>Enhanced thermal conductivity helps with efficient heat dissipation.<\/li>\r\r\n<li>Low-maintenance material with long service life in harsh environments.<\/li>","product_chanpin_blog":"<ul>\r\r\n<li><a href=\"https:\/\/sinoextrud.com\/t-slot-v-slot-differences\/\" target=\"_blank\">t slot vs v slot<\/a><\/li>\r\r\n<li><a href=\"https:\/\/sinoextrud.com\/what-is-4040-aluminium-extrud\/\" target=\"_blank\">4040 aluminium extrusion<\/a><\/li>\r\r\n<li><a href=\"https:\/\/sinoextrud.com\/what-is-4040-aluminium-extrud\/\" target=\"_blank\">aluminum extrusions for industrial racks<\/a><\/li>\r\r\n<li><a href=\"https:\/\/sinoextrud.com\/powder-coating-aluminium-process\/\" target=\"_blank\">powder coating aluminium<\/a><\/li>\r\r\n<li><a href=\"https:\/\/sinoextrud.com\/what-is-an-aluminium-strip-ceiling\/\" target=\"_blank\">aluminium strip ceiling<\/a><\/li>\r\r\n<li><a href=\"https:\/\/sinoextrud.com\/what-is-a-heat-sink\/\" target=\"_blank\">what is a heat sink<\/a><\/li>\r\r\n<\/ul>","product_chanpin_chanpin":"<li><a href=\"https:\/\/sinoextrud.com\/product\/customized-extruded-aluminum-trailer-flooring\/\" target=\"_blank\">Customized Extruded Aluminum Trailer Flooring<\/a><\/li>\r\n<li><a href=\"https:\/\/sinoextrud.com\/product\/easy-assembly-bi-slotted-production-line-anodized-aluminium-t-slot-extrusion\/\" target=\"_blank\">Easy Assembly Bi-Slotted Production Line Anodized Aluminium T Slot Extrusion<\/a><\/li>\r\n<li><a href=\"https:\/\/sinoextrud.com\/product\/customized-industrial-aluminum-profile\/\" target=\"_blank\">Customized Industrial Aluminum Profile<\/a><\/li>\r\n<li><a href=\"https:\/\/sinoextrud.com\/product\/structural-aluminium-extrusions\/\" target=\"_blank\">Structural Aluminium Extrusions<\/a><\/li>\r\n<li><a href=\"https:\/\/sinoextrud.com\/product\/powder-coated-and-anodized-aluminium-profile-for-electric-frame-motor-housing-and-aluminum-enclosure\/\" target=\"_blank\">Powder coated and Anodized aluminium profile for electric frame motor housing and aluminum enclosure<\/a><\/li>\r\n<li><a href=\"https:\/\/sinoextrud.com\/product\/customized-powder-coated-anodized-aluminium-extrusion-profile-roller-shutter-supplier\/\" target=\"_blank\">Customized Powder Coated Anodized Aluminium Extrusion Profile Roller Shutter Supplier<\/a><\/li>\r\n<li><a href=\"https:\/\/sinoextrud.com\/product\/design-of-anodized-aluminum-handrail-price\/\" target=\"_blank\">design of anodized aluminum handrail price<\/a><\/li>\r\n<li><a href=\"https:\/\/sinoextrud.com\/product\/standard-extruded-aluminum-shapes\/\" target=\"_blank\">Standard Extruded Aluminum Shapes<\/a><\/li>\r\n<li><a href=\"https:\/\/sinoextrud.com\/product\/t-slot-industrial-extruded-aluminum-profile\/\" target=\"_blank\">T-slot Industrial Extruded Aluminum Profile<\/a><\/li>\r\n<li><a href=\"https:\/\/sinoextrud.com\/product\/aluminum-quarter-round-trim\/\" target=\"_blank\">Aluminum Quarter Round Trim<\/a><\/li>\r\n<li><a href=\"https:\/\/sinoextrud.com\/product\/extruded-aluminium-housing\/\" target=\"_blank\">Extruded Aluminium Housing<\/a><\/li>"},"feature_list":[]},"_links":{"self":[{"href":"https:\/\/sinoextrud.com\/fr\/wp-json\/wp\/v2\/product\/8014","targetHints":{"allow":["GET"]}}],"collection":[{"href":"https:\/\/sinoextrud.com\/fr\/wp-json\/wp\/v2\/product"}],"about":[{"href":"https:\/\/sinoextrud.com\/fr\/wp-json\/wp\/v2\/types\/product"}],"wp:featuredmedia":[{"embeddable":true,"href":"https:\/\/sinoextrud.com\/fr\/wp-json\/wp\/v2\/media\/8013"}],"wp:attachment":[{"href":"https:\/\/sinoextrud.com\/fr\/wp-json\/wp\/v2\/media?parent=8014"}],"wp:term":[{"taxonomy":"category","embeddable":true,"href":"https:\/\/sinoextrud.com\/fr\/wp-json\/wp\/v2\/categories?post=8014"}],"curies":[{"name":"wp","href":"https:\/\/api.w.org\/{rel}","templated":true}]}}