{"id":8010,"date":"2025-06-12T02:43:04","date_gmt":"2025-06-12T02:43:04","guid":{"rendered":"https:\/\/sinoextrud.com\/product\/customized-industrial-aluminum-profile\/"},"modified":"2025-06-24T06:22:50","modified_gmt":"2025-06-24T06:22:50","slug":"profile-industriel-en-aluminium-sur-mesure","status":"publish","type":"product","link":"https:\/\/sinoextrud.com\/fr\/product\/customized-industrial-aluminum-profile\/","title":{"rendered":"Profil\u00e9s industriels en aluminium sur mesure"},"content":{"rendered":"<h2>D\u00e9tails des produits<\/h2>\n<table class=\"custom-table\">\n<tbody>\n<tr>\n<td> Objet<\/td>\n<td> profil\u00e9 industriel en aluminium sur mesure<\/td>\n<\/tr>\n<tr>\n<td> Temp\u00e9rer<\/td>\n<td> T5-T8<\/td>\n<\/tr>\n<tr>\n<td> D\u00e9roulement du processus<\/td>\n<td> D\u00e9veloppement de moules - Billets d'aluminium - Chauffage - Moulage d'aluminium brut - Rev\u00eatement par poudre anodis\u00e9e<\/td>\n<\/tr>\n<tr>\n<td> Caract\u00e9ristique<\/td>\n<td> 1. des lignes fines nettes et belles sur la surface.<br \/>\n2. Les billettes d'aluminium standard nationales sont adopt\u00e9es.<br \/>\n3. Avec notre proc\u00e9d\u00e9 d'anodisation uniforme, qui est adopt\u00e9 pour prot\u00e9ger la surface.<br \/>\n4. Les petites commandes sont accept\u00e9es.<br \/>\n5. Extrusion personnalis\u00e9e selon votre dessin.<\/td>\n<\/tr>\n<tr>\n<td> Application<\/td>\n<td> Industrie, Construction<\/td>\n<\/tr>\n<tr>\n<td> Forme<\/td>\n<td> Personnalisation<\/td>\n<\/tr>\n<tr>\n<td> Traitement de surface<\/td>\n<td> Finition en usine, anodisation, rev\u00eatement en poudre, sablage, \u00e9lectrophor\u00e8se, brossage, polissage,<\/td>\n<\/tr>\n<tr>\n<td> Couleur<\/td>\n<td> Argent, noir, or, champange, bronze, rouge, bleu ;<br \/>\nNous pouvons personnaliser les couleurs sur la base des \u00e9chantillons des clients.<\/td>\n<\/tr>\n<tr>\n<td> Traitement en profondeur<\/td>\n<td> D\u00e9coupage, per\u00e7age, usinage, poin\u00e7onnage, pliage, taraudage, etc.<\/td>\n<\/tr>\n<tr>\n<td> Garantie<\/td>\n<td> ISO:9001, SONCAP, certificat BV, TUV, SGS, ou certificat du client disponible<\/td>\n<\/tr>\n<tr>\n<td> MOQ<\/td>\n<td> 200KG<\/td>\n<\/tr>\n<tr>\n<td> D\u00e9lai de livraison<\/td>\n<td> Le d\u00e9veloppement du moule et la conformation de l'\u00e9chantillon prennent 12 \u00e0 15 jours, puis la dur\u00e9e de production est de 15 \u00e0 25 jours apr\u00e8s r\u00e9ception de l'acompte de l'acheteur.<\/td>\n<\/tr>\n<tr>\n<td> \u00c9chantillon gratuit<\/td>\n<td> L'envoi peut \u00eatre effectu\u00e9 dans un d\u00e9lai de 1 \u00e0 3 jours<\/td>\n<\/tr>\n<\/tbody>\n<\/table>\n<h2>Notre base de production<\/h2>\n<h3>Panorama de l'usine<\/h3>\n<p><img decoding=\"async\" src=\"\/wp-content\/uploads\/factory-01.webp\"\/><\/p>\n<h3>Atelier de fabrication de barres d'aluminium<\/h3>\n<p><img decoding=\"async\" src=\"\/wp-content\/uploads\/factory-02.webp\"\/><\/p>\n<p><img decoding=\"async\" src=\"\/wp-content\/uploads\/factory-03.webp\"\/><\/p>\n<h3>Entrep\u00f4t de stockage des moules<\/h3>\n<p><img decoding=\"async\" src=\"\/wp-content\/uploads\/factory-04.webp\"\/><\/p>\n<h3>43 lignes d'extrusion d'aluminium (500-5500 tonnes)<\/h3>\n<p><img decoding=\"async\" src=\"\/wp-content\/uploads\/factory-05.webp\"\/><\/p>\n<p><img decoding=\"async\" src=\"\/wp-content\/uploads\/factory-06.webp\"\/><\/p>\n<p><img decoding=\"async\" src=\"\/wp-content\/uploads\/factory-07.webp\"\/><\/p>\n<h3>Atelier de peinture en poudre<\/h3>\n<p><img decoding=\"async\" src=\"\/wp-content\/uploads\/factory-09.webp\"\/><\/p>\n<h3>Atelier d'anodisation<\/h3>\n<p><img decoding=\"async\" src=\"\/wp-content\/uploads\/factory-10.webp\"\/><\/p>\n<h3>Atelier sur le traitement en profondeur<\/h3>\n<p><img decoding=\"async\" src=\"\/wp-content\/uploads\/factory-11.webp\"\/><\/p>\n<h3>Atelier d'usinage de pr\u00e9cision CNC<\/h3>\n<p><img decoding=\"async\" src=\"\/wp-content\/uploads\/factory-11.5.webp\"\/><\/p>\n<h3>Entrep\u00f4t de produits finis et d'exportation<\/h3>\n<p><img decoding=\"async\" src=\"\/wp-content\/uploads\/factory-12.webp\"\/><\/p>\n<p><img decoding=\"async\" src=\"\/wp-content\/uploads\/factory-13.webp\"\/><\/p>\n<p><img decoding=\"async\" src=\"\/wp-content\/uploads\/factory-14.webp\"\/><\/p>\n<h2>FAQ<\/h2>\n<p><p><b>1) Qu'est-ce qui rend les profil\u00e9s industriels en aluminium sur mesure polyvalents ? <\/b><\/p>\n<p>Les profil\u00e9s d'aluminium personnalis\u00e9s sont tr\u00e8s adaptables, permettant des conceptions et des tailles sur mesure pour r\u00e9pondre \u00e0 divers besoins industriels, commerciaux ou architecturaux.<br \/>\n<\/p><br \/>\n<br \/>\n<p><b>2. Comment la finition anodis\u00e9e am\u00e9liore-t-elle la durabilit\u00e9 des profil\u00e9s en aluminium ? <\/b><\/p>\n<p>La finition anodis\u00e9e augmente la r\u00e9sistance \u00e0 la corrosion et \u00e0 l'usure, garantissant des performances durables m\u00eame dans des environnements difficiles.<br \/>\n<\/p><br \/>\n<br \/>\n<p><b>3. les profil\u00e9s industriels en aluminium sur mesure sont-ils faciles \u00e0 installer ? <\/b><\/p>\n<p>Oui, ces profil\u00e9s sont l\u00e9gers et faciles \u00e0 manipuler, ce qui rend l'installation rapide et efficace.<br \/>\n<\/p><br \/>\n<br \/>\n<p><b>4. Les profil\u00e9s en aluminium peuvent-ils \u00eatre utilis\u00e9s dans des applications lourdes ? <\/b><\/p>\n<p>Oui, les profil\u00e9s en aluminium \u00e0 haute r\u00e9sistance sont con\u00e7us pour supporter de lourdes charges, ce qui les rend id\u00e9aux pour les applications industrielles exigeantes.<br \/>\n<\/p><br \/>\n<br \/>\n<p><b>5. quel est l'impact environnemental des profil\u00e9s industriels en aluminium sur mesure ? <\/b><\/p>\n<p>L'aluminium est un mat\u00e9riau recyclable, ce qui fait de ces profil\u00e9s une option \u00e9cologique qui favorise le d\u00e9veloppement durable dans la construction et la fabrication.<br \/>\n<\/p><br \/>\n<br \/>\n<p><b>6. Comment les profil\u00e9s d'aluminium personnalis\u00e9s r\u00e9duisent-ils les co\u00fbts globaux du projet ? <\/b><\/p>\n<p>En fournissant des solutions sur mesure, les profil\u00e9s en aluminium personnalis\u00e9s r\u00e9duisent les d\u00e9chets et \u00e9vitent de devoir apporter des modifications suppl\u00e9mentaires, ce qui contribue \u00e0 r\u00e9duire les co\u00fbts.<br \/>\n<\/p><br \/>\n<br \/>\n<p><b>7. les profil\u00e9s sont-ils disponibles en diff\u00e9rentes tailles et formes ? <\/b><\/p>\n<p>Oui, les profil\u00e9s d'aluminium personnalis\u00e9s peuvent \u00eatre con\u00e7us dans une vari\u00e9t\u00e9 de formes et de tailles pour r\u00e9pondre aux exigences sp\u00e9cifiques de votre projet.<br \/>\n<\/p><br \/><\/p>","protected":false},"featured_media":8009,"template":"","categories":[54],"class_list":["post-8010","product","type-product","status-publish","has-post-thumbnail","hentry","category-industrial-aluminum-profiles"],"meta_box":{"hilight_text_group":{"product_hilight_text":"<ul>\r\r\n  <li>Fully customizable industrial aluminum profiles to meet specific project requirements.<\/li>\r\r\n  <li>High-strength and durable material, ideal for heavy-duty applications.<\/li>\r\r\n  <li>Corrosion-resistant anodized finish for enhanced longevity and performance.<\/li>\r\r\n  <li>Lightweight yet strong, offering ease of handling and installation.<\/li>\r\r\n  <li>Versatile design options, suitable for various industrial, commercial, and architectural applications.<\/li>\r\r\n  <li>Eco-friendly and recyclable aluminum material, supporting sustainability initiatives.<\/li>\r\r\n  <li>Cost-effective solution without compromising on quality or performance.<\/li>\r\r\n<\/ul>","product_chanpin_blog":"<ul>\r\r\n<li><a href=\"https:\/\/sinoextrud.com\/t-slot-v-slot-differences\/\" target=\"_blank\">t slot vs v slot<\/a><\/li>\r\r\n<li><a href=\"https:\/\/sinoextrud.com\/what-is-4040-aluminium-extrud\/\" target=\"_blank\">4040 aluminium extrusion<\/a><\/li>\r\r\n<li><a href=\"https:\/\/sinoextrud.com\/what-is-4040-aluminium-extrud\/\" target=\"_blank\">aluminum extrusions for industrial racks<\/a><\/li>\r\r\n<li><a href=\"https:\/\/sinoextrud.com\/powder-coating-aluminium-process\/\" target=\"_blank\">powder coating aluminium<\/a><\/li>\r\r\n<li><a href=\"https:\/\/sinoextrud.com\/what-is-an-aluminium-strip-ceiling\/\" target=\"_blank\">aluminium strip ceiling<\/a><\/li>\r\r\n<li><a href=\"https:\/\/sinoextrud.com\/what-is-a-heat-sink\/\" target=\"_blank\">what is a heat sink<\/a><\/li>\r\r\n<\/ul>","product_chanpin_chanpin":"<li><a href=\"https:\/\/sinoextrud.com\/product\/custom-industrial-aluminum-profiles\/\" target=\"_blank\">Custom Industrial Aluminum Profiles<\/a><\/li>\r\n<li><a href=\"https:\/\/sinoextrud.com\/product\/custom-industrial-extruded-aluminum-alloy\/\" target=\"_blank\">Custom Industrial Extruded Aluminum Alloy<\/a><\/li>\r\n<li><a href=\"https:\/\/sinoextrud.com\/product\/customized-extruded-aluminum-trailer-flooring\/\" target=\"_blank\">Customized Extruded Aluminum Trailer Flooring<\/a><\/li>\r\n<li><a href=\"https:\/\/sinoextrud.com\/product\/easy-assembly-bi-slotted-production-line-anodized-aluminium-t-slot-extrusion\/\" target=\"_blank\">Easy Assembly Bi-Slotted Production Line Anodized Aluminium T Slot Extrusion<\/a><\/li>\r\n<li><a href=\"https:\/\/sinoextrud.com\/product\/customized-industrial-aluminum-profile\/\" target=\"_blank\">Customized Industrial Aluminum Profile<\/a><\/li>\r\n<li><a href=\"https:\/\/sinoextrud.com\/product\/structural-aluminium-extrusions\/\" target=\"_blank\">Structural Aluminium Extrusions<\/a><\/li>\r\n<li><a href=\"https:\/\/sinoextrud.com\/product\/powder-coated-and-anodized-aluminium-profile-for-electric-frame-motor-housing-and-aluminum-enclosure\/\" target=\"_blank\">Powder coated and Anodized aluminium profile for electric frame motor housing and aluminum enclosure<\/a><\/li>\r\n<li><a href=\"https:\/\/sinoextrud.com\/product\/customized-powder-coated-anodized-aluminium-extrusion-profile-roller-shutter-supplier\/\" target=\"_blank\">Customized Powder Coated Anodized Aluminium Extrusion Profile Roller Shutter Supplier<\/a><\/li>\r\n<li><a href=\"https:\/\/sinoextrud.com\/product\/design-of-anodized-aluminum-handrail-price\/\" target=\"_blank\">design of anodized aluminum handrail price<\/a><\/li>\r\n<li><a href=\"https:\/\/sinoextrud.com\/product\/polished-sliver-aluminium-profile-like-mirror\/\" target=\"_blank\">Polished Sliver Aluminium Profile Like Mirror<\/a><\/li>\r\n<li><a href=\"https:\/\/sinoextrud.com\/product\/aluminium-profile-quarter-round-bar\/\" target=\"_blank\">Aluminium Profile Quarter Round Bar<\/a><\/li>"},"feature_list":[]},"_links":{"self":[{"href":"https:\/\/sinoextrud.com\/fr\/wp-json\/wp\/v2\/product\/8010","targetHints":{"allow":["GET"]}}],"collection":[{"href":"https:\/\/sinoextrud.com\/fr\/wp-json\/wp\/v2\/product"}],"about":[{"href":"https:\/\/sinoextrud.com\/fr\/wp-json\/wp\/v2\/types\/product"}],"wp:featuredmedia":[{"embeddable":true,"href":"https:\/\/sinoextrud.com\/fr\/wp-json\/wp\/v2\/media\/8009"}],"wp:attachment":[{"href":"https:\/\/sinoextrud.com\/fr\/wp-json\/wp\/v2\/media?parent=8010"}],"wp:term":[{"taxonomy":"category","embeddable":true,"href":"https:\/\/sinoextrud.com\/fr\/wp-json\/wp\/v2\/categories?post=8010"}],"curies":[{"name":"wp","href":"https:\/\/api.w.org\/{rel}","templated":true}]}}