{"id":8000,"date":"2025-06-12T02:34:03","date_gmt":"2025-06-12T02:34:03","guid":{"rendered":"https:\/\/sinoextrud.com\/product\/custom-extruded-aluminum-shapes-sunflower-heat-sink\/"},"modified":"2025-06-24T06:22:47","modified_gmt":"2025-06-24T06:22:47","slug":"formes-personnalisees-en-aluminium-extrude-dissipateur-de-chaleur-en-forme-de-tournesol","status":"publish","type":"product","link":"https:\/\/sinoextrud.com\/fr\/product\/custom-extruded-aluminum-shapes-sunflower-heat-sink\/","title":{"rendered":"Dissipateur thermique Sunflower en aluminium extrud\u00e9 sur mesure"},"content":{"rendered":"<h2>D\u00e9tails des produits<\/h2>\n<table class=\"custom-table\">\n<tbody>\n<tr>\n<td> Nom du produit<\/td>\n<td> Dissipateur thermique Sunflower en aluminium extrud\u00e9 sur mesure<\/td>\n<\/tr>\n<tr>\n<td> Alliage d'aluminium<\/td>\n<td> 6063-T5, 6061-T5, personnalisation<\/td>\n<\/tr>\n<tr>\n<td> Taille<\/td>\n<td> Selon la CAO du client<\/td>\n<\/tr>\n<tr>\n<td> Application<\/td>\n<td> Utilisation dans de nombreux domaines pour disperser la chaleur<\/td>\n<\/tr>\n<tr>\n<td> Marque<\/td>\n<td> Sinoextrud \/ Sinoextrud \/ Sinoextrud Aluminium<\/td>\n<\/tr>\n<tr>\n<td> Origine<\/td>\n<td> Foshan, Chine<\/td>\n<\/tr>\n<\/tbody>\n<\/table>\n<h2>Notre base de production<\/h2>\n<h3>Panorama de l'usine<\/h3>\n<p><img decoding=\"async\" src=\"\/wp-content\/uploads\/factory-01.webp\"\/><\/p>\n<h3>Atelier de fabrication de barres d'aluminium<\/h3>\n<p><img decoding=\"async\" src=\"\/wp-content\/uploads\/factory-02.webp\"\/><\/p>\n<p><img decoding=\"async\" src=\"\/wp-content\/uploads\/factory-03.webp\"\/><\/p>\n<h3>Entrep\u00f4t de stockage des moules<\/h3>\n<p><img decoding=\"async\" src=\"\/wp-content\/uploads\/factory-04.webp\"\/><\/p>\n<h3>43 lignes d'extrusion d'aluminium (500 \u00e0 5500 tonnes)<\/h3>\n<p><img decoding=\"async\" src=\"\/wp-content\/uploads\/factory-05.webp\"\/><\/p>\n<p><img decoding=\"async\" src=\"\/wp-content\/uploads\/factory-06.webp\"\/><\/p>\n<p><img decoding=\"async\" src=\"\/wp-content\/uploads\/factory-07.webp\"\/><\/p>\n<h3>Atelier de peinture en poudre<\/h3>\n<p><img decoding=\"async\" src=\"\/wp-content\/uploads\/factory-09.webp\"\/><\/p>\n<h3>Atelier d'anodisation<\/h3>\n<p><img decoding=\"async\" src=\"\/wp-content\/uploads\/factory-10.webp\"\/><\/p>\n<h3>Atelier sur le traitement en profondeur<\/h3>\n<p><img decoding=\"async\" src=\"\/wp-content\/uploads\/factory-11.webp\"\/><\/p>\n<h3>Atelier d'usinage de pr\u00e9cision CNC<\/h3>\n<p><img decoding=\"async\" src=\"\/wp-content\/uploads\/factory-11.5.webp\"\/><\/p>\n<h3>Entrep\u00f4t de produits finis et d'exportation<\/h3>\n<p><img decoding=\"async\" src=\"\/wp-content\/uploads\/factory-12.webp\"\/><\/p>\n<p><img decoding=\"async\" src=\"\/wp-content\/uploads\/factory-13.webp\"\/><\/p>\n<p><img decoding=\"async\" src=\"\/wp-content\/uploads\/factory-14.webp\"\/><\/p>\n<h2>FAQ<\/h2>\n<p><p><b>1) Qu'est-ce qui fait que le dissipateur thermique en aluminium extrud\u00e9 en forme de tournesol est efficace pour le refroidissement ? <\/b><\/p>\n<p> Le design en forme de tournesol maximise la surface, am\u00e9liorant la dissipation de la chaleur pour une gestion thermique efficace dans les appareils \u00e9lectroniques.<br \/>\n<\/p><br \/>\n<br \/>\n<p><b>2) Les dissipateurs thermiques en aluminium extrud\u00e9 de forme tournesol peuvent-ils \u00eatre personnalis\u00e9s ? <\/b><\/p>\n<p> Oui, ces dissipateurs thermiques peuvent \u00eatre personnalis\u00e9s en termes de taille, de forme et de conception afin de r\u00e9pondre aux besoins de refroidissement sp\u00e9cifiques de diverses applications.<br \/>\n<\/p><br \/>\n<br \/>\n<p><b>3. Quelle est la durabilit\u00e9 des dissipateurs thermiques en forme de tournesol en aluminium extrud\u00e9 ? <\/b><\/p>\n<p> Ils sont tr\u00e8s durables gr\u00e2ce aux propri\u00e9t\u00e9s anticorrosion de l'aluminium, ce qui garantit une utilisation \u00e0 long terme, m\u00eame dans des environnements exigeants.<br \/>\n<\/p><br \/>\n<br \/>\n<p><b>4) Quelles sont les applications qui b\u00e9n\u00e9ficient du dissipateur thermique en forme de tournesol en aluminium extrud\u00e9 sur mesure ? <\/b><\/p>\n<p> Ces dissipateurs thermiques sont id\u00e9aux pour les appareils \u00e9lectroniques, les \u00e9clairages LED, les alimentations et autres \u00e9quipements n\u00e9cessitant une gestion efficace de la chaleur.<br \/>\n<\/p><br \/>\n<br \/>\n<p><b>5. le dissipateur thermique Tournesol en aluminium extrud\u00e9 sur mesure est-il facile \u00e0 installer ? <\/b><\/p>\n<p> Oui, le dissipateur thermique est con\u00e7u pour une installation facile, ce qui permet de r\u00e9duire le temps d'assemblage et les co\u00fbts op\u00e9rationnels.<br \/>\n<\/p><br \/>\n<br \/>\n<p><b>6. comment le design du tournesol am\u00e9liore-t-il le processus de dissipation de la chaleur ? <\/b><\/p>\n<p> La forme de tournesol augmente la surface, ce qui permet une meilleure circulation de l'air et un refroidissement plus efficace des composants \u00e9lectroniques.<br \/>\n<\/p><br \/>\n<br \/>\n<p><b>7. le dissipateur thermique Tournesol en aluminium extrud\u00e9 sur mesure est-il respectueux de l'environnement ? <\/b><\/p>\n<p> Oui, l'aluminium est un mat\u00e9riau recyclable, ce qui fait du dissipateur thermique un choix \u00e9cologique pour les solutions de refroidissement.<br \/>\n<\/p><br \/><\/p>","protected":false},"featured_media":7999,"template":"","categories":[54],"class_list":["post-8000","product","type-product","status-publish","has-post-thumbnail","hentry","category-industrial-aluminum-profiles"],"meta_box":{"hilight_text_group":{"product_hilight_text":"<ul>\r\r\n  <li>Custom extruded aluminum shapes for efficient heat dissipation in various applications<\/li>\r\r\n  <li>Sunflower design maximizes surface area for superior thermal performance<\/li>\r\r\n  <li>Corrosion-resistant aluminum material ensures durability and long lifespan<\/li>\r\r\n  <li>Lightweight yet highly effective in cooling electronic components<\/li>\r\r\n  <li>Customizable sizes and designs to meet specific cooling requirements<\/li>\r\r\n  <li>Easy to install and maintain, reducing overall operational costs<\/li>\r\r\n  <li>Environmentally friendly, fully recyclable material<\/li>\r\r\n<\/ul>","product_chanpin_blog":"<ul>\r\r\n<li><a href=\"https:\/\/sinoextrud.com\/t-slot-v-slot-differences\/\" target=\"_blank\">t slot vs v slot<\/a><\/li>\r\r\n<li><a href=\"https:\/\/sinoextrud.com\/what-is-4040-aluminium-extrud\/\" target=\"_blank\">4040 aluminium extrusion<\/a><\/li>\r\r\n<li><a href=\"https:\/\/sinoextrud.com\/what-is-4040-aluminium-extrud\/\" target=\"_blank\">aluminum extrusions for industrial racks<\/a><\/li>\r\r\n<li><a href=\"https:\/\/sinoextrud.com\/powder-coating-aluminium-process\/\" target=\"_blank\">powder coating aluminium<\/a><\/li>\r\r\n<li><a href=\"https:\/\/sinoextrud.com\/what-is-an-aluminium-strip-ceiling\/\" target=\"_blank\">aluminium strip ceiling<\/a><\/li>\r\r\n<li><a href=\"https:\/\/sinoextrud.com\/what-is-a-heat-sink\/\" target=\"_blank\">what is a heat sink<\/a><\/li>\r\r\n<\/ul>","product_chanpin_chanpin":"<li><a href=\"https:\/\/sinoextrud.com\/product\/hard-anodized-aluminum-profile\/\" target=\"_blank\">Hard Anodized Aluminum Profile<\/a><\/li>\r\n<li><a href=\"https:\/\/sinoextrud.com\/product\/cutting-extruded-aluminum-for-led\/\" target=\"_blank\">Cutting Extruded Aluminum For LED<\/a><\/li>\r\n<li><a href=\"https:\/\/sinoextrud.com\/product\/custom-decorative-hollow-alloy-rectangular-square-aluminum-tube-sizes\/\" target=\"_blank\">Custom Decorative Hollow Alloy Rectangular Square Aluminum Tube Sizes<\/a><\/li>\r\n<li><a href=\"https:\/\/sinoextrud.com\/product\/custom-extra-large-industrial-equipment-aluminum-profile\/\" target=\"_blank\">Custom Extra Large Industrial Equipment Aluminum Profile<\/a><\/li>\r\n<li><a href=\"https:\/\/sinoextrud.com\/product\/custom-extruded-aluminum-shapes-sunflower-heat-sink\/\" target=\"_blank\">Custom Extruded Aluminum Shapes Sunflower Heat Sink<\/a><\/li>\r\n<li><a href=\"https:\/\/sinoextrud.com\/product\/custom-industrial-aluminum-profiles\/\" target=\"_blank\">Custom Industrial Aluminum Profiles<\/a><\/li>\r\n<li><a href=\"https:\/\/sinoextrud.com\/product\/custom-industrial-extruded-aluminum-alloy\/\" target=\"_blank\">Custom Industrial Extruded Aluminum Alloy<\/a><\/li>\r\n<li><a href=\"https:\/\/sinoextrud.com\/product\/customized-extruded-aluminum-trailer-flooring\/\" target=\"_blank\">Customized Extruded Aluminum Trailer Flooring<\/a><\/li>\r\n<li><a href=\"https:\/\/sinoextrud.com\/product\/easy-assembly-bi-slotted-production-line-anodized-aluminium-t-slot-extrusion\/\" target=\"_blank\">Easy Assembly Bi-Slotted Production Line Anodized Aluminium T Slot Extrusion<\/a><\/li>\r\n<li><a href=\"https:\/\/sinoextrud.com\/product\/extruded-aluminum-framing\/\" target=\"_blank\">Extruded Aluminum Framing<\/a><\/li>\r\n<li><a href=\"https:\/\/sinoextrud.com\/product\/anodizing-aluminum-picture-photo-frame-brushed-aluminium-frame-for-home-decoration\/\" target=\"_blank\">Anodizing Aluminum Picture Photo Frame Brushed Aluminium Frame For Home Decoration<\/a><\/li>"},"feature_list":[]},"_links":{"self":[{"href":"https:\/\/sinoextrud.com\/fr\/wp-json\/wp\/v2\/product\/8000","targetHints":{"allow":["GET"]}}],"collection":[{"href":"https:\/\/sinoextrud.com\/fr\/wp-json\/wp\/v2\/product"}],"about":[{"href":"https:\/\/sinoextrud.com\/fr\/wp-json\/wp\/v2\/types\/product"}],"wp:featuredmedia":[{"embeddable":true,"href":"https:\/\/sinoextrud.com\/fr\/wp-json\/wp\/v2\/media\/7999"}],"wp:attachment":[{"href":"https:\/\/sinoextrud.com\/fr\/wp-json\/wp\/v2\/media?parent=8000"}],"wp:term":[{"taxonomy":"category","embeddable":true,"href":"https:\/\/sinoextrud.com\/fr\/wp-json\/wp\/v2\/categories?post=8000"}],"curies":[{"name":"wp","href":"https:\/\/api.w.org\/{rel}","templated":true}]}}