{"id":7998,"date":"2025-06-12T02:32:32","date_gmt":"2025-06-12T02:32:32","guid":{"rendered":"https:\/\/sinoextrud.com\/product\/custom-extra-large-industrial-equipment-aluminum-profile\/"},"modified":"2025-06-24T06:22:47","modified_gmt":"2025-06-24T06:22:47","slug":"profile-daluminium-sur-mesure-pour-equipement-industriel-de-tres-grande-taille","status":"publish","type":"product","link":"https:\/\/sinoextrud.com\/fr\/product\/custom-extra-large-industrial-equipment-aluminum-profile\/","title":{"rendered":"Profil\u00e9 d'aluminium sur mesure pour \u00e9quipement industriel de tr\u00e8s grande taille"},"content":{"rendered":"<h2>D\u00e9tails des produits<\/h2>\n<table class=\"custom-table\">\n<tr>\n<td class=\"label\">Objet<\/td>\n<td>profil\u00e9 d'aluminium sur mesure pour \u00e9quipement industriel de tr\u00e8s grande taille<\/td>\n<\/tr>\n<tr>\n<td class=\"label\">Mat\u00e9riau<\/td>\n<td>Alliage d'aluminium de haute qualit\u00e9 (par exemple, 6061, 6063)<\/td>\n<\/tr>\n<tr>\n<td class=\"label\">Type de profil<\/td>\n<td>Profil\u00e9 aluminium extra-large sur mesure<\/td>\n<\/tr>\n<tr>\n<td class=\"label\">Longueur standard<\/td>\n<td>Jusqu'\u00e0 9 m\u00e8tres (longueurs personnalis\u00e9es disponibles)<\/td>\n<\/tr>\n<tr>\n<td class=\"label\">Plage de largeur<\/td>\n<td>50 mm \u00e0 500 mm (largeurs personnalis\u00e9es disponibles)<\/td>\n<\/tr>\n<tr>\n<td class=\"label\">Gamme de hauteurs<\/td>\n<td>50 mm \u00e0 500 mm (hauteurs personnalis\u00e9es disponibles)<\/td>\n<\/tr>\n<tr>\n<td class=\"label\">\u00c9paisseur<\/td>\n<td>2 mm \u00e0 10 mm (\u00e9paisseur personnalis\u00e9e disponible)<\/td>\n<\/tr>\n<tr>\n<td class=\"label\">Poids<\/td>\n<td>Varie en fonction des dimensions et de la conception<\/td>\n<\/tr>\n<tr>\n<td class=\"label\">Options de finition de surface<\/td>\n<td>Anodis\u00e9, rev\u00eatement par poudre, \u00e9lectrophor\u00e8se, grain de bois, bross\u00e9, polissage<\/td>\n<\/tr>\n<tr>\n<td class=\"label\">Tol\u00e9rance<\/td>\n<td>\u00b10,1 mm (tol\u00e9rances personnalis\u00e9es disponibles)<\/td>\n<\/tr>\n<tr>\n<td class=\"label\">Usinage CNC<\/td>\n<td>Disponible pour la coupe, le per\u00e7age et le fraisage de pr\u00e9cision<\/td>\n<\/tr>\n<tr>\n<td class=\"label\">R\u00e9sistance \u00e0 la corrosion<\/td>\n<td>Excellent (propri\u00e9t\u00e9 naturelle de l'aluminium)<\/td>\n<\/tr>\n<tr>\n<td class=\"label\">Capacit\u00e9 de charge<\/td>\n<td>Varie en fonction de la conception et des dimensions du profil\u00e9<\/td>\n<\/tr>\n<tr>\n<td class=\"label\">Applications<\/td>\n<td>Machines lourdes ; syst\u00e8mes de rayonnages industriels ; \u00e9quipements de transport ; \u00e9quipements de fabrication<\/td>\n<\/tr>\n<tr>\n<td class=\"label\">Certifications<\/td>\n<td>ISO 9001, RoHS et autres certifications pertinentes<\/td>\n<\/tr>\n<tr>\n<td class=\"label\">D\u00e9lai d'ex\u00e9cution<\/td>\n<td>G\u00e9n\u00e9ralement 2 \u00e0 4 semaines (en fonction de la personnalisation et du volume de la commande)<\/td>\n<\/tr>\n<tr>\n<td class=\"label\">Quantit\u00e9 minimale de commande (MOQ)<\/td>\n<td>200 kg ou selon accord<\/td>\n<\/tr>\n<tr>\n<td class=\"label\">Options de personnalisation<\/td>\n<td>Disponible pour les dimensions, les finitions de surface et l'usinage<\/td>\n<\/tr>\n<tr>\n<td class=\"label\">Contr\u00f4le de la qualit\u00e9<\/td>\n<td>Des contr\u00f4les rigoureux \u00e0 chaque \u00e9tape de la production<\/td>\n<\/tr>\n<tr>\n<td class=\"label\">Soutien \u00e0 la client\u00e8le<\/td>\n<td>Une assistance technique et une consultation sont disponibles<\/td>\n<\/tr>\n<\/table>\n<h2>Notre base de production<\/h2>\n<h3>Panorama de l'usine<\/h3>\n<p><img decoding=\"async\" src=\"\/wp-content\/uploads\/factory-01.webp\"\/><\/p>\n<h3>Atelier de fabrication de barres d'aluminium<\/h3>\n<p><img decoding=\"async\" src=\"\/wp-content\/uploads\/factory-02.webp\"\/><\/p>\n<\/p>\n<p><img decoding=\"async\" src=\"\/wp-content\/uploads\/factory-03.webp\"\/><\/p>\n<h3>Entrep\u00f4t de stockage des moules<\/h3>\n<p><img decoding=\"async\" src=\"\/wp-content\/uploads\/factory-04.webp\"\/><\/p>\n<h3>43 lignes d'extrusion d'aluminium (500-5500 tonnes)<\/h3>\n<p><img decoding=\"async\" src=\"\/wp-content\/uploads\/factory-05.webp\"\/><\/p>\n<p><img decoding=\"async\" src=\"\/wp-content\/uploads\/factory-06.webp\"\/><\/p>\n<p><img decoding=\"async\" src=\"\/wp-content\/uploads\/factory-07.webp\"\/><\/p>\n<h3>Atelier de peinture en poudre<\/h3>\n<p><img decoding=\"async\" src=\"\/wp-content\/uploads\/factory-09.webp\"\/><\/p>\n<h3>Atelier d'anodisation<\/h3>\n<p><img decoding=\"async\" src=\"\/wp-content\/uploads\/factory-10.webp\"\/><\/p>\n<h3>Atelier sur le traitement en profondeur<\/h3>\n<p><img decoding=\"async\" src=\"\/wp-content\/uploads\/factory-11.webp\"\/><\/p>\n<h3>Atelier d'usinage de pr\u00e9cision CNC<\/h3>\n<p><img decoding=\"async\" src=\"\/wp-content\/uploads\/factory-11.5.webp\"\/><\/p>\n<h3>Entrep\u00f4t de produits finis et d'exportation<\/h3>\n<p><img decoding=\"async\" src=\"\/wp-content\/uploads\/factory-12.webp\"\/><\/p>\n<p><img decoding=\"async\" src=\"\/wp-content\/uploads\/factory-13.webp\"\/><\/p>\n<p><img decoding=\"async\" src=\"\/wp-content\/uploads\/factory-14.webp\"\/><\/p>\n<h2>FAQ<\/h2>\n<p><b>1) Quels sont les avantages de l'utilisation de profil\u00e9s en aluminium pour \u00e9quipements industriels de tr\u00e8s grande taille ? <\/b><\/p>\n<p> Ces profil\u00e9s offrent une grande solidit\u00e9, une r\u00e9sistance \u00e0 la corrosion et sont l\u00e9gers, ce qui les rend id\u00e9aux pour les applications industrielles lourdes.\n<\/p>\n<p><\/p>\n<p><b>2) Les profil\u00e9s en aluminium pour \u00e9quipements industriels de tr\u00e8s grande taille peuvent-ils \u00eatre personnalis\u00e9s ? <\/b><\/p>\n<p> Oui, ils peuvent \u00eatre personnalis\u00e9s en termes de taille, de forme et de conception pour r\u00e9pondre \u00e0 des besoins sp\u00e9cifiques en mati\u00e8re d'\u00e9quipement industriel.\n<\/p>\n<p><\/p>\n<p><b>3) Quelle est la durabilit\u00e9 des profil\u00e9s en aluminium pour \u00e9quipements industriels de tr\u00e8s grande taille ? <\/b><\/p>\n<p> Ils sont tr\u00e8s durables, fabriqu\u00e9s en aluminium r\u00e9sistant \u00e0 la corrosion, ce qui garantit des performances \u00e0 long terme, m\u00eame dans des environnements difficiles.\n<\/p>\n<p><\/p>\n<p><b>4) Quelles sont les industries qui b\u00e9n\u00e9ficient des profil\u00e9s en aluminium personnalis\u00e9s pour \u00e9quipements industriels de tr\u00e8s grande taille ? <\/b><\/p>\n<p> Ces profil\u00e9s sont parfaits pour les industries telles que la fabrication, la construction et les machines lourdes, o\u00f9 des composants robustes et de grande taille sont n\u00e9cessaires.\n<\/p>\n<p><\/p>\n<p><b>5. les profil\u00e9s aluminium pour \u00e9quipements industriels de tr\u00e8s grande taille sont-ils faciles \u00e0 entretenir ? <\/b><\/p>\n<p> Oui, ils sont faciles \u00e0 entretenir gr\u00e2ce \u00e0 leur l\u00e9g\u00e8ret\u00e9 et au fait qu'ils peuvent \u00eatre mont\u00e9s et d\u00e9mont\u00e9s rapidement.\n<\/p>\n<p><\/p>\n<p><b>6. les profil\u00e9s aluminium pour \u00e9quipements industriels de tr\u00e8s grande taille sont-ils respectueux de l'environnement ? <\/b><\/p>\n<p> Oui, l'aluminium est un mat\u00e9riau enti\u00e8rement recyclable, ce qui en fait un choix \u00e9cologique pour les applications industrielles.\n<\/p>\n<p><\/p>\n<p><b>7) Comment les profil\u00e9s aluminium personnalis\u00e9s pour \u00e9quipements industriels de tr\u00e8s grande taille am\u00e9liorent-ils les performances des \u00e9quipements ? <\/b><\/p>\n<p> Leur conductivit\u00e9 thermique et \u00e9lectrique \u00e9lev\u00e9e am\u00e9liore l'efficacit\u00e9 et la fiabilit\u00e9 des \u00e9quipements industriels.\n<\/p>\n<p><\/p>","protected":false},"featured_media":7997,"template":"","categories":[54],"class_list":["post-7998","product","type-product","status-publish","has-post-thumbnail","hentry","category-industrial-aluminum-profiles"],"meta_box":{"hilight_text_group":{"product_hilight_text":"<ul>\r\r\n  <li>Durable and high-strength aluminum profiles for heavy-duty industrial applications<\/li>\r\r\n  <li>Customizable sizes and shapes to meet specific equipment requirements<\/li>\r\r\n  <li>Lightweight yet sturdy, ideal for large-scale industrial equipment<\/li>\r\r\n  <li>Corrosion-resistant, ensuring longevity in harsh industrial environments<\/li>\r\r\n  <li>Easy to assemble and disassemble, reducing maintenance costs<\/li>\r\r\n  <li>High thermal and electrical conductivity, enhancing equipment efficiency<\/li>\r\r\n  <li>Environmentally friendly, fully recyclable material<\/li>\r\r\n<\/ul>","product_chanpin_blog":"<ul>\r\r\n<li><a href=\"https:\/\/sinoextrud.com\/t-slot-v-slot-differences\/\" target=\"_blank\">t slot vs v slot<\/a><\/li>\r\r\n<li><a href=\"https:\/\/sinoextrud.com\/what-is-4040-aluminium-extrud\/\" target=\"_blank\">4040 aluminium extrusion<\/a><\/li>\r\r\n<li><a href=\"https:\/\/sinoextrud.com\/what-is-4040-aluminium-extrud\/\" target=\"_blank\">aluminum extrusions for industrial racks<\/a><\/li>\r\r\n<li><a href=\"https:\/\/sinoextrud.com\/powder-coating-aluminium-process\/\" target=\"_blank\">powder coating aluminium<\/a><\/li>\r\r\n<li><a href=\"https:\/\/sinoextrud.com\/what-is-an-aluminium-strip-ceiling\/\" target=\"_blank\">aluminium strip ceiling<\/a><\/li>\r\r\n<li><a href=\"https:\/\/sinoextrud.com\/what-is-a-heat-sink\/\" target=\"_blank\">what is a heat sink<\/a><\/li>\r\r\n<\/ul>","product_chanpin_chanpin":"<li><a href=\"https:\/\/sinoextrud.com\/product\/extrusion-led-aluminum-channel\/\" target=\"_blank\">Extrusion Led Aluminum Channel<\/a><\/li>\r\n<li><a href=\"https:\/\/sinoextrud.com\/product\/hard-anodized-aluminum-profile\/\" target=\"_blank\">Hard Anodized Aluminum Profile<\/a><\/li>\r\n<li><a href=\"https:\/\/sinoextrud.com\/product\/cutting-extruded-aluminum-for-led\/\" target=\"_blank\">Cutting Extruded Aluminum For LED<\/a><\/li>\r\n<li><a href=\"https:\/\/sinoextrud.com\/product\/custom-decorative-hollow-alloy-rectangular-square-aluminum-tube-sizes\/\" target=\"_blank\">Custom Decorative Hollow Alloy Rectangular Square Aluminum Tube Sizes<\/a><\/li>\r\n<li><a href=\"https:\/\/sinoextrud.com\/product\/custom-extra-large-industrial-equipment-aluminum-profile\/\" target=\"_blank\">Custom Extra Large Industrial Equipment Aluminum Profile<\/a><\/li>\r\n<li><a href=\"https:\/\/sinoextrud.com\/product\/custom-extruded-aluminum-shapes-sunflower-heat-sink\/\" target=\"_blank\">Custom Extruded Aluminum Shapes Sunflower Heat Sink<\/a><\/li>\r\n<li><a href=\"https:\/\/sinoextrud.com\/product\/custom-industrial-aluminum-profiles\/\" target=\"_blank\">Custom Industrial Aluminum Profiles<\/a><\/li>\r\n<li><a href=\"https:\/\/sinoextrud.com\/product\/custom-industrial-extruded-aluminum-alloy\/\" target=\"_blank\">Custom Industrial Extruded Aluminum Alloy<\/a><\/li>\r\n<li><a href=\"https:\/\/sinoextrud.com\/product\/customized-extruded-aluminum-trailer-flooring\/\" target=\"_blank\">Customized Extruded Aluminum Trailer Flooring<\/a><\/li>\r\n<li><a href=\"https:\/\/sinoextrud.com\/product\/wood-grain-bamboo-aluminum-pipe\/\" target=\"_blank\">Wood Grain Bamboo Aluminum Pipe<\/a><\/li>\r\n<li><a href=\"https:\/\/sinoextrud.com\/product\/7-series-and-1-series-aluminum-beam-profile\/\" target=\"_blank\">7 Series And 1 Series Aluminum Beam Profile<\/a><\/li>"},"feature_list":[]},"_links":{"self":[{"href":"https:\/\/sinoextrud.com\/fr\/wp-json\/wp\/v2\/product\/7998","targetHints":{"allow":["GET"]}}],"collection":[{"href":"https:\/\/sinoextrud.com\/fr\/wp-json\/wp\/v2\/product"}],"about":[{"href":"https:\/\/sinoextrud.com\/fr\/wp-json\/wp\/v2\/types\/product"}],"wp:featuredmedia":[{"embeddable":true,"href":"https:\/\/sinoextrud.com\/fr\/wp-json\/wp\/v2\/media\/7997"}],"wp:attachment":[{"href":"https:\/\/sinoextrud.com\/fr\/wp-json\/wp\/v2\/media?parent=7998"}],"wp:term":[{"taxonomy":"category","embeddable":true,"href":"https:\/\/sinoextrud.com\/fr\/wp-json\/wp\/v2\/categories?post=7998"}],"curies":[{"name":"wp","href":"https:\/\/api.w.org\/{rel}","templated":true}]}}