{"id":7992,"date":"2025-06-12T02:24:54","date_gmt":"2025-06-12T02:24:54","guid":{"rendered":"https:\/\/sinoextrud.com\/product\/hard-anodized-aluminum-profile\/"},"modified":"2025-06-24T06:22:46","modified_gmt":"2025-06-24T06:22:46","slug":"profile-en-aluminium-anodise-dur","status":"publish","type":"product","link":"https:\/\/sinoextrud.com\/fr\/product\/hard-anodized-aluminum-profile\/","title":{"rendered":"Profil\u00e9 en aluminium anodis\u00e9 dur"},"content":{"rendered":"<h2>D\u00e9tails des produits<\/h2>\n<table class=\"custom-table\">\n<tbody>\n<tr>\n<td> Nom :<\/td>\n<td> Profil\u00e9 en aluminium anodis\u00e9 dur<\/td>\n<\/tr>\n<tr>\n<td> Marque :<\/td>\n<td> Sinoextrud \/ Sinoextrud<\/td>\n<\/tr>\n<tr>\n<td> Mat\u00e9riau :<\/td>\n<td> S\u00e9rie 6000<\/td>\n<\/tr>\n<tr>\n<td> Temp\u00e9rer :<\/td>\n<td> T4-T6<\/td>\n<\/tr>\n<tr>\n<td> Longueur :<\/td>\n<td> Personnalisation<\/td>\n<\/tr>\n<tr>\n<td> Traitement de surface :<\/td>\n<td> Finition en usine, anodisation, rev\u00eatement PVDF, etc.<\/td>\n<\/tr>\n<tr>\n<td> Utilisation :<\/td>\n<td> Industrie, Architecture<\/td>\n<\/tr>\n<tr>\n<td> Couleur :<\/td>\n<td> Sur mesure<\/td>\n<\/tr>\n<tr>\n<td> Certification :<\/td>\n<td> ISO9001-2008, CE, BV, JIS, AS, NZS, QUALICOAT<\/td>\n<\/tr>\n<tr>\n<td> Fabrication :<\/td>\n<td> D\u00e9coupage, fraisage, per\u00e7age, poin\u00e7onnage, etc.<\/td>\n<\/tr>\n<tr>\n<td> De :<\/td>\n<td> Foshan, Guangdong, Chine<\/td>\n<\/tr>\n<\/tbody>\n<\/table>\n<h2>Notre base de production<\/h2>\n<h3>Panorama de l'usine<\/h3>\n<p><img decoding=\"async\" src=\"\/wp-content\/uploads\/factory-01.webp\"\/><\/p>\n<h3>Atelier de fabrication de barres d'aluminium<\/h3>\n<p><img decoding=\"async\" src=\"\/wp-content\/uploads\/factory-02.webp\"\/><\/p>\n<p><img decoding=\"async\" src=\"\/wp-content\/uploads\/factory-03.webp\"\/><\/p>\n<h3>Entrep\u00f4t de stockage des moules<\/h3>\n<p><img decoding=\"async\" src=\"\/wp-content\/uploads\/factory-04.webp\"\/><\/p>\n<h3>43 lignes d'extrusion d'aluminium (500-5500 tonnes)<\/h3>\n<p><img decoding=\"async\" src=\"\/wp-content\/uploads\/factory-05.webp\"\/><\/p>\n<p><img decoding=\"async\" src=\"\/wp-content\/uploads\/factory-06.webp\"\/><\/p>\n<p><img decoding=\"async\" src=\"\/wp-content\/uploads\/factory-07.webp\"\/><\/p>\n<h3>Atelier de peinture en poudre<\/h3>\n<p><img decoding=\"async\" src=\"\/wp-content\/uploads\/factory-09.webp\"\/><\/p>\n<h3>Atelier d'anodisation<\/h3>\n<p><img decoding=\"async\" src=\"\/wp-content\/uploads\/factory-10.webp\"\/><\/p>\n<h3>Atelier sur le traitement en profondeur<\/h3>\n<p><img decoding=\"async\" src=\"\/wp-content\/uploads\/factory-11.webp\"\/><\/p>\n<h3>Atelier d'usinage de pr\u00e9cision CNC<\/h3>\n<p><img decoding=\"async\" src=\"\/wp-content\/uploads\/factory-11.5.webp\"\/><\/p>\n<h3>Entrep\u00f4t de produits finis et d'exportation<\/h3>\n<p><img decoding=\"async\" src=\"\/wp-content\/uploads\/factory-12.webp\"\/><\/p>\n<p><img decoding=\"async\" src=\"\/wp-content\/uploads\/factory-13.webp\"\/><\/p>\n<p><img decoding=\"async\" src=\"\/wp-content\/uploads\/factory-14.webp\"\/><\/p>\n<h2>FAQ<\/h2>\n<p><p><b>1) Qu'est-ce qu'un profil\u00e9 en aluminium anodis\u00e9 dur ? <\/b><\/p>\n<p> Un profil\u00e9 en aluminium anodis\u00e9 dur est trait\u00e9 par un processus \u00e9lectrochimique pour produire une couche d'oxyde \u00e9paisse et durable qui am\u00e9liore la r\u00e9sistance \u00e0 l'usure et \u00e0 la corrosion.<br \/>\n<\/p><br \/>\n<br \/>\n<p><b>2. quels sont les avantages de l'anodisation dure des profil\u00e9s en aluminium ? <\/b><\/p>\n<p> L'anodisation dure am\u00e9liore la duret\u00e9 de la surface, la r\u00e9sistance \u00e0 la corrosion et l'isolation thermique, ce qui rend les profil\u00e9s adapt\u00e9s aux applications industrielles et \u00e0 fortes contraintes.<br \/>\n<\/p><br \/>\n<br \/>\n<p><b>3. O\u00f9 les profil\u00e9s en aluminium anodis\u00e9 dur sont-ils couramment utilis\u00e9s ? <\/b><\/p>\n<p> Ces profil\u00e9s sont largement utilis\u00e9s dans l'a\u00e9rospatiale, l'automobile, les machines et l'\u00e9lectronique en raison de leur r\u00e9sistance et de leur durabilit\u00e9.<br \/>\n<\/p><br \/>\n<br \/>\n<p><b>4. Comment l'anodisation dure affecte-t-elle la dur\u00e9e de vie du profil\u00e9 en aluminium ? <\/b><\/p>\n<p> La couche anodis\u00e9e dure augmente consid\u00e9rablement la r\u00e9sistance \u00e0 l'abrasion et \u00e0 la corrosion, prolongeant ainsi la dur\u00e9e de vie du profil\u00e9 en aluminium.<br \/>\n<\/p><br \/>\n<br \/>\n<p><b>5. Les profil\u00e9s en aluminium anodis\u00e9 dur peuvent-ils \u00eatre personnalis\u00e9s ? <\/b><\/p>\n<p> Oui, nous offrons une vari\u00e9t\u00e9 de formes, de tailles et de couleurs anodis\u00e9es pour r\u00e9pondre \u00e0 des besoins sp\u00e9cifiques en mati\u00e8re de design et de fonctionnalit\u00e9.<br \/>\n<\/p><br \/>\n<br \/>\n<p><b>6. l'aluminium anodis\u00e9 dur est-il conducteur ? <\/b><\/p>\n<p> Non, la surface anodis\u00e9e n'est pas conductrice, ce qui renforce l'isolation \u00e9lectrique dans les environnements sensibles.<br \/>\n<\/p><br \/>\n<br \/>\n<p><b>7.Quelle est l'\u00e9paisseur de la couche anodis\u00e9e sur un profil\u00e9 anodis\u00e9 dur ? <\/b><\/p>\n<p> La couche anodis\u00e9e varie g\u00e9n\u00e9ralement de 25 \u00e0 100 microns, en fonction des exigences de l'application et des besoins de performance.<br \/>\n<\/p><br \/><\/p>","protected":false},"featured_media":7991,"template":"","categories":[54],"class_list":["post-7992","product","type-product","status-publish","has-post-thumbnail","hentry","category-industrial-aluminum-profiles"],"meta_box":{"hilight_text_group":{"product_hilight_text":"<li>Hard anodized surface provides superior wear and corrosion resistance.<\/li>\r\r\n<li>Enhanced surface hardness increases durability in demanding environments.<\/li>\r\r\n<li>Ideal for industrial, aerospace, and high-precision applications.<\/li>\r\r\n<li>Improved thermal and electrical insulation properties.<\/li>\r\r\n<li>Uniform anodized coating ensures consistent quality and appearance.<\/li>\r\r\n<li>Custom profiles available to meet specific project requirements.<\/li>\r\r\n<li>Low maintenance surface reduces long-term operating costs.<\/li>","product_chanpin_blog":"<ul>\r\r\n<li><a href=\"https:\/\/sinoextrud.com\/t-slot-v-slot-differences\/\" target=\"_blank\">t slot vs v slot<\/a><\/li>\r\r\n<li><a href=\"https:\/\/sinoextrud.com\/what-is-4040-aluminium-extrud\/\" target=\"_blank\">4040 aluminium extrusion<\/a><\/li>\r\r\n<li><a href=\"https:\/\/sinoextrud.com\/what-is-4040-aluminium-extrud\/\" target=\"_blank\">aluminum extrusions for industrial racks<\/a><\/li>\r\r\n<li><a href=\"https:\/\/sinoextrud.com\/powder-coating-aluminium-process\/\" target=\"_blank\">powder coating aluminium<\/a><\/li>\r\r\n<li><a href=\"https:\/\/sinoextrud.com\/what-is-an-aluminium-strip-ceiling\/\" target=\"_blank\">aluminium strip ceiling<\/a><\/li>\r\r\n<li><a href=\"https:\/\/sinoextrud.com\/what-is-a-heat-sink\/\" target=\"_blank\">what is a heat sink<\/a><\/li>\r\r\n<\/ul>","product_chanpin_chanpin":"<li><a href=\"https:\/\/sinoextrud.com\/product\/anodized-matt-and-various-color-extruded-construction-aluminium-profile\/\" target=\"_blank\">Anodized Matt And Various Color Extruded Construction Aluminium Profile<\/a><\/li>\r\n<li><a href=\"https:\/\/sinoextrud.com\/product\/black-extruded-aluminum-heat-sink-profiles\/\" target=\"_blank\">Black Extruded Aluminum Heat Sink Profiles<\/a><\/li>\r\n<li><a href=\"https:\/\/sinoextrud.com\/product\/cnc-machined-6063-heavy-duty-industrial-part\/\" target=\"_blank\">CNC Machined 6063 Heavy-duty Industrial Part<\/a><\/li>\r\n<li><a href=\"https:\/\/sinoextrud.com\/product\/extrusion-led-aluminum-channel\/\" target=\"_blank\">Extrusion Led Aluminum Channel<\/a><\/li>\r\n<li><a href=\"https:\/\/sinoextrud.com\/product\/hard-anodized-aluminum-profile\/\" target=\"_blank\">Hard Anodized Aluminum Profile<\/a><\/li>\r\n<li><a href=\"https:\/\/sinoextrud.com\/product\/cutting-extruded-aluminum-for-led\/\" target=\"_blank\">Cutting Extruded Aluminum For LED<\/a><\/li>\r\n<li><a href=\"https:\/\/sinoextrud.com\/product\/custom-decorative-hollow-alloy-rectangular-square-aluminum-tube-sizes\/\" target=\"_blank\">Custom Decorative Hollow Alloy Rectangular Square Aluminum Tube Sizes<\/a><\/li>\r\n<li><a href=\"https:\/\/sinoextrud.com\/product\/custom-extra-large-industrial-equipment-aluminum-profile\/\" target=\"_blank\">Custom Extra Large Industrial Equipment Aluminum Profile<\/a><\/li>\r\n<li><a href=\"https:\/\/sinoextrud.com\/product\/custom-extruded-aluminum-shapes-sunflower-heat-sink\/\" target=\"_blank\">Custom Extruded Aluminum Shapes Sunflower Heat Sink<\/a><\/li>\r\n<li><a href=\"https:\/\/sinoextrud.com\/product\/large-diameter-aluminum-pipe-for-sale\/\" target=\"_blank\">Large Diameter Aluminum Pipe For Sale<\/a><\/li>\r\n<li><a href=\"https:\/\/sinoextrud.com\/product\/aluminium-structural-framing\/\" target=\"_blank\">Aluminium Structural Framing<\/a><\/li>"},"feature_list":[]},"_links":{"self":[{"href":"https:\/\/sinoextrud.com\/fr\/wp-json\/wp\/v2\/product\/7992","targetHints":{"allow":["GET"]}}],"collection":[{"href":"https:\/\/sinoextrud.com\/fr\/wp-json\/wp\/v2\/product"}],"about":[{"href":"https:\/\/sinoextrud.com\/fr\/wp-json\/wp\/v2\/types\/product"}],"wp:featuredmedia":[{"embeddable":true,"href":"https:\/\/sinoextrud.com\/fr\/wp-json\/wp\/v2\/media\/7991"}],"wp:attachment":[{"href":"https:\/\/sinoextrud.com\/fr\/wp-json\/wp\/v2\/media?parent=7992"}],"wp:term":[{"taxonomy":"category","embeddable":true,"href":"https:\/\/sinoextrud.com\/fr\/wp-json\/wp\/v2\/categories?post=7992"}],"curies":[{"name":"wp","href":"https:\/\/api.w.org\/{rel}","templated":true}]}}