{"id":7982,"date":"2025-06-12T02:12:47","date_gmt":"2025-06-12T02:12:47","guid":{"rendered":"https:\/\/sinoextrud.com\/product\/aluminum-z-section-extrusions\/"},"modified":"2025-06-24T06:22:42","modified_gmt":"2025-06-24T06:22:42","slug":"profiles-daluminium-en-z","status":"publish","type":"product","link":"https:\/\/sinoextrud.com\/fr\/product\/aluminum-z-section-extrusions\/","title":{"rendered":"Extrusions de profil\u00e9s en Z en aluminium"},"content":{"rendered":"<h2>D\u00e9tails des produits<\/h2>\n<table class=\"custom-table\">\n<tbody>\n<tr>\n<td> Nom<\/td>\n<td> Profil\u00e9s en aluminium en Z<\/td>\n<\/tr>\n<tr>\n<td> Marque<\/td>\n<td> Sinoextrud\/<\/td>\n<\/tr>\n<tr>\n<td> Cat\u00e9gorie<\/td>\n<td> Profil\u00e9 en aluminium<\/td>\n<\/tr>\n<tr>\n<td> Mat\u00e9riau<\/td>\n<td> Alliage d'aluminium (6063, 6061, 6463, 6005, 6082)<\/td>\n<\/tr>\n<tr>\n<td> Temp\u00e9rer<\/td>\n<td> T5-T8<\/td>\n<\/tr>\n<tr>\n<td> Longueur<\/td>\n<td> La longueur est comprise entre 1 et 9 m\u00e8tres ou \u00e0 la demande du client.<\/td>\n<\/tr>\n<tr>\n<td> Taille (mm)<\/td>\n<td> Sur mesure<\/td>\n<\/tr>\n<tr>\n<td> Forme<\/td>\n<td> Forme Z ou selon le dessin<\/td>\n<\/tr>\n<tr>\n<td> Traitement de surface<\/td>\n<td> Rev\u00eatement \u00e9lectrique ; finition en usine, anodisation, sablage, \u00e9lectrophor\u00e8se \u00e9galement disponible.<\/td>\n<\/tr>\n<tr>\n<td> Couleur<\/td>\n<td> Argent, noir, or, champagne, bronze, rouge, bleu et nous pouvons personnaliser les couleurs sur la base des \u00e9chantillons des clients.<\/td>\n<\/tr>\n<tr>\n<td> Garantie<\/td>\n<td> BV , TUV ,ISO<\/td>\n<\/tr>\n<tr>\n<td> Standard<\/td>\n<td> Qualit\u00e9 moyenne et \u00e9lev\u00e9e<\/td>\n<\/tr>\n<tr>\n<td> MOQ<\/td>\n<td> 200KGS pour chaque article<\/td>\n<\/tr>\n<tr>\n<td> De<\/td>\n<td> Guangdong, Chine<\/td>\n<\/tr>\n<tr>\n<td> Application<\/td>\n<td> Industrie, b\u00e2timent, d\u00e9coration<\/td>\n<\/tr>\n<tr>\n<td> Traitement en profondeur<\/td>\n<td> D\u00e9coupage, per\u00e7age, usinage, poin\u00e7onnage, pliage, taraudage, etc.<\/td>\n<\/tr>\n<tr>\n<td> Paquet<\/td>\n<td> Int\u00e9rieur avec film protecteur, plastique r\u00e9tractable ou mousse PE. Ext\u00e9rieur : bo\u00eete, carton, cadre en bois ou personnalisation.<\/td>\n<\/tr>\n<tr>\n<td> D\u00e9lai de livraison<\/td>\n<td> La mise au point du moule et la conformation de l'\u00e9chantillon prennent 12 \u00e0 18 jours, puis la production prend 25 \u00e0 30 jours apr\u00e8s r\u00e9ception de l'acompte de l'acheteur.<\/td>\n<\/tr>\n<tr>\n<td> Capacit\u00e9 du produit<\/td>\n<td> 15 000+ tonnes \/ mois<\/td>\n<\/tr>\n<\/tbody>\n<\/table>\n<h2>Notre base de production<\/h2>\n<h3>Panorama de l'usine<\/h3>\n<p><img decoding=\"async\" src=\"\/wp-content\/uploads\/factory-01.webp\"\/><\/p>\n<h3>Atelier de fabrication de barres d'aluminium<\/h3>\n<p><img decoding=\"async\" src=\"\/wp-content\/uploads\/factory-02.webp\"\/><\/p>\n<p><img decoding=\"async\" src=\"\/wp-content\/uploads\/factory-03.webp\"\/><\/p>\n<h3>Entrep\u00f4t de stockage des moules<\/h3>\n<p><img decoding=\"async\" src=\"\/wp-content\/uploads\/factory-04.webp\"\/><\/p>\n<h3>43 lignes d'extrusion d'aluminium (500 \u00e0 5500 tonnes)<\/h3>\n<p><img decoding=\"async\" src=\"\/wp-content\/uploads\/factory-05.webp\"\/><\/p>\n<p><img decoding=\"async\" src=\"\/wp-content\/uploads\/factory-06.webp\"\/><\/p>\n<p><img decoding=\"async\" src=\"\/wp-content\/uploads\/factory-07.webp\"\/><\/p>\n<h3>Atelier de peinture en poudre<\/h3>\n<p><img decoding=\"async\" src=\"\/wp-content\/uploads\/factory-09.webp\"\/><\/p>\n<h3>Atelier d'anodisation<\/h3>\n<p><img decoding=\"async\" src=\"\/wp-content\/uploads\/factory-10.webp\"\/><\/p>\n<h3>Atelier sur le traitement en profondeur<\/h3>\n<p><img decoding=\"async\" src=\"\/wp-content\/uploads\/factory-11.webp\"\/><\/p>\n<h3>Atelier d'usinage de pr\u00e9cision CNC<\/h3>\n<p><img decoding=\"async\" src=\"\/wp-content\/uploads\/factory-11.5.webp\"\/><\/p>\n<h3>Entrep\u00f4t de produits finis et d'exportation<\/h3>\n<p><img decoding=\"async\" src=\"\/wp-content\/uploads\/factory-12.webp\"\/><\/p>\n<p><img decoding=\"async\" src=\"\/wp-content\/uploads\/factory-13.webp\"\/><\/p>\n<p><img decoding=\"async\" src=\"\/wp-content\/uploads\/factory-14.webp\"\/><\/p>\n<h2>FAQ<\/h2>\n<p><p><b>1. \u00e0 quoi servent les profil\u00e9s aluminium en Z ? <\/b><\/p>\n<p> Les profil\u00e9s en Z en aluminium sont utilis\u00e9s pour le soutien structurel dans la charpente, la construction, les machines et d'autres applications n\u00e9cessitant r\u00e9sistance et stabilit\u00e9.<br \/>\n<\/p><br \/>\n<br \/>\n<p><b>2. pourquoi choisir l'aluminium pour les profil\u00e9s en Z ? <\/b><\/p>\n<p> L'aluminium est l\u00e9ger, solide et r\u00e9sistant \u00e0 la corrosion, ce qui le rend id\u00e9al pour les composants structurels qui doivent fonctionner correctement au fil du temps dans divers environnements.<br \/>\n<\/p><br \/>\n<br \/>\n<p><b>3. Les profil\u00e9s aluminium en Z peuvent-ils \u00eatre personnalis\u00e9s ? <\/b><\/p>\n<p> Oui, nous proposons des tailles, des profils et des finitions sur mesure pour r\u00e9pondre aux exigences sp\u00e9cifiques de votre projet.<br \/>\n<\/p><br \/>\n<br \/>\n<p><b>4. ces extrusions peuvent-elles \u00eatre utilis\u00e9es \u00e0 l'ext\u00e9rieur ? <\/b><\/p>\n<p> Les propri\u00e9t\u00e9s de r\u00e9sistance \u00e0 la corrosion de l'aluminium font des profil\u00e9s en Z des produits id\u00e9aux pour une utilisation en ext\u00e9rieur, m\u00eame dans des conditions difficiles.<br \/>\n<\/p><br \/>\n<br \/>\n<p><b>5. Quels sont les avantages de la forme en Z pour les applications structurelles ? <\/b><\/p>\n<p> La section en Z offre une rigidit\u00e9 et une r\u00e9sistance accrues, ce qui la rend id\u00e9ale pour les structures porteuses, les cadres et les supports.<br \/>\n<\/p><br \/>\n<br \/>\n<p><b>6) Quelles sont les industries qui utilisent le plus souvent des profil\u00e9s en Z en aluminium ? <\/b><\/p>\n<p> Ces extrusions sont couramment utilis\u00e9es dans les secteurs de la construction, de l'automobile, des t\u00e9l\u00e9communications et de l'industrie, o\u00f9 des mat\u00e9riaux \u00e0 la fois l\u00e9gers et r\u00e9sistants sont n\u00e9cessaires.<br \/>\n<\/p><br \/>\n<br \/>\n<p><b>7. ces extrusions peuvent-elles \u00eatre facilement int\u00e9gr\u00e9es \u00e0 d'autres mat\u00e9riaux ? <\/b><\/p>\n<p> Oui, les profil\u00e9s en Z en aluminium peuvent \u00eatre facilement int\u00e9gr\u00e9s \u00e0 d'autres mat\u00e9riaux tels que le verre, l'acier ou le plastique pour cr\u00e9er des structures et des syst\u00e8mes sur mesure.<br \/>\n<\/p><br \/><\/p>","protected":false},"featured_media":7981,"template":"","categories":[54],"class_list":["post-7982","product","type-product","status-publish","has-post-thumbnail","hentry","category-industrial-aluminum-profiles"],"meta_box":{"hilight_text_group":{"product_hilight_text":"<li>Aluminum Z-section extrusions offer excellent structural support for various applications.<\/li>\r\r\n<li>Lightweight yet strong, making them ideal for use in framing, support beams, and construction projects.<\/li>\r\r\n<li>Corrosion-resistant, providing durability in outdoor and industrial environments.<\/li>\r\r\n<li>Customizable sizes and profiles to meet specific design and engineering needs.<\/li>\r\r\n<li>Efficient heat dissipation, ideal for electrical and mechanical systems.<\/li>\r\r\n<li>Easy to machine, weld, and integrate with other components for custom solutions.<\/li>\r\r\n<li>Cost-effective, reducing material and shipping costs for large-scale industrial applications.<\/li>","product_chanpin_blog":"<ul>\r\r\n<li><a href=\"https:\/\/sinoextrud.com\/t-slot-v-slot-differences\/\" target=\"_blank\">t slot vs v slot<\/a><\/li>\r\r\n<li><a href=\"https:\/\/sinoextrud.com\/what-is-4040-aluminium-extrud\/\" target=\"_blank\">4040 aluminium extrusion<\/a><\/li>\r\r\n<li><a href=\"https:\/\/sinoextrud.com\/what-is-4040-aluminium-extrud\/\" target=\"_blank\">aluminum extrusions for industrial racks<\/a><\/li>\r\r\n<li><a href=\"https:\/\/sinoextrud.com\/powder-coating-aluminium-process\/\" target=\"_blank\">powder coating aluminium<\/a><\/li>\r\r\n<li><a href=\"https:\/\/sinoextrud.com\/what-is-an-aluminium-strip-ceiling\/\" target=\"_blank\">aluminium strip ceiling<\/a><\/li>\r\r\n<li><a href=\"https:\/\/sinoextrud.com\/what-is-a-heat-sink\/\" target=\"_blank\">what is a heat sink<\/a><\/li>\r\r\n<\/ul>","product_chanpin_chanpin":"<li><a href=\"https:\/\/sinoextrud.com\/product\/aluminum-profiles-led-strip-lighting\/\" target=\"_blank\">Aluminum Profiles Led Strip Lighting<\/a><\/li>\r\n<li><a href=\"https:\/\/sinoextrud.com\/product\/aluminum-shutter-profile\/\" target=\"_blank\">Aluminum Shutter Profile<\/a><\/li>\r\n<li><a href=\"https:\/\/sinoextrud.com\/product\/aluminum-wall-washer-aluminum-heat-sink-profiles-wit\/\" target=\"_blank\">Aluminum Wall Washer Aluminum Heat Sink Profiles Wit<\/a><\/li>\r\n<li><a href=\"https:\/\/sinoextrud.com\/product\/aluminum-wood-grain-handrail\/\" target=\"_blank\">Aluminum Wood Grain Handrail<\/a><\/li>\r\n<li><a href=\"https:\/\/sinoextrud.com\/product\/aluminum-z-section-extrusions\/\" target=\"_blank\">Aluminum Z Section Extrusions<\/a><\/li>\r\n<li><a href=\"https:\/\/sinoextrud.com\/product\/anodized-matt-and-various-color-extruded-construction-aluminium-profile\/\" target=\"_blank\">Anodized Matt And Various Color Extruded Construction Aluminium Profile<\/a><\/li>\r\n<li><a href=\"https:\/\/sinoextrud.com\/product\/black-extruded-aluminum-heat-sink-profiles\/\" target=\"_blank\">Black Extruded Aluminum Heat Sink Profiles<\/a><\/li>\r\n<li><a href=\"https:\/\/sinoextrud.com\/product\/cnc-machined-6063-heavy-duty-industrial-part\/\" target=\"_blank\">CNC Machined 6063 Heavy-duty Industrial Part<\/a><\/li>\r\n<li><a href=\"https:\/\/sinoextrud.com\/product\/extrusion-led-aluminum-channel\/\" target=\"_blank\">Extrusion Led Aluminum Channel<\/a><\/li>\r\n<li><a href=\"https:\/\/sinoextrud.com\/product\/aluminum-rail-profile-precision\/\" target=\"_blank\">Aluminum Rail Profile Precision<\/a><\/li>\r\n<li><a href=\"https:\/\/sinoextrud.com\/product\/aluminum-extrusion-7003-7005-7020\/\" target=\"_blank\">Aluminum Extrusion 7003 7005 7020 High Hardness Anodized Aluminum Profile<\/a><\/li>"},"feature_list":[]},"_links":{"self":[{"href":"https:\/\/sinoextrud.com\/fr\/wp-json\/wp\/v2\/product\/7982","targetHints":{"allow":["GET"]}}],"collection":[{"href":"https:\/\/sinoextrud.com\/fr\/wp-json\/wp\/v2\/product"}],"about":[{"href":"https:\/\/sinoextrud.com\/fr\/wp-json\/wp\/v2\/types\/product"}],"wp:featuredmedia":[{"embeddable":true,"href":"https:\/\/sinoextrud.com\/fr\/wp-json\/wp\/v2\/media\/7981"}],"wp:attachment":[{"href":"https:\/\/sinoextrud.com\/fr\/wp-json\/wp\/v2\/media?parent=7982"}],"wp:term":[{"taxonomy":"category","embeddable":true,"href":"https:\/\/sinoextrud.com\/fr\/wp-json\/wp\/v2\/categories?post=7982"}],"curies":[{"name":"wp","href":"https:\/\/api.w.org\/{rel}","templated":true}]}}