{"id":7972,"date":"2025-06-12T02:02:55","date_gmt":"2025-06-12T02:02:55","guid":{"rendered":"https:\/\/sinoextrud.com\/product\/aluminum-profile-t-slot\/"},"modified":"2025-06-24T06:14:54","modified_gmt":"2025-06-24T06:14:54","slug":"profile-aluminium-rainure-en-t","status":"publish","type":"product","link":"https:\/\/sinoextrud.com\/fr\/product\/aluminum-profile-t-slot\/","title":{"rendered":"Profil\u00e9 aluminium rainure en T"},"content":{"rendered":"<h2>D\u00e9tails des produits<\/h2>\n<table class=\"custom-table\">\n<tbody>\n<tr>\n<td> Nom du produit<\/td>\n<td>Profil\u00e9 d'aluminium 8080 \u00e0 rainure en T Syst\u00e8mes d'encadrement modulaires en aluminium<\/td>\n<\/tr>\n<tr>\n<td> Mat\u00e9riau<\/td>\n<td> Alliage d'aluminium 6063-T5<\/td>\n<\/tr>\n<tr>\n<td> Largeur de la fente<\/td>\n<td> 80 mm avec rainure en T de 8 mm<\/td>\n<\/tr>\n<tr>\n<td> Longueur<\/td>\n<td> 1-9m ou taille de coupe selon vos besoins<\/td>\n<\/tr>\n<tr>\n<td> S\u00e9rie<\/td>\n<td> S\u00e9rie 80<\/td>\n<\/tr>\n<tr>\n<td> Accessoires<\/td>\n<td> Disponible<\/td>\n<\/tr>\n<tr>\n<td> Traitement de surface<\/td>\n<td> Finition en usine \/ anodisation \/ rev\u00eatement par poudre \/ \u00e9lectrophor\u00e8se \/ grain de bois \/ polissage \/ brossage, etc.<\/td>\n<\/tr>\n<tr>\n<td> Traitement en profondeur<\/td>\n<td> CNC \/ D\u00e9coupage \/ Poin\u00e7onnage \/ V\u00e9rification \/ Taraudage \/ Per\u00e7age \/ Fraisage<\/td>\n<\/tr>\n<tr>\n<td> Couleur<\/td>\n<td> Argent \/ Champagne \/ Bronze \/ Dor\u00e9 \/ Noir \/ Sable \/ Anodis\u00e9 Acide \/ Alcali ou Personnalis\u00e9<\/td>\n<\/tr>\n<\/tbody>\n<\/table>\n<h2>Notre base de production<\/h2>\n<h3>Panorama de l'usine<\/h3>\n<p><img decoding=\"async\" src=\"\/wp-content\/uploads\/factory-01.webp\"\/><\/p>\n<h3>Atelier de fabrication de barres d'aluminium<\/h3>\n<p><img decoding=\"async\" src=\"\/wp-content\/uploads\/factory-02.webp\"\/><\/p>\n<\/p>\n<p><img decoding=\"async\" src=\"\/wp-content\/uploads\/factory-03.webp\"\/><\/p>\n<h3>Entrep\u00f4t de stockage des moules<\/h3>\n<p><img decoding=\"async\" src=\"\/wp-content\/uploads\/factory-04.webp\"\/><\/p>\n<h3>43 lignes d'extrusion d'aluminium (500 \u00e0 5500 tonnes)<\/h3>\n<p><img decoding=\"async\" src=\"\/wp-content\/uploads\/factory-05.webp\"\/><\/p>\n<p><img decoding=\"async\" src=\"\/wp-content\/uploads\/factory-06.webp\"\/><\/p>\n<p><img decoding=\"async\" src=\"\/wp-content\/uploads\/factory-07.webp\"\/><\/p>\n<h3>Atelier de peinture en poudre<\/h3>\n<p><img decoding=\"async\" src=\"\/wp-content\/uploads\/factory-09.webp\"\/><\/p>\n<h3>Atelier d'anodisation<\/h3>\n<p><img decoding=\"async\" src=\"\/wp-content\/uploads\/factory-10.webp\"\/><\/p>\n<h3>Atelier sur le traitement en profondeur<\/h3>\n<p><img decoding=\"async\" src=\"\/wp-content\/uploads\/factory-11.webp\"\/><\/p>\n<h3>Atelier d'usinage de pr\u00e9cision CNC<\/h3>\n<p><img decoding=\"async\" src=\"\/wp-content\/uploads\/factory-11.5.webp\"\/><\/p>\n<h3>Entrep\u00f4t de produits finis et d'exportation<\/h3>\n<p><img decoding=\"async\" src=\"\/wp-content\/uploads\/factory-12.webp\"\/><\/p>\n<p><img decoding=\"async\" src=\"\/wp-content\/uploads\/factory-13.webp\"\/><\/p>\n<p><img decoding=\"async\" src=\"\/wp-content\/uploads\/factory-14.webp\"\/><\/p>\n<h2>FAQ<\/h2>\n<p><b>1. \u00e0 quoi sert un syst\u00e8me de rainures en T pour profil\u00e9s en aluminium ? <\/b><\/p>\n<p>Les syst\u00e8mes de rainures en T pour profil\u00e9s d'aluminium sont utilis\u00e9s pour construire des structures modulaires telles que des cadres, des postes de travail et des enceintes dans diverses applications industrielles et commerciales.\n<\/p>\n<p><\/p>\n<p><b>2) Pourquoi l'aluminium est-il pr\u00e9f\u00e9r\u00e9 pour les profil\u00e9s \u00e0 rainure en T ? <\/b><\/p>\n<p>L'aluminium est l\u00e9ger, durable, r\u00e9sistant \u00e0 la corrosion et facile \u00e0 travailler, ce qui le rend id\u00e9al pour les profil\u00e9s \u00e0 rainure en T utilis\u00e9s dans des projets flexibles et personnalisables.\n<\/p>\n<p><\/p>\n<p><b>3. En quoi la conception de la rainure en T est-elle avantageuse pour l'assemblage ? <\/b><\/p>\n<p>La conception des rainures en T permet un assemblage et un d\u00e9sassemblage faciles et pr\u00e9cis des structures, offrant une flexibilit\u00e9 pour la personnalisation et des modifications rapides en cas de besoin.\n<\/p>\n<p><\/p>\n<p><b>4. Le syst\u00e8me de rainures en T pour profil\u00e9s en aluminium peut-il \u00eatre personnalis\u00e9 ? <\/b><\/p>\n<p>Oui, les syst\u00e8mes de rainures en T pour profil\u00e9s aluminium peuvent \u00eatre personnalis\u00e9s en termes de taille, de forme et de conception pour r\u00e9pondre aux besoins sp\u00e9cifiques de diff\u00e9rents projets et industries.\n<\/p>\n<p><\/p>\n<p><b>5. le syst\u00e8me de rainures en T du profil\u00e9 d'aluminium r\u00e9siste-t-il \u00e0 la corrosion ? <\/b><\/p>\n<p>En effet, les profil\u00e9s en aluminium sont tr\u00e8s r\u00e9sistants \u00e0 la corrosion, ce qui leur permet de fonctionner dans diff\u00e9rents environnements, tant \u00e0 l'int\u00e9rieur qu'\u00e0 l'ext\u00e9rieur.\n<\/p>\n<p><\/p>\n<p><b>6. Comment les profil\u00e9s \u00e0 rainure en T r\u00e9duisent-ils le temps d'installation et les co\u00fbts de main-d'\u0153uvre ? <\/b><\/p>\n<p>Les profil\u00e9s \u00e0 rainure en T sont con\u00e7us pour un assemblage rapide avec un minimum d'outils, ce qui r\u00e9duit le temps d'installation et les co\u00fbts de main-d'\u0153uvre par rapport aux m\u00e9thodes de construction traditionnelles.\n<\/p>\n<p><\/p>\n<p><b>7. Quelles sont les industries qui b\u00e9n\u00e9ficient des syst\u00e8mes de rainures en T pour profil\u00e9s en aluminium ? <\/b><\/p>\n<p>Les industries telles que la fabrication, l'automatisation, la construction et la robotique b\u00e9n\u00e9ficient de la polyvalence, de la durabilit\u00e9 et de la facilit\u00e9 de personnalisation des syst\u00e8mes de rainures en T pour profil\u00e9s en aluminium.\n<\/p>\n<p><\/p>","protected":false},"featured_media":7971,"template":"","categories":[54],"class_list":["post-7972","product","type-product","status-publish","has-post-thumbnail","hentry","category-industrial-aluminum-profiles"],"meta_box":{"hilight_text_group":{"product_hilight_text":"<ul>\r\r\n  <li>Aluminum profile T-slot system offers flexibility for building modular, customizable structures in industrial and commercial applications.<\/li>\r\r\n  <li>Lightweight yet durable, providing an excellent strength-to-weight ratio for easy handling and assembly.<\/li>\r\r\n  <li>Corrosion-resistant, ensuring long-term reliability and performance in various environments.<\/li>\r\r\n  <li>Precision-engineered T-slot design for easy assembly and disassembly, reducing labor costs and installation time.<\/li>\r\r\n  <li>Compatible with a wide range of accessories, making it versatile for different projects and applications.<\/li>\r\r\n  <li>Cost-effective and eco-friendly, aluminum profiles are fully recyclable, supporting sustainability efforts.<\/li>\r\r\n  <li>Ideal for creating frames, workstations, enclosures, and more, providing a solution for diverse industrial needs.<\/li>\r\r\n<\/ul>","product_chanpin_blog":"<ul>\r\r\n<li><a href=\"https:\/\/sinoextrud.com\/t-slot-v-slot-differences\/\" target=\"_blank\">t slot vs v slot<\/a><\/li>\r\r\n<li><a href=\"https:\/\/sinoextrud.com\/what-is-4040-aluminium-extrud\/\" target=\"_blank\">4040 aluminium extrusion<\/a><\/li>\r\r\n<li><a href=\"https:\/\/sinoextrud.com\/what-is-4040-aluminium-extrud\/\" target=\"_blank\">aluminum extrusions for industrial racks<\/a><\/li>\r\r\n<li><a href=\"https:\/\/sinoextrud.com\/powder-coating-aluminium-process\/\" target=\"_blank\">powder coating aluminium<\/a><\/li>\r\r\n<li><a href=\"https:\/\/sinoextrud.com\/what-is-an-aluminium-strip-ceiling\/\" target=\"_blank\">aluminium strip ceiling<\/a><\/li>\r\r\n<li><a href=\"https:\/\/sinoextrud.com\/what-is-a-heat-sink\/\" target=\"_blank\">what is a heat sink<\/a><\/li>\r\r\n<\/ul>","product_chanpin_chanpin":"<li><a href=\"https:\/\/sinoextrud.com\/product\/aluminum-profile-solar-panel-structure\/\" target=\"_blank\">Aluminum Profile Solar Panel Structure<\/a><\/li>\r\n<li><a href=\"https:\/\/sinoextrud.com\/product\/aluminum-profile-solar\/\" target=\"_blank\">Aluminum Profile Solar<\/a><\/li>\r\n<li><a href=\"https:\/\/sinoextrud.com\/product\/aluminum-profile-system\/\" target=\"_blank\">Aluminum Profile System<\/a><\/li>\r\n<li><a href=\"https:\/\/sinoextrud.com\/product\/aluminum-profile-t-slot-led-frame\/\" target=\"_blank\">Aluminum Profile T Slot Led Frame<\/a><\/li>\r\n<li><a href=\"https:\/\/sinoextrud.com\/product\/aluminum-profile-t-slot\/\" target=\"_blank\">Aluminum Profile T Slot<\/a><\/li>\r\n<li><a href=\"https:\/\/sinoextrud.com\/product\/aluminum-profiles-led-strip-lighting\/\" target=\"_blank\">Aluminum Profiles Led Strip Lighting<\/a><\/li>\r\n<li><a href=\"https:\/\/sinoextrud.com\/product\/aluminum-shutter-profile\/\" target=\"_blank\">Aluminum Shutter Profile<\/a><\/li>\r\n<li><a href=\"https:\/\/sinoextrud.com\/product\/aluminum-wall-washer-aluminum-heat-sink-profiles-wit\/\" target=\"_blank\">Aluminum Wall Washer Aluminum Heat Sink Profiles Wit<\/a><\/li>\r\n<li><a href=\"https:\/\/sinoextrud.com\/product\/aluminum-wood-grain-handrail\/\" target=\"_blank\">Aluminum Wood Grain Handrail<\/a><\/li>\r\n<li><a href=\"https:\/\/sinoextrud.com\/product\/t-slot-extruded-aluminum-framing-systems\/\" target=\"_blank\">T Slot Extruded Aluminum Framing Systems<\/a><\/li>\r\n<li><a href=\"https:\/\/sinoextrud.com\/product\/aluminium-profile-for-shower-room\/\" target=\"_blank\">Aluminium Profile For Shower Room<\/a><\/li>"},"feature_list":[]},"_links":{"self":[{"href":"https:\/\/sinoextrud.com\/fr\/wp-json\/wp\/v2\/product\/7972","targetHints":{"allow":["GET"]}}],"collection":[{"href":"https:\/\/sinoextrud.com\/fr\/wp-json\/wp\/v2\/product"}],"about":[{"href":"https:\/\/sinoextrud.com\/fr\/wp-json\/wp\/v2\/types\/product"}],"wp:featuredmedia":[{"embeddable":true,"href":"https:\/\/sinoextrud.com\/fr\/wp-json\/wp\/v2\/media\/7971"}],"wp:attachment":[{"href":"https:\/\/sinoextrud.com\/fr\/wp-json\/wp\/v2\/media?parent=7972"}],"wp:term":[{"taxonomy":"category","embeddable":true,"href":"https:\/\/sinoextrud.com\/fr\/wp-json\/wp\/v2\/categories?post=7972"}],"curies":[{"name":"wp","href":"https:\/\/api.w.org\/{rel}","templated":true}]}}