{"id":7968,"date":"2025-06-12T01:59:30","date_gmt":"2025-06-12T01:59:30","guid":{"rendered":"https:\/\/sinoextrud.com\/product\/aluminum-profile-system\/"},"modified":"2025-06-24T06:14:53","modified_gmt":"2025-06-24T06:14:53","slug":"systeme-de-profiles-en-aluminium","status":"publish","type":"product","link":"https:\/\/sinoextrud.com\/fr\/product\/aluminum-profile-system\/","title":{"rendered":"Syst\u00e8me de profil\u00e9s en aluminium"},"content":{"rendered":"<h2>D\u00e9tails des produits<\/h2>\n<table class=\"custom-table\">\n<tr>\n<td class=\"label\">1. Mat\u00e9riau<\/td>\n<td>Alliage d'aluminium ; 6063, 6061, 6005, T5, T6,<\/td>\n<\/tr>\n<tr>\n<td class=\"label\">2. Formes de section<\/td>\n<td>I, U, T, C, Z, L, H, carr\u00e9, rond, plat, creux, rainure en T et autres formes compliqu\u00e9es sur mesure.<\/td>\n<\/tr>\n<tr>\n<td class=\"label\">3. Traitement de surface<\/td>\n<td>Broyage\/Anodisation (oxydation)\/Poudrage<\/td>\n<\/tr>\n<tr>\n<td class=\"label\">4. Application<\/td>\n<td>1) - pour les cadres de panneaux solaires, les supports de montage solaire \/ de toiture<br \/>\n2) - pour l'\u00e9quipement des cha\u00eenes de montage de l'industrie.<br \/>\n3) - pour les dissipateurs thermiques<br \/>\n4) - pour l'\u00e9clairage LED<br \/>\n5)- autres tailles et dimensions sur mesure<\/td>\n<\/tr>\n<tr>\n<td class=\"label\">5. Lignes de production<\/td>\n<td>1) 43 ensembles de lignes de production d'extrusion (de 500 tonnes \u00e0 5500 tonnes et r\u00e9pondant aux diff\u00e9rentes demandes des clients)<br \/>\n2) 10 lignes de production d'anodisation<br \/>\n3) 2 lignes de production de rev\u00eatement en poudre<br \/>\n4) 1 ensemble de lignes de production de grains de bois<br \/>\n5) 4 ensembles de machines de d\u00e9coupe de pr\u00e9cision<br \/>\n6) 5 ensembles de machines \u00e0 commande num\u00e9rique<br \/>\n7) 5 jeux de taraudeuses et 3 jeux de fraiseuses<\/td>\n<\/tr>\n<tr>\n<td class=\"label\">6. Services caract\u00e9ristiques<\/td>\n<td>1). Service OEM.<br \/>\n2). Conception selon les exigences des clients.<br \/>\n3). plus de 10 ans d'exp\u00e9rience professionnelle dans la recherche, la fabrication<br \/>\n4). Notre centre moderne de traitement en profondeur peut fournir des services d'usinage tels que le d\u00e9coupage, le poin\u00e7onnage, le per\u00e7age, etc.<\/td>\n<\/tr>\n<tr>\n<td class=\"label\">7. Contr\u00f4le de la qualit\u00e9<\/td>\n<td>Nous appliquons le syst\u00e8me de contr\u00f4le de la qualit\u00e9 le plus strict qui soit, la d\u00e9tection s'effectuant depuis les mat\u00e9riaux, le processus de production et le produit final, et garantissant la qualit\u00e9 et la tra\u00e7abilit\u00e9 du produit.<\/td>\n<\/tr>\n<tr>\n<td class=\"label\">8.Processus<\/td>\n<td>Conception des matrices\u2192Fabrication des matrices\u2192Fusion et alliage\u2192QC\u2192Extrusion\u2192Coupage\u2192Traitement thermique\u2192QC\u2192Traitement de surface\u2192QC\u2192Welding\u2192Packing\u2192QC\u2192Shipping\u2192Service apr\u00e8s-vente<\/td>\n<\/tr>\n<tr>\n<td class=\"label\">9.Standard<\/td>\n<td>GB6082-2008<\/td>\n<\/tr>\n<tr>\n<td class=\"label\">10.Paiement<\/td>\n<td>T\/T : 30% pour le d\u00e9p\u00f4t, le solde sera pay\u00e9 avant l'exp\u00e9dition.<\/td>\n<\/tr>\n<tr>\n<td class=\"label\">11. d\u00e9tails de l'emballage :<\/td>\n<td>Int\u00e9rieur : individuel emball\u00e9 par un film \u00e9p.<br \/>\nExt\u00e9rieur : emball\u00e9 dans des sacs en plastique, des cartons ou des caisses en bois. Nous pouvons \u00e9galement emballer les marchandises selon votre demande.<\/td>\n<\/tr>\n<tr>\n<td class=\"label\">12. d\u00e9lai de livraison<\/td>\n<td>Mise au point de la matrice et essai de l'\u00e9chantillon : 7-10 jours ouvrables.<\/td>\n<\/tr>\n<\/table>\n<h2>Notre base de production<\/h2>\n<h3>Panorama de l'usine<\/h3>\n<p><img decoding=\"async\" src=\"\/wp-content\/uploads\/factory-01.webp\"\/><\/p>\n<h3>Atelier de fabrication de barres d'aluminium<\/h3>\n<p><img decoding=\"async\" src=\"\/wp-content\/uploads\/factory-02.webp\"\/><\/p>\n<\/p>\n<p><img decoding=\"async\" src=\"\/wp-content\/uploads\/factory-03.webp\"\/><\/p>\n<h3>Entrep\u00f4t de stockage des moules<\/h3>\n<p><img decoding=\"async\" src=\"\/wp-content\/uploads\/factory-04.webp\"\/><\/p>\n<h3>43 lignes d'extrusion d'aluminium (500-5500 tonnes)<\/h3>\n<p><img decoding=\"async\" src=\"\/wp-content\/uploads\/factory-05.webp\"\/><\/p>\n<p><img decoding=\"async\" src=\"\/wp-content\/uploads\/factory-06.webp\"\/><\/p>\n<p><img decoding=\"async\" src=\"\/wp-content\/uploads\/factory-07.webp\"\/><\/p>\n<h3>Atelier de peinture en poudre<\/h3>\n<p><img decoding=\"async\" src=\"\/wp-content\/uploads\/factory-09.webp\"\/><\/p>\n<h3>Atelier d'anodisation<\/h3>\n<p><img decoding=\"async\" src=\"\/wp-content\/uploads\/factory-10.webp\"\/><\/p>\n<h3>Atelier sur le traitement en profondeur<\/h3>\n<p><img decoding=\"async\" src=\"\/wp-content\/uploads\/factory-11.webp\"\/><\/p>\n<h3>Atelier d'usinage de pr\u00e9cision CNC<\/h3>\n<p><img decoding=\"async\" src=\"\/wp-content\/uploads\/factory-11.5.webp\"\/><\/p>\n<h3>Entrep\u00f4t de produits finis et d'exportation<\/h3>\n<p><img decoding=\"async\" src=\"\/wp-content\/uploads\/factory-12.webp\"\/><\/p>\n<p><img decoding=\"async\" src=\"\/wp-content\/uploads\/factory-13.webp\"\/><\/p>\n<p><img decoding=\"async\" src=\"\/wp-content\/uploads\/factory-14.webp\"\/><\/p>\n<h2>FAQ<\/h2>\n<p><b>1. \u00e0 quoi sert un syst\u00e8me de profil\u00e9s en aluminium ?<\/b><\/p>\n<p>Un syst\u00e8me de profil\u00e9s en aluminium est utilis\u00e9 pour cr\u00e9er des cadres, des bo\u00eetiers et des structures sur mesure, offrant flexibilit\u00e9 et r\u00e9sistance pour des applications industrielles, commerciales et de bricolage.\n<\/p>\n<p><\/p>\n<p><b>2. pourquoi l'aluminium est-il utilis\u00e9 pour ces syst\u00e8mes de profil\u00e9s ?<\/b><\/p>\n<p>L'aluminium est l\u00e9ger, durable et r\u00e9sistant \u00e0 la corrosion, ce qui en fait le mat\u00e9riau id\u00e9al pour cr\u00e9er des structures solides et durables dans divers secteurs.\n<\/p>\n<p><\/p>\n<p><b>3. Quels sont les avantages de la rainure en T pour le syst\u00e8me de profil\u00e9s en aluminium ?<\/b><\/p>\n<p>La conception des rainures en T facilite l'assemblage, le d\u00e9montage et la modification, ce qui permet des ajustements et des reconfigurations rapides dans les projets.\n<\/p>\n<p><\/p>\n<p><b>4. le syst\u00e8me de profil\u00e9s en aluminium peut-il \u00eatre personnalis\u00e9 ?<\/b><\/p>\n<p>Oui, le syst\u00e8me de profil\u00e9s en aluminium est hautement personnalisable, ce qui permet de cr\u00e9er des structures uniques adapt\u00e9es aux exigences sp\u00e9cifiques d'un projet.\n<\/p>\n<p><\/p>\n<p><b>5. quelles industries utilisent les syst\u00e8mes de profil\u00e9s en aluminium ?<\/b><\/p>\n<p>Les industries telles que la fabrication, l'automobile, l'\u00e9lectronique et la construction utilisent les syst\u00e8mes de profil\u00e9s en aluminium en raison de leur polyvalence, de leur r\u00e9sistance et de leur flexibilit\u00e9.\n<\/p>\n<p><\/p>\n<p><b>6) Quelle est la dur\u00e9e de vie du syst\u00e8me de profil\u00e9s en aluminium ?<\/b><\/p>\n<p>Gr\u00e2ce \u00e0 son mat\u00e9riau en aluminium durable et \u00e0 ses propri\u00e9t\u00e9s de r\u00e9sistance \u00e0 la corrosion, le syst\u00e8me de profil\u00e9s en aluminium offre des performances durables, m\u00eame dans des environnements exigeants.\n<\/p>\n<p><\/p>\n<p><b>7. le syst\u00e8me de profil\u00e9s en aluminium est-il facile \u00e0 installer ?<\/b><\/p>\n<p>Oui, le syst\u00e8me de profil\u00e9s en aluminium est con\u00e7u pour une installation facile, avec un minimum d'outils, ce qui permet de gagner du temps et de r\u00e9duire les co\u00fbts de main-d'\u0153uvre dans les projets.\n<\/p>\n<p><\/p>","protected":false},"featured_media":7967,"template":"","categories":[54],"class_list":["post-7968","product","type-product","status-publish","has-post-thumbnail","hentry","category-industrial-aluminum-profiles"],"meta_box":{"hilight_text_group":{"product_hilight_text":"<li>Aluminum Profile System offers flexibility in design, enabling the creation of custom structures and solutions.<\/li>\r\r\n<li>Durable and lightweight aluminum material ensures strength without adding excess weight.<\/li>\r\r\n<li>Corrosion-resistant, making it suitable for both indoor and outdoor applications in various environments.<\/li>\r\r\n<li>Easy to assemble with T-slot design, reducing installation time and increasing project efficiency.<\/li>\r\r\n<li>Compatible with a wide range of accessories, allowing for versatile configurations and expansions.<\/li>","product_chanpin_blog":"<ul>\r\r\n<li><a href=\"https:\/\/sinoextrud.com\/t-slot-v-slot-differences\/\" target=\"_blank\">t slot vs v slot<\/a><\/li>\r\r\n<li><a href=\"https:\/\/sinoextrud.com\/what-is-4040-aluminium-extrud\/\" target=\"_blank\">4040 aluminium extrusion<\/a><\/li>\r\r\n<li><a href=\"https:\/\/sinoextrud.com\/what-is-4040-aluminium-extrud\/\" target=\"_blank\">aluminum extrusions for industrial racks<\/a><\/li>\r\r\n<li><a href=\"https:\/\/sinoextrud.com\/powder-coating-aluminium-process\/\" target=\"_blank\">powder coating aluminium<\/a><\/li>\r\r\n<li><a href=\"https:\/\/sinoextrud.com\/what-is-an-aluminium-strip-ceiling\/\" target=\"_blank\">aluminium strip ceiling<\/a><\/li>\r\r\n<li><a href=\"https:\/\/sinoextrud.com\/what-is-a-heat-sink\/\" target=\"_blank\">what is a heat sink<\/a><\/li>\r\r\n<\/ul>","product_chanpin_chanpin":"<li><a href=\"https:\/\/sinoextrud.com\/product\/aluminum-profile-for-workstation-desk\/\" target=\"_blank\">Aluminum Profile For Workstation Desk<\/a><\/li>\r\n<li><a href=\"https:\/\/sinoextrud.com\/product\/aluminum-profile-led-light-strip-bar\/\" target=\"_blank\">Aluminum Profile LED Light Strip Bar<\/a><\/li>\r\n<li><a href=\"https:\/\/sinoextrud.com\/product\/aluminum-profile-solar-panel-structure\/\" target=\"_blank\">Aluminum Profile Solar Panel Structure<\/a><\/li>\r\n<li><a href=\"https:\/\/sinoextrud.com\/product\/aluminum-profile-solar\/\" target=\"_blank\">Aluminum Profile Solar<\/a><\/li>\r\n<li><a href=\"https:\/\/sinoextrud.com\/product\/aluminum-profile-system\/\" target=\"_blank\">Aluminum Profile System<\/a><\/li>\r\n<li><a href=\"https:\/\/sinoextrud.com\/product\/aluminum-profile-t-slot-led-frame\/\" target=\"_blank\">Aluminum Profile T Slot Led Frame<\/a><\/li>\r\n<li><a href=\"https:\/\/sinoextrud.com\/product\/aluminum-profile-t-slot\/\" target=\"_blank\">Aluminum Profile T Slot<\/a><\/li>\r\n<li><a href=\"https:\/\/sinoextrud.com\/product\/aluminum-profiles-led-strip-lighting\/\" target=\"_blank\">Aluminum Profiles Led Strip Lighting<\/a><\/li>\r\n<li><a href=\"https:\/\/sinoextrud.com\/product\/aluminum-shutter-profile\/\" target=\"_blank\">Aluminum Shutter Profile<\/a><\/li>\r\n<li><a href=\"https:\/\/sinoextrud.com\/product\/aluminum-shower-frame-parts\/\" target=\"_blank\">Aluminum Shower Frame Parts<\/a><\/li>\r\n<li><a href=\"https:\/\/sinoextrud.com\/product\/anodized-champagne-aluminium-color-matte-anodized-sand-blasting-6063-alloy-extrusion-profiles\/\" target=\"_blank\">Anodized Champagne aluminium color matte anodized sand blasting 6063 alloy extrusion profiles<\/a><\/li>"},"feature_list":[]},"_links":{"self":[{"href":"https:\/\/sinoextrud.com\/fr\/wp-json\/wp\/v2\/product\/7968","targetHints":{"allow":["GET"]}}],"collection":[{"href":"https:\/\/sinoextrud.com\/fr\/wp-json\/wp\/v2\/product"}],"about":[{"href":"https:\/\/sinoextrud.com\/fr\/wp-json\/wp\/v2\/types\/product"}],"wp:featuredmedia":[{"embeddable":true,"href":"https:\/\/sinoextrud.com\/fr\/wp-json\/wp\/v2\/media\/7967"}],"wp:attachment":[{"href":"https:\/\/sinoextrud.com\/fr\/wp-json\/wp\/v2\/media?parent=7968"}],"wp:term":[{"taxonomy":"category","embeddable":true,"href":"https:\/\/sinoextrud.com\/fr\/wp-json\/wp\/v2\/categories?post=7968"}],"curies":[{"name":"wp","href":"https:\/\/api.w.org\/{rel}","templated":true}]}}