{"id":7962,"date":"2025-06-12T01:52:37","date_gmt":"2025-06-12T01:52:37","guid":{"rendered":"https:\/\/sinoextrud.com\/product\/aluminum-profile-led-light-strip-bar\/"},"modified":"2025-06-24T06:14:23","modified_gmt":"2025-06-24T06:14:23","slug":"barre-lumineuse-en-profile-daluminium","status":"publish","type":"product","link":"https:\/\/sinoextrud.com\/fr\/product\/aluminum-profile-led-light-strip-bar\/","title":{"rendered":"Barre lumineuse \u00e0 LED \u00e0 profil aluminium"},"content":{"rendered":"<h2>D\u00e9tails des produits<\/h2>\n<table class=\"custom-table\">\n<tbody>\n<tr>\n<td> Objet<\/td>\n<td> Barre lumineuse \u00e0 LED \u00e0 profil aluminium<\/td>\n<\/tr>\n<tr>\n<td> Temp\u00e9rer<\/td>\n<td> T3-T8<\/td>\n<\/tr>\n<tr>\n<td> D\u00e9roulement du processus<\/td>\n<td> D\u00e9veloppement de moules - Billets d'aluminium - Chauffage - Moulage d'aluminium brut - Rev\u00eatement par poudre anodis\u00e9e<\/td>\n<\/tr>\n<tr>\n<td> Certification<\/td>\n<td> CE, ISO, SGS, TUV<\/td>\n<\/tr>\n<tr>\n<td> Application<\/td>\n<td> Construction, industrie<\/td>\n<\/tr>\n<tr>\n<td> Forme<\/td>\n<td> Triangulaire<\/td>\n<\/tr>\n<tr>\n<td> Traitement de surface<\/td>\n<td> Finition en usine, anodisation, rev\u00eatement en poudre, sablage, \u00e9lectrophor\u00e8se, brossage, polissage, etc.<\/td>\n<\/tr>\n<tr>\n<td> Couleur<\/td>\n<td> Sur la base des demandes des clients<\/td>\n<\/tr>\n<tr>\n<td> Traitement en profondeur<\/td>\n<td> D\u00e9coupage, per\u00e7age, usinage, poin\u00e7onnage, pliage, taraudage, etc.<\/td>\n<\/tr>\n<tr>\n<td> Garantie<\/td>\n<td> ISO:9001, SONCAP, certificat BV, TUV, SGS, ou certificat du client disponible<\/td>\n<\/tr>\n<tr>\n<td> MOQ<\/td>\n<td> 200KG pour chaque profil<\/td>\n<\/tr>\n<tr>\n<td> D\u00e9lai de livraison<\/td>\n<td> Le d\u00e9veloppement du moule et la conformation de l'\u00e9chantillon prennent 12 \u00e0 15 jours, puis la dur\u00e9e de production est de 15 \u00e0 25 jours apr\u00e8s r\u00e9ception de l'acompte de l'acheteur.<\/td>\n<\/tr>\n<tr>\n<td> \u00c9chantillon gratuit<\/td>\n<td> L'envoi peut \u00eatre effectu\u00e9 dans un d\u00e9lai de 1 \u00e0 3 jours<\/td>\n<\/tr>\n<\/tbody>\n<\/table>\n<h2>Notre base de production<\/h2>\n<h3>Panorama de l'usine<\/h3>\n<p><img decoding=\"async\" src=\"\/wp-content\/uploads\/factory-01.webp\"\/><\/p>\n<h3>Atelier de fabrication de barres d'aluminium<\/h3>\n<p><img decoding=\"async\" src=\"\/wp-content\/uploads\/factory-02.webp\"\/><\/p>\n<p><img decoding=\"async\" src=\"\/wp-content\/uploads\/factory-03.webp\"\/><\/p>\n<h3>Entrep\u00f4t de stockage des moules<\/h3>\n<p><img decoding=\"async\" src=\"\/wp-content\/uploads\/factory-04.webp\"\/><\/p>\n<h3>43 lignes d'extrusion d'aluminium (500-5500 tonnes)<\/h3>\n<p><img decoding=\"async\" src=\"\/wp-content\/uploads\/factory-05.webp\"\/><\/p>\n<p><img decoding=\"async\" src=\"\/wp-content\/uploads\/factory-06.webp\"\/><\/p>\n<p><img decoding=\"async\" src=\"\/wp-content\/uploads\/factory-07.webp\"\/><\/p>\n<h3>Atelier de peinture en poudre<\/h3>\n<p><img decoding=\"async\" src=\"\/wp-content\/uploads\/factory-09.webp\"\/><\/p>\n<h3>Atelier d'anodisation<\/h3>\n<p><img decoding=\"async\" src=\"\/wp-content\/uploads\/factory-10.webp\"\/><\/p>\n<h3>Atelier sur le traitement en profondeur<\/h3>\n<p><img decoding=\"async\" src=\"\/wp-content\/uploads\/factory-11.webp\"\/><\/p>\n<h3>Atelier d'usinage de pr\u00e9cision CNC<\/h3>\n<p><img decoding=\"async\" src=\"\/wp-content\/uploads\/factory-11.5.webp\"\/><\/p>\n<h3>Entrep\u00f4t de produits finis et d'exportation<\/h3>\n<p><img decoding=\"async\" src=\"\/wp-content\/uploads\/factory-12.webp\"\/><\/p>\n<p><img decoding=\"async\" src=\"\/wp-content\/uploads\/factory-13.webp\"\/><\/p>\n<p><img decoding=\"async\" src=\"\/wp-content\/uploads\/factory-14.webp\"\/><\/p>\n<h2>FAQ<\/h2>\n<p><p><b>1) A quoi sert une barre lumineuse \u00e0 LED en profil\u00e9 aluminium ?<\/b><\/p>\n<p>Une barre d'\u00e9clairage LED \u00e0 profil aluminium est utilis\u00e9e pour loger les bandes LED, offrant une dissipation de la chaleur et une protection, tout en am\u00e9liorant l'apparence de l'installation d'\u00e9clairage.<br \/>\n<\/p><br \/>\n<br \/>\n<p><b>2) Pourquoi la dissipation de la chaleur est-elle importante dans l'\u00e9clairage LED ?<\/b><\/p>\n<p>La dissipation de la chaleur est essentielle pour \u00e9viter la surchauffe des LED, ce qui permet de prolonger leur dur\u00e9e de vie et de maintenir des performances d'\u00e9clairage optimales au fil du temps.<br \/>\n<\/p><br \/>\n<br \/>\n<p><b>3) Puis-je utiliser n'importe quelle bande LED avec les barres lumineuses \u00e0 LED \u00e0 profil aluminium ?<\/b><\/p>\n<p>Oui, les barres lumineuses \u00e0 profil aluminium sont compatibles avec une grande vari\u00e9t\u00e9 de bandes lumineuses, ce qui leur conf\u00e8re une grande souplesse d'utilisation pour diff\u00e9rentes conceptions et applications d'\u00e9clairage.<br \/>\n<\/p><br \/>\n<br \/>\n<p><b>4. Comment le profil\u00e9 en aluminium prot\u00e8ge-t-il les bandes LED ?<\/b><\/p>\n<p>Le profil\u00e9 en aluminium prot\u00e8ge les bandes LED de la poussi\u00e8re, de l'humidit\u00e9 et des dommages physiques, tout en am\u00e9liorant l'esth\u00e9tique g\u00e9n\u00e9rale de l'installation.<br \/>\n<\/p><br \/>\n<br \/>\n<p><b>5. l'installation de la barre lumineuse \u00e0 LED en profil\u00e9 aluminium est-elle difficile ?<\/b><\/p>\n<p>Non, l'installation est simple, avec plusieurs options de montage disponibles pour une installation facile au mur ou au plafond.<br \/>\n<\/p><br \/>\n<br \/>\n<p><b>6. quels sont les avantages esth\u00e9tiques de l'utilisation d'une barre lumineuse \u00e0 LED en profil\u00e9 aluminium ?<\/b><\/p>\n<p>Le profil\u00e9 en aluminium offre une finition \u00e9l\u00e9gante et moderne, donnant aux bandes LED un aspect professionnel tout en am\u00e9liorant l'effet d'\u00e9clairage.<br \/>\n<\/p><br \/>\n<br \/>\n<p><b>7) Quelle est la dur\u00e9e de vie d'une barre lumineuse \u00e0 LED \u00e0 profil aluminium ?<\/b><\/p>\n<p>Gr\u00e2ce \u00e0 sa construction en aluminium durable et \u00e0 ses caract\u00e9ristiques de protection, la barre lumineuse \u00e0 profil aluminium assure une performance et une protection durables de vos bandes LED.<br \/>\n<\/p><br \/><\/p>","protected":false},"featured_media":7961,"template":"","categories":[54],"class_list":["post-7962","product","type-product","status-publish","has-post-thumbnail","hentry","category-industrial-aluminum-profiles"],"meta_box":{"hilight_text_group":{"product_hilight_text":"<li>High-quality aluminum profile design for efficient heat dissipation and prolonged LED lifespan.<\/li>\r\r\n<li>Perfect for creating sleek, modern lighting solutions with a clean and professional appearance.<\/li>\r\r\n<li>Protects LED strips from dust, moisture, and damage while offering a more aesthetically pleasing finish.<\/li>\r\r\n<li>Easy to install with various mounting options for both wall and ceiling installations.<\/li>\r\r\n<li>Compatible with a wide range of LED strips, providing flexibility in design and lighting applications.<\/li>","product_chanpin_blog":"<ul>\r\r\n<li><a href=\"https:\/\/sinoextrud.com\/t-slot-v-slot-differences\/\" target=\"_blank\">t slot vs v slot<\/a><\/li>\r\r\n<li><a href=\"https:\/\/sinoextrud.com\/what-is-4040-aluminium-extrud\/\" target=\"_blank\">4040 aluminium extrusion<\/a><\/li>\r\r\n<li><a href=\"https:\/\/sinoextrud.com\/what-is-4040-aluminium-extrud\/\" target=\"_blank\">aluminum extrusions for industrial racks<\/a><\/li>\r\r\n<li><a href=\"https:\/\/sinoextrud.com\/powder-coating-aluminium-process\/\" target=\"_blank\">powder coating aluminium<\/a><\/li>\r\r\n<li><a href=\"https:\/\/sinoextrud.com\/what-is-an-aluminium-strip-ceiling\/\" target=\"_blank\">aluminium strip ceiling<\/a><\/li>\r\r\n<li><a href=\"https:\/\/sinoextrud.com\/what-is-a-heat-sink\/\" target=\"_blank\">what is a heat sink<\/a><\/li>\r\r\n<\/ul>","product_chanpin_chanpin":"<li><a href=\"https:\/\/sinoextrud.com\/product\/aluminum-industrial-profile-6082-alloy-with-precision-cnc-cutting-length-during-1-m-to-3-meter\/\" target=\"_blank\">aluminum industrial profile 6082 alloy with precision cnc cutting length during 1 m to 3 meter<\/a><\/li>\r\n<li><a href=\"https:\/\/sinoextrud.com\/product\/aluminum-profile-for-clean-room-circle-shape\/\" target=\"_blank\">Aluminum Profile For Clean Room Circle Shape<\/a><\/li>\r\n<li><a href=\"https:\/\/sinoextrud.com\/product\/aluminum-profile-for-solar-panel\/\" target=\"_blank\">Aluminum Profile For Solar Panel<\/a><\/li>\r\n<li><a href=\"https:\/\/sinoextrud.com\/product\/aluminum-profile-for-workstation-desk\/\" target=\"_blank\">Aluminum Profile For Workstation Desk<\/a><\/li>\r\n<li><a href=\"https:\/\/sinoextrud.com\/product\/aluminum-profile-led-light-strip-bar\/\" target=\"_blank\">Aluminum Profile LED Light Strip Bar<\/a><\/li>\r\n<li><a href=\"https:\/\/sinoextrud.com\/product\/aluminum-profile-solar-panel-structure\/\" target=\"_blank\">Aluminum Profile Solar Panel Structure<\/a><\/li>\r\n<li><a href=\"https:\/\/sinoextrud.com\/product\/aluminum-profile-solar\/\" target=\"_blank\">Aluminum Profile Solar<\/a><\/li>\r\n<li><a href=\"https:\/\/sinoextrud.com\/product\/aluminum-profile-system\/\" target=\"_blank\">Aluminum Profile System<\/a><\/li>\r\n<li><a href=\"https:\/\/sinoextrud.com\/product\/aluminum-profile-t-slot-led-frame\/\" target=\"_blank\">Aluminum Profile T Slot Led Frame<\/a><\/li>\r\n<li><a href=\"https:\/\/sinoextrud.com\/product\/aluminum-shutter-extrusion-profiles\/\" target=\"_blank\">Aluminum Shutter Extrusion Profiles<\/a><\/li>\r\n<li><a href=\"https:\/\/sinoextrud.com\/product\/outdoor-aluminium-sun-shutters-louvres-system\/\" target=\"_blank\">Outdoor aluminium sun shutters( louvres) system<\/a><\/li>"},"feature_list":[]},"_links":{"self":[{"href":"https:\/\/sinoextrud.com\/fr\/wp-json\/wp\/v2\/product\/7962","targetHints":{"allow":["GET"]}}],"collection":[{"href":"https:\/\/sinoextrud.com\/fr\/wp-json\/wp\/v2\/product"}],"about":[{"href":"https:\/\/sinoextrud.com\/fr\/wp-json\/wp\/v2\/types\/product"}],"wp:featuredmedia":[{"embeddable":true,"href":"https:\/\/sinoextrud.com\/fr\/wp-json\/wp\/v2\/media\/7961"}],"wp:attachment":[{"href":"https:\/\/sinoextrud.com\/fr\/wp-json\/wp\/v2\/media?parent=7962"}],"wp:term":[{"taxonomy":"category","embeddable":true,"href":"https:\/\/sinoextrud.com\/fr\/wp-json\/wp\/v2\/categories?post=7962"}],"curies":[{"name":"wp","href":"https:\/\/api.w.org\/{rel}","templated":true}]}}