{"id":7958,"date":"2025-06-12T01:45:17","date_gmt":"2025-06-12T01:45:17","guid":{"rendered":"https:\/\/sinoextrud.com\/product\/aluminum-profile-for-solar-panel\/"},"modified":"2025-06-24T06:14:20","modified_gmt":"2025-06-24T06:14:20","slug":"profile-en-aluminium-pour-panneau-solaire","status":"publish","type":"product","link":"https:\/\/sinoextrud.com\/fr\/product\/aluminum-profile-for-solar-panel\/","title":{"rendered":"Profil\u00e9s en aluminium pour panneaux solaires"},"content":{"rendered":"<h2>D\u00e9tails des produits<\/h2>\n<table class=\"custom-table\">\n<tbody>\n<tr>\n<td> <\/td>\n<td>Profil\u00e9s en aluminium pour panneaux solaires<\/td>\n<\/tr>\n<tr>\n<td>Mat\u00e9riau<\/td>\n<td>6063-T5<\/td>\n<\/tr>\n<tr>\n<td>Forme et taille<\/td>\n<td>Selon le dessin du client<\/td>\n<\/tr>\n<tr>\n<td>\u00c9paisseur<\/td>\n<td>0,7mm-10mm<\/td>\n<\/tr>\n<tr>\n<td>Longueur<\/td>\n<td>Normalement 1-9M, longueur sp\u00e9ciale disponible<\/td>\n<\/tr>\n<tr>\n<td>Applications typiques<\/td>\n<td>Panneau solaire ou autre cadre<\/td>\n<\/tr>\n<tr>\n<td>Type personnalis\u00e9<\/td>\n<td>Dessin ou \u00e9chantillon fourni par le client<\/td>\n<\/tr>\n<tr>\n<td>Processus en profondeur<\/td>\n<td>Fraisage, per\u00e7age, poin\u00e7onnage, per\u00e7age, taraudage, cintrage, soudage, etc. \u00e0 commande num\u00e9rique.<\/td>\n<\/tr>\n<tr>\n<td>Marque<\/td>\n<td>Sinoextrud, Sinoextrud, marque personnalis\u00e9e disponible<\/td>\n<\/tr>\n<tr>\n<td>Finition de surface<\/td>\n<td>Finition en usine, grain de bois, anodisation, rev\u00eatement en poudre, etc.<\/td>\n<\/tr>\n<tr>\n<td>Couleur<\/td>\n<td>Argent, noir, champagne, etc.<\/td>\n<\/tr>\n<tr>\n<td>MOQ<\/td>\n<td>200Kgs<\/td>\n<\/tr>\n<tr>\n<td>Norme de qualit\u00e9<\/td>\n<td>Niveau de qualit\u00e9 \u00e9lev\u00e9<\/td>\n<\/tr>\n<tr>\n<td>Certificats<\/td>\n<td>ISO9001, ISO4001, CQM, SGS, CE, BV, etc.<\/td>\n<\/tr>\n<tr>\n<td>Capacit\u00e9<\/td>\n<td>15 000 tonnes par mois<\/td>\n<\/tr>\n<\/tbody>\n<\/table>\n<h2>Notre base de production<\/h2>\n<h3>Panorama de l'usine<\/h3>\n<p><img decoding=\"async\" src=\"\/wp-content\/uploads\/factory-01.webp\"\/><\/p>\n<h3>Atelier de fabrication de barres d'aluminium<\/h3>\n<p><img decoding=\"async\" src=\"\/wp-content\/uploads\/factory-02.webp\"\/><\/p>\n<p><img decoding=\"async\" src=\"\/wp-content\/uploads\/factory-03.webp\"\/><\/p>\n<h3>Entrep\u00f4t de stockage des moules<\/h3>\n<p><img decoding=\"async\" src=\"\/wp-content\/uploads\/factory-04.webp\"\/><\/p>\n<h3>43 lignes d'extrusion d'aluminium (500 \u00e0 5500 tonnes)<\/h3>\n<p><img decoding=\"async\" src=\"\/wp-content\/uploads\/factory-05.webp\"\/><\/p>\n<p><img decoding=\"async\" src=\"\/wp-content\/uploads\/factory-06.webp\"\/><\/p>\n<p><img decoding=\"async\" src=\"\/wp-content\/uploads\/factory-07.webp\"\/><\/p>\n<h3>Atelier de peinture en poudre<\/h3>\n<p><img decoding=\"async\" src=\"\/wp-content\/uploads\/factory-09.webp\"\/><\/p>\n<h3>Atelier d'anodisation<\/h3>\n<p><img decoding=\"async\" src=\"\/wp-content\/uploads\/factory-10.webp\"\/><\/p>\n<h3>Atelier sur le traitement en profondeur<\/h3>\n<p><img decoding=\"async\" src=\"\/wp-content\/uploads\/factory-11.webp\"\/><\/p>\n<h3>Atelier d'usinage de pr\u00e9cision CNC<\/h3>\n<p><img decoding=\"async\" src=\"\/wp-content\/uploads\/factory-11.5.webp\"\/><\/p>\n<h3>Entrep\u00f4t de produits finis et d'exportation<\/h3>\n<p><img decoding=\"async\" src=\"\/wp-content\/uploads\/factory-12.webp\"\/><\/p>\n<p><img decoding=\"async\" src=\"\/wp-content\/uploads\/factory-13.webp\"\/><\/p>\n<p><img decoding=\"async\" src=\"\/wp-content\/uploads\/factory-14.webp\"\/><\/p>\n<h2>FAQ<\/h2>\n<p><p><b>1. \u00e0 quoi servent les profil\u00e9s en aluminium pour panneaux solaires ? <\/b><\/p>\n<p>Les profil\u00e9s en aluminium pour panneaux solaires sont utilis\u00e9s pour cr\u00e9er des cadres solides et durables qui soutiennent et fixent les panneaux solaires dans les installations, garantissant leur stabilit\u00e9 et leur bon alignement.<br \/>\n<\/p><br \/>\n<br \/>\n<p><b>2) Pourquoi l'aluminium est-il pr\u00e9f\u00e9r\u00e9 pour les profil\u00e9s des panneaux solaires ? <\/b><\/p>\n<p>L'aluminium est l\u00e9ger, solide, r\u00e9sistant \u00e0 la corrosion et offre une excellente durabilit\u00e9, ce qui le rend id\u00e9al pour construire des cadres s\u00fbrs et durables pour les panneaux solaires.<br \/>\n<\/p><br \/>\n<br \/>\n<p><b>3. Quels sont les avantages de la finition anodis\u00e9e pour les profil\u00e9s en aluminium destin\u00e9s aux panneaux solaires ? <\/b><\/p>\n<p>La finition anodis\u00e9e am\u00e9liore la r\u00e9sistance \u00e0 la corrosion, ce qui rend les profil\u00e9s en aluminium plus durables et capables de r\u00e9sister aux conditions climatiques ext\u00e9rieures sans se d\u00e9grader.<br \/>\n<\/p><br \/>\n<br \/>\n<p><b>4. Les profil\u00e9s en aluminium pour panneaux solaires peuvent-ils \u00eatre personnalis\u00e9s ? <\/b><\/p>\n<p>Oui, les profil\u00e9s en aluminium peuvent \u00eatre personnalis\u00e9s pour s'adapter aux tailles, formes et exigences de montage sp\u00e9cifiques des panneaux solaires, offrant ainsi une grande flexibilit\u00e9 pour divers projets d'\u00e9nergie solaire.<br \/>\n<\/p><br \/>\n<br \/>\n<p><b>5) Comment la r\u00e9sistance \u00e0 la corrosion de l'aluminium am\u00e9liore-t-elle les installations de panneaux solaires ? <\/b><\/p>\n<p>La r\u00e9sistance \u00e0 la corrosion garantit que les profil\u00e9s en aluminium conservent leur int\u00e9grit\u00e9 structurelle au fil du temps, m\u00eame lorsqu'ils sont expos\u00e9s \u00e0 des \u00e9l\u00e9ments ext\u00e9rieurs tels que la pluie, l'humidit\u00e9 et les rayons UV.<br \/>\n<\/p><br \/>\n<br \/>\n<p><b>6. les profil\u00e9s en aluminium pour panneaux solaires conviennent-ils aux installations r\u00e9sidentielles et commerciales ? <\/b><\/p>\n<p>Oui, les profil\u00e9s en aluminium sont polyvalents et conviennent aux installations de panneaux solaires r\u00e9sidentielles et commerciales, offrant une solution fiable et flexible pour divers syst\u00e8mes \u00e9nerg\u00e9tiques.<br \/>\n<\/p><br \/>\n<br \/>\n<p><b>7. l'aluminium est-il un choix \u00e9cologique pour les profil\u00e9s des panneaux solaires ? <\/b><\/p>\n<p>Oui, l'aluminium est 100% recyclable, ce qui en fait un mat\u00e9riau respectueux de l'environnement qui soutient les solutions \u00e9nerg\u00e9tiques durables tout en r\u00e9duisant les d\u00e9chets de mat\u00e9riaux dans les syst\u00e8mes de panneaux solaires.<br \/>\n<\/p><br \/><\/p>","protected":false},"featured_media":7957,"template":"","categories":[54],"class_list":["post-7958","product","type-product","status-publish","has-post-thumbnail","hentry","category-industrial-aluminum-profiles"],"meta_box":{"hilight_text_group":{"product_hilight_text":"<ul>\r\r\n  <li>Aluminum profiles for solar panels provide strong, durable, and lightweight frames for supporting and securing solar panels in various installations.<\/li>\r\r\n  <li>Corrosion-resistant anodized finish ensures long-term performance, even in outdoor environments exposed to weather conditions.<\/li>\r\r\n  <li>Customizable sizes and designs to meet specific solar panel installation needs, providing flexibility for different applications.<\/li>\r\r\n  <li>Highly resistant to environmental factors, including UV rays and extreme temperatures, ensuring the longevity and reliability of the solar panel structure.<\/li>\r\r\n  <li>Efficient and easy-to-install system, reducing installation time and labor costs in solar energy projects.<\/li>\r\r\n  <li>Eco-friendly and recyclable, supporting sustainable energy solutions while minimizing environmental impact.<\/li>\r\r\n  <li>Cost-effective solution for solar panel mounting, reducing the need for additional structural materials and ensuring a secure installation.<\/li>\r\r\n<\/ul>","product_chanpin_blog":"<ul>\r\r\n<li><a href=\"https:\/\/sinoextrud.com\/t-slot-v-slot-differences\/\" target=\"_blank\">t slot vs v slot<\/a><\/li>\r\r\n<li><a href=\"https:\/\/sinoextrud.com\/what-is-4040-aluminium-extrud\/\" target=\"_blank\">4040 aluminium extrusion<\/a><\/li>\r\r\n<li><a href=\"https:\/\/sinoextrud.com\/what-is-4040-aluminium-extrud\/\" target=\"_blank\">aluminum extrusions for industrial racks<\/a><\/li>\r\r\n<li><a href=\"https:\/\/sinoextrud.com\/powder-coating-aluminium-process\/\" target=\"_blank\">powder coating aluminium<\/a><\/li>\r\r\n<li><a href=\"https:\/\/sinoextrud.com\/what-is-an-aluminium-strip-ceiling\/\" target=\"_blank\">aluminium strip ceiling<\/a><\/li>\r\r\n<li><a href=\"https:\/\/sinoextrud.com\/what-is-a-heat-sink\/\" target=\"_blank\">what is a heat sink<\/a><\/li>\r\r\n<\/ul>","product_chanpin_chanpin":"<li><a href=\"https:\/\/sinoextrud.com\/product\/aluminum-glass-channel\/\" target=\"_blank\">Aluminum Glass Channel<\/a><\/li>\r\n<li><a href=\"https:\/\/sinoextrud.com\/product\/aluminum-heat-sink-extrusion-profiles\/\" target=\"_blank\">Aluminum Heat Sink Extrusion Profiles<\/a><\/li>\r\n<li><a href=\"https:\/\/sinoextrud.com\/product\/aluminum-industrial-profile-6082-alloy-with-precision-cnc-cutting-length-during-1-m-to-3-meter\/\" target=\"_blank\">aluminum industrial profile 6082 alloy with precision cnc cutting length during 1 m to 3 meter<\/a><\/li>\r\n<li><a href=\"https:\/\/sinoextrud.com\/product\/aluminum-profile-for-clean-room-circle-shape\/\" target=\"_blank\">Aluminum Profile For Clean Room Circle Shape<\/a><\/li>\r\n<li><a href=\"https:\/\/sinoextrud.com\/product\/aluminum-profile-for-solar-panel\/\" target=\"_blank\">Aluminum Profile For Solar Panel<\/a><\/li>\r\n<li><a href=\"https:\/\/sinoextrud.com\/product\/aluminum-profile-for-workstation-desk\/\" target=\"_blank\">Aluminum Profile For Workstation Desk<\/a><\/li>\r\n<li><a href=\"https:\/\/sinoextrud.com\/product\/aluminum-profile-led-light-strip-bar\/\" target=\"_blank\">Aluminum Profile LED Light Strip Bar<\/a><\/li>\r\n<li><a href=\"https:\/\/sinoextrud.com\/product\/aluminum-profile-solar-panel-structure\/\" target=\"_blank\">Aluminum Profile Solar Panel Structure<\/a><\/li>\r\n<li><a href=\"https:\/\/sinoextrud.com\/product\/aluminum-profile-solar\/\" target=\"_blank\">Aluminum Profile Solar<\/a><\/li>\r\n<li><a href=\"https:\/\/sinoextrud.com\/product\/anodized-aluminum-frame-profile-brushed-photo-aluminum-frame-modern-decorative-industrial-frame-profile\/\" target=\"_blank\">Anodized Aluminum Frame Profile Brushed Photo Aluminum Frame Modern Decorative Industrial Frame Profile<\/a><\/li>\r\n<li><a href=\"https:\/\/sinoextrud.com\/product\/aluminium-c-profile\/\" target=\"_blank\">Aluminium C Profile<\/a><\/li>"},"feature_list":[]},"_links":{"self":[{"href":"https:\/\/sinoextrud.com\/fr\/wp-json\/wp\/v2\/product\/7958","targetHints":{"allow":["GET"]}}],"collection":[{"href":"https:\/\/sinoextrud.com\/fr\/wp-json\/wp\/v2\/product"}],"about":[{"href":"https:\/\/sinoextrud.com\/fr\/wp-json\/wp\/v2\/types\/product"}],"wp:featuredmedia":[{"embeddable":true,"href":"https:\/\/sinoextrud.com\/fr\/wp-json\/wp\/v2\/media\/7957"}],"wp:attachment":[{"href":"https:\/\/sinoextrud.com\/fr\/wp-json\/wp\/v2\/media?parent=7958"}],"wp:term":[{"taxonomy":"category","embeddable":true,"href":"https:\/\/sinoextrud.com\/fr\/wp-json\/wp\/v2\/categories?post=7958"}],"curies":[{"name":"wp","href":"https:\/\/api.w.org\/{rel}","templated":true}]}}