{"id":7932,"date":"2025-06-11T07:22:13","date_gmt":"2025-06-11T07:22:13","guid":{"rendered":"https:\/\/sinoextrud.com\/product\/aluminum-electronic-enclosure-heatsink\/"},"modified":"2025-06-24T06:14:09","modified_gmt":"2025-06-24T06:14:09","slug":"dissipateur-thermique-pour-boitier-electronique-en-aluminium","status":"publish","type":"product","link":"https:\/\/sinoextrud.com\/fr\/product\/aluminum-electronic-enclosure-heatsink\/","title":{"rendered":"Dissipateur thermique pour bo\u00eetier \u00e9lectronique en aluminium"},"content":{"rendered":"<h2>D\u00e9tails des produits<\/h2>\n<table class=\"custom-table\">\n<tr>\n<td class=\"label\">Iterm<\/td>\n<td>dissipateur thermique en aluminium de grand diam\u00e8tre ,bo\u00eetier en aluminium extrud\u00e9 fabrication de dissipateur thermique industriel en aluminium fournisseur<\/td>\n<\/tr>\n<tr>\n<td class=\"label\">Mat\u00e9riau<\/td>\n<td>Alliage d'aluminium 6063,6061,6005,6463,6005A,6060,6101,6082,6351<\/td>\n<\/tr>\n<tr>\n<td class=\"label\">Temp\u00e9rer<\/td>\n<td>T3-T8,T4,T5, T6,T66,T52<\/td>\n<\/tr>\n<tr>\n<td class=\"label\">Surface personnalis\u00e9e<\/td>\n<td>Anodisation, \u00e9lectrophor\u00e8se, rev\u00eatement par poudre, rev\u00eatement PVDF,<br \/>\npeinture au grain de bois, bross\u00e9e<\/td>\n<\/tr>\n<tr>\n<td class=\"label\">Couleur<\/td>\n<td>Blanc argent\u00e9, bronze, or, noir, champagne, personnalis\u00e9<\/td>\n<\/tr>\n<tr>\n<td class=\"label\">\u00c9paisseur de la paroi<\/td>\n<td>&gt;0,8 mm, 1,0, 1,2, 2,0, 4,0, etc.<\/td>\n<\/tr>\n<tr>\n<td class=\"label\">Forme<\/td>\n<td>Carr\u00e9, rond, plat, ovale, irr\u00e9gulier, etc.<\/td>\n<\/tr>\n<tr>\n<td class=\"label\">Longueur<\/td>\n<td>Normal=5.8m, 5.9m, 6m, 3m-7m sur mesure<\/td>\n<\/tr>\n<tr>\n<td class=\"label\">Service OEM Production<\/td>\n<td>Dessins\/\u00e9chantillons du client ou service de conception offert<\/td>\n<\/tr>\n<tr>\n<td class=\"label\">Garantie<\/td>\n<td>La couleur de la surface peut rester stable pendant 10 \u00e0 20 ans en utilisation int\u00e9rieure.<\/td>\n<\/tr>\n<tr>\n<td class=\"label\">Avantages Caract\u00e9ristiques<\/td>\n<td>1. \u00e9tanch\u00e9it\u00e9 \u00e0 l'air, \u00e9tanch\u00e9it\u00e9 \u00e0 l'eau, isolation thermique, isolation thermique, antivieillissement, r\u00e9sistance aux chocs<br \/>\n2. respect de l'environnement<br \/>\n3. r\u00e9sistant \u00e0 la corrosion et \u00e0 l'usure<br \/>\n4. apparence moderne<\/td>\n<\/tr>\n<tr>\n<td class=\"label\">Norme d'essai<\/td>\n<td>GB,JIS,AAMA,BS,EN,AS\/NZS,AA<\/td>\n<\/tr>\n<\/table>\n<h2>Notre base de production<\/h2>\n<h3>Panorama de l'usine<\/h3>\n<p><img decoding=\"async\" src=\"\/wp-content\/uploads\/factory-01.webp\"\/><\/p>\n<h3>Atelier de fabrication de barres d'aluminium<\/h3>\n<p><img decoding=\"async\" src=\"\/wp-content\/uploads\/factory-02.webp\"\/><\/p>\n<p><img decoding=\"async\" src=\"\/wp-content\/uploads\/factory-03.webp\"\/><\/p>\n<h3>Entrep\u00f4t de stockage des moules<\/h3>\n<p><img decoding=\"async\" src=\"\/wp-content\/uploads\/factory-04.webp\"\/><\/p>\n<h3>43 lignes d'extrusion d'aluminium (500 \u00e0 5500 tonnes)<\/h3>\n<p><img decoding=\"async\" src=\"\/wp-content\/uploads\/factory-05.webp\"\/><\/p>\n<p><img decoding=\"async\" src=\"\/wp-content\/uploads\/factory-06.webp\"\/><\/p>\n<p><img decoding=\"async\" src=\"\/wp-content\/uploads\/factory-07.webp\"\/><\/p>\n<h3>Atelier de peinture en poudre<\/h3>\n<p><img decoding=\"async\" src=\"\/wp-content\/uploads\/factory-09.webp\"\/><\/p>\n<h3>Atelier d'anodisation<\/h3>\n<p><img decoding=\"async\" src=\"\/wp-content\/uploads\/factory-10.webp\"\/><\/p>\n<h3>Atelier sur le traitement en profondeur<\/h3>\n<p><img decoding=\"async\" src=\"\/wp-content\/uploads\/factory-11.webp\"\/><\/p>\n<h3>Atelier d'usinage de pr\u00e9cision CNC<\/h3>\n<p><img decoding=\"async\" src=\"\/wp-content\/uploads\/factory-11.5.webp\"\/><\/p>\n<h3>Entrep\u00f4t de produits finis et d'exportation<\/h3>\n<p><img decoding=\"async\" src=\"\/wp-content\/uploads\/factory-12.webp\"\/><\/p>\n<p><img decoding=\"async\" src=\"\/wp-content\/uploads\/factory-13.webp\"\/><\/p>\n<p><img decoding=\"async\" src=\"\/wp-content\/uploads\/factory-14.webp\"\/><\/p>\n<h2>FAQ<\/h2>\n<p><p><b>1) Quels sont les principaux avantages du dissipateur thermique pour bo\u00eetier \u00e9lectronique en aluminium ?<\/b><\/p>\n<p>Le dissipateur thermique du bo\u00eetier \u00e9lectronique en aluminium assure une dissipation efficace de la chaleur, une durabilit\u00e9, une r\u00e9sistance \u00e0 la corrosion et des options personnalisables pour prot\u00e9ger les composants \u00e9lectroniques sensibles.<br \/>\n<\/p><br \/>\n<br \/>\n<p><b>2) Comment l'aluminium am\u00e9liore-t-il les performances du dissipateur thermique ?<\/b><\/p>\n<p>Les propri\u00e9t\u00e9s de l\u00e9g\u00e8ret\u00e9, de durabilit\u00e9 et de r\u00e9sistance \u00e0 la corrosion de l'aluminium en font un mat\u00e9riau id\u00e9al pour assurer une dissipation durable et efficace de la chaleur.<br \/>\n<\/p><br \/>\n<br \/>\n<p><b>3. le dissipateur thermique du bo\u00eetier \u00e9lectronique en aluminium peut-il \u00eatre personnalis\u00e9 pour des applications sp\u00e9cifiques ?<\/b><\/p>\n<p>Oui, la conception peut \u00eatre adapt\u00e9e pour r\u00e9pondre \u00e0 des exigences sp\u00e9cifiques en mati\u00e8re de taille, de forme et de refroidissement pour diff\u00e9rentes applications \u00e9lectroniques.<br \/>\n<\/p><br \/>\n<br \/>\n<p><b>4. comment le dissipateur thermique assure-t-il un refroidissement optimal des composants \u00e9lectroniques ?<\/b><\/p>\n<p>Sa conception efficace maximise la surface et le flux d'air, dissipant efficacement la chaleur pour maintenir la stabilit\u00e9 et la performance des composants \u00e9lectroniques.<br \/>\n<\/p><br \/>\n<br \/>\n<p><b>5. le dissipateur thermique du bo\u00eetier \u00e9lectronique en aluminium r\u00e9siste-t-il \u00e0 la corrosion ?<\/b><\/p>\n<p>Oui, la surface en aluminium r\u00e9sistant \u00e0 la corrosion garantit que le dissipateur thermique conserve ses performances et son aspect m\u00eame dans des environnements difficiles.<br \/>\n<\/p><br \/>\n<br \/>\n<p><b>6. quel est le rapport qualit\u00e9\/prix du dissipateur thermique pour bo\u00eetier \u00e9lectronique en aluminium ?<\/b><\/p>\n<p>Il offre une solution rentable en combinant la gestion de la chaleur et un mat\u00e9riau durable \u00e0 un prix abordable, r\u00e9duisant ainsi le besoin de syst\u00e8mes de refroidissement suppl\u00e9mentaires.<br \/>\n<\/p><br \/>\n<br \/>\n<p><b>7. quelles industries utilisent le dissipateur thermique pour bo\u00eetier \u00e9lectronique en aluminium ?<\/b><\/p>\n<p>Il est couramment utilis\u00e9 dans l'\u00e9lectronique, les t\u00e9l\u00e9communications, les alimentations \u00e9lectriques et d'autres industries qui n\u00e9cessitent une gestion efficace de la chaleur pour les composants sensibles.<br \/>\n<\/p><br \/><\/p>","protected":false},"featured_media":7931,"template":"","categories":[54],"class_list":["post-7932","product","type-product","status-publish","has-post-thumbnail","hentry","category-industrial-aluminum-profiles"],"meta_box":{"hilight_text_group":{"product_hilight_text":"<li>Efficient heat dissipation design, ensuring optimal cooling for electronic components.<\/li>\r\r\n<li>Durable aluminum construction, providing both strength and lightweight handling.<\/li>\r\r\n<li>Corrosion-resistant surface, ensuring long-term reliability in various environmental conditions.<\/li>\r\r\n<li>Compact and customizable design, ideal for protecting sensitive electronic circuits and components.<\/li>\r\r\n<li>Cost-effective solution for electronic enclosures with integrated heat management capabilities.<\/li>","product_chanpin_blog":"<ul>\r\r\n<li><a href=\"https:\/\/sinoextrud.com\/t-slot-v-slot-differences\/\" target=\"_blank\">t slot vs v slot<\/a><\/li>\r\r\n<li><a href=\"https:\/\/sinoextrud.com\/what-is-4040-aluminium-extrud\/\" target=\"_blank\">4040 aluminium extrusion<\/a><\/li>\r\r\n<li><a href=\"https:\/\/sinoextrud.com\/what-is-4040-aluminium-extrud\/\" target=\"_blank\">aluminum extrusions for industrial racks<\/a><\/li>\r\r\n<li><a href=\"https:\/\/sinoextrud.com\/powder-coating-aluminium-process\/\" target=\"_blank\">powder coating aluminium<\/a><\/li>\r\r\n<li><a href=\"https:\/\/sinoextrud.com\/what-is-an-aluminium-strip-ceiling\/\" target=\"_blank\">aluminium strip ceiling<\/a><\/li>\r\r\n<li><a href=\"https:\/\/sinoextrud.com\/what-is-a-heat-sink\/\" target=\"_blank\">what is a heat sink<\/a><\/li>\r\r\n<\/ul>","product_chanpin_chanpin":"<li><a href=\"https:\/\/sinoextrud.com\/product\/aluminium-solar-frame-profile\/\" target=\"_blank\">Aluminium Solar Frame Profile<\/a><\/li>\r\n<li><a href=\"https:\/\/sinoextrud.com\/product\/aluminium-solar-profile\/\" target=\"_blank\">Aluminium Solar Profile<\/a><\/li>\r\n<li><a href=\"https:\/\/sinoextrud.com\/product\/aluminium-t-extrusion\/\" target=\"_blank\">Aluminium T Extrusion<\/a><\/li>\r\n<li><a href=\"https:\/\/sinoextrud.com\/product\/aluminium-t-track-extrusions\/\" target=\"_blank\">Aluminium T Track Extrusions<\/a><\/li>\r\n<li><a href=\"https:\/\/sinoextrud.com\/product\/aluminum-electronic-enclosure-heatsink\/\" target=\"_blank\">Aluminum Electronic Enclosure heatsink<\/a><\/li>\r\n<li><a href=\"https:\/\/sinoextrud.com\/product\/aluminum-extruded-profile-for-5g-communication-instrument\/\" target=\"_blank\">Aluminum Extruded Profile For 5G Communication Instrument<\/a><\/li>\r\n<li><a href=\"https:\/\/sinoextrud.com\/product\/aluminum-extrusion-framing-components\/\" target=\"_blank\">Aluminum Extrusion Framing Components<\/a><\/li>\r\n<li><a href=\"https:\/\/sinoextrud.com\/product\/aluminum-extrusion-heat-profiles-sink\/\" target=\"_blank\">Aluminum Extrusion Heat Profiles Sink<\/a><\/li>\r\n<li><a href=\"https:\/\/sinoextrud.com\/product\/aluminum-extrusion-housing\/\" target=\"_blank\">Aluminum Extrusion Housing<\/a><\/li>\r\n<li><a href=\"https:\/\/sinoextrud.com\/product\/anodizing-housings-large-aluminum-extrusions\/\" target=\"_blank\">Anodizing Housings Large Aluminum Extrusions<\/a><\/li>\r\n<li><a href=\"https:\/\/sinoextrud.com\/product\/cnc-aluminium\/\" target=\"_blank\">Cnc Aluminium<\/a><\/li>"},"feature_list":[]},"_links":{"self":[{"href":"https:\/\/sinoextrud.com\/fr\/wp-json\/wp\/v2\/product\/7932","targetHints":{"allow":["GET"]}}],"collection":[{"href":"https:\/\/sinoextrud.com\/fr\/wp-json\/wp\/v2\/product"}],"about":[{"href":"https:\/\/sinoextrud.com\/fr\/wp-json\/wp\/v2\/types\/product"}],"wp:featuredmedia":[{"embeddable":true,"href":"https:\/\/sinoextrud.com\/fr\/wp-json\/wp\/v2\/media\/7931"}],"wp:attachment":[{"href":"https:\/\/sinoextrud.com\/fr\/wp-json\/wp\/v2\/media?parent=7932"}],"wp:term":[{"taxonomy":"category","embeddable":true,"href":"https:\/\/sinoextrud.com\/fr\/wp-json\/wp\/v2\/categories?post=7932"}],"curies":[{"name":"wp","href":"https:\/\/api.w.org\/{rel}","templated":true}]}}