{"id":7930,"date":"2025-06-11T07:20:48","date_gmt":"2025-06-11T07:20:48","guid":{"rendered":"https:\/\/sinoextrud.com\/product\/aluminium-t-track-extrusions\/"},"modified":"2025-06-24T06:14:09","modified_gmt":"2025-06-24T06:14:09","slug":"profiles-en-aluminium-pour-rails-en-t","status":"publish","type":"product","link":"https:\/\/sinoextrud.com\/fr\/product\/aluminium-t-track-extrusions\/","title":{"rendered":"Extrusions de rails en T en aluminium"},"content":{"rendered":"<h2>D\u00e9tails des produits<\/h2>\n<table class=\"custom-table\">\n<colgroup>\n<col\/>\n<col\/>\n<col\/><\/colgroup>\n<tbody>\n<tr>\n<td> <\/td>\n<td>Profil\u00e9s en T en aluminium<\/td>\n<\/tr>\n<tr>\n<td>Alliage d'aluminium<\/td>\n<td>6063-T5, ou personnalisation<\/td>\n<\/tr>\n<tr>\n<td>Traitement de surface<\/td>\n<td>Finition en usine ou personnalisation<\/td>\n<\/tr>\n<tr>\n<td>Couleur<\/td>\n<td>Finition en usine ou personnalisation<\/td>\n<\/tr>\n<tr>\n<td>Taille<\/td>\n<td>1-9m, ou personnalisation<\/td>\n<\/tr>\n<tr>\n<td>Application<\/td>\n<td>Profil\u00e9s en T en aluminium pour la d\u00e9coration, la construction, l'ameublement, les fen\u00eatres et les portes, etc.<\/td>\n<\/tr>\n<tr>\n<td>Marque<\/td>\n<td>Sinoextrud \/ Sinoextrud \/ Sinoextrud Aluminium<\/td>\n<\/tr>\n<tr>\n<td>Origine<\/td>\n<td>Foshan, Chine<\/td>\n<\/tr>\n<\/tbody>\n<\/table>\n<h2>Notre base de production<\/h2>\n<h3>Panorama de l'usine<\/h3>\n<p><img decoding=\"async\" src=\"\/wp-content\/uploads\/factory-01.webp\"\/><\/p>\n<h3>Atelier de fabrication de barres d'aluminium<\/h3>\n<p><img decoding=\"async\" src=\"\/wp-content\/uploads\/factory-02.webp\"\/><\/p>\n<p><img decoding=\"async\" src=\"\/wp-content\/uploads\/factory-03.webp\"\/><\/p>\n<h3>Entrep\u00f4t de stockage des moules<\/h3>\n<p><img decoding=\"async\" src=\"\/wp-content\/uploads\/factory-04.webp\"\/><\/p>\n<h3>43 lignes d'extrusion d'aluminium (500 \u00e0 5500 tonnes)<\/h3>\n<p><img decoding=\"async\" src=\"\/wp-content\/uploads\/factory-05.webp\"\/><\/p>\n<p><img decoding=\"async\" src=\"\/wp-content\/uploads\/factory-06.webp\"\/><\/p>\n<p><img decoding=\"async\" src=\"\/wp-content\/uploads\/factory-07.webp\"\/><\/p>\n<h3>Atelier de peinture en poudre<\/h3>\n<p><img decoding=\"async\" src=\"\/wp-content\/uploads\/factory-09.webp\"\/><\/p>\n<h3>Atelier d'anodisation<\/h3>\n<p><img decoding=\"async\" src=\"\/wp-content\/uploads\/factory-10.webp\"\/><\/p>\n<h3>Atelier sur le traitement en profondeur<\/h3>\n<p><img decoding=\"async\" src=\"\/wp-content\/uploads\/factory-11.webp\"\/><\/p>\n<h3>Atelier d'usinage de pr\u00e9cision CNC<\/h3>\n<p><img decoding=\"async\" src=\"\/wp-content\/uploads\/factory-11.5.webp\"\/><\/p>\n<h3>Entrep\u00f4t de produits finis et d'exportation<\/h3>\n<p><img decoding=\"async\" src=\"\/wp-content\/uploads\/factory-12.webp\"\/><\/p>\n<p><img decoding=\"async\" src=\"\/wp-content\/uploads\/factory-13.webp\"\/><\/p>\n<p><img decoding=\"async\" src=\"\/wp-content\/uploads\/factory-14.webp\"\/><\/p>\n<h2>FAQ<\/h2>\n<p><p><b>1) Quels sont les principaux avantages des profil\u00e9s en aluminium pour rail en T ?<\/b><\/p>\n<p>Les profil\u00e9s en T en aluminium offrent flexibilit\u00e9, durabilit\u00e9 et r\u00e9sistance \u00e0 la corrosion, ce qui les rend id\u00e9aux pour l'assemblage modulaire et les syst\u00e8mes d'encadrement r\u00e9glables.<br \/>\n<\/p><br \/>\n<br \/>\n<p><b>2. Comment la conception des profil\u00e9s en aluminium pour rail en T am\u00e9liore-t-elle la polyvalence ?<\/b><\/p>\n<p>La conception de la voie en T permet une int\u00e9gration facile avec diff\u00e9rents composants, ce qui permet une personnalisation et une flexibilit\u00e9 dans la construction de diff\u00e9rents types de syst\u00e8mes.<br \/>\n<\/p><br \/>\n<br \/>\n<p><b>3) Quel est le mat\u00e9riau utilis\u00e9 pour les profil\u00e9s en T en aluminium ?<\/b><\/p>\n<p>Ils sont fabriqu\u00e9s en aluminium de haute qualit\u00e9, offrant un \u00e9quilibre entre la solidit\u00e9, la l\u00e9g\u00e8ret\u00e9 et la r\u00e9sistance \u00e0 la corrosion pour des performances durables.<br \/>\n<\/p><br \/>\n<br \/>\n<p><b>4. Les extrusions de rails en T en aluminium peuvent-elles \u00eatre personnalis\u00e9es pour des applications sp\u00e9cifiques ?<\/b><\/p>\n<p>Oui, ils peuvent \u00eatre facilement personnalis\u00e9s pour s'adapter \u00e0 des syst\u00e8mes de rails sp\u00e9cifiques, offrant ainsi la flexibilit\u00e9 n\u00e9cessaire pour r\u00e9pondre \u00e0 diverses exigences industrielles et commerciales.<br \/>\n<\/p><br \/>\n<br \/>\n<p><b>5. Quelle est la r\u00e9sistance \u00e0 la corrosion des profil\u00e9s en aluminium pour rail en T ?<\/b><\/p>\n<p>Le mat\u00e9riau en aluminium est tr\u00e8s r\u00e9sistant \u00e0 la corrosion, ce qui garantit une fiabilit\u00e9 \u00e0 long terme et le maintien des performances dans des environnements exigeants.<br \/>\n<\/p><br \/>\n<br \/>\n<p><b>6) Quelles sont les industries qui utilisent les profil\u00e9s en aluminium pour rail en T ?<\/b><\/p>\n<p>Ils sont couramment utilis\u00e9s dans les secteurs de la fabrication, de l'automatisation, de la construction et de la robotique, o\u00f9 des syst\u00e8mes ajustables et modulaires sont n\u00e9cessaires.<br \/>\n<\/p><br \/>\n<br \/>\n<p><b>7. Quel est le rapport co\u00fbt-efficacit\u00e9 des profil\u00e9s en aluminium pour rail en T ?<\/b><\/p>\n<p>Ils constituent une solution rentable en r\u00e9duisant le besoin de mat\u00e9riel suppl\u00e9mentaire, en offrant un assemblage simple et en r\u00e9duisant les co\u00fbts d'installation globaux.<br \/>\n<\/p><br \/><\/p>","protected":false},"featured_media":7929,"template":"","categories":[54],"class_list":["post-7930","product","type-product","status-publish","has-post-thumbnail","hentry","category-industrial-aluminum-profiles"],"meta_box":{"hilight_text_group":{"product_hilight_text":"<li>Efficient and versatile design, ideal for modular assembly and adjustable framing systems.<\/li>\r\r\n<li>Durable aluminum construction offers lightweight strength and long-lasting performance.<\/li>\r\r\n<li>Corrosion-resistant surface ensures reliability and durability in various environments.<\/li>\r\r\n<li>Easy to integrate with other components, allowing for flexible and customizable configurations.<\/li>\r\r\n<li>Cost-effective solution for building robust and adaptable track-based systems without additional hardware.<\/li>","product_chanpin_blog":"<ul>\r\r\n<li><a href=\"https:\/\/sinoextrud.com\/t-slot-v-slot-differences\/\" target=\"_blank\">t slot vs v slot<\/a><\/li>\r\r\n<li><a href=\"https:\/\/sinoextrud.com\/what-is-4040-aluminium-extrud\/\" target=\"_blank\">4040 aluminium extrusion<\/a><\/li>\r\r\n<li><a href=\"https:\/\/sinoextrud.com\/what-is-4040-aluminium-extrud\/\" target=\"_blank\">aluminum extrusions for industrial racks<\/a><\/li>\r\r\n<li><a href=\"https:\/\/sinoextrud.com\/powder-coating-aluminium-process\/\" target=\"_blank\">powder coating aluminium<\/a><\/li>\r\r\n<li><a href=\"https:\/\/sinoextrud.com\/what-is-an-aluminium-strip-ceiling\/\" target=\"_blank\">aluminium strip ceiling<\/a><\/li>\r\r\n<li><a href=\"https:\/\/sinoextrud.com\/what-is-a-heat-sink\/\" target=\"_blank\">what is a heat sink<\/a><\/li>\r\r\n<\/ul>","product_chanpin_chanpin":"<li><a href=\"https:\/\/sinoextrud.com\/product\/aluminium-slot-profile\/\" target=\"_blank\">Aluminium Slot Profile<\/a><\/li>\r\n<li><a href=\"https:\/\/sinoextrud.com\/product\/aluminium-solar-frame-profile\/\" target=\"_blank\">Aluminium Solar Frame Profile<\/a><\/li>\r\n<li><a href=\"https:\/\/sinoextrud.com\/product\/aluminium-solar-profile\/\" target=\"_blank\">Aluminium Solar Profile<\/a><\/li>\r\n<li><a href=\"https:\/\/sinoextrud.com\/product\/aluminium-t-extrusion\/\" target=\"_blank\">Aluminium T Extrusion<\/a><\/li>\r\n<li><a href=\"https:\/\/sinoextrud.com\/product\/aluminium-t-track-extrusions\/\" target=\"_blank\">Aluminium T Track Extrusions<\/a><\/li>\r\n<li><a href=\"https:\/\/sinoextrud.com\/product\/aluminum-electronic-enclosure-heatsink\/\" target=\"_blank\">Aluminum Electronic Enclosure heatsink<\/a><\/li>\r\n<li><a href=\"https:\/\/sinoextrud.com\/product\/aluminum-extruded-profile-for-5g-communication-instrument\/\" target=\"_blank\">Aluminum Extruded Profile For 5G Communication Instrument<\/a><\/li>\r\n<li><a href=\"https:\/\/sinoextrud.com\/product\/aluminum-extrusion-framing-components\/\" target=\"_blank\">Aluminum Extrusion Framing Components<\/a><\/li>\r\n<li><a href=\"https:\/\/sinoextrud.com\/product\/aluminum-extrusion-heat-profiles-sink\/\" target=\"_blank\">Aluminum Extrusion Heat Profiles Sink<\/a><\/li>\r\n<li><a href=\"https:\/\/sinoextrud.com\/product\/electrophoretic-wood-surface-aluminum-square-pipe\/\" target=\"_blank\">Electrophoretic wood surface-aluminum Square Pipe<\/a><\/li>\r\n<li><a href=\"https:\/\/sinoextrud.com\/product\/profiles-aluminum\/\" target=\"_blank\">Profiles aluminum<\/a><\/li>"},"feature_list":[]},"_links":{"self":[{"href":"https:\/\/sinoextrud.com\/fr\/wp-json\/wp\/v2\/product\/7930","targetHints":{"allow":["GET"]}}],"collection":[{"href":"https:\/\/sinoextrud.com\/fr\/wp-json\/wp\/v2\/product"}],"about":[{"href":"https:\/\/sinoextrud.com\/fr\/wp-json\/wp\/v2\/types\/product"}],"wp:featuredmedia":[{"embeddable":true,"href":"https:\/\/sinoextrud.com\/fr\/wp-json\/wp\/v2\/media\/7929"}],"wp:attachment":[{"href":"https:\/\/sinoextrud.com\/fr\/wp-json\/wp\/v2\/media?parent=7930"}],"wp:term":[{"taxonomy":"category","embeddable":true,"href":"https:\/\/sinoextrud.com\/fr\/wp-json\/wp\/v2\/categories?post=7930"}],"curies":[{"name":"wp","href":"https:\/\/api.w.org\/{rel}","templated":true}]}}