{"id":7920,"date":"2025-06-11T07:08:28","date_gmt":"2025-06-11T07:08:28","guid":{"rendered":"https:\/\/sinoextrud.com\/product\/aluminium-slot-profile\/"},"modified":"2025-06-24T06:14:06","modified_gmt":"2025-06-24T06:14:06","slug":"profile-a-fente-en-aluminium","status":"publish","type":"product","link":"https:\/\/sinoextrud.com\/fr\/product\/aluminium-slot-profile\/","title":{"rendered":"Profil\u00e9 \u00e0 fente en aluminium"},"content":{"rendered":"<h2>D\u00e9tails des produits<\/h2>\n<table class=\"custom-table\">\n<tbody>\n<tr>\n<td>Classification :<\/td>\n<td>Machine d'atelier<\/td>\n<\/tr>\n<tr>\n<td>Automatique Grade :<\/td>\n<td>Non-automatique<\/td>\n<\/tr>\n<tr>\n<td>Performance :<\/td>\n<td>Anti-incendie, anti-eau, anti-salet\u00e9<\/td>\n<\/tr>\n<tr>\n<td>\u00c9paisseur :<\/td>\n<td>2,7 mm<\/td>\n<\/tr>\n<tr>\n<td>Longueur :<\/td>\n<td>1-9m<\/td>\n<\/tr>\n<tr>\n<td>Marque d\u00e9pos\u00e9e :<\/td>\n<td>Sinoextrud<\/td>\n<\/tr>\n<tr>\n<td>Code HS :<\/td>\n<td>76041010<\/td>\n<\/tr>\n<tr>\n<td>Type d'entra\u00eenement :<\/td>\n<td>Table d'atelier<\/td>\n<\/tr>\n<tr>\n<td>Application :<\/td>\n<td>Industriel, Mat\u00e9riel de film, Fen\u00eatres, Portes, Volets, Cl\u00f4ture<\/td>\n<\/tr>\n<tr>\n<td>Mat\u00e9riau de la membrane :<\/td>\n<td>6063-t5<\/td>\n<\/tr>\n<tr>\n<td>Largeur :<\/td>\n<td>80*80mm<\/td>\n<\/tr>\n<tr>\n<td>Mat\u00e9riau :<\/td>\n<td>6000 alliage<\/td>\n<\/tr>\n<tr>\n<td>Couleur :<\/td>\n<td>argent anodis\u00e9, argent \u00e9lectrophor\u00e8se, rev\u00eatement en poudre, environ 5000 couleurs<\/td>\n<\/tr>\n<tr>\n<td>Paquet de transport :<\/td>\n<td>Emball\u00e9s dans des enveloppes en plastique PE et emball\u00e9s en paquets dans des papiers mousse.<\/td>\n<\/tr>\n<tr>\n<td>Origine :<\/td>\n<td>Foshan, Chine<\/td>\n<\/tr>\n<\/tbody>\n<\/table>\n<h2>Notre base de production<\/h2>\n<h3>Panorama de l'usine<\/h3>\n<p><img decoding=\"async\" src=\"\/wp-content\/uploads\/factory-01.webp\"\/><\/p>\n<h3>Atelier de fabrication de barres d'aluminium<\/h3>\n<p><img decoding=\"async\" src=\"\/wp-content\/uploads\/factory-02.webp\"\/><\/p>\n<\/p>\n<p><img decoding=\"async\" src=\"\/wp-content\/uploads\/factory-03.webp\"\/><\/p>\n<h3>Entrep\u00f4t de stockage des moules<\/h3>\n<p><img decoding=\"async\" src=\"\/wp-content\/uploads\/factory-04.webp\"\/><\/p>\n<h3>43 lignes d'extrusion d'aluminium (500 \u00e0 5500 tonnes)<\/h3>\n<p><img decoding=\"async\" src=\"\/wp-content\/uploads\/factory-05.webp\"\/><\/p>\n<p><img decoding=\"async\" src=\"\/wp-content\/uploads\/factory-06.webp\"\/><\/p>\n<p><img decoding=\"async\" src=\"\/wp-content\/uploads\/factory-07.webp\"\/><\/p>\n<h3>Atelier de peinture en poudre<\/h3>\n<p><img decoding=\"async\" src=\"\/wp-content\/uploads\/factory-09.webp\"\/><\/p>\n<h3>Atelier d'anodisation<\/h3>\n<p><img decoding=\"async\" src=\"\/wp-content\/uploads\/factory-10.webp\"\/><\/p>\n<h3>Atelier sur le traitement en profondeur<\/h3>\n<p><img decoding=\"async\" src=\"\/wp-content\/uploads\/factory-11.webp\"\/><\/p>\n<h3>Atelier d'usinage de pr\u00e9cision CNC<\/h3>\n<p><img decoding=\"async\" src=\"\/wp-content\/uploads\/factory-11.5.webp\"\/><\/p>\n<h3>Entrep\u00f4t de produits finis et d'exportation<\/h3>\n<p><img decoding=\"async\" src=\"\/wp-content\/uploads\/factory-12.webp\"\/><\/p>\n<p><img decoding=\"async\" src=\"\/wp-content\/uploads\/factory-13.webp\"\/><\/p>\n<p><img decoding=\"async\" src=\"\/wp-content\/uploads\/factory-14.webp\"\/><\/p>\n<h2>FAQ<\/h2>\n<p><b>1) Qu'est-ce qui rend les profil\u00e9s \u00e0 rainures en aluminium polyvalents ?<\/b><\/p>\n<p>Les profil\u00e9s \u00e0 rainures en aluminium sont hautement personnalisables et offrent une grande flexibilit\u00e9 dans la construction de structures modulaires et ajustables pour une large gamme d'applications industrielles.\n<\/p>\n<p><\/p>\n<p><b>2. Quels sont les avantages du mat\u00e9riau aluminium pour les profil\u00e9s \u00e0 rainures en aluminium ?<\/b><\/p>\n<p>Le mat\u00e9riau aluminium offre une solidit\u00e9, une r\u00e9sistance \u00e0 la corrosion et des propri\u00e9t\u00e9s de l\u00e9g\u00e8ret\u00e9, ce qui rend les profil\u00e9s durables et faciles \u00e0 manipuler pour diverses applications.\n<\/p>\n<p><\/p>\n<p><b>3) Les profil\u00e9s \u00e0 rainures en aluminium peuvent-ils \u00eatre personnalis\u00e9s pour des projets sp\u00e9cifiques ?<\/b><\/p>\n<p>Oui, les profil\u00e9s sont con\u00e7us pour \u00eatre personnalis\u00e9s, ce qui vous permet de cr\u00e9er des structures sur mesure qui r\u00e9pondent \u00e0 des exigences sp\u00e9cifiques en mati\u00e8re de conception et de portance.\n<\/p>\n<p><\/p>\n<p><b>4. Comment la r\u00e9sistance \u00e0 la corrosion am\u00e9liore-t-elle les profil\u00e9s \u00e0 rainures en aluminium ?<\/b><\/p>\n<p>Les propri\u00e9t\u00e9s de r\u00e9sistance \u00e0 la corrosion garantissent que les profil\u00e9s conservent leur aspect et leurs performances m\u00eame dans des environnements ext\u00e9rieurs et industriels difficiles.\n<\/p>\n<p><\/p>\n<p><b>5. Quelle est la facilit\u00e9 d'assemblage des profil\u00e9s \u00e0 rainures en aluminium ?<\/b><\/p>\n<p>La conception de la fente permet un assemblage facile et rapide, permettant aux composants de s'adapter en toute s\u00e9curit\u00e9 sans n\u00e9cessiter de mat\u00e9riel suppl\u00e9mentaire ou d'outils complexes.\n<\/p>\n<p><\/p>\n<p><b>6) Quelles sont les industries qui utilisent les profil\u00e9s \u00e0 rainures en aluminium ?<\/b><\/p>\n<p>Ils sont couramment utilis\u00e9s dans les secteurs de la construction, de l'automatisation, de la fabrication et de la charpente, o\u00f9 des syst\u00e8mes r\u00e9glables et modulaires sont n\u00e9cessaires.\n<\/p>\n<p><\/p>\n<p><b>7. Quel est le rapport co\u00fbt-efficacit\u00e9 des profil\u00e9s \u00e0 rainures en aluminium ?<\/b><\/p>\n<p>Ils offrent une solution rentable en \u00e9liminant le besoin de composants suppl\u00e9mentaires et en r\u00e9duisant le temps de travail, ce qui les rend id\u00e9aux pour la construction de cadres sur mesure et les projets structurels.\n<\/p>\n<p><\/p>","protected":false},"featured_media":7919,"template":"","categories":[54],"class_list":["post-7920","product","type-product","status-publish","has-post-thumbnail","hentry","category-industrial-aluminum-profiles"],"meta_box":{"hilight_text_group":{"product_hilight_text":"<li>Versatile and customizable slot profiles, ideal for creating modular and adjustable structures.<\/li>\r\r\n<li>Durable aluminum construction, offering lightweight strength and long-lasting performance.<\/li>\r\r\n<li>Corrosion-resistant, making it suitable for both indoor and outdoor applications in various environments.<\/li>\r\r\n<li>Easy to assemble, reducing installation time and labor costs due to its slot design compatibility.<\/li>\r\r\n<li>Cost-effective solution for building flexible frames and enclosures without additional hardware.<\/li>","product_chanpin_blog":"<ul>\r\r\n<li><a href=\"https:\/\/sinoextrud.com\/t-slot-v-slot-differences\/\" target=\"_blank\">t slot vs v slot<\/a><\/li>\r\r\n<li><a href=\"https:\/\/sinoextrud.com\/what-is-4040-aluminium-extrud\/\" target=\"_blank\">4040 aluminium extrusion<\/a><\/li>\r\r\n<li><a href=\"https:\/\/sinoextrud.com\/what-is-4040-aluminium-extrud\/\" target=\"_blank\">aluminum extrusions for industrial racks<\/a><\/li>\r\r\n<li><a href=\"https:\/\/sinoextrud.com\/powder-coating-aluminium-process\/\" target=\"_blank\">powder coating aluminium<\/a><\/li>\r\r\n<li><a href=\"https:\/\/sinoextrud.com\/what-is-an-aluminium-strip-ceiling\/\" target=\"_blank\">aluminium strip ceiling<\/a><\/li>\r\r\n<li><a href=\"https:\/\/sinoextrud.com\/what-is-a-heat-sink\/\" target=\"_blank\">what is a heat sink<\/a><\/li>\r\r\n<\/ul>","product_chanpin_chanpin":"<li><a href=\"https:\/\/sinoextrud.com\/product\/aluminium-extrusion-for-solar-panel-mounting-frame\/\" target=\"_blank\">Aluminium extrusion for solar panel mounting frame<\/a><\/li>\r\n<li><a href=\"https:\/\/sinoextrud.com\/product\/aluminium-extrusion-profile-for-led-light-strip-heat-sink\/\" target=\"_blank\">Aluminium Extrusion Profile For LED Light Strip Heat Sink<\/a><\/li>\r\n<li><a href=\"https:\/\/sinoextrud.com\/product\/aluminium-industrial-profile\/\" target=\"_blank\">Aluminium Industrial Profile<\/a><\/li>\r\n<li><a href=\"https:\/\/sinoextrud.com\/product\/aluminium-round-tube-aluminium-profile-with-series-3003-3001\/\" target=\"_blank\">Aluminium Round Tube Aluminium Profile With Series 3003 3001<\/a><\/li>\r\n<li><a href=\"https:\/\/sinoextrud.com\/product\/aluminium-slot-profile\/\" target=\"_blank\">Aluminium Slot Profile<\/a><\/li>\r\n<li><a href=\"https:\/\/sinoextrud.com\/product\/aluminium-solar-frame-profile\/\" target=\"_blank\">Aluminium Solar Frame Profile<\/a><\/li>\r\n<li><a href=\"https:\/\/sinoextrud.com\/product\/aluminium-solar-profile\/\" target=\"_blank\">Aluminium Solar Profile<\/a><\/li>\r\n<li><a href=\"https:\/\/sinoextrud.com\/product\/aluminium-t-extrusion\/\" target=\"_blank\">Aluminium T Extrusion<\/a><\/li>\r\n<li><a href=\"https:\/\/sinoextrud.com\/product\/aluminium-t-track-extrusions\/\" target=\"_blank\">Aluminium T Track Extrusions<\/a><\/li>\r\n<li><a href=\"https:\/\/sinoextrud.com\/product\/aluminum-profile-for-windows-and-door-aluminum-curtain-wall-profile-extrusion\/\" target=\"_blank\">Aluminum Profile for Windows and Door Aluminum Curtain Wall Profile Extrusion<\/a><\/li>\r\n<li><a href=\"https:\/\/sinoextrud.com\/product\/aluminum-shutter\/\" target=\"_blank\">Aluminum Shutter<\/a><\/li>"},"feature_list":[]},"_links":{"self":[{"href":"https:\/\/sinoextrud.com\/fr\/wp-json\/wp\/v2\/product\/7920","targetHints":{"allow":["GET"]}}],"collection":[{"href":"https:\/\/sinoextrud.com\/fr\/wp-json\/wp\/v2\/product"}],"about":[{"href":"https:\/\/sinoextrud.com\/fr\/wp-json\/wp\/v2\/types\/product"}],"wp:featuredmedia":[{"embeddable":true,"href":"https:\/\/sinoextrud.com\/fr\/wp-json\/wp\/v2\/media\/7919"}],"wp:attachment":[{"href":"https:\/\/sinoextrud.com\/fr\/wp-json\/wp\/v2\/media?parent=7920"}],"wp:term":[{"taxonomy":"category","embeddable":true,"href":"https:\/\/sinoextrud.com\/fr\/wp-json\/wp\/v2\/categories?post=7920"}],"curies":[{"name":"wp","href":"https:\/\/api.w.org\/{rel}","templated":true}]}}