{"id":7916,"date":"2025-06-11T06:58:14","date_gmt":"2025-06-11T06:58:14","guid":{"rendered":"https:\/\/sinoextrud.com\/product\/aluminium-industrial-profile\/"},"modified":"2025-06-24T06:14:05","modified_gmt":"2025-06-24T06:14:05","slug":"profil-industriel-en-aluminium","status":"publish","type":"product","link":"https:\/\/sinoextrud.com\/fr\/product\/aluminium-industrial-profile\/","title":{"rendered":"Profil industriel de l'aluminium"},"content":{"rendered":"<h2>D\u00e9tails des produits<\/h2>\n<table class=\"custom-table\">\n<tr>\n<td class=\"label\">Forme :<\/td>\n<td> Sur mesure<\/td>\n<\/tr>\n<tr>\n<td class=\"label\">Temp\u00e9rer :<\/td>\n<td> T3-T8<\/td>\n<\/tr>\n<tr>\n<td class=\"label\">Alliage :<\/td>\n<td> Alliage<\/td>\n<\/tr>\n<tr>\n<td class=\"label\">Ingr\u00e9dient d'alliage :<\/td>\n<td> 6063<\/td>\n<\/tr>\n<tr>\n<td class=\"label\">Aluminium poli Profil :<\/td>\n<td> Polissage m\u00e9canique<\/td>\n<\/tr>\n<tr>\n<td class=\"label\">Traitement :<\/td>\n<td> Extrusion de qualit\u00e9<\/td>\n<\/tr>\n<tr>\n<td class=\"label\">Largeur maximale :<\/td>\n<td> 500mm X 500mm<\/td>\n<\/tr>\n<tr>\n<td class=\"label\">Paquet de transport :<\/td>\n<td> Papier Borwn envelopp\u00e9 d'un film plastique<\/td>\n<\/tr>\n<tr>\n<td class=\"label\">Origine :<\/td>\n<td> Guangdong, Chine (Mainland)<\/td>\n<\/tr>\n<tr>\n<td class=\"label\">Type :<\/td>\n<td> Profil\u00e9 d'aluminium pour portes et fen\u00eatres, profil\u00e9 d'aluminium pour la d\u00e9coration, profil\u00e9 d'aluminium pour dissipateur thermique, profil\u00e9 d'aluminium pour l'industrie<\/td>\n<\/tr>\n<tr>\n<td class=\"label\">Grade :<\/td>\n<td> S\u00e9rie 6000<\/td>\n<\/tr>\n<tr>\n<td class=\"label\">Finition de la surface :<\/td>\n<td> Anodis\u00e9, rev\u00eatement en poudre, grain de bois, bross\u00e9, etc. ou personnalis\u00e9<\/td>\n<\/tr>\n<tr>\n<td class=\"label\">Certification :<\/td>\n<td> ISO, SGS<\/td>\n<\/tr>\n<tr>\n<td class=\"label\">Legnth :<\/td>\n<td> 3~8m<\/td>\n<\/tr>\n<tr>\n<td class=\"label\">Standard Chine :<\/td>\n<td> GB5237-2008<\/td>\n<\/tr>\n<tr>\n<td class=\"label\">Code HS :<\/td>\n<td> 7604210000<\/td>\n<\/tr>\n<\/table>\n<h2>Notre base de production<\/h2>\n<h3>Panorama de l'usine<\/h3>\n<p><img decoding=\"async\" src=\"\/wp-content\/uploads\/factory-01.webp\"\/><\/p>\n<h3>Atelier de fabrication de barres d'aluminium<\/h3>\n<p><img decoding=\"async\" src=\"\/wp-content\/uploads\/factory-02.webp\"\/><\/p>\n<p><img decoding=\"async\" src=\"\/wp-content\/uploads\/factory-03.webp\"\/><\/p>\n<h3>Entrep\u00f4t de stockage des moules<\/h3>\n<p><img decoding=\"async\" src=\"\/wp-content\/uploads\/factory-04.webp\"\/><\/p>\n<h3>43 lignes d'extrusion d'aluminium (500 \u00e0 5500 tonnes)<\/h3>\n<p><img decoding=\"async\" src=\"\/wp-content\/uploads\/factory-05.webp\"\/><\/p>\n<p><img decoding=\"async\" src=\"\/wp-content\/uploads\/factory-06.webp\"\/><\/p>\n<p><img decoding=\"async\" src=\"\/wp-content\/uploads\/factory-07.webp\"\/><\/p>\n<h3>Atelier de peinture en poudre<\/h3>\n<p><img decoding=\"async\" src=\"\/wp-content\/uploads\/factory-09.webp\"\/><\/p>\n<h3>Atelier d'anodisation<\/h3>\n<p><img decoding=\"async\" src=\"\/wp-content\/uploads\/factory-10.webp\"\/><\/p>\n<h3>Atelier sur le traitement en profondeur<\/h3>\n<p><img decoding=\"async\" src=\"\/wp-content\/uploads\/factory-11.webp\"\/><\/p>\n<h3>Atelier d'usinage de pr\u00e9cision CNC<\/h3>\n<p><img decoding=\"async\" src=\"\/wp-content\/uploads\/factory-11.5.webp\"\/><\/p>\n<h3>Entrep\u00f4t de produits finis et d'exportation<\/h3>\n<p><img decoding=\"async\" src=\"\/wp-content\/uploads\/factory-12.webp\"\/><\/p>\n<p><img decoding=\"async\" src=\"\/wp-content\/uploads\/factory-13.webp\"\/><\/p>\n<p><img decoding=\"async\" src=\"\/wp-content\/uploads\/factory-14.webp\"\/><\/p>\n<h2>FAQ<\/h2>\n<p><p><b>1. \u00e0 quoi servent les profil\u00e9s industriels en aluminium ?<\/b><\/p>\n<p>Les profil\u00e9s industriels en aluminium sont utilis\u00e9s pour cr\u00e9er des structures solides et durables pour des applications industrielles telles que les ch\u00e2ssis de machines, les postes de travail et les syst\u00e8mes de support.<br \/>\n<\/p><br \/>\n<br \/>\n<p><b>2) Pourquoi choisir les profil\u00e9s industriels en aluminium plut\u00f4t que d'autres mat\u00e9riaux ?<\/b><\/p>\n<p>L'aluminium est l\u00e9ger, solide et r\u00e9sistant \u00e0 la corrosion, ce qui en fait un choix id\u00e9al pour les applications industrielles o\u00f9 la durabilit\u00e9 et la facilit\u00e9 de manipulation sont essentielles.<br \/>\n<\/p><br \/>\n<br \/>\n<p><b>3. les profil\u00e9s industriels en aluminium peuvent-ils \u00eatre personnalis\u00e9s pour diff\u00e9rents projets ?<\/b><\/p>\n<p>Oui, les profil\u00e9s industriels en aluminium sont hautement personnalisables et peuvent \u00eatre adapt\u00e9s aux besoins sp\u00e9cifiques et aux dimensions de divers projets industriels.<br \/>\n<\/p><br \/>\n<br \/>\n<p><b>4. Comment les profil\u00e9s industriels en aluminium contribuent-ils \u00e0 la r\u00e9duction des co\u00fbts ?<\/b><\/p>\n<p>Les profil\u00e9s industriels en aluminium r\u00e9duisent les co\u00fbts de main-d'\u0153uvre gr\u00e2ce \u00e0 leur facilit\u00e9 de manipulation, leur rapidit\u00e9 d'assemblage et leur l\u00e9g\u00e8ret\u00e9, ce qui les rend rentables pour les projets de grande envergure.<br \/>\n<\/p><br \/>\n<br \/>\n<p><b>5. les profil\u00e9s industriels en aluminium peuvent-ils \u00eatre utilis\u00e9s \u00e0 l'ext\u00e9rieur ?<\/b><\/p>\n<p>En effet, gr\u00e2ce \u00e0 leurs propri\u00e9t\u00e9s de r\u00e9sistance \u00e0 la corrosion, les profil\u00e9s industriels en aluminium sont bien adapt\u00e9s aux conditions ext\u00e9rieures et environnementales difficiles.<br \/>\n<\/p><br \/>\n<br \/>\n<p><b>6. Quelle est la solidit\u00e9 des profil\u00e9s industriels en aluminium ?<\/b><\/p>\n<p>Les profil\u00e9s industriels en aluminium sont con\u00e7us pour \u00eatre tr\u00e8s durables et solides, capables de supporter de lourdes charges et de r\u00e9sister \u00e0 une usure importante.<br \/>\n<\/p><br \/>\n<br \/>\n<p><b>7.Quels types d'accessoires peuvent \u00eatre utilis\u00e9s avec les profil\u00e9s industriels en aluminium ?<\/b><\/p>\n<p>Une large gamme d'accessoires, tels que des connecteurs, des supports et des fixations, peut \u00eatre utilis\u00e9e avec les profil\u00e9s industriels en aluminium pour am\u00e9liorer la flexibilit\u00e9 et la fonctionnalit\u00e9 des structures.<br \/>\n<\/p><br \/><\/p>","protected":false},"featured_media":7915,"template":"","categories":[54],"class_list":["post-7916","product","type-product","status-publish","has-post-thumbnail","hentry","category-industrial-aluminum-profiles"],"meta_box":{"hilight_text_group":{"product_hilight_text":"<li>High-strength aluminum profiles for durable and long-lasting industrial applications.<\/li>\r\r\n<li>Lightweight design ensures easy handling and installation, reducing overall labor costs.<\/li>\r\r\n<li>Corrosion-resistant surface for superior performance in harsh environments.<\/li>\r\r\n<li>Versatile and customizable profiles that can be tailored to specific project requirements.<\/li>\r\r\n<li>Easy integration with a wide range of accessories, enhancing functionality and flexibility.<\/li>","product_chanpin_blog":"<ul>\r\r\n<li><a href=\"https:\/\/sinoextrud.com\/t-slot-v-slot-differences\/\" target=\"_blank\">t slot vs v slot<\/a><\/li>\r\r\n<li><a href=\"https:\/\/sinoextrud.com\/what-is-4040-aluminium-extrud\/\" target=\"_blank\">4040 aluminium extrusion<\/a><\/li>\r\r\n<li><a href=\"https:\/\/sinoextrud.com\/what-is-4040-aluminium-extrud\/\" target=\"_blank\">aluminum extrusions for industrial racks<\/a><\/li>\r\r\n<li><a href=\"https:\/\/sinoextrud.com\/powder-coating-aluminium-process\/\" target=\"_blank\">powder coating aluminium<\/a><\/li>\r\r\n<li><a href=\"https:\/\/sinoextrud.com\/what-is-an-aluminium-strip-ceiling\/\" target=\"_blank\">aluminium strip ceiling<\/a><\/li>\r\r\n<li><a href=\"https:\/\/sinoextrud.com\/what-is-a-heat-sink\/\" target=\"_blank\">what is a heat sink<\/a><\/li>\r\r\n<\/ul>","product_chanpin_chanpin":"<li><a href=\"https:\/\/sinoextrud.com\/product\/aluminium-extrusion-caravan-profiles\/\" target=\"_blank\">Aluminium Extrusion Caravan Profiles<\/a><\/li>\r\n<li><a href=\"https:\/\/sinoextrud.com\/product\/aluminium-extrusion-fittings-for-led\/\" target=\"_blank\">Aluminium Extrusion Fittings For Led<\/a><\/li>\r\n<li><a href=\"https:\/\/sinoextrud.com\/product\/aluminium-extrusion-for-solar-panel-mounting-frame\/\" target=\"_blank\">Aluminium extrusion for solar panel mounting frame<\/a><\/li>\r\n<li><a href=\"https:\/\/sinoextrud.com\/product\/aluminium-extrusion-profile-for-led-light-strip-heat-sink\/\" target=\"_blank\">Aluminium Extrusion Profile For LED Light Strip Heat Sink<\/a><\/li>\r\n<li><a href=\"https:\/\/sinoextrud.com\/product\/aluminium-industrial-profile\/\" target=\"_blank\">Aluminium Industrial Profile<\/a><\/li>\r\n<li><a href=\"https:\/\/sinoextrud.com\/product\/aluminium-round-tube-aluminium-profile-with-series-3003-3001\/\" target=\"_blank\">Aluminium Round Tube Aluminium Profile With Series 3003 3001<\/a><\/li>\r\n<li><a href=\"https:\/\/sinoextrud.com\/product\/aluminium-slot-profile\/\" target=\"_blank\">Aluminium Slot Profile<\/a><\/li>\r\n<li><a href=\"https:\/\/sinoextrud.com\/product\/aluminium-solar-frame-profile\/\" target=\"_blank\">Aluminium Solar Frame Profile<\/a><\/li>\r\n<li><a href=\"https:\/\/sinoextrud.com\/product\/aluminium-solar-profile\/\" target=\"_blank\">Aluminium Solar Profile<\/a><\/li>\r\n<li><a href=\"https:\/\/sinoextrud.com\/product\/combination-ceiling-system\/\" target=\"_blank\">Combination Ceiling System<\/a><\/li>\r\n<li><a href=\"https:\/\/sinoextrud.com\/product\/aluminum-extrusion-l-shaped-angle-aluminum-profile-in-china\/\" target=\"_blank\">Aluminum Extrusion L-shaped Angle Aluminum Profile in China<\/a><\/li>"},"feature_list":[]},"_links":{"self":[{"href":"https:\/\/sinoextrud.com\/fr\/wp-json\/wp\/v2\/product\/7916","targetHints":{"allow":["GET"]}}],"collection":[{"href":"https:\/\/sinoextrud.com\/fr\/wp-json\/wp\/v2\/product"}],"about":[{"href":"https:\/\/sinoextrud.com\/fr\/wp-json\/wp\/v2\/types\/product"}],"wp:featuredmedia":[{"embeddable":true,"href":"https:\/\/sinoextrud.com\/fr\/wp-json\/wp\/v2\/media\/7915"}],"wp:attachment":[{"href":"https:\/\/sinoextrud.com\/fr\/wp-json\/wp\/v2\/media?parent=7916"}],"wp:term":[{"taxonomy":"category","embeddable":true,"href":"https:\/\/sinoextrud.com\/fr\/wp-json\/wp\/v2\/categories?post=7916"}],"curies":[{"name":"wp","href":"https:\/\/api.w.org\/{rel}","templated":true}]}}