{"id":7914,"date":"2025-06-11T06:55:34","date_gmt":"2025-06-11T06:55:34","guid":{"rendered":"https:\/\/sinoextrud.com\/product\/aluminium-extrusion-profile-for-led-light-strip-heat-sink\/"},"modified":"2025-06-24T06:14:04","modified_gmt":"2025-06-24T06:14:04","slug":"profile-dextrusion-en-aluminium-pour-bande-lumineuse-led-dissipateur-de-chaleur","status":"publish","type":"product","link":"https:\/\/sinoextrud.com\/fr\/product\/aluminium-extrusion-profile-for-led-light-strip-heat-sink\/","title":{"rendered":"Profil\u00e9 d'extrusion en aluminium pour dissipateur thermique de bande lumineuse LED"},"content":{"rendered":"<h2>D\u00e9tails des produits<\/h2>\n<table class=\"custom-table\">\n<tr>\n<td class=\"label\">Article :<\/td>\n<td> Profil\u00e9 d'extrusion en aluminium pour dissipateur de chaleur pour bande lumineuse LED<\/td>\n<\/tr>\n<tr>\n<td class=\"label\">Forme :<\/td>\n<td> Selon le dessin du client<\/td>\n<\/tr>\n<tr>\n<td class=\"label\">Temp\u00e9rer :<\/td>\n<td> T3-T8<\/td>\n<\/tr>\n<tr>\n<td class=\"label\">Alliage :<\/td>\n<td> Alliage<\/td>\n<\/tr>\n<tr>\n<td class=\"label\">Conception\/\u00e9chantillons OEM :<\/td>\n<td> Bienvenue\/Acceptable<\/td>\n<\/tr>\n<tr>\n<td class=\"label\">Marque d\u00e9pos\u00e9e :<\/td>\n<td> Sinoextrud(Sinoextrud)\/ OEM<\/td>\n<\/tr>\n<tr>\n<td class=\"label\">Grade :<\/td>\n<td> S\u00e9rie 6000<\/td>\n<\/tr>\n<tr>\n<td class=\"label\">Rapport d'essai :<\/td>\n<td>100% Inspection avant exp\u00e9dition<\/td>\n<\/tr>\n<tr>\n<td class=\"label\">Paquet de transport :<\/td>\n<td>Film protecteur en plastique et papier de bricolage imperm\u00e9able<\/td>\n<\/tr>\n<tr>\n<td class=\"label\">Origine :<\/td>\n<td> Foshan, Guangdong, Chine\n <\/td>\n<\/tr>\n<\/table>\n<h2>Notre base de production<\/h2>\n<h3>Panorama de l'usine<\/h3>\n<p><img decoding=\"async\" src=\"\/wp-content\/uploads\/factory-01.webp\"\/><\/p>\n<h3>Atelier de fabrication de barres d'aluminium<\/h3>\n<p><img decoding=\"async\" src=\"\/wp-content\/uploads\/factory-02.webp\"\/><\/p>\n<p><img decoding=\"async\" src=\"\/wp-content\/uploads\/factory-03.webp\"\/><\/p>\n<h3>Entrep\u00f4t de stockage des moules<\/h3>\n<p><img decoding=\"async\" src=\"\/wp-content\/uploads\/factory-04.webp\"\/><\/p>\n<h3>43 lignes d'extrusion d'aluminium (500-5500 tonnes)<\/h3>\n<p><img decoding=\"async\" src=\"\/wp-content\/uploads\/factory-05.webp\"\/><\/p>\n<p><img decoding=\"async\" src=\"\/wp-content\/uploads\/factory-06.webp\"\/><\/p>\n<p><img decoding=\"async\" src=\"\/wp-content\/uploads\/factory-07.webp\"\/><\/p>\n<h3>Atelier de peinture en poudre<\/h3>\n<p><img decoding=\"async\" src=\"\/wp-content\/uploads\/factory-09.webp\"\/><\/p>\n<h3>Atelier d'anodisation<\/h3>\n<p><img decoding=\"async\" src=\"\/wp-content\/uploads\/factory-10.webp\"\/><\/p>\n<h3>Atelier sur le traitement en profondeur<\/h3>\n<p><img decoding=\"async\" src=\"\/wp-content\/uploads\/factory-11.webp\"\/><\/p>\n<h3>Atelier d'usinage de pr\u00e9cision CNC<\/h3>\n<p><img decoding=\"async\" src=\"\/wp-content\/uploads\/factory-11.5.webp\"\/><\/p>\n<h3>Entrep\u00f4t de produits finis et d'exportation<\/h3>\n<p><img decoding=\"async\" src=\"\/wp-content\/uploads\/factory-12.webp\"\/><\/p>\n<p><img decoding=\"async\" src=\"\/wp-content\/uploads\/factory-13.webp\"\/><\/p>\n<p><img decoding=\"async\" src=\"\/wp-content\/uploads\/factory-14.webp\"\/><\/p>\n<h2>FAQ<\/h2>\n<p><p><b>1) Quel est l'objectif des profil\u00e9s d'extrusion en aluminium pour les dissipateurs de chaleur des bandes lumineuses LED ? <\/b><\/p>\n<p>Les profil\u00e9s d'extrusion en aluminium pour dissipateurs de chaleur pour bandes LED sont con\u00e7us pour dissiper efficacement la chaleur des bandes LED, afin d'\u00e9viter la surchauffe et d'assurer leur performance optimale et leur long\u00e9vit\u00e9.<br \/>\n<\/p><br \/>\n<br \/>\n<p><b>2) Pourquoi l'aluminium est-il utilis\u00e9 comme dissipateur thermique dans les syst\u00e8mes d'\u00e9clairage \u00e0 LED ? <\/b><\/p>\n<p>L'aluminium est un excellent conducteur de chaleur, l\u00e9ger et r\u00e9sistant \u00e0 la corrosion, ce qui le rend id\u00e9al pour g\u00e9rer efficacement la chaleur dans les syst\u00e8mes d'\u00e9clairage \u00e0 LED.<br \/>\n<\/p><br \/>\n<br \/>\n<p><b>3. Quels sont les avantages de la finition anodis\u00e9e pour les profil\u00e9s d'extrusion en aluminium destin\u00e9s aux dissipateurs thermiques ? <\/b><\/p>\n<p>La finition anodis\u00e9e am\u00e9liore la r\u00e9sistance \u00e0 la corrosion, la durabilit\u00e9 et la dissipation de la chaleur, ce qui rend les profil\u00e9s en aluminium plus efficaces et plus durables dans les environnements exigeants.<br \/>\n<\/p><br \/>\n<br \/>\n<p><b>4. Les profil\u00e9s d'extrusion en aluminium pour bandes lumineuses LED peuvent-ils \u00eatre personnalis\u00e9s ? <\/b><\/p>\n<p>Oui, ces profil\u00e9s en aluminium peuvent \u00eatre personnalis\u00e9s en termes de taille, de forme et de design pour s'adapter \u00e0 diff\u00e9rentes bandes lumineuses LED et aux exigences sp\u00e9cifiques du projet.<br \/>\n<\/p><br \/>\n<br \/>\n<p><b>5. Comment l'utilisation d'un profil\u00e9 d'extrusion en aluminium am\u00e9liore-t-elle l'efficacit\u00e9 \u00e9nerg\u00e9tique ? <\/b><\/p>\n<p>En assurant une gestion thermique efficace, les profil\u00e9s d'extrusion en aluminium r\u00e9duisent le besoin de syst\u00e8mes de refroidissement suppl\u00e9mentaires, am\u00e9liorant ainsi l'efficacit\u00e9 \u00e9nerg\u00e9tique globale du syst\u00e8me d'\u00e9clairage \u00e0 LED.<br \/>\n<\/p><br \/>\n<br \/>\n<p><b>6. les profil\u00e9s d'extrusion en aluminium pour dissipateurs thermiques sont-ils faciles \u00e0 installer ? <\/b><\/p>\n<p>Oui, ces profils sont con\u00e7us pour s'int\u00e9grer facilement dans les installations d'\u00e9clairage existantes, ce qui simplifie l'installation et r\u00e9duit les besoins de maintenance.<br \/>\n<\/p><br \/>\n<br \/>\n<p><b>7. l'aluminium est-il respectueux de l'environnement pour les profil\u00e9s de dissipation thermique ? <\/b><\/p>\n<p>Oui, l'aluminium est 100% recyclable, ce qui en fait un choix de mat\u00e9riau \u00e9cologique pour les dissipateurs thermiques et contribue \u00e0 des pratiques d'\u00e9clairage durables.<br \/>\n<\/p><br \/><\/p>","protected":false},"featured_media":7913,"template":"","categories":[54],"class_list":["post-7914","product","type-product","status-publish","has-post-thumbnail","hentry","category-industrial-aluminum-profiles"],"meta_box":{"hilight_text_group":{"product_hilight_text":"<ul>\r\r\n  <li>Aluminum extrusion profile for LED light strip heat sink provides efficient thermal management, preventing overheating and ensuring optimal LED performance.<\/li>\r\r\n  <li>Corrosion-resistant anodized finish enhances durability and extends the lifespan of the LED system, even in challenging environments.<\/li>\r\r\n  <li>Lightweight yet strong, making it easy to handle and install while offering excellent heat dissipation properties for LED lighting applications.<\/li>\r\r\n  <li>Customizable designs and sizes allow for flexibility in fitting various LED light strips, offering tailored solutions for different lighting projects.<\/li>\r\r\n  <li>Energy-efficient cooling design reduces the need for additional cooling systems, improving the overall energy efficiency of the lighting system.<\/li>\r\r\n  <li>Easy integration into existing lighting setups, ensuring quick installation and reducing maintenance needs for LED lighting systems.<\/li>\r\r\n  <li>Eco-friendly and recyclable, supporting sustainable lighting solutions while reducing environmental impact.<\/li>\r\r\n<\/ul>","product_chanpin_blog":"<ul>\r\r\n<li><a href=\"https:\/\/sinoextrud.com\/t-slot-v-slot-differences\/\" target=\"_blank\">t slot vs v slot<\/a><\/li>\r\r\n<li><a href=\"https:\/\/sinoextrud.com\/what-is-4040-aluminium-extrud\/\" target=\"_blank\">4040 aluminium extrusion<\/a><\/li>\r\r\n<li><a href=\"https:\/\/sinoextrud.com\/what-is-4040-aluminium-extrud\/\" target=\"_blank\">aluminum extrusions for industrial racks<\/a><\/li>\r\r\n<li><a href=\"https:\/\/sinoextrud.com\/powder-coating-aluminium-process\/\" target=\"_blank\">powder coating aluminium<\/a><\/li>\r\r\n<li><a href=\"https:\/\/sinoextrud.com\/what-is-an-aluminium-strip-ceiling\/\" target=\"_blank\">aluminium strip ceiling<\/a><\/li>\r\r\n<li><a href=\"https:\/\/sinoextrud.com\/what-is-a-heat-sink\/\" target=\"_blank\">what is a heat sink<\/a><\/li>\r\r\n<\/ul>","product_chanpin_chanpin":"<li><a href=\"https:\/\/sinoextrud.com\/product\/aluminium-c-profile\/\" target=\"_blank\">Aluminium C Profile<\/a><\/li>\r\n<li><a href=\"https:\/\/sinoextrud.com\/product\/aluminium-extrusion-caravan-profiles\/\" target=\"_blank\">Aluminium Extrusion Caravan Profiles<\/a><\/li>\r\n<li><a href=\"https:\/\/sinoextrud.com\/product\/aluminium-extrusion-fittings-for-led\/\" target=\"_blank\">Aluminium Extrusion Fittings For Led<\/a><\/li>\r\n<li><a href=\"https:\/\/sinoextrud.com\/product\/aluminium-extrusion-for-solar-panel-mounting-frame\/\" target=\"_blank\">Aluminium extrusion for solar panel mounting frame<\/a><\/li>\r\n<li><a href=\"https:\/\/sinoextrud.com\/product\/aluminium-extrusion-profile-for-led-light-strip-heat-sink\/\" target=\"_blank\">Aluminium Extrusion Profile For LED Light Strip Heat Sink<\/a><\/li>\r\n<li><a href=\"https:\/\/sinoextrud.com\/product\/aluminium-industrial-profile\/\" target=\"_blank\">Aluminium Industrial Profile<\/a><\/li>\r\n<li><a href=\"https:\/\/sinoextrud.com\/product\/aluminium-round-tube-aluminium-profile-with-series-3003-3001\/\" target=\"_blank\">Aluminium Round Tube Aluminium Profile With Series 3003 3001<\/a><\/li>\r\n<li><a href=\"https:\/\/sinoextrud.com\/product\/aluminium-slot-profile\/\" target=\"_blank\">Aluminium Slot Profile<\/a><\/li>\r\n<li><a href=\"https:\/\/sinoextrud.com\/product\/aluminium-solar-frame-profile\/\" target=\"_blank\">Aluminium Solar Frame Profile<\/a><\/li>\r\n<li><a href=\"https:\/\/sinoextrud.com\/product\/aluminium-angle-profiles\/\" target=\"_blank\">Aluminium Angle Profiles<\/a><\/li>\r\n<li><a href=\"https:\/\/sinoextrud.com\/product\/aluminum-heat-sink-box-shapes-profiles\/\" target=\"_blank\">Aluminum Heat Sink Box  Shapes  Profiles<\/a><\/li>"},"feature_list":[]},"_links":{"self":[{"href":"https:\/\/sinoextrud.com\/fr\/wp-json\/wp\/v2\/product\/7914","targetHints":{"allow":["GET"]}}],"collection":[{"href":"https:\/\/sinoextrud.com\/fr\/wp-json\/wp\/v2\/product"}],"about":[{"href":"https:\/\/sinoextrud.com\/fr\/wp-json\/wp\/v2\/types\/product"}],"wp:featuredmedia":[{"embeddable":true,"href":"https:\/\/sinoextrud.com\/fr\/wp-json\/wp\/v2\/media\/7913"}],"wp:attachment":[{"href":"https:\/\/sinoextrud.com\/fr\/wp-json\/wp\/v2\/media?parent=7914"}],"wp:term":[{"taxonomy":"category","embeddable":true,"href":"https:\/\/sinoextrud.com\/fr\/wp-json\/wp\/v2\/categories?post=7914"}],"curies":[{"name":"wp","href":"https:\/\/api.w.org\/{rel}","templated":true}]}}