{"id":7912,"date":"2025-06-11T06:53:23","date_gmt":"2025-06-11T06:53:23","guid":{"rendered":"https:\/\/sinoextrud.com\/product\/aluminium-extrusion-for-solar-panel-mounting-frame\/"},"modified":"2025-06-24T06:14:04","modified_gmt":"2025-06-24T06:14:04","slug":"extrusion-daluminium-pour-cadre-de-montage-de-panneaux-solaires","status":"publish","type":"product","link":"https:\/\/sinoextrud.com\/fr\/product\/aluminium-extrusion-for-solar-panel-mounting-frame\/","title":{"rendered":"Extrusion d'aluminium pour le cadre de montage du panneau solaire"},"content":{"rendered":"<h2>D\u00e9tails des produits<\/h2>\n<table class=\"custom-table\">\n<tbody>\n<tr>\n<td> Article :<\/td>\n<td> Extrusion d'aluminium pour le cadre de montage du panneau solaire<\/td>\n<td> Grade :<\/td>\n<td> S\u00e9rie 6000<\/td>\n<\/tr>\n<tr>\n<td> Temp\u00e9rer :<\/td>\n<td> T5<\/td>\n<td> Lieu d'origine :<\/td>\n<td> Foshan, Guangdong<\/td>\n<\/tr>\n<tr>\n<td> Forme :<\/td>\n<td> Sur mesure<\/td>\n<td> Alliage ou non :<\/td>\n<td> Alliage<\/td>\n<\/tr>\n<tr>\n<td> Mat\u00e9riau :<\/td>\n<td> 6063<\/td>\n<td> Marque :<\/td>\n<td> Sinoextrud, Sinoextrud<\/td>\n<\/tr>\n<tr>\n<td> Couleur :<\/td>\n<td> Couleur personnalis\u00e9e<\/td>\n<td> Traitement de surface :<\/td>\n<td> Anodis\u00e9, rev\u00eatement par poudre, bross\u00e9, sablage, grain de bois<\/td>\n<\/tr>\n<tr>\n<td> D\u00e9lai de livraison :<\/td>\n<td> 25-30 jours<\/td>\n<td> MOQ :<\/td>\n<td> 200KG<\/td>\n<\/tr>\n<tr>\n<td> D\u00e9lai de paiement :<\/td>\n<td> 30% d\u00e9p\u00f4t, 70% solde avant livraison<\/td>\n<td> Service de traitement :<\/td>\n<td> Pliage, d\u00e9roulage, soudage, poin\u00e7onnage, d\u00e9coupage<\/td>\n<\/tr>\n<tr>\n<td> Port :<\/td>\n<td> Guangzhou, Shenzhen, Foshan<\/td>\n<td> Garantie :<\/td>\n<td> certificat du client ,comme BV , Soncap ,ISO<\/td>\n<\/tr>\n<tr>\n<td> Application :<\/td>\n<td> panneau solaire<\/td>\n<td> Longueur :<\/td>\n<td> 1-9m ou sur mesure<\/td>\n<\/tr>\n<\/tbody>\n<\/table>\n<h2>Notre base de production<\/h2>\n<h3>Panorama de l'usine<\/h3>\n<p><img decoding=\"async\" src=\"\/wp-content\/uploads\/factory-01.webp\"\/><\/p>\n<h3>Atelier de fabrication de barres d'aluminium<\/h3>\n<p><img decoding=\"async\" src=\"\/wp-content\/uploads\/factory-02.webp\"\/><\/p>\n<\/p>\n<p><img decoding=\"async\" src=\"\/wp-content\/uploads\/factory-03.webp\"\/><\/p>\n<h3>Entrep\u00f4t de stockage des moules<\/h3>\n<p><img decoding=\"async\" src=\"\/wp-content\/uploads\/factory-04.webp\"\/><\/p>\n<h3>43 lignes d'extrusion d'aluminium (500 \u00e0 5500 tonnes)<\/h3>\n<p><img decoding=\"async\" src=\"\/wp-content\/uploads\/factory-05.webp\"\/><\/p>\n<p><img decoding=\"async\" src=\"\/wp-content\/uploads\/factory-06.webp\"\/><\/p>\n<p><img decoding=\"async\" src=\"\/wp-content\/uploads\/factory-07.webp\"\/><\/p>\n<h3>Atelier de peinture en poudre<\/h3>\n<p><img decoding=\"async\" src=\"\/wp-content\/uploads\/factory-09.webp\"\/><\/p>\n<h3>Atelier d'anodisation<\/h3>\n<p><img decoding=\"async\" src=\"\/wp-content\/uploads\/factory-10.webp\"\/><\/p>\n<h3>Atelier sur le traitement en profondeur<\/h3>\n<p><img decoding=\"async\" src=\"\/wp-content\/uploads\/factory-11.webp\"\/><\/p>\n<h3>Atelier d'usinage de pr\u00e9cision CNC<\/h3>\n<p><img decoding=\"async\" src=\"\/wp-content\/uploads\/factory-11.5.webp\"\/><\/p>\n<h3>Entrep\u00f4t de produits finis et d'exportation<\/h3>\n<p><img decoding=\"async\" src=\"\/wp-content\/uploads\/factory-12.webp\"\/><\/p>\n<p><img decoding=\"async\" src=\"\/wp-content\/uploads\/factory-13.webp\"\/><\/p>\n<p><img decoding=\"async\" src=\"\/wp-content\/uploads\/factory-14.webp\"\/><\/p>\n<h2>FAQ<\/h2>\n<p><b>1) Qu'est-ce que l'extrusion d'aluminium pour les cadres de montage de panneaux solaires ? <\/b><\/p>\n<p> L'extrusion d'aluminium pour les cadres de montage de panneaux solaires est un profil\u00e9 structurel utilis\u00e9 pour soutenir et aligner en toute s\u00e9curit\u00e9 les panneaux solaires dans les installations r\u00e9sidentielles ou commerciales.\n<\/p>\n<p><\/p>\n<p><b>2) Pourquoi l'aluminium est-il id\u00e9al pour les cadres de montage des panneaux solaires ? <\/b><\/p>\n<p> L'aluminium est l\u00e9ger, solide et r\u00e9sistant \u00e0 la corrosion, ce qui le rend parfait pour une utilisation \u00e0 long terme dans les applications solaires ext\u00e9rieures.\n<\/p>\n<p><\/p>\n<p><b>3. l'extrusion d'aluminium peut-elle \u00eatre adapt\u00e9e \u00e0 diff\u00e9rentes installations solaires ? <\/b><\/p>\n<p> Oui, nous proposons des longueurs, des profils et des finitions sur mesure pour r\u00e9pondre aux dimensions sp\u00e9cifiques des panneaux solaires et des syst\u00e8mes de rayonnage.\n<\/p>\n<p><\/p>\n<p><b>4. l'extrusion d'aluminium est-elle compatible avec le mat\u00e9riel de montage standard ? <\/b><\/p>\n<p> Absolument, nos extrusions de montage solaire sont con\u00e7ues pour s'int\u00e9grer aux supports, colliers et connecteurs standard de l'industrie.\n<\/p>\n<p><\/p>\n<p><b>5. Comment l'extrusion d'aluminium am\u00e9liore-t-elle l'installation solaire ? <\/b><\/p>\n<p> Il permet un assemblage rapide, pr\u00e9cis et durable des panneaux solaires, r\u00e9duisant ainsi les co\u00fbts de main-d'\u0153uvre et le temps d'installation.\n<\/p>\n<p><\/p>\n<p><b>6. la finition de la surface est-elle adapt\u00e9e aux environnements difficiles ? <\/b><\/p>\n<p> Oui, les finitions anodis\u00e9es ou rev\u00eatues prot\u00e8gent l'aluminium de la corrosion, de l'exposition aux UV et de l'humidit\u00e9 dans les conditions ext\u00e9rieures.\n<\/p>\n<p><\/p>\n<p><b>7. quels types de projets solaires utilisent des cadres en aluminium extrud\u00e9 ? <\/b><\/p>\n<p> Ces cadres sont utilis\u00e9s dans les syst\u00e8mes de toiture, les fermes solaires au sol et les installations hors r\u00e9seau pour les applications r\u00e9sidentielles et commerciales.\n<\/p>\n<p><\/p>","protected":false},"featured_media":7911,"template":"","categories":[54],"class_list":["post-7912","product","type-product","status-publish","has-post-thumbnail","hentry","category-industrial-aluminum-profiles"],"meta_box":{"hilight_text_group":{"product_hilight_text":"<li>High-strength aluminium extrusion ensures stable and secure solar panel mounting.<\/li>\r\r\n<li>Corrosion-resistant surface treatment for long-term outdoor durability.<\/li>\r\r\n<li>Lightweight material simplifies transport and installation.<\/li>\r\r\n<li>Customizable lengths and cross-sections to fit various solar panel systems.<\/li>\r\r\n<li>Compatible with most standard solar mounting brackets and components.<\/li>\r\r\n<li>Precision-extruded for consistent quality and easy alignment.<\/li>\r\r\n<li>Cost-effective solution for large-scale solar energy projects.<\/li>","product_chanpin_blog":"<ul>\r\r\n<li><a href=\"https:\/\/sinoextrud.com\/t-slot-v-slot-differences\/\" target=\"_blank\">t slot vs v slot<\/a><\/li>\r\r\n<li><a href=\"https:\/\/sinoextrud.com\/what-is-4040-aluminium-extrud\/\" target=\"_blank\">4040 aluminium extrusion<\/a><\/li>\r\r\n<li><a href=\"https:\/\/sinoextrud.com\/what-is-4040-aluminium-extrud\/\" target=\"_blank\">aluminum extrusions for industrial racks<\/a><\/li>\r\r\n<li><a href=\"https:\/\/sinoextrud.com\/powder-coating-aluminium-process\/\" target=\"_blank\">powder coating aluminium<\/a><\/li>\r\r\n<li><a href=\"https:\/\/sinoextrud.com\/what-is-an-aluminium-strip-ceiling\/\" target=\"_blank\">aluminium strip ceiling<\/a><\/li>\r\r\n<li><a href=\"https:\/\/sinoextrud.com\/what-is-a-heat-sink\/\" target=\"_blank\">what is a heat sink<\/a><\/li>\r\r\n<\/ul>","product_chanpin_chanpin":"<li><a href=\"https:\/\/sinoextrud.com\/product\/aluminium-6061\/\" target=\"_blank\">Aluminium 6061<\/a><\/li>\r\n<li><a href=\"https:\/\/sinoextrud.com\/product\/aluminium-c-profile\/\" target=\"_blank\">Aluminium C Profile<\/a><\/li>\r\n<li><a href=\"https:\/\/sinoextrud.com\/product\/aluminium-extrusion-caravan-profiles\/\" target=\"_blank\">Aluminium Extrusion Caravan Profiles<\/a><\/li>\r\n<li><a href=\"https:\/\/sinoextrud.com\/product\/aluminium-extrusion-fittings-for-led\/\" target=\"_blank\">Aluminium Extrusion Fittings For Led<\/a><\/li>\r\n<li><a href=\"https:\/\/sinoextrud.com\/product\/aluminium-extrusion-for-solar-panel-mounting-frame\/\" target=\"_blank\">Aluminium extrusion for solar panel mounting frame<\/a><\/li>\r\n<li><a href=\"https:\/\/sinoextrud.com\/product\/aluminium-extrusion-profile-for-led-light-strip-heat-sink\/\" target=\"_blank\">Aluminium Extrusion Profile For LED Light Strip Heat Sink<\/a><\/li>\r\n<li><a href=\"https:\/\/sinoextrud.com\/product\/aluminium-industrial-profile\/\" target=\"_blank\">Aluminium Industrial Profile<\/a><\/li>\r\n<li><a href=\"https:\/\/sinoextrud.com\/product\/aluminium-round-tube-aluminium-profile-with-series-3003-3001\/\" target=\"_blank\">Aluminium Round Tube Aluminium Profile With Series 3003 3001<\/a><\/li>\r\n<li><a href=\"https:\/\/sinoextrud.com\/product\/aluminium-slot-profile\/\" target=\"_blank\">Aluminium Slot Profile<\/a><\/li>\r\n<li><a href=\"https:\/\/sinoextrud.com\/product\/aluminum-extrusion-rail\/\" target=\"_blank\">Aluminum Extrusion Rail<\/a><\/li>\r\n<li><a href=\"https:\/\/sinoextrud.com\/product\/heavy-duty-aluminium-sliding-door-golden\/\" target=\"_blank\">Heavy Duty Aluminium Sliding Door Golden<\/a><\/li>"},"feature_list":[]},"_links":{"self":[{"href":"https:\/\/sinoextrud.com\/fr\/wp-json\/wp\/v2\/product\/7912","targetHints":{"allow":["GET"]}}],"collection":[{"href":"https:\/\/sinoextrud.com\/fr\/wp-json\/wp\/v2\/product"}],"about":[{"href":"https:\/\/sinoextrud.com\/fr\/wp-json\/wp\/v2\/types\/product"}],"wp:featuredmedia":[{"embeddable":true,"href":"https:\/\/sinoextrud.com\/fr\/wp-json\/wp\/v2\/media\/7911"}],"wp:attachment":[{"href":"https:\/\/sinoextrud.com\/fr\/wp-json\/wp\/v2\/media?parent=7912"}],"wp:term":[{"taxonomy":"category","embeddable":true,"href":"https:\/\/sinoextrud.com\/fr\/wp-json\/wp\/v2\/categories?post=7912"}],"curies":[{"name":"wp","href":"https:\/\/api.w.org\/{rel}","templated":true}]}}