{"id":7898,"date":"2025-06-11T06:29:09","date_gmt":"2025-06-11T06:29:09","guid":{"rendered":"https:\/\/sinoextrud.com\/product\/7-series-and-1-series-aluminum-beam-profile\/"},"modified":"2025-06-24T06:14:01","modified_gmt":"2025-06-24T06:14:01","slug":"profile-de-poutre-en-aluminium-de-la-serie-7-et-de-la-serie-1","status":"publish","type":"product","link":"https:\/\/sinoextrud.com\/fr\/product\/7-series-and-1-series-aluminum-beam-profile\/","title":{"rendered":"Profil de poutre en aluminium de la s\u00e9rie 7 et de la s\u00e9rie 1"},"content":{"rendered":"<h2>D\u00e9tails des produits<\/h2>\n<table class=\"custom-table\">\n<tbody>\n<tr>\n<td> Nom du produit<\/td>\n<td> Profil\u00e9 de poutre en aluminium de la s\u00e9rie 7 et de la s\u00e9rie 1<\/td>\n<\/tr>\n<tr>\n<td> Mat\u00e9riau<\/td>\n<td> 6063, 6061, 6463, 6082 Alliage d'aluminium<\/td>\n<\/tr>\n<tr>\n<td> Couleur<\/td>\n<td> Sur mesure<\/td>\n<\/tr>\n<tr>\n<td> Standard<\/td>\n<td> GB2008<\/td>\n<\/tr>\n<tr>\n<td> Grade<\/td>\n<td> S\u00e9rie 6000<\/td>\n<\/tr>\n<tr>\n<td> \u00c9paisseur<\/td>\n<td> Sur mesure<\/td>\n<\/tr>\n<tr>\n<td> Utilisation<\/td>\n<td> D\u00e9coration<\/td>\n<\/tr>\n<tr>\n<td> Temp\u00e9rer<\/td>\n<td> T3-T8<\/td>\n<\/tr>\n<tr>\n<td> Longueur<\/td>\n<td> Sur mesure<\/td>\n<\/tr>\n<tr>\n<td> Traitement de surface<\/td>\n<td> Rev\u00eatement en poudre, finition en usine, PVDF, anodis\u00e9, grain de bois, poli, bross\u00e9, etc.<\/td>\n<\/tr>\n<tr>\n<td> Orgin<\/td>\n<td> CHINE<\/td>\n<\/tr>\n<tr>\n<td> Est-il en alliage ou non ?<\/td>\n<td> Est un alliage<\/td>\n<\/tr>\n<tr>\n<td> Port<\/td>\n<td> Guangzhou, Shenzhen, Foshan<\/td>\n<\/tr>\n<\/tbody>\n<\/table>\n<h2>Notre base de production<\/h2>\n<h3>Panorama de l'usine<\/h3>\n<p><img decoding=\"async\" src=\"\/wp-content\/uploads\/factory-01.webp\"\/><\/p>\n<h3>Atelier de fabrication de barres d'aluminium<\/h3>\n<p><img decoding=\"async\" src=\"\/wp-content\/uploads\/factory-02.webp\"\/><\/p>\n<p><img decoding=\"async\" src=\"\/wp-content\/uploads\/factory-03.webp\"\/><\/p>\n<h3>Entrep\u00f4t de stockage des moules<\/h3>\n<p><img decoding=\"async\" src=\"\/wp-content\/uploads\/factory-04.webp\"\/><\/p>\n<h3>43 lignes d'extrusion d'aluminium (500 \u00e0 5500 tonnes)<\/h3>\n<p><img decoding=\"async\" src=\"\/wp-content\/uploads\/factory-05.webp\"\/><\/p>\n<p><img decoding=\"async\" src=\"\/wp-content\/uploads\/factory-06.webp\"\/><\/p>\n<p><img decoding=\"async\" src=\"\/wp-content\/uploads\/factory-07.webp\"\/><\/p>\n<h3>Atelier de peinture en poudre<\/h3>\n<p><img decoding=\"async\" src=\"\/wp-content\/uploads\/factory-09.webp\"\/><\/p>\n<h3>Atelier d'anodisation<\/h3>\n<p><img decoding=\"async\" src=\"\/wp-content\/uploads\/factory-10.webp\"\/><\/p>\n<h3>Atelier sur le traitement en profondeur<\/h3>\n<p><img decoding=\"async\" src=\"\/wp-content\/uploads\/factory-11.webp\"\/><\/p>\n<h3>Atelier d'usinage de pr\u00e9cision CNC<\/h3>\n<p><img decoding=\"async\" src=\"\/wp-content\/uploads\/factory-11.5.webp\"\/><\/p>\n<h3>Entrep\u00f4t de produits finis et d'exportation<\/h3>\n<p><img decoding=\"async\" src=\"\/wp-content\/uploads\/factory-12.webp\"\/><\/p>\n<p><img decoding=\"async\" src=\"\/wp-content\/uploads\/factory-13.webp\"\/><\/p>\n<p><img decoding=\"async\" src=\"\/wp-content\/uploads\/factory-14.webp\"\/><\/p>\n<h2>FAQ<\/h2>\n<p><p><b>1) Qu'est-ce qui rend les profil\u00e9s de poutrelles en aluminium de la s\u00e9rie 7 et de la s\u00e9rie 1 si r\u00e9sistants ? <\/b><\/p>\n<p>Les alliages d'aluminium de la s\u00e9rie 7 et de la s\u00e9rie 1 sont con\u00e7us pour \u00eatre r\u00e9sistants et durables, ce qui les rend id\u00e9aux pour les applications industrielles et structurelles lourdes.<br \/>\n<\/p><br \/>\n<br \/>\n<p><b>2. En quoi les propri\u00e9t\u00e9s de l\u00e9g\u00e8ret\u00e9 de l'aluminium sont-elles utiles aux projets de construction ? <\/b><\/p>\n<p>La l\u00e9g\u00e8ret\u00e9 de l'aluminium r\u00e9duit les co\u00fbts de manutention et d'installation, ce qui le rend plus facile \u00e0 travailler tout en offrant le soutien structurel n\u00e9cessaire.<br \/>\n<\/p><br \/>\n<br \/>\n<p><b>3. les profils de poutrelles en aluminium peuvent-ils \u00eatre adapt\u00e9s aux besoins sp\u00e9cifiques d'un projet ? <\/b><\/p>\n<p>Oui, ces profils de poutre en aluminium sont disponibles en diff\u00e9rentes tailles et conceptions, offrant la flexibilit\u00e9 n\u00e9cessaire pour r\u00e9pondre aux exigences sp\u00e9cifiques de l'industrie ou de la construction.<br \/>\n<\/p><br \/>\n<br \/>\n<p><b>4. Comment la r\u00e9sistance \u00e0 la corrosion am\u00e9liore-t-elle la long\u00e9vit\u00e9 des profils de poutrelles en aluminium ? <\/b><\/p>\n<p>Les propri\u00e9t\u00e9s anticorrosion de l'aluminium garantissent que les profil\u00e9s conservent leur r\u00e9sistance et leur aspect, m\u00eame lorsqu'ils sont expos\u00e9s \u00e0 des environnements ext\u00e9rieurs ou industriels.<br \/>\n<\/p><br \/>\n<br \/>\n<p><b>5. Les profil\u00e9s de poutrelles en aluminium de la s\u00e9rie 7 et de la s\u00e9rie 1 sont-ils adapt\u00e9s aux applications \u00e0 haute temp\u00e9rature ? <\/b><\/p>\n<p>En effet, les propri\u00e9t\u00e9s de dissipation thermique de l'aluminium contribuent \u00e0 r\u00e9guler la temp\u00e9rature, ce qui rend ces profil\u00e9s id\u00e9aux pour les applications o\u00f9 la gestion de la chaleur est cruciale.<br \/>\n<\/p><br \/>\n<br \/>\n<p><b>6) Quelles sont les industries qui b\u00e9n\u00e9ficient de l'utilisation des profil\u00e9s de poutrelles en aluminium de la s\u00e9rie 7 et de la s\u00e9rie 1 ? <\/b><\/p>\n<p>Les industries telles que l'automatisation, la machinerie, la construction et l'infrastructure b\u00e9n\u00e9ficient de la solidit\u00e9, de la polyvalence et de la durabilit\u00e9 de ces profils de poutre en aluminium.<br \/>\n<\/p><br \/>\n<br \/>\n<p><b>7. ces profil\u00e9s en aluminium sont-ils respectueux de l'environnement ? <\/b><\/p>\n<p>Oui, l'aluminium est enti\u00e8rement recyclable, ce qui fait des profil\u00e9s de poutrelles en aluminium de la s\u00e9rie 7 et de la s\u00e9rie 1 un choix respectueux de l'environnement qui soutient les pratiques de fabrication et de construction durables.<br \/>\n<\/p><br \/><\/p>","protected":false},"featured_media":7897,"template":"","categories":[54],"class_list":["post-7898","product","type-product","status-publish","has-post-thumbnail","hentry","category-industrial-aluminum-profiles"],"meta_box":{"hilight_text_group":{"product_hilight_text":"<ul>\r\r\n  <li>7 Series and 1 Series aluminum beam profiles offer exceptional strength and durability, making them ideal for structural and industrial applications.<\/li>\r\r\n  <li>Lightweight yet robust, providing high-strength support while reducing the overall weight of constructions and systems.<\/li>\r\r\n  <li>Available in various sizes and designs, offering flexibility to meet diverse project specifications and requirements.<\/li>\r\r\n  <li>Corrosion-resistant, ensuring long-lasting performance even in harsh environmental conditions.<\/li>\r\r\n  <li>Efficient heat dissipation properties, enhancing the performance and lifespan of components used in demanding applications.<\/li>\r\r\n  <li>Highly customizable profiles suitable for use in machinery, automation systems, and industrial construction.<\/li>\r\r\n  <li>Eco-friendly and fully recyclable, promoting sustainability in design and manufacturing processes.<\/li>\r\r\n<\/ul>","product_chanpin_blog":"<ul>\r\r\n<li><a href=\"https:\/\/sinoextrud.com\/t-slot-v-slot-differences\/\" target=\"_blank\">t slot vs v slot<\/a><\/li>\r\r\n<li><a href=\"https:\/\/sinoextrud.com\/what-is-4040-aluminium-extrud\/\" target=\"_blank\">4040 aluminium extrusion<\/a><\/li>\r\r\n<li><a href=\"https:\/\/sinoextrud.com\/what-is-4040-aluminium-extrud\/\" target=\"_blank\">aluminum extrusions for industrial racks<\/a><\/li>\r\r\n<li><a href=\"https:\/\/sinoextrud.com\/powder-coating-aluminium-process\/\" target=\"_blank\">powder coating aluminium<\/a><\/li>\r\r\n<li><a href=\"https:\/\/sinoextrud.com\/what-is-an-aluminium-strip-ceiling\/\" target=\"_blank\">aluminium strip ceiling<\/a><\/li>\r\r\n<li><a href=\"https:\/\/sinoextrud.com\/what-is-a-heat-sink\/\" target=\"_blank\">what is a heat sink<\/a><\/li>\r\r\n<\/ul>","product_chanpin_chanpin":"<li><a href=\"https:\/\/sinoextrud.com\/product\/6063-anodized-road-case-aluminum-extrusions\/\" target=\"_blank\">6063 Anodized Road Case Aluminum Extrusions<\/a><\/li>\r\n<li><a href=\"https:\/\/sinoextrud.com\/product\/6063-t5-aluminum-profile-tslot-for-production-line\/\" target=\"_blank\">6063 t5 aluminum profile Tslot for production line<\/a><\/li>\r\n<li><a href=\"https:\/\/sinoextrud.com\/product\/6083-aluminum-profile-aluminum-plate-profile-customization-marine-corrosion-resistant-aluminum-alloy-plate\/\" target=\"_blank\">6083 Aluminum Profile Aluminum Plate Profile Customization Marine Corrosion-resistant Aluminum Alloy Plate<\/a><\/li>\r\n<li><a href=\"https:\/\/sinoextrud.com\/product\/60x60-aluminium-t-slot-frame-profile-extrusion-open-mold-industrial-track-coated-white-matte-v-slot\/\" target=\"_blank\">60\u00c3\u201460 aluminium t-slot frame profile extrusion open mold industrial track coated white matte v slot<\/a><\/li>\r\n<li><a href=\"https:\/\/sinoextrud.com\/product\/7-series-and-1-series-aluminum-beam-profile\/\" target=\"_blank\">7 Series And 1 Series Aluminum Beam Profile<\/a><\/li>\r\n<li><a href=\"https:\/\/sinoextrud.com\/product\/7003-7050-aluminum-profile-mechanical-parts\/\" target=\"_blank\">7003 7050 Aluminum Profile Mechanical Parts<\/a><\/li>\r\n<li><a href=\"https:\/\/sinoextrud.com\/product\/80-x-40-aluminium-extrusion-workshop-pipeline\/\" target=\"_blank\">80 x 40 Aluminium Extrusion Workshop Pipeline<\/a><\/li>\r\n<li><a href=\"https:\/\/sinoextrud.com\/product\/aluminium-6061\/\" target=\"_blank\">Aluminium 6061<\/a><\/li>\r\n<li><a href=\"https:\/\/sinoextrud.com\/product\/aluminium-c-profile\/\" target=\"_blank\">Aluminium C Profile<\/a><\/li>\r\n<li><a href=\"https:\/\/sinoextrud.com\/product\/aluminium-sections-for-doors-and-windows\/\" target=\"_blank\">Aluminium Sections For Doors And Windows<\/a><\/li>\r\n<li><a href=\"https:\/\/sinoextrud.com\/product\/aluminium-extrusion-for-solar-panel-mounting-frame\/\" target=\"_blank\">Aluminium extrusion for solar panel mounting frame<\/a><\/li>"},"feature_list":[]},"_links":{"self":[{"href":"https:\/\/sinoextrud.com\/fr\/wp-json\/wp\/v2\/product\/7898","targetHints":{"allow":["GET"]}}],"collection":[{"href":"https:\/\/sinoextrud.com\/fr\/wp-json\/wp\/v2\/product"}],"about":[{"href":"https:\/\/sinoextrud.com\/fr\/wp-json\/wp\/v2\/types\/product"}],"wp:featuredmedia":[{"embeddable":true,"href":"https:\/\/sinoextrud.com\/fr\/wp-json\/wp\/v2\/media\/7897"}],"wp:attachment":[{"href":"https:\/\/sinoextrud.com\/fr\/wp-json\/wp\/v2\/media?parent=7898"}],"wp:term":[{"taxonomy":"category","embeddable":true,"href":"https:\/\/sinoextrud.com\/fr\/wp-json\/wp\/v2\/categories?post=7898"}],"curies":[{"name":"wp","href":"https:\/\/api.w.org\/{rel}","templated":true}]}}