{"id":7894,"date":"2025-06-11T06:26:36","date_gmt":"2025-06-11T06:26:36","guid":{"rendered":"https:\/\/sinoextrud.com\/product\/6083-aluminum-profile-aluminum-plate-profile-customization-marine-corrosion-resistant-aluminum-alloy-plate\/"},"modified":"2025-06-24T06:14:01","modified_gmt":"2025-06-24T06:14:01","slug":"6083-profil-daluminium-profil-de-plaque-daluminium-personnalisation-plaque-dalliage-daluminium-resistant-a-la-corrosion-marine","status":"publish","type":"product","link":"https:\/\/sinoextrud.com\/fr\/product\/6083-aluminum-profile-aluminum-plate-profile-customization-marine-corrosion-resistant-aluminum-alloy-plate\/","title":{"rendered":"Profil\u00e9 d'aluminium 6083 Profil\u00e9 de plaque d'aluminium Personnalisation Plaque d'alliage d'aluminium r\u00e9sistant \u00e0 la corrosion marine"},"content":{"rendered":"<h2>D\u00e9tails des produits<\/h2>\n<table class=\"custom-table\">\n<tbody>\n<tr>\n<td> Produit<\/td>\n<td> Profil\u00e9 d'aluminium 6083 Profil\u00e9 de plaque d'aluminium Personnalisation Plaque d'alliage d'aluminium r\u00e9sistant \u00e0 la corrosion marine<\/td>\n<\/tr>\n<tr>\n<td> Mat\u00e9riau<\/td>\n<td> S\u00e9rie 6000 Aluminium<\/td>\n<\/tr>\n<tr>\n<td> Temp\u00e9rer<\/td>\n<td> T4~T6<\/td>\n<\/tr>\n<tr>\n<td> Forme<\/td>\n<td> Carr\u00e9 ou personnalis\u00e9<\/td>\n<\/tr>\n<tr>\n<td> Traitement de surface<\/td>\n<td> Anodis\u00e9,Electrophor\u00e8se,Poli<\/td>\n<\/tr>\n<tr>\n<td> Couleurs<\/td>\n<td> Feuille de couleur du rev\u00eatement en poudre Ref et couleurs personnalis\u00e9es disponibles<\/td>\n<\/tr>\n<tr>\n<td> Application<\/td>\n<td> Bateau Marine Yachat<\/td>\n<\/tr>\n<tr>\n<td> Certificat<\/td>\n<td> CQM, SGS, CE, BV, SONCAP \/ GB, ISO, JIS, AS, NZS, QUALICOAT, QUOLANOD disponibles<\/td>\n<\/tr>\n<\/tbody>\n<\/table>\n<h2>Notre base de production<\/h2>\n<h3>Panorama de l'usine<\/h3>\n<p><img decoding=\"async\" src=\"\/wp-content\/uploads\/factory-01.webp\"\/><\/p>\n<h3>Atelier de fabrication de barres d'aluminium<\/h3>\n<p><img decoding=\"async\" src=\"\/wp-content\/uploads\/factory-02.webp\"\/><\/p>\n<p><img decoding=\"async\" src=\"\/wp-content\/uploads\/factory-03.webp\"\/><\/p>\n<h3>Entrep\u00f4t de stockage des moules<\/h3>\n<p><img decoding=\"async\" src=\"\/wp-content\/uploads\/factory-04.webp\"\/><\/p>\n<h3>43 lignes d'extrusion d'aluminium (500 \u00e0 5500 tonnes)<\/h3>\n<p><img decoding=\"async\" src=\"\/wp-content\/uploads\/factory-05.webp\"\/><\/p>\n<p><img decoding=\"async\" src=\"\/wp-content\/uploads\/factory-06.webp\"\/><\/p>\n<p><img decoding=\"async\" src=\"\/wp-content\/uploads\/factory-07.webp\"\/><\/p>\n<h3>Atelier de peinture en poudre<\/h3>\n<p><img decoding=\"async\" src=\"\/wp-content\/uploads\/factory-09.webp\"\/><\/p>\n<h3>Atelier d'anodisation<\/h3>\n<p><img decoding=\"async\" src=\"\/wp-content\/uploads\/factory-10.webp\"\/><\/p>\n<h3>Atelier sur le traitement en profondeur<\/h3>\n<p><img decoding=\"async\" src=\"\/wp-content\/uploads\/factory-11.webp\"\/><\/p>\n<h3>Atelier d'usinage de pr\u00e9cision CNC<\/h3>\n<p><img decoding=\"async\" src=\"\/wp-content\/uploads\/factory-11.5.webp\"\/><\/p>\n<h3>Entrep\u00f4t de produits finis et d'exportation<\/h3>\n<p><img decoding=\"async\" src=\"\/wp-content\/uploads\/factory-12.webp\"\/><\/p>\n<p><img decoding=\"async\" src=\"\/wp-content\/uploads\/factory-13.webp\"\/><\/p>\n<p><img decoding=\"async\" src=\"\/wp-content\/uploads\/factory-14.webp\"\/><\/p>\n<h2>FAQ<\/h2>\n<p><p><b>1) Pourquoi le profil\u00e9 en aluminium 6083 est-il id\u00e9al pour les applications marines ? <\/b><\/p>\n<p>Le profil\u00e9 en aluminium 6083 pr\u00e9sente une r\u00e9sistance exceptionnelle \u00e0 la corrosion, ce qui le rend parfait pour les environnements marins expos\u00e9s \u00e0 l'eau sal\u00e9e et aux intemp\u00e9ries.<br \/>\n<\/p><br \/>\n<br \/>\n<p><b>2. les profil\u00e9s en t\u00f4le d'aluminium peuvent-ils \u00eatre personnalis\u00e9s ? <\/b><\/p>\n<p>Oui, les plaques d'aluminium peuvent \u00eatre adapt\u00e9es \u00e0 des tailles et des conceptions sp\u00e9cifiques pour r\u00e9pondre aux exigences du projet, offrant ainsi flexibilit\u00e9 et pr\u00e9cision.<br \/>\n<\/p><br \/>\n<br \/>\n<p><b>3) Comment la r\u00e9sistance \u00e0 la corrosion de l'aluminium 6083 am\u00e9liore-t-elle ses performances ? <\/b><\/p>\n<p>Les propri\u00e9t\u00e9s anticorrosion de l'aluminium 6083 garantissent la durabilit\u00e9 et la fonctionnalit\u00e9 du mat\u00e9riau, m\u00eame dans des conditions marines et c\u00f4ti\u00e8res difficiles.<br \/>\n<\/p><br \/>\n<br \/>\n<p><b>4) Quelles sont les industries qui b\u00e9n\u00e9ficient de l'utilisation des plaques d'alliage d'aluminium 6083 ? <\/b><\/p>\n<p>L'aluminium 6083 est id\u00e9al pour les industries telles que la construction navale, la construction offshore et la fabrication d'\u00e9quipements marins en raison de sa solidit\u00e9, de sa durabilit\u00e9 et de sa r\u00e9sistance \u00e0 la corrosion.<br \/>\n<\/p><br \/>\n<br \/>\n<p><b>5. En quoi la l\u00e9g\u00e8ret\u00e9 du profil\u00e9 d'aluminium 6083 est-elle utile aux projets maritimes ? <\/b><\/p>\n<p>Le profil\u00e9 l\u00e9ger en aluminium r\u00e9duit le poids total des structures et des navires, am\u00e9liorant ainsi les performances, la maniabilit\u00e9 et le rendement \u00e9nerg\u00e9tique des projets maritimes.<br \/>\n<\/p><br \/>\n<br \/>\n<p><b>6. quel est l'avantage d'utiliser des plaques d'alliage d'aluminium dans les \u00e9quipements marins ? <\/b><\/p>\n<p>Les t\u00f4les en alliage d'aluminium, comme la 6083, sont solides, l\u00e9g\u00e8res et r\u00e9sistantes \u00e0 la corrosion, ce qui les rend tr\u00e8s efficaces pour cr\u00e9er des \u00e9quipements et des structures maritimes durables.<br \/>\n<\/p><br \/>\n<br \/>\n<p><b>7. le profil\u00e9 en aluminium 6083 est-il respectueux de l'environnement ? <\/b><\/p>\n<p>Oui, l'aluminium est un mat\u00e9riau recyclable, ce qui fait du profil\u00e9 en aluminium 6083 un choix \u00e9cologique qui favorise le d\u00e9veloppement durable dans les applications marines et industrielles.<br \/>\n<\/p><br \/><\/p>","protected":false},"featured_media":7893,"template":"","categories":[54],"class_list":["post-7894","product","type-product","status-publish","has-post-thumbnail","hentry","category-industrial-aluminum-profiles"],"meta_box":{"hilight_text_group":{"product_hilight_text":"<ul>\r\r\n  <li>6083 aluminum profile offers superior marine corrosion resistance, making it ideal for marine and coastal applications.<\/li>\r\r\n  <li>Customizable aluminum plate profiles to meet specific project needs, offering flexibility in size and design.<\/li>\r\r\n  <li>High-strength aluminum alloy ensures durability, capable of withstanding extreme conditions in marine environments.<\/li>\r\r\n  <li>Lightweight yet robust, providing excellent structural support while reducing weight in construction and marine projects.<\/li>\r\r\n  <li>Corrosion-resistant anodized finish further enhances the lifespan and performance of the aluminum plate in harsh marine environments.<\/li>\r\r\n  <li>Highly versatile material suitable for use in shipbuilding, offshore structures, and marine equipment manufacturing.<\/li>\r\r\n  <li>Eco-friendly and fully recyclable aluminum alloy, promoting sustainability in industrial and marine applications.<\/li>\r\r\n<\/ul>","product_chanpin_blog":"<ul>\r\r\n<li><a href=\"https:\/\/sinoextrud.com\/t-slot-v-slot-differences\/\" target=\"_blank\">t slot vs v slot<\/a><\/li>\r\r\n<li><a href=\"https:\/\/sinoextrud.com\/what-is-4040-aluminium-extrud\/\" target=\"_blank\">4040 aluminium extrusion<\/a><\/li>\r\r\n<li><a href=\"https:\/\/sinoextrud.com\/what-is-4040-aluminium-extrud\/\" target=\"_blank\">aluminum extrusions for industrial racks<\/a><\/li>\r\r\n<li><a href=\"https:\/\/sinoextrud.com\/powder-coating-aluminium-process\/\" target=\"_blank\">powder coating aluminium<\/a><\/li>\r\r\n<li><a href=\"https:\/\/sinoextrud.com\/what-is-an-aluminium-strip-ceiling\/\" target=\"_blank\">aluminium strip ceiling<\/a><\/li>\r\r\n<li><a href=\"https:\/\/sinoextrud.com\/what-is-a-heat-sink\/\" target=\"_blank\">what is a heat sink<\/a><\/li>\r\r\n<\/ul>","product_chanpin_chanpin":"<li><a href=\"https:\/\/sinoextrud.com\/product\/t-slot-aluminum-extursion\/\" target=\"_blank\">T-slot Aluminum Extursion<\/a><\/li>\r\n<li><a href=\"https:\/\/sinoextrud.com\/product\/2020-aluminum-extrusion-t-slot-aluminum-extrusion\/\" target=\"_blank\">2020 Aluminum Extrusion T Slot Aluminum Extrusion<\/a><\/li>\r\n<li><a href=\"https:\/\/sinoextrud.com\/product\/6063-anodized-road-case-aluminum-extrusions\/\" target=\"_blank\">6063 Anodized Road Case Aluminum Extrusions<\/a><\/li>\r\n<li><a href=\"https:\/\/sinoextrud.com\/product\/6063-t5-aluminum-profile-tslot-for-production-line\/\" target=\"_blank\">6063 t5 aluminum profile Tslot for production line<\/a><\/li>\r\n<li><a href=\"https:\/\/sinoextrud.com\/product\/6083-aluminum-profile-aluminum-plate-profile-customization-marine-corrosion-resistant-aluminum-alloy-plate\/\" target=\"_blank\">6083 Aluminum Profile Aluminum Plate Profile Customization Marine Corrosion-resistant Aluminum Alloy Plate<\/a><\/li>\r\n<li><a href=\"https:\/\/sinoextrud.com\/product\/60x60-aluminium-t-slot-frame-profile-extrusion-open-mold-industrial-track-coated-white-matte-v-slot\/\" target=\"_blank\">60\u00c3\u201460 aluminium t-slot frame profile extrusion open mold industrial track coated white matte v slot<\/a><\/li>\r\n<li><a href=\"https:\/\/sinoextrud.com\/product\/7-series-and-1-series-aluminum-beam-profile\/\" target=\"_blank\">7 Series And 1 Series Aluminum Beam Profile<\/a><\/li>\r\n<li><a href=\"https:\/\/sinoextrud.com\/product\/7003-7050-aluminum-profile-mechanical-parts\/\" target=\"_blank\">7003 7050 Aluminum Profile Mechanical Parts<\/a><\/li>\r\n<li><a href=\"https:\/\/sinoextrud.com\/product\/80-x-40-aluminium-extrusion-workshop-pipeline\/\" target=\"_blank\">80 x 40 Aluminium Extrusion Workshop Pipeline<\/a><\/li>\r\n<li><a href=\"https:\/\/sinoextrud.com\/product\/structural-aluminium-profiles\/\" target=\"_blank\">Structural Aluminium Profiles<\/a><\/li>\r\n<li><a href=\"https:\/\/sinoextrud.com\/product\/machined-aluminium-profiles-for-windows-and-doors\/\" target=\"_blank\">Machined Aluminium Profiles For Windows And Doors<\/a><\/li>"},"feature_list":[]},"_links":{"self":[{"href":"https:\/\/sinoextrud.com\/fr\/wp-json\/wp\/v2\/product\/7894","targetHints":{"allow":["GET"]}}],"collection":[{"href":"https:\/\/sinoextrud.com\/fr\/wp-json\/wp\/v2\/product"}],"about":[{"href":"https:\/\/sinoextrud.com\/fr\/wp-json\/wp\/v2\/types\/product"}],"wp:featuredmedia":[{"embeddable":true,"href":"https:\/\/sinoextrud.com\/fr\/wp-json\/wp\/v2\/media\/7893"}],"wp:attachment":[{"href":"https:\/\/sinoextrud.com\/fr\/wp-json\/wp\/v2\/media?parent=7894"}],"wp:term":[{"taxonomy":"category","embeddable":true,"href":"https:\/\/sinoextrud.com\/fr\/wp-json\/wp\/v2\/categories?post=7894"}],"curies":[{"name":"wp","href":"https:\/\/api.w.org\/{rel}","templated":true}]}}