{"id":7882,"date":"2025-06-11T03:21:50","date_gmt":"2025-06-11T03:21:50","guid":{"rendered":"https:\/\/sinoextrud.com\/product\/aluminium-shelf-extrusion\/"},"modified":"2025-06-24T06:13:57","modified_gmt":"2025-06-24T06:13:57","slug":"extrusion-detageres-en-aluminium","status":"publish","type":"product","link":"https:\/\/sinoextrud.com\/fr\/product\/aluminium-shelf-extrusion\/","title":{"rendered":"Extrusion d'\u00e9tag\u00e8res en aluminium"},"content":{"rendered":"<h2>D\u00e9tails des produits<\/h2>\n<table class=\"custom-table\">\n<tr>\n<td class=\"label\">\nArticle :<\/td>\n<td> Extrusion d'\u00e9tag\u00e8res en aluminium<\/td>\n<\/tr>\n<tr>\n<td class=\"label\">Qualit\u00e9 :<\/td>\n<td> 6063-T5, alliage<\/td>\n<\/tr>\n<tr>\n<td class=\"label\">Fini :<\/td>\n<td> GB Argent anodis\u00e9<\/td>\n<\/tr>\n<tr>\n<td class=\"label\">Conception :<\/td>\n<td> Selon le dessin du client<\/td>\n<\/tr>\n<tr>\n<td class=\"label\">Longueur :<\/td>\n<td> 1-9m ou sur mesure<\/td>\n<\/tr>\n<tr>\n<td class=\"label\">Utilisation :<\/td>\n<td> Industrie de la construction<\/td>\n<\/tr>\n<tr>\n<td class=\"label\">Certification :<\/td>\n<td> ISO9001:2008;ISO14001:\uff0c2004;SGS\uff0c<\/td>\n<\/tr>\n<tr>\n<td class=\"label\">De :<\/td>\n<td> Foshan, Guangdong, Chine<\/td>\n<\/tr>\n<\/table>\n<h2>Notre base de production<\/h2>\n<h3>Panorama de l'usine<\/h3>\n<p><img decoding=\"async\" src=\"\/wp-content\/uploads\/factory-01.webp\"\/><\/p>\n<h3>Atelier de fabrication de barres d'aluminium<\/h3>\n<p><img decoding=\"async\" src=\"\/wp-content\/uploads\/factory-02.webp\"\/><\/p>\n<p><img decoding=\"async\" src=\"\/wp-content\/uploads\/factory-03.webp\"\/><\/p>\n<h3>Entrep\u00f4t de stockage des moules<\/h3>\n<p><img decoding=\"async\" src=\"\/wp-content\/uploads\/factory-04.webp\"\/><\/p>\n<h3>43 lignes d'extrusion d'aluminium (500-5500 tonnes)<\/h3>\n<p><img decoding=\"async\" src=\"\/wp-content\/uploads\/factory-05.webp\"\/><\/p>\n<p><img decoding=\"async\" src=\"\/wp-content\/uploads\/factory-06.webp\"\/><\/p>\n<p><img decoding=\"async\" src=\"\/wp-content\/uploads\/factory-07.webp\"\/><\/p>\n<h3>Atelier de peinture en poudre<\/h3>\n<p><img decoding=\"async\" src=\"\/wp-content\/uploads\/factory-09.webp\"\/><\/p>\n<h3>Atelier d'anodisation<\/h3>\n<p><img decoding=\"async\" src=\"\/wp-content\/uploads\/factory-10.webp\"\/><\/p>\n<h3>Atelier sur le traitement en profondeur<\/h3>\n<p><img decoding=\"async\" src=\"\/wp-content\/uploads\/factory-11.webp\"\/><\/p>\n<h3>Atelier d'usinage de pr\u00e9cision CNC<\/h3>\n<p><img decoding=\"async\" src=\"\/wp-content\/uploads\/factory-11.5.webp\"\/><\/p>\n<h3>Entrep\u00f4t de produits finis et d'exportation<\/h3>\n<p><img decoding=\"async\" src=\"\/wp-content\/uploads\/factory-12.webp\"\/><\/p>\n<p><img decoding=\"async\" src=\"\/wp-content\/uploads\/factory-13.webp\"\/><\/p>\n<p><img decoding=\"async\" src=\"\/wp-content\/uploads\/factory-14.webp\"\/><\/p>\n<h2>FAQ<\/h2>\n<p><p><b>1. \u00e0 quoi servent les extrusions d'\u00e9tag\u00e8res en aluminium ?<\/b><\/p>\n<p>Les extrusions d'\u00e9tag\u00e8res en aluminium sont utilis\u00e9es pour cr\u00e9er des syst\u00e8mes d'\u00e9tag\u00e8res solides, durables et personnalisables dans diverses applications industrielles, commerciales et de vente au d\u00e9tail.<br \/>\n<\/p><br \/>\n<br \/>\n<p><b>2) Pourquoi l'aluminium est-il un bon mat\u00e9riau pour les extrusions de rayonnages ?<\/b><\/p>\n<p>L'aluminium est l\u00e9ger, r\u00e9sistant \u00e0 la corrosion et solide, ce qui en fait un mat\u00e9riau id\u00e9al pour les syst\u00e8mes de rayonnage qui doivent supporter des marchandises tout en offrant une durabilit\u00e9 \u00e0 long terme.<br \/>\n<\/p><br \/>\n<br \/>\n<p><b>3. Les extrusions d'\u00e9tag\u00e8res en aluminium peuvent-elles \u00eatre personnalis\u00e9es ?<\/b><\/p>\n<p>En effet, ces extrusions peuvent \u00eatre adapt\u00e9es \u00e0 des tailles d'\u00e9tag\u00e8res, des conceptions et des besoins structurels sp\u00e9cifiques, garantissant ainsi une utilisation optimale dans diff\u00e9rents environnements.<br \/>\n<\/p><br \/>\n<br \/>\n<p><b>4. Quels sont les avantages de la r\u00e9sistance \u00e0 la corrosion pour les profil\u00e9s d'\u00e9tag\u00e8re en aluminium ?<\/b><\/p>\n<p>Les propri\u00e9t\u00e9s de r\u00e9sistance \u00e0 la corrosion de l'aluminium font de ces extrusions des produits id\u00e9aux pour les environnements ext\u00e9rieurs ou \u00e0 forte humidit\u00e9, garantissant des performances durables sans d\u00e9gradation.<br \/>\n<\/p><br \/>\n<br \/>\n<p><b>5. les profil\u00e9s d'\u00e9tag\u00e8re en aluminium sont-ils faciles \u00e0 installer ?<\/b><\/p>\n<p>Oui, les profil\u00e9s d'\u00e9tag\u00e8re en aluminium sont con\u00e7us pour une installation facile, avec des composants qui peuvent \u00eatre rapidement assembl\u00e9s sans n\u00e9cessiter d'outils ou de processus complexes.<br \/>\n<\/p><br \/>\n<br \/>\n<p><b>6. Ces syst\u00e8mes de rayonnages conviennent-ils \u00e0 un usage intensif ?<\/b><\/p>\n<p>Oui, les profil\u00e9s d'\u00e9tag\u00e8re en aluminium sont suffisamment solides et durables pour supporter de lourdes charges, ce qui les rend adapt\u00e9s aux applications industrielles et commerciales lourdes.<br \/>\n<\/p><br \/>\n<br \/>\n<p><b>7) Quelles sont les industries qui b\u00e9n\u00e9ficient des extrusions d'\u00e9tag\u00e8res en aluminium ?<\/b><\/p>\n<p>Les industries telles que le commerce de d\u00e9tail, l'entreposage, la logistique et la fabrication b\u00e9n\u00e9ficient des extrusions d'\u00e9tag\u00e8res en aluminium pour leurs solutions d'\u00e9tag\u00e8res personnalisables, durables et rentables.<br \/>\n<\/p><br \/><\/p>","protected":false},"featured_media":7881,"template":"","categories":[54],"class_list":["post-7882","product","type-product","status-publish","has-post-thumbnail","hentry","category-industrial-aluminum-profiles"],"meta_box":{"hilight_text_group":{"product_hilight_text":"<li>Strong and lightweight design, ideal for shelving solutions in various industrial settings.<\/li>\r\r\n<li>Corrosion-resistant aluminum ensures long-lasting performance, even in high-moisture environments.<\/li>\r\r\n<li>Customizable profiles to meet specific shelving dimensions and structural requirements.<\/li>\r\r\n<li>Easy to install and maintain, reducing labor and operational costs.<\/li>\r\r\n<li>Versatile applications in retail, storage, and industrial environments for organizing goods and materials.<\/li>","product_chanpin_blog":"<ul>\r\r\n<li><a href=\"https:\/\/sinoextrud.com\/t-slot-v-slot-differences\/\" target=\"_blank\">t slot vs v slot<\/a><\/li>\r\r\n<li><a href=\"https:\/\/sinoextrud.com\/what-is-4040-aluminium-extrud\/\" target=\"_blank\">4040 aluminium extrusion<\/a><\/li>\r\r\n<li><a href=\"https:\/\/sinoextrud.com\/what-is-4040-aluminium-extrud\/\" target=\"_blank\">aluminum extrusions for industrial racks<\/a><\/li>\r\r\n<li><a href=\"https:\/\/sinoextrud.com\/powder-coating-aluminium-process\/\" target=\"_blank\">powder coating aluminium<\/a><\/li>\r\r\n<li><a href=\"https:\/\/sinoextrud.com\/what-is-an-aluminium-strip-ceiling\/\" target=\"_blank\">aluminium strip ceiling<\/a><\/li>\r\r\n<li><a href=\"https:\/\/sinoextrud.com\/what-is-a-heat-sink\/\" target=\"_blank\">what is a heat sink<\/a><\/li>\r\r\n<\/ul>","product_chanpin_chanpin":"<li><a href=\"https:\/\/sinoextrud.com\/product\/aluminum-extrusion-framing\/\" target=\"_blank\">Aluminum Extrusion Framing<\/a><\/li>\r\n<li><a href=\"https:\/\/sinoextrud.com\/product\/aluminium-exrtrusion-slot\/\" target=\"_blank\">Aluminium Exrtrusion Slot<\/a><\/li>\r\n<li><a href=\"https:\/\/sinoextrud.com\/product\/round-t-slot-extrusion\/\" target=\"_blank\">Round T Slot Extrusion<\/a><\/li>\r\n<li><a href=\"https:\/\/sinoextrud.com\/product\/custom-aluminum-extrusion\/\" target=\"_blank\">Custom Aluminum Extrusion<\/a><\/li>\r\n<li><a href=\"https:\/\/sinoextrud.com\/product\/aluminium-shelf-extrusion\/\" target=\"_blank\">Aluminium Shelf Extrusion<\/a><\/li>\r\n<li><a href=\"https:\/\/sinoextrud.com\/product\/metal-extrusion-products\/\" target=\"_blank\">Metal Extrusion Products<\/a><\/li>\r\n<li><a href=\"https:\/\/sinoextrud.com\/product\/t-slot-aluminum-extursion\/\" target=\"_blank\">T-slot Aluminum Extursion<\/a><\/li>\r\n<li><a href=\"https:\/\/sinoextrud.com\/product\/2020-aluminum-extrusion-t-slot-aluminum-extrusion\/\" target=\"_blank\">2020 Aluminum Extrusion T Slot Aluminum Extrusion<\/a><\/li>\r\n<li><a href=\"https:\/\/sinoextrud.com\/product\/6063-anodized-road-case-aluminum-extrusions\/\" target=\"_blank\">6063 Anodized Road Case Aluminum Extrusions<\/a><\/li>\r\n<li><a href=\"https:\/\/sinoextrud.com\/product\/aluminum-window-extrusion-profiles\/\" target=\"_blank\">Aluminum Window Extrusion Profiles<\/a><\/li>\r\n<li><a href=\"https:\/\/sinoextrud.com\/product\/20mm-x-20mm-aluminum-extrusion\/\" target=\"_blank\">20mm X 20mm Aluminum Extrusion<\/a><\/li>"},"feature_list":[]},"_links":{"self":[{"href":"https:\/\/sinoextrud.com\/fr\/wp-json\/wp\/v2\/product\/7882","targetHints":{"allow":["GET"]}}],"collection":[{"href":"https:\/\/sinoextrud.com\/fr\/wp-json\/wp\/v2\/product"}],"about":[{"href":"https:\/\/sinoextrud.com\/fr\/wp-json\/wp\/v2\/types\/product"}],"wp:featuredmedia":[{"embeddable":true,"href":"https:\/\/sinoextrud.com\/fr\/wp-json\/wp\/v2\/media\/7881"}],"wp:attachment":[{"href":"https:\/\/sinoextrud.com\/fr\/wp-json\/wp\/v2\/media?parent=7882"}],"wp:term":[{"taxonomy":"category","embeddable":true,"href":"https:\/\/sinoextrud.com\/fr\/wp-json\/wp\/v2\/categories?post=7882"}],"curies":[{"name":"wp","href":"https:\/\/api.w.org\/{rel}","templated":true}]}}