{"id":7878,"date":"2025-06-11T03:18:42","date_gmt":"2025-06-11T03:18:42","guid":{"rendered":"https:\/\/sinoextrud.com\/product\/round-t-slot-extrusion\/"},"modified":"2025-06-24T06:13:54","modified_gmt":"2025-06-24T06:13:54","slug":"extrusion-de-fentes-rondes-en-t","status":"publish","type":"product","link":"https:\/\/sinoextrud.com\/fr\/product\/round-t-slot-extrusion\/","title":{"rendered":"Extrusion de rainures en T rondes"},"content":{"rendered":"<h2>D\u00e9tails des produits<\/h2>\n<table class=\"custom-table\">\n<tr>\n<td class=\"label\">Article :<\/td>\n<td> Extrusion de rainures en T rondes<\/td>\n<\/tr>\n<tr>\n<td class=\"label\">Mat\u00e9riau :<\/td>\n<td> 6063 ou 6061<\/td>\n<\/tr>\n<tr>\n<td class=\"label\">Taille :<\/td>\n<td> Taille du moule existante ou selon la demande du client<\/td>\n<\/tr>\n<tr>\n<td class=\"label\">Applications typiques :<\/td>\n<td>  Pipeline industriel, table de travail, supports de machine, etc.<\/td>\n<\/tr>\n<tr>\n<td class=\"label\">Marque :<\/td>\n<td>  Sinoextrud, Sinoextrud ou marque OEM<\/td>\n<\/tr>\n<tr>\n<td class=\"label\">Traitement de surface :<\/td>\n<td>  Finition en usine, anodisation, rev\u00eatement en poudre, grain de bois, etc.<\/td>\n<\/tr>\n<tr>\n<td class=\"label\">Certificats :<\/td>\n<td> ISO9001, ISO4001, CQM, SGS, CE, BV, etc.<\/td>\n<\/tr>\n<tr>\n<td class=\"label\">Garantie de qualit\u00e9 :<\/td>\n<td> 100% inspection avant exp\u00e9dition pour garantir une haute qualit\u00e9.<\/td>\n<\/tr>\n<\/table>\n<h2>Notre base de production<\/h2>\n<h3>Panorama de l'usine<\/h3>\n<p><img decoding=\"async\" src=\"\/wp-content\/uploads\/factory-01.webp\"\/><\/p>\n<h3>Atelier de fabrication de barres d'aluminium<\/h3>\n<p><img decoding=\"async\" src=\"\/wp-content\/uploads\/factory-02.webp\"\/><\/p>\n<p><img decoding=\"async\" src=\"\/wp-content\/uploads\/factory-03.webp\"\/><\/p>\n<h3>Entrep\u00f4t de stockage des moules<\/h3>\n<p><img decoding=\"async\" src=\"\/wp-content\/uploads\/factory-04.webp\"\/><\/p>\n<h3>43 lignes d'extrusion d'aluminium (500 \u00e0 5500 tonnes)<\/h3>\n<p><img decoding=\"async\" src=\"\/wp-content\/uploads\/factory-05.webp\"\/><\/p>\n<p><img decoding=\"async\" src=\"\/wp-content\/uploads\/factory-06.webp\"\/><\/p>\n<p><img decoding=\"async\" src=\"\/wp-content\/uploads\/factory-07.webp\"\/><\/p>\n<h3>Atelier de peinture en poudre<\/h3>\n<p><img decoding=\"async\" src=\"\/wp-content\/uploads\/factory-09.webp\"\/><\/p>\n<h3>Atelier d'anodisation<\/h3>\n<p><img decoding=\"async\" src=\"\/wp-content\/uploads\/factory-10.webp\"\/><\/p>\n<h3>Atelier sur le traitement en profondeur<\/h3>\n<p><img decoding=\"async\" src=\"\/wp-content\/uploads\/factory-11.webp\"\/><\/p>\n<h3>Atelier d'usinage de pr\u00e9cision CNC<\/h3>\n<p><img decoding=\"async\" src=\"\/wp-content\/uploads\/factory-11.5.webp\"\/><\/p>\n<h3>Entrep\u00f4t de produits finis et d'exportation<\/h3>\n<p><img decoding=\"async\" src=\"\/wp-content\/uploads\/factory-12.webp\"\/><\/p>\n<p><img decoding=\"async\" src=\"\/wp-content\/uploads\/factory-13.webp\"\/><\/p>\n<p><img decoding=\"async\" src=\"\/wp-content\/uploads\/factory-14.webp\"\/><\/p>\n<h2>FAQ<\/h2>\n<p><p><b>1. \u00e0 quoi sert l'extrusion de rainures en T rondes ?<\/b><\/p>\n<p>L'extrusion de rainures en T rondes est utilis\u00e9e dans la construction de cadres, de structures et de supports pour diverses applications industrielles, offrant \u00e0 la fois r\u00e9sistance et flexibilit\u00e9 dans la conception.<br \/>\n<\/p><br \/>\n<br \/>\n<p><b>2) Pourquoi choisir l'extrusion de rainures en T rondes plut\u00f4t que d'autres mod\u00e8les ?<\/b><\/p>\n<p>La conception ronde offre un aspect lisse et \u00e9l\u00e9gant tout en conservant la m\u00eame r\u00e9sistance structurelle et la m\u00eame polyvalence que les profil\u00e9s \u00e0 rainure en T traditionnels, ce qui est id\u00e9al pour les applications exigeantes sur le plan esth\u00e9tique.<br \/>\n<\/p><br \/>\n<br \/>\n<p><b>3. l'extrusion de rainures en T rondes est-elle r\u00e9sistante \u00e0 la corrosion ?<\/b><\/p>\n<p>Oui, l'extrusion \u00e0 rainure en T ronde est fabriqu\u00e9e \u00e0 partir d'aluminium r\u00e9sistant \u00e0 la corrosion, ce qui garantit une durabilit\u00e9 \u00e0 long terme et des performances fiables dans les environnements int\u00e9rieurs et ext\u00e9rieurs.<br \/>\n<\/p><br \/>\n<br \/>\n<p><b>4. Quels sont les avantages de la conception ronde pour l'extrusion \u00e0 rainure en T ronde ?<\/b><\/p>\n<p>Le design rond offre un aspect propre et moderne, ce qui le rend id\u00e9al pour une utilisation dans des environnements o\u00f9 l'esth\u00e9tique est importante, sans compromettre la r\u00e9sistance structurelle.<br \/>\n<\/p><br \/>\n<br \/>\n<p><b>5. l'extrusion de rainures en T rondes peut-elle \u00eatre personnalis\u00e9e pour des projets sp\u00e9cifiques ?<\/b><\/p>\n<p>Oui, l'extrusion de rainures en T rondes est personnalisable en termes de longueur, de profil et de conception, ce qui permet de l'adapter aux besoins de diff\u00e9rents projets.<br \/>\n<\/p><br \/>\n<br \/>\n<p><b>6. quelle est la facilit\u00e9 d'assemblage des structures d'extrusion \u00e0 rainures en T rondes ?<\/b><\/p>\n<p>L'extrusion pour rainures en T rondes est con\u00e7ue pour un assemblage facile, avec des accessoires compatibles qui permettent de construire et de modifier rapidement des structures avec un minimum d'effort.<br \/>\n<\/p><br \/>\n<br \/>\n<p><b>7) Quelles sont les industries qui b\u00e9n\u00e9ficient de l'utilisation de l'extrusion de rainures en T rondes ?<\/b><\/p>\n<p>Les industries telles que la fabrication, la construction, l'automatisation et la conception de pr\u00e9sentoirs b\u00e9n\u00e9ficient de l'extrusion de rainures en T rondes en raison de sa flexibilit\u00e9, de sa durabilit\u00e9 et de son attrait esth\u00e9tique.<br \/>\n<\/p><br \/><\/p>","protected":false},"featured_media":7877,"template":"","categories":[54],"class_list":["post-7878","product","type-product","status-publish","has-post-thumbnail","hentry","category-industrial-aluminum-profiles"],"meta_box":{"hilight_text_group":{"product_hilight_text":"<li>Round T Slot Extrusion offers a versatile solution for building durable and customizable structures in industrial applications.<\/li>\r\r\n<li>The round design provides smooth, aesthetic lines while maintaining structural strength and stability.<\/li>\r\r\n<li>Corrosion-resistant aluminum ensures long-lasting performance, even in harsh environments.<\/li>\r\r\n<li>Easy to assemble with compatible accessories, reducing installation time and cost.<\/li>\r\r\n<li>Ideal for applications requiring both functionality and an aesthetically pleasing appearance, such as display units or frames.<\/li>","product_chanpin_blog":"<ul>\r\r\n<li><a href=\"https:\/\/sinoextrud.com\/t-slot-v-slot-differences\/\" target=\"_blank\">t slot vs v slot<\/a><\/li>\r\r\n<li><a href=\"https:\/\/sinoextrud.com\/what-is-4040-aluminium-extrud\/\" target=\"_blank\">4040 aluminium extrusion<\/a><\/li>\r\r\n<li><a href=\"https:\/\/sinoextrud.com\/what-is-4040-aluminium-extrud\/\" target=\"_blank\">aluminum extrusions for industrial racks<\/a><\/li>\r\r\n<li><a href=\"https:\/\/sinoextrud.com\/powder-coating-aluminium-process\/\" target=\"_blank\">powder coating aluminium<\/a><\/li>\r\r\n<li><a href=\"https:\/\/sinoextrud.com\/what-is-an-aluminium-strip-ceiling\/\" target=\"_blank\">aluminium strip ceiling<\/a><\/li>\r\r\n<li><a href=\"https:\/\/sinoextrud.com\/what-is-a-heat-sink\/\" target=\"_blank\">what is a heat sink<\/a><\/li>\r\r\n<\/ul>","product_chanpin_chanpin":"<li><a href=\"https:\/\/sinoextrud.com\/product\/extruded-aluminum-heatsink-enclosure\/\" target=\"_blank\">Extruded Aluminum Heatsink Enclosure<\/a><\/li>\r\n<li><a href=\"https:\/\/sinoextrud.com\/product\/aluminum-solar-panel-frame\/\" target=\"_blank\">Aluminum Solar Panel Frame<\/a><\/li>\r\n<li><a href=\"https:\/\/sinoextrud.com\/product\/aluminum-extrusion-framing\/\" target=\"_blank\">Aluminum Extrusion Framing<\/a><\/li>\r\n<li><a href=\"https:\/\/sinoextrud.com\/product\/aluminium-exrtrusion-slot\/\" target=\"_blank\">Aluminium Exrtrusion Slot<\/a><\/li>\r\n<li><a href=\"https:\/\/sinoextrud.com\/product\/round-t-slot-extrusion\/\" target=\"_blank\">Round T Slot Extrusion<\/a><\/li>\r\n<li><a href=\"https:\/\/sinoextrud.com\/product\/custom-aluminum-extrusion\/\" target=\"_blank\">Custom Aluminum Extrusion<\/a><\/li>\r\n<li><a href=\"https:\/\/sinoextrud.com\/product\/aluminium-shelf-extrusion\/\" target=\"_blank\">Aluminium Shelf Extrusion<\/a><\/li>\r\n<li><a href=\"https:\/\/sinoextrud.com\/product\/metal-extrusion-products\/\" target=\"_blank\">Metal Extrusion Products<\/a><\/li>\r\n<li><a href=\"https:\/\/sinoextrud.com\/product\/t-slot-aluminum-extursion\/\" target=\"_blank\">T-slot Aluminum Extursion<\/a><\/li>\r\n<li><a href=\"https:\/\/sinoextrud.com\/product\/aluminum-extrusion-industry-modular-components-profile\/\" target=\"_blank\">Aluminum Extrusion Industry Modular Components Profile<\/a><\/li>\r\n<li><a href=\"https:\/\/sinoextrud.com\/product\/extrusion-aluminum-handrails-profile-powder-coated-white\/\" target=\"_blank\">Extrusion Aluminum Handrails Profile Powder Coated White<\/a><\/li>"},"feature_list":[]},"_links":{"self":[{"href":"https:\/\/sinoextrud.com\/fr\/wp-json\/wp\/v2\/product\/7878","targetHints":{"allow":["GET"]}}],"collection":[{"href":"https:\/\/sinoextrud.com\/fr\/wp-json\/wp\/v2\/product"}],"about":[{"href":"https:\/\/sinoextrud.com\/fr\/wp-json\/wp\/v2\/types\/product"}],"wp:featuredmedia":[{"embeddable":true,"href":"https:\/\/sinoextrud.com\/fr\/wp-json\/wp\/v2\/media\/7877"}],"wp:attachment":[{"href":"https:\/\/sinoextrud.com\/fr\/wp-json\/wp\/v2\/media?parent=7878"}],"wp:term":[{"taxonomy":"category","embeddable":true,"href":"https:\/\/sinoextrud.com\/fr\/wp-json\/wp\/v2\/categories?post=7878"}],"curies":[{"name":"wp","href":"https:\/\/api.w.org\/{rel}","templated":true}]}}