{"id":7876,"date":"2025-06-11T03:17:43","date_gmt":"2025-06-11T03:17:43","guid":{"rendered":"https:\/\/sinoextrud.com\/product\/aluminium-exrtrusion-slot\/"},"modified":"2025-06-24T06:13:54","modified_gmt":"2025-06-24T06:13:54","slug":"fente-dextrusion-en-aluminium","status":"publish","type":"product","link":"https:\/\/sinoextrud.com\/fr\/product\/aluminium-exrtrusion-slot\/","title":{"rendered":"Fente d'extrusion d'aluminium"},"content":{"rendered":"<h2>D\u00e9tails des produits<\/h2>\n<table class=\"custom-table\">\n<tr>\n<td class=\"label\">Titre<\/td>\n<td>Fente d'extrusion d'aluminium<\/td>\n<\/tr>\n<\/table>\n<h2>Notre base de production<\/h2>\n<h3>Panorama de l'usine<\/h3>\n<p><img decoding=\"async\" src=\"\/wp-content\/uploads\/factory-01.webp\"\/><\/p>\n<h3>Atelier de fabrication de barres d'aluminium<\/h3>\n<p><img decoding=\"async\" src=\"\/wp-content\/uploads\/factory-02.webp\"\/><\/p>\n<p><img decoding=\"async\" src=\"\/wp-content\/uploads\/factory-03.webp\"\/><\/p>\n<h3>Entrep\u00f4t de stockage des moules<\/h3>\n<p><img decoding=\"async\" src=\"\/wp-content\/uploads\/factory-04.webp\"\/><\/p>\n<h3>43 lignes d'extrusion d'aluminium (500 \u00e0 5500 tonnes)<\/h3>\n<p><img decoding=\"async\" src=\"\/wp-content\/uploads\/factory-05.webp\"\/><\/p>\n<p><img decoding=\"async\" src=\"\/wp-content\/uploads\/factory-06.webp\"\/><\/p>\n<p><img decoding=\"async\" src=\"\/wp-content\/uploads\/factory-07.webp\"\/><\/p>\n<h3>Atelier de peinture en poudre<\/h3>\n<p><img decoding=\"async\" src=\"\/wp-content\/uploads\/factory-09.webp\"\/><\/p>\n<h3>Atelier d'anodisation<\/h3>\n<p><img decoding=\"async\" src=\"\/wp-content\/uploads\/factory-10.webp\"\/><\/p>\n<h3>Atelier sur le traitement en profondeur<\/h3>\n<p><img decoding=\"async\" src=\"\/wp-content\/uploads\/factory-11.webp\"\/><\/p>\n<h3>Atelier d'usinage de pr\u00e9cision CNC<\/h3>\n<p><img decoding=\"async\" src=\"\/wp-content\/uploads\/factory-11.5.webp\"\/><\/p>\n<h3>Entrep\u00f4t de produits finis et d'exportation<\/h3>\n<p><img decoding=\"async\" src=\"\/wp-content\/uploads\/factory-12.webp\"\/><\/p>\n<p><img decoding=\"async\" src=\"\/wp-content\/uploads\/factory-13.webp\"\/><\/p>\n<p><img decoding=\"async\" src=\"\/wp-content\/uploads\/factory-14.webp\"\/><\/p>\n<h2>FAQ<\/h2>\n<p><p><b>1. \u00e0 quoi sert la fente d'extrusion en aluminium ?<\/b><\/p>\n<p>La fente d'extrusion d'aluminium est principalement utilis\u00e9e pour cr\u00e9er des cadres, des supports et des structures sur mesure pour des applications industrielles, offrant \u00e0 la fois flexibilit\u00e9 et r\u00e9sistance.<br \/>\n<\/p><br \/>\n<br \/>\n<p><b>2) Pourquoi la conception de la rainure en T est-elle importante dans la rainure d'extrusion de l'aluminium ?<\/b><\/p>\n<p>La conception des rainures en T permet un assemblage facile, sans outil, et des connexions s\u00fbres, ce qui en fait un outil id\u00e9al pour la construction de structures modulaires et personnalisables.<br \/>\n<\/p><br \/>\n<br \/>\n<p><b>3. Les fentes d'extrusion en aluminium peuvent-elles supporter de lourdes charges ?<\/b><\/p>\n<p>Oui, les fentes d'extrusion en aluminium sont con\u00e7ues pour \u00eatre solides et durables, capables de supporter de lourdes charges dans des environnements industriels sans compromettre les performances.<br \/>\n<\/p><br \/>\n<br \/>\n<p><b>4. Les fentes d'extrusion en aluminium conviennent-elles aux applications ext\u00e9rieures ?<\/b><\/p>\n<p>Oui, la fente d'extrusion en aluminium pr\u00e9sente une surface r\u00e9sistante \u00e0 la corrosion, ce qui la rend parfaite pour une utilisation \u00e0 l'int\u00e9rieur et \u00e0 l'ext\u00e9rieur dans des conditions difficiles.<br \/>\n<\/p><br \/>\n<br \/>\n<p><b>5) Les fentes d'extrusion d'aluminium peuvent-elles \u00eatre personnalis\u00e9es pour r\u00e9pondre aux besoins sp\u00e9cifiques d'un projet ?<\/b><\/p>\n<p>Oui, les fentes d'extrusion en aluminium sont disponibles en diff\u00e9rentes longueurs et profils, ce qui permet de les personnaliser pour r\u00e9pondre aux exigences et sp\u00e9cifications sp\u00e9cifiques du projet.<br \/>\n<\/p><br \/>\n<br \/>\n<p><b>6. Quels sont les avantages de l'utilisation des profil\u00e9s extrud\u00e9s en aluminium par rapport aux m\u00e9thodes de construction traditionnelles ?<\/b><\/p>\n<p>La fente d'extrusion en aluminium permet un assemblage plus rapide, une modularit\u00e9 et une reconfiguration plus ais\u00e9e, ce qui r\u00e9duit consid\u00e9rablement les co\u00fbts de main-d'\u0153uvre et augmente la flexibilit\u00e9 de la conception.<br \/>\n<\/p><br \/>\n<br \/>\n<p><b>7. Quelle est la dur\u00e9e de vie d'une fente d'extrusion d'aluminium ?<\/b><\/p>\n<p>Gr\u00e2ce \u00e0 son mat\u00e9riau durable et r\u00e9sistant \u00e0 la corrosion, la fente d'extrusion en aluminium est con\u00e7ue pour offrir des performances durables, m\u00eame dans des environnements difficiles.<br \/>\n<\/p><br \/><\/p>","protected":false},"featured_media":7875,"template":"","categories":[54],"class_list":["post-7876","product","type-product","status-publish","has-post-thumbnail","hentry","category-industrial-aluminum-profiles"],"meta_box":{"hilight_text_group":{"product_hilight_text":"<li>Precise T-slot design for easy assembly and secure connections in industrial structures.<\/li>\r\r\n<li>Strong and durable aluminum construction for long-lasting performance under heavy loads.<\/li>\r\r\n<li>Corrosion-resistant surface suitable for both indoor and outdoor applications.<\/li>\r\r\n<li>Customizable lengths and profiles to meet specific project requirements.<\/li>\r\r\n<li>Compatible with a wide range of accessories for enhanced functionality and flexibility.<\/li>","product_chanpin_blog":"<ul>\r\r\n<li><a href=\"https:\/\/sinoextrud.com\/t-slot-v-slot-differences\/\" target=\"_blank\">t slot vs v slot<\/a><\/li>\r\r\n<li><a href=\"https:\/\/sinoextrud.com\/what-is-4040-aluminium-extrud\/\" target=\"_blank\">4040 aluminium extrusion<\/a><\/li>\r\r\n<li><a href=\"https:\/\/sinoextrud.com\/what-is-4040-aluminium-extrud\/\" target=\"_blank\">aluminum extrusions for industrial racks<\/a><\/li>\r\r\n<li><a href=\"https:\/\/sinoextrud.com\/powder-coating-aluminium-process\/\" target=\"_blank\">powder coating aluminium<\/a><\/li>\r\r\n<li><a href=\"https:\/\/sinoextrud.com\/what-is-an-aluminium-strip-ceiling\/\" target=\"_blank\">aluminium strip ceiling<\/a><\/li>\r\r\n<li><a href=\"https:\/\/sinoextrud.com\/what-is-a-heat-sink\/\" target=\"_blank\">what is a heat sink<\/a><\/li>\r\r\n<\/ul>","product_chanpin_chanpin":"<li><a href=\"https:\/\/sinoextrud.com\/product\/decoration-aluminium\/\" target=\"_blank\">Decoration aluminium<\/a><\/li>\r\n<li><a href=\"https:\/\/sinoextrud.com\/product\/extruded-aluminum-heatsink-enclosure\/\" target=\"_blank\">Extruded Aluminum Heatsink Enclosure<\/a><\/li>\r\n<li><a href=\"https:\/\/sinoextrud.com\/product\/aluminum-solar-panel-frame\/\" target=\"_blank\">Aluminum Solar Panel Frame<\/a><\/li>\r\n<li><a href=\"https:\/\/sinoextrud.com\/product\/aluminum-extrusion-framing\/\" target=\"_blank\">Aluminum Extrusion Framing<\/a><\/li>\r\n<li><a href=\"https:\/\/sinoextrud.com\/product\/aluminium-exrtrusion-slot\/\" target=\"_blank\">Aluminium Exrtrusion Slot<\/a><\/li>\r\n<li><a href=\"https:\/\/sinoextrud.com\/product\/round-t-slot-extrusion\/\" target=\"_blank\">Round T Slot Extrusion<\/a><\/li>\r\n<li><a href=\"https:\/\/sinoextrud.com\/product\/custom-aluminum-extrusion\/\" target=\"_blank\">Custom Aluminum Extrusion<\/a><\/li>\r\n<li><a href=\"https:\/\/sinoextrud.com\/product\/aluminium-shelf-extrusion\/\" target=\"_blank\">Aluminium Shelf Extrusion<\/a><\/li>\r\n<li><a href=\"https:\/\/sinoextrud.com\/product\/metal-extrusion-products\/\" target=\"_blank\">Metal Extrusion Products<\/a><\/li>\r\n<li><a href=\"https:\/\/sinoextrud.com\/product\/aluminium-alloy-profile-for-cleaning-room-with-good-quality-manufacturer-china\/\" target=\"_blank\">Aluminium Alloy Profile For Cleaning Room With Good Quality Manufacturer China<\/a><\/li>\r\n<li><a href=\"https:\/\/sinoextrud.com\/product\/square-aluminum-tubing-with-anodized-mill-finish-polishing-treatment\/\" target=\"_blank\">Square Aluminum Tubing With Anodized Mill Finish Polishing Treatment<\/a><\/li>"},"feature_list":[]},"_links":{"self":[{"href":"https:\/\/sinoextrud.com\/fr\/wp-json\/wp\/v2\/product\/7876","targetHints":{"allow":["GET"]}}],"collection":[{"href":"https:\/\/sinoextrud.com\/fr\/wp-json\/wp\/v2\/product"}],"about":[{"href":"https:\/\/sinoextrud.com\/fr\/wp-json\/wp\/v2\/types\/product"}],"wp:featuredmedia":[{"embeddable":true,"href":"https:\/\/sinoextrud.com\/fr\/wp-json\/wp\/v2\/media\/7875"}],"wp:attachment":[{"href":"https:\/\/sinoextrud.com\/fr\/wp-json\/wp\/v2\/media?parent=7876"}],"wp:term":[{"taxonomy":"category","embeddable":true,"href":"https:\/\/sinoextrud.com\/fr\/wp-json\/wp\/v2\/categories?post=7876"}],"curies":[{"name":"wp","href":"https:\/\/api.w.org\/{rel}","templated":true}]}}