{"id":7872,"date":"2025-06-11T03:13:24","date_gmt":"2025-06-11T03:13:24","guid":{"rendered":"https:\/\/sinoextrud.com\/product\/aluminum-solar-panel-frame\/"},"modified":"2025-06-24T06:13:54","modified_gmt":"2025-06-24T06:13:54","slug":"cadre-de-panneau-solaire-en-aluminium","status":"publish","type":"product","link":"https:\/\/sinoextrud.com\/fr\/product\/aluminum-solar-panel-frame\/","title":{"rendered":"Cadre de panneau solaire en aluminium"},"content":{"rendered":"<h2>D\u00e9tails des produits<\/h2>\n<table class=\"custom-table\">\n<tr>\n<td class=\"label\">1. Mat\u00e9riau :<\/td>\n<td> Alliage d'aluminium 6063, 6061, 6463, 6061, 6082, 6060, 6005 ou selon la demande du client<\/td>\n<\/tr>\n<tr>\n<td class=\"label\">2. Temp\u00e9rer :<\/td>\n<td> T5, T6<\/td>\n<\/tr>\n<tr>\n<td class=\"label\">3. Traitement de surface :<\/td>\n<td> Finition en usine, anodisation, rev\u00eatement par poudre, \u00e9lectrophor\u00e8se, balayage au sable, etc. Rev\u00eatement PVDF, peinture au grain de bois, matage, polissage brillant<\/td>\n<\/tr>\n<tr>\n<td class=\"label\">4. Couleur disponible :<\/td>\n<td> Argent, bronze, champagne, mat, naturel pour l'anodisation, ral pour le rev\u00eatement en poudre<\/td>\n<\/tr>\n<tr>\n<td class=\"label\">5. D\u00e9tails de l'emballage :<\/td>\n<td> Film prot\u00e9g\u00e9 \u00e0 l'int\u00e9rieur et film r\u00e9tractable \u00e0 l'ext\u00e9rieur<\/td>\n<\/tr>\n<tr>\n<td class=\"label\">6. Temps d'\u00e9chantillonnage :<\/td>\n<td> deux semaines apr\u00e8s la r\u00e9ception de la taxe sur les moules<\/td>\n<\/tr>\n<tr>\n<td class=\"label\">7. Livraison :<\/td>\n<td> 20 jours apr\u00e8s le d\u00e9p\u00f4t<\/td>\n<\/tr>\n<tr>\n<td class=\"label\">8. Capacit\u00e9 de production :<\/td>\n<td> 15 000 tonnes par mois<\/td>\n<\/tr>\n<tr>\n<td class=\"label\">9. MOQ :<\/td>\n<td> 200KG<\/td>\n<\/tr>\n<tr>\n<td class=\"label\">10. Port :<\/td>\n<td> Shenzhen, Guangzhou, Foshan<\/td>\n<\/tr>\n<\/table>\n<h2>Notre base de production<\/h2>\n<h3>Panorama de l'usine<\/h3>\n<p><img decoding=\"async\" src=\"\/wp-content\/uploads\/factory-01.webp\"\/><\/p>\n<h3>Atelier de fabrication de barres d'aluminium<\/h3>\n<p><img decoding=\"async\" src=\"\/wp-content\/uploads\/factory-02.webp\"\/><\/p>\n<\/p>\n<p><img decoding=\"async\" src=\"\/wp-content\/uploads\/factory-03.webp\"\/><\/p>\n<h3>Entrep\u00f4t de stockage des moules<\/h3>\n<p><img decoding=\"async\" src=\"\/wp-content\/uploads\/factory-04.webp\"\/><\/p>\n<h3>43 lignes d'extrusion d'aluminium (500 \u00e0 5500 tonnes)<\/h3>\n<p><img decoding=\"async\" src=\"\/wp-content\/uploads\/factory-05.webp\"\/><\/p>\n<p><img decoding=\"async\" src=\"\/wp-content\/uploads\/factory-06.webp\"\/><\/p>\n<p><img decoding=\"async\" src=\"\/wp-content\/uploads\/factory-07.webp\"\/><\/p>\n<h3>Atelier de peinture en poudre<\/h3>\n<p><img decoding=\"async\" src=\"\/wp-content\/uploads\/factory-09.webp\"\/><\/p>\n<h3>Atelier d'anodisation<\/h3>\n<p><img decoding=\"async\" src=\"\/wp-content\/uploads\/factory-10.webp\"\/><\/p>\n<h3>Atelier sur le traitement en profondeur<\/h3>\n<p><img decoding=\"async\" src=\"\/wp-content\/uploads\/factory-11.webp\"\/><\/p>\n<h3>Atelier d'usinage de pr\u00e9cision CNC<\/h3>\n<p><img decoding=\"async\" src=\"\/wp-content\/uploads\/factory-11.5.webp\"\/><\/p>\n<h3>Entrep\u00f4t de produits finis et d'exportation<\/h3>\n<p><img decoding=\"async\" src=\"\/wp-content\/uploads\/factory-12.webp\"\/><\/p>\n<p><img decoding=\"async\" src=\"\/wp-content\/uploads\/factory-13.webp\"\/><\/p>\n<p><img decoding=\"async\" src=\"\/wp-content\/uploads\/factory-14.webp\"\/><\/p>\n<h2>FAQ<\/h2>\n<p><b>1) Quels sont les principaux avantages de l'utilisation des cadres de panneaux solaires en aluminium ?<\/b><\/p>\n<p>Les cadres pour panneaux solaires en aluminium sont durables, r\u00e9sistants \u00e0 la corrosion, l\u00e9gers et personnalisables, ce qui les rend id\u00e9aux pour soutenir les panneaux solaires dans divers environnements.\n<\/p>\n<p><\/p>\n<p><b>2. comment le mat\u00e9riau aluminium am\u00e9liore-t-il les performances du cadre du panneau solaire ?<\/b><\/p>\n<p>L'aluminium est l\u00e9ger, solide et r\u00e9sistant \u00e0 la corrosion, ce qui garantit une structure fiable et durable pour les installations de panneaux solaires dans les environnements ext\u00e9rieurs et industriels.\n<\/p>\n<p><\/p>\n<p><b>3. les cadres de panneaux solaires en aluminium peuvent-ils \u00eatre personnalis\u00e9s ?<\/b><\/p>\n<p>Oui, ils peuvent \u00eatre adapt\u00e9s \u00e0 diff\u00e9rentes tailles et configurations, ce qui les rend polyvalents pour diff\u00e9rents mod\u00e8les de panneaux solaires et besoins d'installation.\n<\/p>\n<p><\/p>\n<p><b>4. quelle est la r\u00e9sistance \u00e0 la corrosion des cadres de panneaux solaires en aluminium ?<\/b><\/p>\n<p>L'aluminium est naturellement r\u00e9sistant \u00e0 la corrosion, ce qui garantit que les cadres conservent leur int\u00e9grit\u00e9 et leur apparence dans des conditions environnementales difficiles, telles que l'exposition \u00e0 l'humidit\u00e9 et aux rayons UV.\n<\/p>\n<p><\/p>\n<p><b>5. en quoi la conception l\u00e9g\u00e8re est-elle avantageuse pour les installations de panneaux solaires ?<\/b><\/p>\n<p>La l\u00e9g\u00e8ret\u00e9 de l'aluminium le rend plus facile \u00e0 manipuler et \u00e0 installer, ce qui r\u00e9duit les co\u00fbts de main-d'\u0153uvre et le temps d'installation tout en fournissant un support fiable pour les panneaux solaires.\n<\/p>\n<p><\/p>\n<p><b>6. quelles industries utilisent les cadres de panneaux solaires en aluminium ?<\/b><\/p>\n<p>Ils sont principalement utilis\u00e9s dans l'industrie des \u00e9nergies renouvelables, en particulier dans les syst\u00e8mes d'\u00e9nergie solaire, mais sont \u00e9galement applicables aux installations commerciales et r\u00e9sidentielles.\n<\/p>\n<p><\/p>\n<p><b>7. Quel est le rapport co\u00fbt-efficacit\u00e9 des cadres de panneaux solaires en aluminium ?<\/b><\/p>\n<p>Ils constituent une solution rentable en raison de leur durabilit\u00e9, de leur faible besoin de maintenance et de leur installation efficace, ce qui contribue \u00e0 r\u00e9duire les co\u00fbts globaux des projets de panneaux solaires.\n<\/p>\n<p><\/p>","protected":false},"featured_media":7871,"template":"","categories":[54],"class_list":["post-7872","product","type-product","status-publish","has-post-thumbnail","hentry","category-industrial-aluminum-profiles"],"meta_box":{"hilight_text_group":{"product_hilight_text":"<li>Durable aluminum construction, providing strength and long-lasting support for solar panels.<\/li>\r\r\n<li>Corrosion-resistant, ensuring reliable performance in both outdoor and harsh environmental conditions.<\/li>\r\r\n<li>Lightweight design, making it easier to handle and install while maintaining structural integrity.<\/li>\r\r\n<li>Customizable sizes and designs, suitable for various solar panel models and mounting systems.<\/li>\r\r\n<li>Cost-effective solution, reducing installation time and providing a stable, efficient framework for solar energy systems.<\/li>","product_chanpin_blog":"<ul>\r\r\n<li><a href=\"https:\/\/sinoextrud.com\/t-slot-v-slot-differences\/\" target=\"_blank\">t slot vs v slot<\/a><\/li>\r\r\n<li><a href=\"https:\/\/sinoextrud.com\/what-is-4040-aluminium-extrud\/\" target=\"_blank\">4040 aluminium extrusion<\/a><\/li>\r\r\n<li><a href=\"https:\/\/sinoextrud.com\/what-is-4040-aluminium-extrud\/\" target=\"_blank\">aluminum extrusions for industrial racks<\/a><\/li>\r\r\n<li><a href=\"https:\/\/sinoextrud.com\/powder-coating-aluminium-process\/\" target=\"_blank\">powder coating aluminium<\/a><\/li>\r\r\n<li><a href=\"https:\/\/sinoextrud.com\/what-is-an-aluminium-strip-ceiling\/\" target=\"_blank\">aluminium strip ceiling<\/a><\/li>\r\r\n<li><a href=\"https:\/\/sinoextrud.com\/what-is-a-heat-sink\/\" target=\"_blank\">what is a heat sink<\/a><\/li>\r\r\n<\/ul>","product_chanpin_chanpin":"<li><a href=\"https:\/\/sinoextrud.com\/product\/aluminium-profile-channel-factory\/\" target=\"_blank\">Aluminium Profile Channel Factory<\/a><\/li>\r\n<li><a href=\"https:\/\/sinoextrud.com\/product\/aluminum-extrusion-box\/\" target=\"_blank\">aluminum extrusion box<\/a><\/li>\r\n<li><a href=\"https:\/\/sinoextrud.com\/product\/decoration-aluminium\/\" target=\"_blank\">Decoration aluminium<\/a><\/li>\r\n<li><a href=\"https:\/\/sinoextrud.com\/product\/extruded-aluminum-heatsink-enclosure\/\" target=\"_blank\">Extruded Aluminum Heatsink Enclosure<\/a><\/li>\r\n<li><a href=\"https:\/\/sinoextrud.com\/product\/aluminum-solar-panel-frame\/\" target=\"_blank\">Aluminum Solar Panel Frame<\/a><\/li>\r\n<li><a href=\"https:\/\/sinoextrud.com\/product\/aluminum-extrusion-framing\/\" target=\"_blank\">Aluminum Extrusion Framing<\/a><\/li>\r\n<li><a href=\"https:\/\/sinoextrud.com\/product\/aluminium-exrtrusion-slot\/\" target=\"_blank\">Aluminium Exrtrusion Slot<\/a><\/li>\r\n<li><a href=\"https:\/\/sinoextrud.com\/product\/round-t-slot-extrusion\/\" target=\"_blank\">Round T Slot Extrusion<\/a><\/li>\r\n<li><a href=\"https:\/\/sinoextrud.com\/product\/custom-aluminum-extrusion\/\" target=\"_blank\">Custom Aluminum Extrusion<\/a><\/li>\r\n<li><a href=\"https:\/\/sinoextrud.com\/product\/alu-profile-system\/\" target=\"_blank\">Alu Profile System<\/a><\/li>\r\n<li><a href=\"https:\/\/sinoextrud.com\/product\/aluminium-solar-profile\/\" target=\"_blank\">Aluminium Solar Profile<\/a><\/li>"},"feature_list":[]},"_links":{"self":[{"href":"https:\/\/sinoextrud.com\/fr\/wp-json\/wp\/v2\/product\/7872","targetHints":{"allow":["GET"]}}],"collection":[{"href":"https:\/\/sinoextrud.com\/fr\/wp-json\/wp\/v2\/product"}],"about":[{"href":"https:\/\/sinoextrud.com\/fr\/wp-json\/wp\/v2\/types\/product"}],"wp:featuredmedia":[{"embeddable":true,"href":"https:\/\/sinoextrud.com\/fr\/wp-json\/wp\/v2\/media\/7871"}],"wp:attachment":[{"href":"https:\/\/sinoextrud.com\/fr\/wp-json\/wp\/v2\/media?parent=7872"}],"wp:term":[{"taxonomy":"category","embeddable":true,"href":"https:\/\/sinoextrud.com\/fr\/wp-json\/wp\/v2\/categories?post=7872"}],"curies":[{"name":"wp","href":"https:\/\/api.w.org\/{rel}","templated":true}]}}