{"id":7862,"date":"2025-06-11T03:04:29","date_gmt":"2025-06-11T03:04:29","guid":{"rendered":"https:\/\/sinoextrud.com\/product\/aluminium-decorative-furniture-metal-wall-trim\/"},"modified":"2025-06-24T06:13:52","modified_gmt":"2025-06-24T06:13:52","slug":"meubles-decoratifs-en-aluminium-garniture-murale-en-metal","status":"publish","type":"product","link":"https:\/\/sinoextrud.com\/fr\/product\/aluminium-decorative-furniture-metal-wall-trim\/","title":{"rendered":"Aluminium Meuble d\u00e9coratif Garniture murale en m\u00e9tal"},"content":{"rendered":"<h2>D\u00e9tails des produits<\/h2>\n<table class=\"custom-table\">\n<tr>\n<td class=\"label\">Mat\u00e9riau :<\/td>\n<td> Alliage d'aluminium 6063&amp;6061-T5&amp;T6<\/td>\n<\/tr>\n<tr>\n<td class=\"label\">Longueur :<\/td>\n<td> Habituellement 2,5m \/ 3,0m pc, ou personnalis\u00e9<\/td>\n<\/tr>\n<tr>\n<td class=\"label\">\u00c9paisseur :<\/td>\n<td> 1.0mm-2.0mm, ou sur mesure<\/td>\n<\/tr>\n<tr>\n<td class=\"label\">Hauteur :<\/td>\n<td> 6\/8\/10\/11\/12\/12.5mm, ou sur mesure<\/td>\n<\/tr>\n<tr>\n<td class=\"label\">Traitement de surface :<\/td>\n<td> Finition en usine, anodis\u00e9e, mate, polie, rev\u00eatement en poudre, \u00e9lectroplaque, grain de bois<\/td>\n<\/tr>\n<tr>\n<td class=\"label\">Couleur :<\/td>\n<td> Champagne, argent, or, bronze, etc.<\/td>\n<\/tr>\n<tr>\n<td class=\"label\">Perforer des trous :<\/td>\n<td> Triangle, rond, carr\u00e9, lettre, logo personnalis\u00e9<\/td>\n<\/tr>\n<tr>\n<td class=\"label\">Utilisation :<\/td>\n<td> Convient aux carreaux d'une \u00e9paisseur allant jusqu'\u00e0 6-12 mm, pour cacher et prot\u00e9ger les bords bruts expos\u00e9s des carreaux.<\/td>\n<\/tr>\n<\/table>\n<h2>Notre base de production<\/h2>\n<h3>Panorama de l'usine<\/h3>\n<p><img decoding=\"async\" src=\"\/wp-content\/uploads\/factory-01.webp\"\/><\/p>\n<h3>Atelier de fabrication de barres d'aluminium<\/h3>\n<p><img decoding=\"async\" src=\"\/wp-content\/uploads\/factory-02.webp\"\/><\/p>\n<p><img decoding=\"async\" src=\"\/wp-content\/uploads\/factory-03.webp\"\/><\/p>\n<h3>Entrep\u00f4t de stockage des moules<\/h3>\n<p><img decoding=\"async\" src=\"\/wp-content\/uploads\/factory-04.webp\"\/><\/p>\n<h3>43 lignes d'extrusion d'aluminium (500 \u00e0 5500 tonnes)<\/h3>\n<p><img decoding=\"async\" src=\"\/wp-content\/uploads\/factory-05.webp\"\/><\/p>\n<p><img decoding=\"async\" src=\"\/wp-content\/uploads\/factory-06.webp\"\/><\/p>\n<p><img decoding=\"async\" src=\"\/wp-content\/uploads\/factory-07.webp\"\/><\/p>\n<h3>Atelier de peinture en poudre<\/h3>\n<p><img decoding=\"async\" src=\"\/wp-content\/uploads\/factory-09.webp\"\/><\/p>\n<h3>Atelier d'anodisation<\/h3>\n<p><img decoding=\"async\" src=\"\/wp-content\/uploads\/factory-10.webp\"\/><\/p>\n<h3>Atelier sur le traitement en profondeur<\/h3>\n<p><img decoding=\"async\" src=\"\/wp-content\/uploads\/factory-11.webp\"\/><\/p>\n<h3>Atelier d'usinage de pr\u00e9cision CNC<\/h3>\n<p><img decoding=\"async\" src=\"\/wp-content\/uploads\/factory-11.5.webp\"\/><\/p>\n<h3>Entrep\u00f4t de produits finis et d'exportation<\/h3>\n<p><img decoding=\"async\" src=\"\/wp-content\/uploads\/factory-12.webp\"\/><\/p>\n<p><img decoding=\"async\" src=\"\/wp-content\/uploads\/factory-13.webp\"\/><\/p>\n<p><img decoding=\"async\" src=\"\/wp-content\/uploads\/factory-14.webp\"\/><\/p>\n<h2>FAQ<\/h2>\n<p><p><b>1) Qu'est-ce qui rend les profil\u00e9s industriels en aluminium durables ? <\/b><\/p>\n<p>Les profil\u00e9s industriels en aluminium sont fabriqu\u00e9s \u00e0 partir de mat\u00e9riaux tr\u00e8s r\u00e9sistants et pr\u00e9sentent des finitions anodis\u00e9es r\u00e9sistantes \u00e0 la corrosion, ce qui garantit une longue dur\u00e9e de vie, m\u00eame dans des environnements difficiles.<br \/>\n<\/p><br \/>\n<br \/>\n<p><b>2.Les profil\u00e9s industriels en aluminium sont-ils personnalisables ? <\/b><\/p>\n<p>Oui, ils peuvent \u00eatre adapt\u00e9s \u00e0 des dimensions, des formes et des conceptions sp\u00e9cifiques pour r\u00e9pondre \u00e0 un large \u00e9ventail d'applications industrielles.<br \/>\n<\/p><br \/>\n<br \/>\n<p><b>3. Quels sont les avantages de la finition anodis\u00e9e pour les profil\u00e9s en aluminium ? <\/b><\/p>\n<p>La finition anodis\u00e9e am\u00e9liore la r\u00e9sistance \u00e0 la corrosion, garantissant que les profil\u00e9s restent solides et fonctionnels au fil du temps, m\u00eame dans des conditions difficiles.<br \/>\n<\/p><br \/>\n<br \/>\n<p><b>4. Quels sont les avantages de l'utilisation de l'aluminium dans les profil\u00e9s industriels ? <\/b><\/p>\n<p>L'aluminium est l\u00e9ger, solide et r\u00e9sistant \u00e0 la corrosion, ce qui constitue une combinaison id\u00e9ale pour la construction de profil\u00e9s industriels durables et efficaces.<br \/>\n<\/p><br \/>\n<br \/>\n<p><b>5. les profils peuvent-ils \u00eatre modifi\u00e9s ou \u00e9tendus facilement ? <\/b><\/p>\n<p>Oui, la nature modulaire des profil\u00e9s industriels en aluminium permet de les modifier, de les \u00e9tendre ou de les reconfigurer facilement en fonction de l'\u00e9volution des besoins du projet.<br \/>\n<\/p><br \/>\n<br \/>\n<p><b>6. Comment les profil\u00e9s industriels en aluminium favorisent-ils le d\u00e9veloppement durable ? <\/b><\/p>\n<p>L'aluminium est un mat\u00e9riau enti\u00e8rement recyclable, ce qui fait de ces profil\u00e9s un choix \u00e9cologique qui soutient les efforts de durabilit\u00e9 dans la fabrication industrielle.<br \/>\n<\/p><br \/>\n<br \/>\n<p><b>7. ces profils sont-ils rentables ? <\/b><\/p>\n<p>En effet, les profil\u00e9s industriels en aluminium offrent une solution performante \u00e0 un prix comp\u00e9titif, ce qui les rend id\u00e9aux pour les projets \u00e9conomiques sans sacrifier la qualit\u00e9.<br \/>\n<\/p><br \/><\/p>","protected":false},"featured_media":7861,"template":"","categories":[54],"class_list":["post-7862","product","type-product","status-publish","has-post-thumbnail","hentry","category-industrial-aluminum-profiles"],"meta_box":{"hilight_text_group":{"product_hilight_text":"<ul>\r\r\n  <li>High-strength industrial aluminum profiles for superior durability and performance in demanding applications.<\/li>\r\r\n  <li>Corrosion-resistant and anodized finishes ensure longevity, even in harsh environments.<\/li>\r\r\n  <li>Lightweight yet robust, offering a strong and stable solution without adding excess weight.<\/li>\r\r\n  <li>Flexible and customizable designs to meet various industrial and engineering requirements.<\/li>\r\r\n  <li>Modular system for easy assembly, modification, and expansion as project needs evolve.<\/li>\r\r\n  <li>Eco-friendly and recyclable material, promoting sustainability in manufacturing and construction.<\/li>\r\r\n  <li>Cost-effective solution without compromising on quality, making it ideal for budget-conscious projects.<\/li>\r\r\n<\/ul>","product_chanpin_blog":"<ul>\r\r\n<li><a href=\"https:\/\/sinoextrud.com\/t-slot-v-slot-differences\/\" target=\"_blank\">t slot vs v slot<\/a><\/li>\r\r\n<li><a href=\"https:\/\/sinoextrud.com\/what-is-4040-aluminium-extrud\/\" target=\"_blank\">4040 aluminium extrusion<\/a><\/li>\r\r\n<li><a href=\"https:\/\/sinoextrud.com\/what-is-4040-aluminium-extrud\/\" target=\"_blank\">aluminum extrusions for industrial racks<\/a><\/li>\r\r\n<li><a href=\"https:\/\/sinoextrud.com\/powder-coating-aluminium-process\/\" target=\"_blank\">powder coating aluminium<\/a><\/li>\r\r\n<li><a href=\"https:\/\/sinoextrud.com\/what-is-an-aluminium-strip-ceiling\/\" target=\"_blank\">aluminium strip ceiling<\/a><\/li>\r\r\n<li><a href=\"https:\/\/sinoextrud.com\/what-is-a-heat-sink\/\" target=\"_blank\">what is a heat sink<\/a><\/li>\r\r\n<\/ul>","product_chanpin_chanpin":"<li><a href=\"https:\/\/sinoextrud.com\/product\/extrusion-aluminum-handrails-profile-powder-coated-white\/\" target=\"_blank\">Extrusion Aluminum Handrails Profile Powder Coated White<\/a><\/li>\r\n<li><a href=\"https:\/\/sinoextrud.com\/product\/t-slot-aluminium-profile-extrusion-bulk-selling-98-pure-aluminum-price\/\" target=\"_blank\">t-slot aluminium profile extrusion bulk selling 98% pure aluminum price<\/a><\/li>\r\n<li><a href=\"https:\/\/sinoextrud.com\/product\/industrial-aluminium-extrusions-hollow-pipe-big-dimensions\/\" target=\"_blank\">Industrial Aluminium Extrusions Hollow Pipe Big Dimensions<\/a><\/li>\r\n<li><a href=\"https:\/\/sinoextrud.com\/product\/aluminium-profile-extrusion\/\" target=\"_blank\">Aluminium Profile Extrusion<\/a><\/li>\r\n<li><a href=\"https:\/\/sinoextrud.com\/product\/aluminium-decorative-furniture-metal-wall-trim\/\" target=\"_blank\">Aluminium Decorative Furniture Metal Wall Trim<\/a><\/li>\r\n<li><a href=\"https:\/\/sinoextrud.com\/product\/aluminium-profile-channel-factory\/\" target=\"_blank\">Aluminium Profile Channel Factory<\/a><\/li>\r\n<li><a href=\"https:\/\/sinoextrud.com\/product\/aluminum-extrusion-box\/\" target=\"_blank\">aluminum extrusion box<\/a><\/li>\r\n<li><a href=\"https:\/\/sinoextrud.com\/product\/decoration-aluminium\/\" target=\"_blank\">Decoration aluminium<\/a><\/li>\r\n<li><a href=\"https:\/\/sinoextrud.com\/product\/extruded-aluminum-heatsink-enclosure\/\" target=\"_blank\">Extruded Aluminum Heatsink Enclosure<\/a><\/li>\r\n<li><a href=\"https:\/\/sinoextrud.com\/product\/anodized-aluminum\/\" target=\"_blank\">Anodized Aluminum<\/a><\/li>\r\n<li><a href=\"https:\/\/sinoextrud.com\/product\/aluminum-shower-door-frame-parts-u-channel\/\" target=\"_blank\">Aluminum Shower Door Frame Parts U-channel<\/a><\/li>"},"feature_list":[]},"_links":{"self":[{"href":"https:\/\/sinoextrud.com\/fr\/wp-json\/wp\/v2\/product\/7862","targetHints":{"allow":["GET"]}}],"collection":[{"href":"https:\/\/sinoextrud.com\/fr\/wp-json\/wp\/v2\/product"}],"about":[{"href":"https:\/\/sinoextrud.com\/fr\/wp-json\/wp\/v2\/types\/product"}],"wp:featuredmedia":[{"embeddable":true,"href":"https:\/\/sinoextrud.com\/fr\/wp-json\/wp\/v2\/media\/7861"}],"wp:attachment":[{"href":"https:\/\/sinoextrud.com\/fr\/wp-json\/wp\/v2\/media?parent=7862"}],"wp:term":[{"taxonomy":"category","embeddable":true,"href":"https:\/\/sinoextrud.com\/fr\/wp-json\/wp\/v2\/categories?post=7862"}],"curies":[{"name":"wp","href":"https:\/\/api.w.org\/{rel}","templated":true}]}}