{"id":7854,"date":"2025-06-11T02:55:39","date_gmt":"2025-06-11T02:55:39","guid":{"rendered":"https:\/\/sinoextrud.com\/product\/extrusion-aluminum-handrails-profile-powder-coated-white\/"},"modified":"2025-06-24T06:13:50","modified_gmt":"2025-06-24T06:13:50","slug":"profile-daluminium-extrude-main-courante-laque-blanc","status":"publish","type":"product","link":"https:\/\/sinoextrud.com\/fr\/product\/extrusion-aluminum-handrails-profile-powder-coated-white\/","title":{"rendered":"Profil\u00e9 d'extrusion de main courante en aluminium peint par poudrage en blanc"},"content":{"rendered":"<h2>D\u00e9tails des produits<\/h2>\n<table class=\"custom-table\">\n<tr>\n<td class=\"label\">1. Nom du produit :<\/td>\n<td> Profil\u00e9 d'extrusion de main courante en aluminium peint par poudrage en blanc<\/td>\n<\/tr>\n<tr>\n<td class=\"label\">2. Mat\u00e9riau :<\/td>\n<td> Alliage d'aluminium 6063-T5<\/td>\n<\/tr>\n<tr>\n<td class=\"label\">3. Termin\u00e9 :<\/td>\n<td> National Powder Coated White<\/td>\n<\/tr>\n<tr>\n<td class=\"label\">4. Norme ex\u00e9cutive :<\/td>\n<td> GB5237-2008<\/td>\n<\/tr>\n<tr>\n<td class=\"label\">5. Certificats :<\/td>\n<td> ISO9001<\/td>\n<\/tr>\n<tr>\n<td class=\"label\">6. Mod\u00e8le :<\/td>\n<td> Moule gratuit<\/td>\n<\/tr>\n<\/table>\n<h2>Notre base de production<\/h2>\n<h3>Panorama de l'usine<\/h3>\n<p><img decoding=\"async\" src=\"\/wp-content\/uploads\/factory-01.webp\"\/><\/p>\n<h3>Atelier de fabrication de barres d'aluminium<\/h3>\n<p><img decoding=\"async\" src=\"\/wp-content\/uploads\/factory-02.webp\"\/><\/p>\n<\/p>\n<p><img decoding=\"async\" src=\"\/wp-content\/uploads\/factory-03.webp\"\/><\/p>\n<h3>Entrep\u00f4t de stockage des moules<\/h3>\n<p><img decoding=\"async\" src=\"\/wp-content\/uploads\/factory-04.webp\"\/><\/p>\n<h3>43 lignes d'extrusion d'aluminium (500 \u00e0 5500 tonnes)<\/h3>\n<p><img decoding=\"async\" src=\"\/wp-content\/uploads\/factory-05.webp\"\/><\/p>\n<p><img decoding=\"async\" src=\"\/wp-content\/uploads\/factory-06.webp\"\/><\/p>\n<p><img decoding=\"async\" src=\"\/wp-content\/uploads\/factory-07.webp\"\/><\/p>\n<h3>Atelier de peinture en poudre<\/h3>\n<p><img decoding=\"async\" src=\"\/wp-content\/uploads\/factory-09.webp\"\/><\/p>\n<h3>Atelier d'anodisation<\/h3>\n<p><img decoding=\"async\" src=\"\/wp-content\/uploads\/factory-10.webp\"\/><\/p>\n<h3>Atelier sur le traitement en profondeur<\/h3>\n<p><img decoding=\"async\" src=\"\/wp-content\/uploads\/factory-11.webp\"\/><\/p>\n<h3>Atelier d'usinage de pr\u00e9cision CNC<\/h3>\n<p><img decoding=\"async\" src=\"\/wp-content\/uploads\/factory-11.5.webp\"\/><\/p>\n<h3>Entrep\u00f4t de produits finis et d'exportation<\/h3>\n<p><img decoding=\"async\" src=\"\/wp-content\/uploads\/factory-12.webp\"\/><\/p>\n<p><img decoding=\"async\" src=\"\/wp-content\/uploads\/factory-13.webp\"\/><\/p>\n<p><img decoding=\"async\" src=\"\/wp-content\/uploads\/factory-14.webp\"\/><\/p>\n<h2>FAQ<\/h2>\n<p><b>1) Quels sont les avantages des mains courantes en aluminium extrud\u00e9 ? <\/b><\/p>\n<p> Les mains courantes en aluminium extrud\u00e9 offrent un support solide et l\u00e9ger et sont id\u00e9ales pour les syst\u00e8mes de garde-corps modernes en raison de leur durabilit\u00e9 et de leur polyvalence.\n<\/p>\n<p><\/p>\n<p><b>2) Pourquoi choisir les mains courantes en aluminium blanc thermolaqu\u00e9 ? <\/b><\/p>\n<p> Les mains courantes en aluminium blanc rev\u00eatu par poudre offrent un aspect \u00e9l\u00e9gant et propre et une excellente r\u00e9sistance aux intemp\u00e9ries et \u00e0 la corrosion.\n<\/p>\n<p><\/p>\n<p><b>3. les profils de main courante en aluminium conviennent-ils pour une utilisation en ext\u00e9rieur ? <\/b><\/p>\n<p> Oui, la surface rev\u00eatue de poudre et les propri\u00e9t\u00e9s de r\u00e9sistance \u00e0 la corrosion rendent ces mains courantes parfaites pour les environnements int\u00e9rieurs et ext\u00e9rieurs.\n<\/p>\n<p><\/p>\n<p><b>4. les mains courantes en aluminium peuvent-elles \u00eatre personnalis\u00e9es ? <\/b><\/p>\n<p> Oui, nous proposons des longueurs, des profils et des mod\u00e8les de trous personnalis\u00e9s pour r\u00e9pondre \u00e0 vos besoins en mati\u00e8re d'architecture ou de construction.\n<\/p>\n<p><\/p>\n<p><b>5) Comment l'aluminium se compare-t-il \u00e0 l'acier pour les syst\u00e8mes de mains courantes ? <\/b><\/p>\n<p> L'aluminium est plus l\u00e9ger, r\u00e9siste \u00e0 la corrosion et n\u00e9cessite moins d'entretien que l'acier, ce qui en fait un choix rentable pour les mains courantes.\n<\/p>\n<p><\/p>\n<p><b>6. le rev\u00eatement en poudre blanche est-il durable ? <\/b><\/p>\n<p> Oui, le rev\u00eatement en poudre blanc est appliqu\u00e9 avec une forte adh\u00e9rence et durci pour la durabilit\u00e9, offrant une protection \u00e0 long terme contre l'usure et la d\u00e9coloration.\n<\/p>\n<p><\/p>\n<p><b>7) Quelles sont les applications id\u00e9ales pour les mains courantes en aluminium extrud\u00e9 ? <\/b><\/p>\n<p> Ces mains courantes sont id\u00e9ales pour les balcons r\u00e9sidentiels, les b\u00e2timents commerciaux, les escaliers et les passages publics.\n<\/p>\n<p><\/p>","protected":false},"featured_media":7853,"template":"","categories":[54],"class_list":["post-7854","product","type-product","status-publish","has-post-thumbnail","hentry","category-industrial-aluminum-profiles"],"meta_box":{"hilight_text_group":{"product_hilight_text":"<li>Durable aluminum extrusion ensures long-lasting structural support.<\/li>\r\r\n<li>Powder coated white finish offers a clean, modern appearance.<\/li>\r\r\n<li>Corrosion-resistant surface ideal for indoor and outdoor applications.<\/li>\r\r\n<li>Lightweight material allows for easy handling and installation.<\/li>\r\r\n<li>Customizable lengths and profiles to meet specific project needs.<\/li>\r\r\n<li>Low maintenance compared to traditional steel handrails.<\/li>\r\r\n<li>Compatible with various railing systems and fittings.<\/li>","product_chanpin_blog":"<ul>\r\r\n<li><a href=\"https:\/\/sinoextrud.com\/t-slot-v-slot-differences\/\" target=\"_blank\">t slot vs v slot<\/a><\/li>\r\r\n<li><a href=\"https:\/\/sinoextrud.com\/what-is-4040-aluminium-extrud\/\" target=\"_blank\">4040 aluminium extrusion<\/a><\/li>\r\r\n<li><a href=\"https:\/\/sinoextrud.com\/what-is-4040-aluminium-extrud\/\" target=\"_blank\">aluminum extrusions for industrial racks<\/a><\/li>\r\r\n<li><a href=\"https:\/\/sinoextrud.com\/powder-coating-aluminium-process\/\" target=\"_blank\">powder coating aluminium<\/a><\/li>\r\r\n<li><a href=\"https:\/\/sinoextrud.com\/what-is-an-aluminium-strip-ceiling\/\" target=\"_blank\">aluminium strip ceiling<\/a><\/li>\r\r\n<li><a href=\"https:\/\/sinoextrud.com\/what-is-a-heat-sink\/\" target=\"_blank\">what is a heat sink<\/a><\/li>\r\r\n<\/ul>","product_chanpin_chanpin":"<li><a href=\"https:\/\/sinoextrud.com\/product\/aluminum-cabinet-door-extrusion\/\" target=\"_blank\">Aluminum Cabinet Door Extrusion<\/a><\/li>\r\n<li><a href=\"https:\/\/sinoextrud.com\/product\/aluminum-structural-framing-system\/\" target=\"_blank\">Aluminum Structural Framing System<\/a><\/li>\r\n<li><a href=\"https:\/\/sinoextrud.com\/product\/standard-aluminum-shapes\/\" target=\"_blank\">Standard Aluminum Shapes<\/a><\/li>\r\n<li><a href=\"https:\/\/sinoextrud.com\/product\/aluminium-profiles-doors-windows-wood-imitation\/\" target=\"_blank\">Aluminium Profiles Doors Windows Wood Imitation<\/a><\/li>\r\n<li><a href=\"https:\/\/sinoextrud.com\/product\/extrusion-aluminum-handrails-profile-powder-coated-white\/\" target=\"_blank\">Extrusion Aluminum Handrails Profile Powder Coated White<\/a><\/li>\r\n<li><a href=\"https:\/\/sinoextrud.com\/product\/t-slot-aluminium-profile-extrusion-bulk-selling-98-pure-aluminum-price\/\" target=\"_blank\">t-slot aluminium profile extrusion bulk selling 98% pure aluminum price<\/a><\/li>\r\n<li><a href=\"https:\/\/sinoextrud.com\/product\/industrial-aluminium-extrusions-hollow-pipe-big-dimensions\/\" target=\"_blank\">Industrial Aluminium Extrusions Hollow Pipe Big Dimensions<\/a><\/li>\r\n<li><a href=\"https:\/\/sinoextrud.com\/product\/aluminium-profile-extrusion\/\" target=\"_blank\">Aluminium Profile Extrusion<\/a><\/li>\r\n<li><a href=\"https:\/\/sinoextrud.com\/product\/aluminium-decorative-furniture-metal-wall-trim\/\" target=\"_blank\">Aluminium Decorative Furniture Metal Wall Trim<\/a><\/li>\r\n<li><a href=\"https:\/\/sinoextrud.com\/product\/modular-aluminum-profiles-machine-hand-robot-hand-manipulator\/\" target=\"_blank\">Modular Aluminum Profiles Machine Hand Robot Hand Manipulator<\/a><\/li>\r\n<li><a href=\"https:\/\/sinoextrud.com\/product\/the-world-most-popular-6000-series-aluminum-extrusion-profile-louver-shutter-for-adjustable-waterproof-louver-windows\/\" target=\"_blank\">The World Most Popular 6000 Series aluminum extrusion Profile louver shutter For Adjustable Waterproof Louver Windows<\/a><\/li>"},"feature_list":[]},"_links":{"self":[{"href":"https:\/\/sinoextrud.com\/fr\/wp-json\/wp\/v2\/product\/7854","targetHints":{"allow":["GET"]}}],"collection":[{"href":"https:\/\/sinoextrud.com\/fr\/wp-json\/wp\/v2\/product"}],"about":[{"href":"https:\/\/sinoextrud.com\/fr\/wp-json\/wp\/v2\/types\/product"}],"wp:featuredmedia":[{"embeddable":true,"href":"https:\/\/sinoextrud.com\/fr\/wp-json\/wp\/v2\/media\/7853"}],"wp:attachment":[{"href":"https:\/\/sinoextrud.com\/fr\/wp-json\/wp\/v2\/media?parent=7854"}],"wp:term":[{"taxonomy":"category","embeddable":true,"href":"https:\/\/sinoextrud.com\/fr\/wp-json\/wp\/v2\/categories?post=7854"}],"curies":[{"name":"wp","href":"https:\/\/api.w.org\/{rel}","templated":true}]}}