{"id":7849,"date":"2025-06-11T02:44:39","date_gmt":"2025-06-11T02:44:39","guid":{"rendered":"https:\/\/sinoextrud.com\/product\/standard-aluminum-shapes\/"},"modified":"2025-06-24T06:13:49","modified_gmt":"2025-06-24T06:13:49","slug":"formes-standard-en-aluminium","status":"publish","type":"product","link":"https:\/\/sinoextrud.com\/fr\/product\/standard-aluminum-shapes\/","title":{"rendered":"Formes standard en aluminium"},"content":{"rendered":"<h2>D\u00e9tails des produits<\/h2>\n<table class=\"custom-table\">\n<tbody>\n<tr>\n<td> <\/td>\n<td>Forme L<\/td>\n<\/tr>\n<tr>\n<td>Temp\u00e9rer :<\/td>\n<td>T5<\/td>\n<\/tr>\n<tr>\n<td>Alliage :<\/td>\n<td>Alliage<\/td>\n<\/tr>\n<tr>\n<td>Ingr\u00e9dient d'alliage :<\/td>\n<td>6063<\/td>\n<\/tr>\n<tr>\n<td>Conception\/\u00e9chantillons OEM :<\/td>\n<td>Acceptable<\/td>\n<\/tr>\n<tr>\n<td>Marque d\u00e9pos\u00e9e :<\/td>\n<td>OEM<\/td>\n<\/tr>\n<tr>\n<td>Code HS :<\/td>\n<td>7604210000<\/td>\n<\/tr>\n<tr>\n<td>Type :<\/td>\n<td>Profil\u00e9 d'aluminium pour portes et fen\u00eatres, profil\u00e9 d'aluminium pour la d\u00e9coration, profil\u00e9 d'aluminium pour dissipateur thermique, profil\u00e9 d'aluminium pour parois en verre, profil\u00e9 d'aluminium pour le transport, profil\u00e9 d'aluminium pour l'industrie<\/td>\n<\/tr>\n<tr>\n<td>Finition de la surface :<\/td>\n<td>bois grain\u00e9<\/td>\n<\/tr>\n<tr>\n<td>Certification :<\/td>\n<td>CE, ISO, RoHS, TUV<\/td>\n<\/tr>\n<tr>\n<td>Rapport d'essai :<\/td>\n<td>Oui<\/td>\n<\/tr>\n<\/tbody>\n<\/table>\n<h2>Notre base de production<\/h2>\n<h3>Panorama de l'usine<\/h3>\n<p><img decoding=\"async\" src=\"\/wp-content\/uploads\/factory-01.webp\"\/><\/p>\n<h3>Atelier de fabrication de barres d'aluminium<\/h3>\n<p><img decoding=\"async\" src=\"\/wp-content\/uploads\/factory-02.webp\"\/><\/p>\n<p><img decoding=\"async\" src=\"\/wp-content\/uploads\/factory-03.webp\"\/><\/p>\n<h3>Entrep\u00f4t de stockage des moules<\/h3>\n<p><img decoding=\"async\" src=\"\/wp-content\/uploads\/factory-04.webp\"\/><\/p>\n<h3>43 lignes d'extrusion d'aluminium (500 \u00e0 5500 tonnes)<\/h3>\n<p><img decoding=\"async\" src=\"\/wp-content\/uploads\/factory-05.webp\"\/><\/p>\n<p><img decoding=\"async\" src=\"\/wp-content\/uploads\/factory-06.webp\"\/><\/p>\n<p><img decoding=\"async\" src=\"\/wp-content\/uploads\/factory-07.webp\"\/><\/p>\n<h3>Atelier de peinture en poudre<\/h3>\n<p><img decoding=\"async\" src=\"\/wp-content\/uploads\/factory-09.webp\"\/><\/p>\n<h3>Atelier d'anodisation<\/h3>\n<p><img decoding=\"async\" src=\"\/wp-content\/uploads\/factory-10.webp\"\/><\/p>\n<h3>Atelier sur le traitement en profondeur<\/h3>\n<p><img decoding=\"async\" src=\"\/wp-content\/uploads\/factory-11.webp\"\/><\/p>\n<h3>Atelier d'usinage de pr\u00e9cision CNC<\/h3>\n<p><img decoding=\"async\" src=\"\/wp-content\/uploads\/factory-11.5.webp\"\/><\/p>\n<h3>Entrep\u00f4t de produits finis et d'exportation<\/h3>\n<p><img decoding=\"async\" src=\"\/wp-content\/uploads\/factory-12.webp\"\/><\/p>\n<p><img decoding=\"async\" src=\"\/wp-content\/uploads\/factory-13.webp\"\/><\/p>\n<p><img decoding=\"async\" src=\"\/wp-content\/uploads\/factory-14.webp\"\/><\/p>\n<h2>FAQ<\/h2>\n<p><p><b>1.Qu'est-ce qu'un profil\u00e9 standard en aluminium ? <\/b><\/p>\n<p> Les profil\u00e9s standard en aluminium d\u00e9signent les profil\u00e9s extrud\u00e9s courants tels que les angles, les canaux, les tubes et les barres utilis\u00e9s dans les projets de construction, de fabrication et d'architecture.<br \/>\n<\/p><br \/>\n<br \/>\n<p><b>2. Pourquoi choisir les profil\u00e9s d'aluminium standard ? <\/b><\/p>\n<p> Les profil\u00e9s d'aluminium standard sont facilement disponibles, rentables et compatibles avec une large gamme d'applications structurelles et d\u00e9coratives.<br \/>\n<\/p><br \/>\n<br \/>\n<p><b>3. quels sont les types de formes standard disponibles ? <\/b><\/p>\n<p> Les types les plus courants sont les corni\u00e8res en L, les profil\u00e9s en U, les tubes carr\u00e9s et ronds, les barres en T et les barres plates de diff\u00e9rentes tailles et alliages.<br \/>\n<\/p><br \/>\n<br \/>\n<p><b>4. ces formes en aluminium sont-elles r\u00e9sistantes \u00e0 la corrosion ? <\/b><\/p>\n<p> Oui, l'aluminium offre une r\u00e9sistance naturelle \u00e0 la corrosion, qui peut \u00eatre renforc\u00e9e par une anodisation ou un rev\u00eatement en poudre.<br \/>\n<\/p><br \/>\n<br \/>\n<p><b>5. les formes d'aluminium standard peuvent-elles \u00eatre coup\u00e9es et fabriqu\u00e9es ? <\/b><\/p>\n<p> Absolument, ils sont faciles \u00e0 couper, \u00e0 percer et \u00e0 souder, ce qui les rend id\u00e9aux pour la personnalisation et les modifications sur site.<br \/>\n<\/p><br \/>\n<br \/>\n<p><b>6) Quelles sont les industries qui utilisent le plus souvent des formes standard en aluminium ? <\/b><\/p>\n<p> Ils sont largement utilis\u00e9s dans la construction, l'ameublement, la signalisation, les transports et les structures m\u00e9caniques.<br \/>\n<\/p><br \/>\n<br \/>\n<p><b>7. ces profils sont-ils disponibles en diff\u00e9rentes finitions ? <\/b><\/p>\n<p> Oui, les formes standard en aluminium peuvent \u00eatre anodis\u00e9es, polies, recouvertes d'un rev\u00eatement en poudre ou finies en usine en fonction des besoins de l'application.<br \/>\n<\/p><br \/>\n<br \/>\n<p><b>8. proposez-vous des achats en gros ou des stocks disponibles ? <\/b><\/p>\n<p> Oui, les profil\u00e9s d'aluminium standard sont disponibles en stock et peuvent \u00eatre command\u00e9s en gros pour des projets industriels et commerciaux.<br \/>\n<\/p><br \/><\/p>","protected":false},"featured_media":7848,"template":"","categories":[67],"class_list":["post-7849","product","type-product","status-publish","has-post-thumbnail","hentry","category-architectural-aluminium-profile"],"meta_box":{"hilight_text_group":{"product_hilight_text":"<li>Widely used standard profiles like angles, channels, and tubes for versatile applications.<\/li>\r\r\n<li>Manufactured from high-strength, lightweight aluminum for ease of handling and durability.<\/li>\r\r\n<li>Excellent corrosion resistance suitable for indoor and outdoor environments.<\/li>\r\r\n<li>Cost-effective solution with consistent quality and dimensional accuracy.<\/li>\r\r\n<li>Available in various alloys, sizes, and finishes to meet industrial and architectural needs.<\/li>\r\r\n<li>Ready-to-ship stock options reduce lead times and support fast project turnaround.<\/li>","product_chanpin_blog":"<ul>\r\r\n<li><a href=\"https:\/\/sinoextrud.com\/t-slot-v-slot-differences\/\" target=\"_blank\">t slot vs v slot<\/a><\/li>\r\r\n<li><a href=\"https:\/\/sinoextrud.com\/what-is-4040-aluminium-extrud\/\" target=\"_blank\">4040 aluminium extrusion<\/a><\/li>\r\r\n<li><a href=\"https:\/\/sinoextrud.com\/what-is-4040-aluminium-extrud\/\" target=\"_blank\">aluminum extrusions for industrial racks<\/a><\/li>\r\r\n<li><a href=\"https:\/\/sinoextrud.com\/powder-coating-aluminium-process\/\" target=\"_blank\">powder coating aluminium<\/a><\/li>\r\r\n<li><a href=\"https:\/\/sinoextrud.com\/what-is-an-aluminium-strip-ceiling\/\" target=\"_blank\">aluminium strip ceiling<\/a><\/li>\r\r\n<li><a href=\"https:\/\/sinoextrud.com\/what-is-a-heat-sink\/\" target=\"_blank\">what is a heat sink<\/a><\/li>\r\r\n<\/ul>","product_chanpin_chanpin":"<li><a href=\"https:\/\/sinoextrud.com\/product\/extrusion-of-aluminium-alloys-celing-aluminum-tube-wood-grain\/\" target=\"_blank\">Extrusion Of Aluminium Alloys Celing Aluminum Tube Wood Grain<\/a><\/li>\r\n<li><a href=\"https:\/\/sinoextrud.com\/product\/wardrobe-cabinet-sliding-aluminum-profile\/\" target=\"_blank\">Wardrobe Cabinet Sliding Aluminum Profile<\/a><\/li>\r\n<li><a href=\"https:\/\/sinoextrud.com\/product\/aluminum-cabinet-door-extrusion\/\" target=\"_blank\">Aluminum Cabinet Door Extrusion<\/a><\/li>\r\n<li><a href=\"https:\/\/sinoextrud.com\/product\/aluminum-structural-framing-system\/\" target=\"_blank\">Aluminum Structural Framing System<\/a><\/li>\r\n<li><a href=\"https:\/\/sinoextrud.com\/product\/standard-aluminum-shapes\/\" target=\"_blank\">Standard Aluminum Shapes<\/a><\/li>\r\n<li><a href=\"https:\/\/sinoextrud.com\/product\/aluminium-profiles-doors-windows-wood-imitation\/\" target=\"_blank\">Aluminium Profiles Doors Windows Wood Imitation<\/a><\/li>\r\n<li><a href=\"https:\/\/sinoextrud.com\/product\/extrusion-aluminum-handrails-profile-powder-coated-white\/\" target=\"_blank\">Extrusion Aluminum Handrails Profile Powder Coated White<\/a><\/li>\r\n<li><a href=\"https:\/\/sinoextrud.com\/product\/t-slot-aluminium-profile-extrusion-bulk-selling-98-pure-aluminum-price\/\" target=\"_blank\">t-slot aluminium profile extrusion bulk selling 98% pure aluminum price<\/a><\/li>\r\n<li><a href=\"https:\/\/sinoextrud.com\/product\/industrial-aluminium-extrusions-hollow-pipe-big-dimensions\/\" target=\"_blank\">Industrial Aluminium Extrusions Hollow Pipe Big Dimensions<\/a><\/li>\r\n<li><a href=\"https:\/\/sinoextrud.com\/product\/pyramid-open-cell-ceiling-system\/\" target=\"_blank\">Pyramid Open Cell Ceiling System<\/a><\/li>\r\n<li><a href=\"https:\/\/sinoextrud.com\/product\/aluminium-louver-profile\/\" target=\"_blank\">Aluminium Louver Profile<\/a><\/li>"},"feature_list":[]},"_links":{"self":[{"href":"https:\/\/sinoextrud.com\/fr\/wp-json\/wp\/v2\/product\/7849","targetHints":{"allow":["GET"]}}],"collection":[{"href":"https:\/\/sinoextrud.com\/fr\/wp-json\/wp\/v2\/product"}],"about":[{"href":"https:\/\/sinoextrud.com\/fr\/wp-json\/wp\/v2\/types\/product"}],"wp:featuredmedia":[{"embeddable":true,"href":"https:\/\/sinoextrud.com\/fr\/wp-json\/wp\/v2\/media\/7848"}],"wp:attachment":[{"href":"https:\/\/sinoextrud.com\/fr\/wp-json\/wp\/v2\/media?parent=7849"}],"wp:term":[{"taxonomy":"category","embeddable":true,"href":"https:\/\/sinoextrud.com\/fr\/wp-json\/wp\/v2\/categories?post=7849"}],"curies":[{"name":"wp","href":"https:\/\/api.w.org\/{rel}","templated":true}]}}