{"id":7847,"date":"2025-06-11T02:43:58","date_gmt":"2025-06-11T02:43:58","guid":{"rendered":"https:\/\/sinoextrud.com\/product\/aluminum-structural-framing-system\/"},"modified":"2025-06-24T06:13:48","modified_gmt":"2025-06-24T06:13:48","slug":"systeme-dossature-structurelle-en-aluminium","status":"publish","type":"product","link":"https:\/\/sinoextrud.com\/fr\/product\/aluminum-structural-framing-system\/","title":{"rendered":"Syst\u00e8me d'ossature structurelle en aluminium"},"content":{"rendered":"<h2>D\u00e9tails des produits<\/h2>\n<table class=\"custom-table\">\n<tbody>\n<tr>\n<td> Mat\u00e9riau :<\/td>\n<td> alliage d'aluminium<\/td>\n<\/tr>\n<tr>\n<td> Sp\u00e9cifications :<\/td>\n<td> Fen\u00eatres et portes en aluminium de 90 mm de large<\/td>\n<\/tr>\n<tr>\n<td> \u00c9paisseur :<\/td>\n<td> 1,4 mm, 1,6 mm, 2,0 mm<\/td>\n<\/tr>\n<tr>\n<td> Longueur :<\/td>\n<td> g\u00e9n\u00e9ralement pas plus de 6 m de long, peut \u00eatre personnalis\u00e9 en fonction des besoins du client<\/td>\n<\/tr>\n<tr>\n<td> Processus :<\/td>\n<td> Extrusion<\/td>\n<\/tr>\n<tr>\n<td> Rev\u00eatement :<\/td>\n<td> rev\u00eatement en poudre. (Anodis\u00e9, \u00e9lectrophor\u00e8se, grain de bois disponibles)<\/td>\n<\/tr>\n<tr>\n<td> Couleur :<\/td>\n<td> gris, disponible sur mesure.<\/td>\n<\/tr>\n<tr>\n<td> Protection contre l'incendie :<\/td>\n<td> pas de combustion, convient aux environnements \u00e0 haute temp\u00e9rature<\/td>\n<\/tr>\n<tr>\n<td> Remarques :<\/td>\n<td> Possibilit\u00e9 de concevoir des fen\u00eatres et des portes sur mesure.<\/td>\n<\/tr>\n<\/tbody>\n<\/table>\n<h2>Notre base de production<\/h2>\n<h3>Panorama de l'usine<\/h3>\n<p><img decoding=\"async\" src=\"\/wp-content\/uploads\/factory-01.webp\"\/><\/p>\n<h3>Atelier de fabrication de barres d'aluminium<\/h3>\n<p><img decoding=\"async\" src=\"\/wp-content\/uploads\/factory-02.webp\"\/><\/p>\n<p><img decoding=\"async\" src=\"\/wp-content\/uploads\/factory-03.webp\"\/><\/p>\n<h3>Entrep\u00f4t de stockage des moules<\/h3>\n<p><img decoding=\"async\" src=\"\/wp-content\/uploads\/factory-04.webp\"\/><\/p>\n<h3>43 lignes d'extrusion d'aluminium (500 \u00e0 5500 tonnes)<\/h3>\n<p><img decoding=\"async\" src=\"\/wp-content\/uploads\/factory-05.webp\"\/><\/p>\n<p><img decoding=\"async\" src=\"\/wp-content\/uploads\/factory-06.webp\"\/><\/p>\n<p><img decoding=\"async\" src=\"\/wp-content\/uploads\/factory-07.webp\"\/><\/p>\n<h3>Atelier de peinture en poudre<\/h3>\n<p><img decoding=\"async\" src=\"\/wp-content\/uploads\/factory-09.webp\"\/><\/p>\n<h3>Atelier d'anodisation<\/h3>\n<p><img decoding=\"async\" src=\"\/wp-content\/uploads\/factory-10.webp\"\/><\/p>\n<h3>Atelier sur le traitement en profondeur<\/h3>\n<p><img decoding=\"async\" src=\"\/wp-content\/uploads\/factory-11.webp\"\/><\/p>\n<h3>Atelier d'usinage de pr\u00e9cision CNC<\/h3>\n<p><img decoding=\"async\" src=\"\/wp-content\/uploads\/factory-11.5.webp\"\/><\/p>\n<h3>Entrep\u00f4t de produits finis et d'exportation<\/h3>\n<p><img decoding=\"async\" src=\"\/wp-content\/uploads\/factory-12.webp\"\/><\/p>\n<p><img decoding=\"async\" src=\"\/wp-content\/uploads\/factory-13.webp\"\/><\/p>\n<p><img decoding=\"async\" src=\"\/wp-content\/uploads\/factory-14.webp\"\/><\/p>\n<h2>FAQ<\/h2>\n<p><p><b>1) Qu'est-ce qu'un syst\u00e8me d'ossature structurelle en aluminium ? <\/b><\/p>\n<p> Un syst\u00e8me d'ossature structurelle en aluminium est une structure modulaire construite \u00e0 partir de profil\u00e9s d'aluminium extrud\u00e9s pour des applications dans des structures industrielles et commerciales.<br \/>\n<\/p><br \/>\n<br \/>\n<p><b>2. Pourquoi utiliser l'aluminium pour les charpentes ? <\/b><\/p>\n<p> L'aluminium offre un excellent rapport poids\/r\u00e9sistance, une r\u00e9sistance \u00e0 la corrosion et une facilit\u00e9 d'assemblage, ce qui en fait un mat\u00e9riau id\u00e9al pour les syst\u00e8mes structurels modulaires.<br \/>\n<\/p><br \/>\n<br \/>\n<p><b>3. le soudage est-il n\u00e9cessaire pour les syst\u00e8mes d'ossature en aluminium ? <\/b><\/p>\n<p> Non, les syst\u00e8mes d'ossature en aluminium utilisent des connecteurs et des supports, ce qui permet un assemblage \u00e0 l'aide d'outils, sans soudure.<br \/>\n<\/p><br \/>\n<br \/>\n<p><b>4. le syst\u00e8me d'encadrement peut-il \u00eatre personnalis\u00e9 ? <\/b><\/p>\n<p> Oui, les syst\u00e8mes d'ossature structurale en aluminium peuvent \u00eatre configur\u00e9s en diff\u00e9rentes tailles, formes et finitions pour r\u00e9pondre aux exigences sp\u00e9cifiques d'un projet.<br \/>\n<\/p><br \/>\n<br \/>\n<p><b>5) Quelles sont les industries qui utilisent couramment ces syst\u00e8mes ? <\/b><\/p>\n<p> Les applications courantes comprennent les \u00e9quipements d'automatisation, les lignes de fabrication, les bo\u00eetiers, les syst\u00e8mes d'affichage et les structures de salles blanches.<br \/>\n<\/p><br \/>\n<br \/>\n<p><b>6. le syst\u00e8me d'encadrement en aluminium est-il r\u00e9utilisable ? <\/b><\/p>\n<p> Absolument, la conception modulaire permet le d\u00e9montage et la r\u00e9utilisation, ce qui en fait une solution durable et rentable.<br \/>\n<\/p><br \/>\n<br \/>\n<p><b>7. ces cadres conviennent-ils pour une utilisation en ext\u00e9rieur ? <\/b><\/p>\n<p> Oui, avec une anodisation ou un rev\u00eatement en poudre appropri\u00e9, les cadres en aluminium r\u00e9sistent \u00e0 la corrosion et conviennent aux environnements ext\u00e9rieurs.<br \/>\n<\/p><br \/>\n<br \/>\n<p><b>8. en quoi ce syst\u00e8me r\u00e9duit-il le temps d'installation ? <\/b><\/p>\n<p> Les composants modulaires pr\u00e9fabriqu\u00e9s et les fentes standardis\u00e9es simplifient l'alignement et l'assemblage, acc\u00e9l\u00e9rant ainsi l'ensemble du processus d'installation.<br \/>\n<\/p><br \/><\/p>","protected":false},"featured_media":7846,"template":"","categories":[67],"class_list":["post-7847","product","type-product","status-publish","has-post-thumbnail","hentry","category-architectural-aluminium-profile"],"meta_box":{"hilight_text_group":{"product_hilight_text":"<li>Modular design enables quick assembly and reconfiguration without welding.<\/li>\r\r\n<li>High-strength aluminum ensures lightweight yet durable structural performance.<\/li>\r\r\n<li>Corrosion-resistant surface suitable for indoor and outdoor environments.<\/li>\r\r\n<li>Compatible with a wide range of accessories and connectors for versatile use.<\/li>\r\r\n<li>Reduces labor costs and project timelines with simplified installation.<\/li>\r\r\n<li>Ideal for industrial automation, machine enclosures, workstations, and cleanrooms.<\/li>","product_chanpin_blog":"<ul>\r\r\n<li><a href=\"https:\/\/sinoextrud.com\/t-slot-v-slot-differences\/\" target=\"_blank\">t slot vs v slot<\/a><\/li>\r\r\n<li><a href=\"https:\/\/sinoextrud.com\/what-is-4040-aluminium-extrud\/\" target=\"_blank\">4040 aluminium extrusion<\/a><\/li>\r\r\n<li><a href=\"https:\/\/sinoextrud.com\/what-is-4040-aluminium-extrud\/\" target=\"_blank\">aluminum extrusions for industrial racks<\/a><\/li>\r\r\n<li><a href=\"https:\/\/sinoextrud.com\/powder-coating-aluminium-process\/\" target=\"_blank\">powder coating aluminium<\/a><\/li>\r\r\n<li><a href=\"https:\/\/sinoextrud.com\/what-is-an-aluminium-strip-ceiling\/\" target=\"_blank\">aluminium strip ceiling<\/a><\/li>\r\r\n<li><a href=\"https:\/\/sinoextrud.com\/what-is-a-heat-sink\/\" target=\"_blank\">what is a heat sink<\/a><\/li>\r\r\n<\/ul>","product_chanpin_chanpin":"<li><a href=\"https:\/\/sinoextrud.com\/product\/curtain-aluminum-profile-extrusion-for-window\/\" target=\"_blank\">Curtain Aluminum Profile Extrusion For Window<\/a><\/li>\r\n<li><a href=\"https:\/\/sinoextrud.com\/product\/extrusion-of-aluminium-alloys-celing-aluminum-tube-wood-grain\/\" target=\"_blank\">Extrusion Of Aluminium Alloys Celing Aluminum Tube Wood Grain<\/a><\/li>\r\n<li><a href=\"https:\/\/sinoextrud.com\/product\/wardrobe-cabinet-sliding-aluminum-profile\/\" target=\"_blank\">Wardrobe Cabinet Sliding Aluminum Profile<\/a><\/li>\r\n<li><a href=\"https:\/\/sinoextrud.com\/product\/aluminum-cabinet-door-extrusion\/\" target=\"_blank\">Aluminum Cabinet Door Extrusion<\/a><\/li>\r\n<li><a href=\"https:\/\/sinoextrud.com\/product\/aluminum-structural-framing-system\/\" target=\"_blank\">Aluminum Structural Framing System<\/a><\/li>\r\n<li><a href=\"https:\/\/sinoextrud.com\/product\/standard-aluminum-shapes\/\" target=\"_blank\">Standard Aluminum Shapes<\/a><\/li>\r\n<li><a href=\"https:\/\/sinoextrud.com\/product\/aluminium-profiles-doors-windows-wood-imitation\/\" target=\"_blank\">Aluminium Profiles Doors Windows Wood Imitation<\/a><\/li>\r\n<li><a href=\"https:\/\/sinoextrud.com\/product\/extrusion-aluminum-handrails-profile-powder-coated-white\/\" target=\"_blank\">Extrusion Aluminum Handrails Profile Powder Coated White<\/a><\/li>\r\n<li><a href=\"https:\/\/sinoextrud.com\/product\/t-slot-aluminium-profile-extrusion-bulk-selling-98-pure-aluminum-price\/\" target=\"_blank\">t-slot aluminium profile extrusion bulk selling 98% pure aluminum price<\/a><\/li>\r\n<li><a href=\"https:\/\/sinoextrud.com\/product\/made-extrusion-square-tube-aluminium-profiles-in-stock\/\" target=\"_blank\">Made Extrusion Square Tube Aluminium Profiles in Stock<\/a><\/li>\r\n<li><a href=\"https:\/\/sinoextrud.com\/product\/aluminum-extrud-7003-aluminum-pipe\/\" target=\"_blank\">Aluminum Extrusion 7003 Aluminum Pipe<\/a><\/li>"},"feature_list":[]},"_links":{"self":[{"href":"https:\/\/sinoextrud.com\/fr\/wp-json\/wp\/v2\/product\/7847","targetHints":{"allow":["GET"]}}],"collection":[{"href":"https:\/\/sinoextrud.com\/fr\/wp-json\/wp\/v2\/product"}],"about":[{"href":"https:\/\/sinoextrud.com\/fr\/wp-json\/wp\/v2\/types\/product"}],"wp:featuredmedia":[{"embeddable":true,"href":"https:\/\/sinoextrud.com\/fr\/wp-json\/wp\/v2\/media\/7846"}],"wp:attachment":[{"href":"https:\/\/sinoextrud.com\/fr\/wp-json\/wp\/v2\/media?parent=7847"}],"wp:term":[{"taxonomy":"category","embeddable":true,"href":"https:\/\/sinoextrud.com\/fr\/wp-json\/wp\/v2\/categories?post=7847"}],"curies":[{"name":"wp","href":"https:\/\/api.w.org\/{rel}","templated":true}]}}