{"id":7845,"date":"2025-06-11T02:41:28","date_gmt":"2025-06-11T02:41:28","guid":{"rendered":"https:\/\/sinoextrud.com\/product\/aluminum-cabinet-door-extrusion\/"},"modified":"2025-06-24T06:13:48","modified_gmt":"2025-06-24T06:13:48","slug":"extrusion-de-porte-darmoire-en-aluminium","status":"publish","type":"product","link":"https:\/\/sinoextrud.com\/fr\/product\/aluminum-cabinet-door-extrusion\/","title":{"rendered":"Extrusion de portes d'armoires en aluminium"},"content":{"rendered":"<h2>D\u00e9tails des produits<\/h2>\n<table class=\"custom-table\">\n<tbody>\n<tr>\n<td> <strong> Nom<\/strong><\/td>\n<td>Poign\u00e9e en profil\u00e9 d'aluminium Produits apparent\u00e9s<\/td>\n<\/tr>\n<tr>\n<td> <strong> Mat\u00e9riau<\/strong><\/td>\n<td> alliage d'aluminium<\/td>\n<\/tr>\n<tr>\n<td> <strong> Mat\u00e9riauGrade<\/strong><\/td>\n<td> Alliage s\u00e9rie 6000<\/td>\n<\/tr>\n<tr>\n<td> <strong> Temp\u00e9rer<\/strong><\/td>\n<td> 6063T5<\/td>\n<\/tr>\n<tr>\n<td> <strong> Description<\/strong><\/td>\n<td> Extrusion de portes d'armoires en aluminium<\/td>\n<\/tr>\n<tr>\n<td> <strong> Taille :<\/strong><\/td>\n<td> 6000mm\/3000mm, \u00e9galement disponible sur mesure<\/td>\n<\/tr>\n<tr>\n<td> <strong> Traitement de surface<\/strong><\/td>\n<td>  finition industrielle, polissage, anodisation, rev\u00eatement par poudre, peinture pour bois, sablage, \u00e9lectrophor\u00e8se, etc.<\/td>\n<\/tr>\n<tr>\n<td> <strong> Couleur<\/strong><\/td>\n<td> argent, noir, brillant, bronze, or, champagne<\/td>\n<\/tr>\n<tr>\n<td> <strong> Application<\/strong><\/td>\n<td> fen\u00eatres\/portes\/portes de salle de bains\/portes de sortie\/<br \/>brkitchencabinet\/decoraction&gt;kitchencabinet\/decoraction<\/td>\n<\/tr>\n<tr>\n<td> <strong> D\u00e9tail de la livraison<\/strong><\/td>\n<td> 15-30 jours de travail\/en fonction de la quantit\u00e9 et des dessins<\/td>\n<\/tr>\n<tr>\n<td> <strong> NouveauMoulage<\/strong><\/td>\n<td> 3-10 jours\/en fonction de la conception et des dessins<\/td>\n<\/tr>\n<tr>\n<td> <strong> Qualit\u00e9<\/strong><\/td>\n<td> La qualit\u00e9 est conforme aux normes internationales.<\/td>\n<\/tr>\n<tr>\n<td> <strong> Conception<\/strong><\/td>\n<td> Si l'OEM ou l'ODM n'est pas disponible, veuillez nous envoyer votre dessin.<\/td>\n<\/tr>\n<tr>\n<td> <strong> Fonctionnalit\u00e9<\/strong><\/td>\n<td>  R\u00e9sistance \u00e9lev\u00e9e \u00e0 la corrosion, aux intemp\u00e9ries, \u00e0 la chaleur et aux alcalis<\/td>\n<\/tr>\n<\/tbody>\n<\/table>\n<h2>Notre base de production<\/h2>\n<h3>Panorama de l'usine<\/h3>\n<p><img decoding=\"async\" src=\"\/wp-content\/uploads\/factory-01.webp\"\/><\/p>\n<h3>Atelier de fabrication de barres d'aluminium<\/h3>\n<p><img decoding=\"async\" src=\"\/wp-content\/uploads\/factory-02.webp\"\/><\/p>\n<\/p>\n<p><img decoding=\"async\" src=\"\/wp-content\/uploads\/factory-03.webp\"\/><\/p>\n<h3>Entrep\u00f4t de stockage des moules<\/h3>\n<p><img decoding=\"async\" src=\"\/wp-content\/uploads\/factory-04.webp\"\/><\/p>\n<h3>43 lignes d'extrusion d'aluminium (500-5500 tonnes)<\/h3>\n<p><img decoding=\"async\" src=\"\/wp-content\/uploads\/factory-05.webp\"\/><\/p>\n<p><img decoding=\"async\" src=\"\/wp-content\/uploads\/factory-06.webp\"\/><\/p>\n<p><img decoding=\"async\" src=\"\/wp-content\/uploads\/factory-07.webp\"\/><\/p>\n<h3>Atelier de peinture en poudre<\/h3>\n<p><img decoding=\"async\" src=\"\/wp-content\/uploads\/factory-09.webp\"\/><\/p>\n<h3>Atelier d'anodisation<\/h3>\n<p><img decoding=\"async\" src=\"\/wp-content\/uploads\/factory-10.webp\"\/><\/p>\n<h3>Atelier sur le traitement en profondeur<\/h3>\n<p><img decoding=\"async\" src=\"\/wp-content\/uploads\/factory-11.webp\"\/><\/p>\n<h3>Atelier d'usinage de pr\u00e9cision CNC<\/h3>\n<p><img decoding=\"async\" src=\"\/wp-content\/uploads\/factory-11.5.webp\"\/><\/p>\n<h3>Entrep\u00f4t de produits finis et d'exportation<\/h3>\n<p><img decoding=\"async\" src=\"\/wp-content\/uploads\/factory-12.webp\"\/><\/p>\n<p><img decoding=\"async\" src=\"\/wp-content\/uploads\/factory-13.webp\"\/><\/p>\n<p><img decoding=\"async\" src=\"\/wp-content\/uploads\/factory-14.webp\"\/><\/p>\n<h2>FAQ<\/h2>\n<p><b>1) Qu'est-ce que l'extrusion de portes d'armoires en aluminium ? <\/b><\/p>\n<p> L'extrusion de porte d'armoire en aluminium est un profil\u00e9 d'aluminium extrud\u00e9 utilis\u00e9 pour encadrer les portes d'armoire, offrant durabilit\u00e9, esth\u00e9tique et support pour les inserts de panneaux.\n<\/p>\n<p><\/p>\n<p><b>2. pourquoi utiliser des extrusions d'aluminium pour les portes d'armoires ? <\/b><\/p>\n<p> L'aluminium est l\u00e9ger, r\u00e9sistant \u00e0 la corrosion et \u00e9l\u00e9gant, ce qui en fait un mat\u00e9riau id\u00e9al pour les armoires modernes et tr\u00e8s fr\u00e9quent\u00e9es.\n<\/p>\n<p><\/p>\n<p><b>3. Les profils des armoires en aluminium peuvent-ils \u00eatre personnalis\u00e9s ? <\/b><\/p>\n<p> Oui, les extrusions de portes d'armoires en aluminium peuvent \u00eatre adapt\u00e9es en termes de forme, d'\u00e9paisseur, de longueur et de finition de surface pour r\u00e9pondre \u00e0 des besoins de conception sp\u00e9cifiques.\n<\/p>\n<p><\/p>\n<p><b>4. ces profils conviennent-ils aux environnements humides ? <\/b><\/p>\n<p> Les propri\u00e9t\u00e9s anticorrosion de l'aluminium en font un mat\u00e9riau id\u00e9al pour les cuisines, les salles de bains et les buanderies.\n<\/p>\n<p><\/p>\n<p><b>5. Quelles sont les finitions disponibles pour les extrusions d'armoires en aluminium ? <\/b><\/p>\n<p> Les finitions courantes comprennent l'anodisation, le rev\u00eatement par poudre, le brossage et le grain de bois pour s'adapter \u00e0 diff\u00e9rents th\u00e8mes de d\u00e9coration.\n<\/p>\n<p><\/p>\n<p><b>6. les profil\u00e9s d'armoire en aluminium sont-ils faciles \u00e0 installer ? <\/b><\/p>\n<p> Oui, la conception l\u00e9g\u00e8re et la configuration standard des fentes rendent l'installation rapide et sans probl\u00e8me.\n<\/p>\n<p><\/p>\n<p><b>7. Les profil\u00e9s d'armoire en aluminium peuvent-ils recevoir des panneaux de verre ou de bois ? <\/b><\/p>\n<p> Oui, ils sont con\u00e7us pour accueillir en toute s\u00e9curit\u00e9 des inserts en verre, en bois ou en mat\u00e9riau composite pour des conceptions de portes personnalis\u00e9es.\n<\/p>\n<p><\/p>\n<p><b>8. les extrusions d'armoires en aluminium n\u00e9cessitent-elles un entretien ? <\/b><\/p>\n<p> Un entretien minimal est n\u00e9cessaire - juste un nettoyage occasionnel pour conserver leur finition et leurs performances au fil du temps.\n<\/p>\n<p><\/p>","protected":false},"featured_media":7844,"template":"","categories":[67],"class_list":["post-7845","product","type-product","status-publish","has-post-thumbnail","hentry","category-architectural-aluminium-profile"],"meta_box":{"hilight_text_group":{"product_hilight_text":"<li>Durable aluminum construction offers long-lasting performance for cabinet doors.<\/li>\r\r\n<li>Lightweight profile reduces stress on hinges and simplifies installation.<\/li>\r\r\n<li>Corrosion-resistant surface ideal for kitchens, bathrooms, and humid areas.<\/li>\r\r\n<li>Modern and sleek design enhances aesthetic appeal in residential and commercial interiors.<\/li>\r\r\n<li>Customizable shapes, sizes, and finishes to match various cabinet styles.<\/li>\r\r\n<li>Compatible with glass, wood, and composite panel inserts for flexible design options.<\/li>","product_chanpin_blog":"<ul>\r\r\n<li><a href=\"https:\/\/sinoextrud.com\/t-slot-v-slot-differences\/\" target=\"_blank\">t slot vs v slot<\/a><\/li>\r\r\n<li><a href=\"https:\/\/sinoextrud.com\/what-is-4040-aluminium-extrud\/\" target=\"_blank\">4040 aluminium extrusion<\/a><\/li>\r\r\n<li><a href=\"https:\/\/sinoextrud.com\/what-is-4040-aluminium-extrud\/\" target=\"_blank\">aluminum extrusions for industrial racks<\/a><\/li>\r\r\n<li><a href=\"https:\/\/sinoextrud.com\/powder-coating-aluminium-process\/\" target=\"_blank\">powder coating aluminium<\/a><\/li>\r\r\n<li><a href=\"https:\/\/sinoextrud.com\/what-is-an-aluminium-strip-ceiling\/\" target=\"_blank\">aluminium strip ceiling<\/a><\/li>\r\r\n<li><a href=\"https:\/\/sinoextrud.com\/what-is-a-heat-sink\/\" target=\"_blank\">what is a heat sink<\/a><\/li>\r\r\n<\/ul>","product_chanpin_chanpin":"<li><a href=\"https:\/\/sinoextrud.com\/product\/aluminum-handrail-systems\/\" target=\"_blank\">Aluminum Handrail Systems<\/a><\/li>\r\n<li><a href=\"https:\/\/sinoextrud.com\/product\/curtain-aluminum-profile-extrusion-for-window\/\" target=\"_blank\">Curtain Aluminum Profile Extrusion For Window<\/a><\/li>\r\n<li><a href=\"https:\/\/sinoextrud.com\/product\/extrusion-of-aluminium-alloys-celing-aluminum-tube-wood-grain\/\" target=\"_blank\">Extrusion Of Aluminium Alloys Celing Aluminum Tube Wood Grain<\/a><\/li>\r\n<li><a href=\"https:\/\/sinoextrud.com\/product\/wardrobe-cabinet-sliding-aluminum-profile\/\" target=\"_blank\">Wardrobe Cabinet Sliding Aluminum Profile<\/a><\/li>\r\n<li><a href=\"https:\/\/sinoextrud.com\/product\/aluminum-cabinet-door-extrusion\/\" target=\"_blank\">Aluminum Cabinet Door Extrusion<\/a><\/li>\r\n<li><a href=\"https:\/\/sinoextrud.com\/product\/aluminum-structural-framing-system\/\" target=\"_blank\">Aluminum Structural Framing System<\/a><\/li>\r\n<li><a href=\"https:\/\/sinoextrud.com\/product\/standard-aluminum-shapes\/\" target=\"_blank\">Standard Aluminum Shapes<\/a><\/li>\r\n<li><a href=\"https:\/\/sinoextrud.com\/product\/aluminium-profiles-doors-windows-wood-imitation\/\" target=\"_blank\">Aluminium Profiles Doors Windows Wood Imitation<\/a><\/li>\r\n<li><a href=\"https:\/\/sinoextrud.com\/product\/extrusion-aluminum-handrails-profile-powder-coated-white\/\" target=\"_blank\">Extrusion Aluminum Handrails Profile Powder Coated White<\/a><\/li>\r\n<li><a href=\"https:\/\/sinoextrud.com\/product\/sliding-window-aluminum-window-track\/\" target=\"_blank\">Sliding Window Aluminum Window Track<\/a><\/li>\r\n<li><a href=\"https:\/\/sinoextrud.com\/product\/factory-offer-extrude-aluminium-track-profile\/\" target=\"_blank\">Factory Offer Extrude Aluminium Track Profile<\/a><\/li>"},"feature_list":[]},"_links":{"self":[{"href":"https:\/\/sinoextrud.com\/fr\/wp-json\/wp\/v2\/product\/7845","targetHints":{"allow":["GET"]}}],"collection":[{"href":"https:\/\/sinoextrud.com\/fr\/wp-json\/wp\/v2\/product"}],"about":[{"href":"https:\/\/sinoextrud.com\/fr\/wp-json\/wp\/v2\/types\/product"}],"wp:featuredmedia":[{"embeddable":true,"href":"https:\/\/sinoextrud.com\/fr\/wp-json\/wp\/v2\/media\/7844"}],"wp:attachment":[{"href":"https:\/\/sinoextrud.com\/fr\/wp-json\/wp\/v2\/media?parent=7845"}],"wp:term":[{"taxonomy":"category","embeddable":true,"href":"https:\/\/sinoextrud.com\/fr\/wp-json\/wp\/v2\/categories?post=7845"}],"curies":[{"name":"wp","href":"https:\/\/api.w.org\/{rel}","templated":true}]}}