{"id":7843,"date":"2025-06-11T02:39:58","date_gmt":"2025-06-11T02:39:58","guid":{"rendered":"https:\/\/sinoextrud.com\/product\/wardrobe-cabinet-sliding-aluminum-profile\/"},"modified":"2025-06-24T06:13:48","modified_gmt":"2025-06-24T06:13:48","slug":"armoire-coulissante-en-profile-daluminium","status":"publish","type":"product","link":"https:\/\/sinoextrud.com\/fr\/product\/wardrobe-cabinet-sliding-aluminum-profile\/","title":{"rendered":"Armoire coulissante en profil\u00e9 d'aluminium"},"content":{"rendered":"<h2>D\u00e9tails des produits<\/h2>\n<table class=\"custom-table\">\n<tr>\n<td class=\"label\">Mat\u00e9riau<\/td>\n<td>Alliage d'aluminium 6063 T5<br \/>\nArmoire coulissante en profil\u00e9 d'aluminium<\/td>\n<\/tr>\n<tr>\n<td class=\"label\">Traitement de surface<\/td>\n<td>Rev\u00eatement en poudre : Blanc, noir, etc.<br \/>\nAnodisation : Argent, bronze, champagne, noir, dor\u00e9, titane, etc.<br \/>\nElectrophor\u00e8se : Argent, Champagne, Noir, Dor\u00e9, Titane, etc.<\/td>\n<\/tr>\n<tr>\n<td class=\"label\">Capacit\u00e9 de traitement en profondeur<\/td>\n<td>Per\u00e7age, cintrage, fabrication de profil\u00e9s en aluminium, d\u00e9coupe pr\u00e9cise, etc.<\/td>\n<\/tr>\n<tr>\n<td class=\"label\">MOQ<\/td>\n<td>15 000 m\u00e8tres<\/td>\n<\/tr>\n<tr>\n<td class=\"label\">Emballage<\/td>\n<td>Chaque profil\u00e9 en aluminium est recouvert d'un film plastique protecteur, puis 20 pi\u00e8ces sont emball\u00e9es en paquets, chaque paquet \u00e9tant envelopp\u00e9 dans des sacs tiss\u00e9s.<\/td>\n<\/tr>\n<tr>\n<td class=\"label\">Logo<\/td>\n<td>Notre logo est disponible, nous pouvons \u00e9galement apposer votre logo sur l'emballage.<\/td>\n<\/tr>\n<tr>\n<td class=\"label\">Conditions de paiement<\/td>\n<td>T\/T : 30% de la valeur totale comme d\u00e9p\u00f4t doivent \u00eatre pay\u00e9s par T\/T dans les 3 jours suivant la confirmation de la commande, et la somme restante doit \u00eatre pay\u00e9e par T\/T avant l'exp\u00e9dition.<\/td>\n<\/tr>\n<\/table>\n<h2>Notre base de production<\/h2>\n<h3>Panorama de l'usine<\/h3>\n<p><img decoding=\"async\" src=\"\/wp-content\/uploads\/factory-01.webp\"\/><\/p>\n<h3>Atelier de fabrication de barres d'aluminium<\/h3>\n<p><img decoding=\"async\" src=\"\/wp-content\/uploads\/factory-02.webp\"\/><\/p>\n<p><img decoding=\"async\" src=\"\/wp-content\/uploads\/factory-03.webp\"\/><\/p>\n<h3>Entrep\u00f4t de stockage des moules<\/h3>\n<p><img decoding=\"async\" src=\"\/wp-content\/uploads\/factory-04.webp\"\/><\/p>\n<h3>43 lignes d'extrusion d'aluminium (500 \u00e0 5500 tonnes)<\/h3>\n<p><img decoding=\"async\" src=\"\/wp-content\/uploads\/factory-05.webp\"\/><\/p>\n<p><img decoding=\"async\" src=\"\/wp-content\/uploads\/factory-06.webp\"\/><\/p>\n<p><img decoding=\"async\" src=\"\/wp-content\/uploads\/factory-07.webp\"\/><\/p>\n<h3>Atelier de peinture en poudre<\/h3>\n<p><img decoding=\"async\" src=\"\/wp-content\/uploads\/factory-09.webp\"\/><\/p>\n<h3>Atelier d'anodisation<\/h3>\n<p><img decoding=\"async\" src=\"\/wp-content\/uploads\/factory-10.webp\"\/><\/p>\n<h3>Atelier sur le traitement en profondeur<\/h3>\n<p><img decoding=\"async\" src=\"\/wp-content\/uploads\/factory-11.webp\"\/><\/p>\n<h3>Atelier d'usinage de pr\u00e9cision CNC<\/h3>\n<p><img decoding=\"async\" src=\"\/wp-content\/uploads\/factory-11.5.webp\"\/><\/p>\n<h3>Entrep\u00f4t de produits finis et d'exportation<\/h3>\n<p><img decoding=\"async\" src=\"\/wp-content\/uploads\/factory-12.webp\"\/><\/p>\n<p><img decoding=\"async\" src=\"\/wp-content\/uploads\/factory-13.webp\"\/><\/p>\n<p><img decoding=\"async\" src=\"\/wp-content\/uploads\/factory-14.webp\"\/><\/p>\n<h2>FAQ<\/h2>\n<p><p><b>1) Qu'est-ce qu'une armoire \u00e0 v\u00eatements coulissante en profil\u00e9s d'aluminium ? <\/b><\/p>\n<p> Un profil\u00e9 coulissant en aluminium pour armoire est un rail sp\u00e9cialis\u00e9 en aluminium utilis\u00e9 pour soutenir les portes coulissantes dans les syst\u00e8mes d'armoires et de penderies, assurant un fonctionnement souple et fiable.<br \/>\n<\/p><br \/>\n<br \/>\n<p><b>2. pourquoi choisir l'aluminium pour les profils des armoires coulissantes ? <\/b><\/p>\n<p> L'aluminium offre solidit\u00e9, r\u00e9sistance \u00e0 la corrosion et l\u00e9g\u00e8ret\u00e9, ce qui en fait un mat\u00e9riau id\u00e9al pour des syst\u00e8mes de portes coulissantes durables et efficaces.<br \/>\n<\/p><br \/>\n<br \/>\n<p><b>3. les profils peuvent-ils \u00eatre adapt\u00e9s \u00e0 diff\u00e9rentes tailles d'armoires ? <\/b><\/p>\n<p> Oui, ces profil\u00e9s sont hautement personnalisables en termes de taille, d'\u00e9paisseur, de finition et de design pour r\u00e9pondre aux besoins sp\u00e9cifiques des armoires et des placards.<br \/>\n<\/p><br \/>\n<br \/>\n<p><b>4. les profil\u00e9s en aluminium conviennent-ils aux environnements humides ? <\/b><\/p>\n<p> Absolument, l'aluminium est naturellement r\u00e9sistant \u00e0 la corrosion et fonctionne parfaitement dans les zones \u00e0 forte humidit\u00e9, telles que les salles de bains et les cuisines.<br \/>\n<\/p><br \/>\n<br \/>\n<p><b>5. Quelles sont les finitions disponibles pour les profil\u00e9s coulissants en aluminium ? <\/b><\/p>\n<p> Les finitions les plus courantes sont l'anodisation, le rev\u00eatement par poudre et les finitions bross\u00e9es, qui offrent \u00e0 la fois durabilit\u00e9 et souplesse esth\u00e9tique.<br \/>\n<\/p><br \/>\n<br \/>\n<p><b>6. l'installation du profil\u00e9 coulissant en aluminium est-elle facile ? <\/b><\/p>\n<p> Oui, les profil\u00e9s sont con\u00e7us pour une installation facile avec des composants pr\u00e9-\u00e9tablis, ce qui r\u00e9duit le besoin d'outils et de main-d'\u0153uvre complexes.<br \/>\n<\/p><br \/>\n<br \/>\n<p><b>7. ces profils conviennent-ils \u00e0 un usage commercial ? <\/b><\/p>\n<p> Oui, ces profil\u00e9s sont id\u00e9aux pour les syst\u00e8mes d'armoires et de placards r\u00e9sidentiels et commerciaux, car ils offrent une durabilit\u00e9 et des performances optimales pour les applications \u00e0 fort trafic.<br \/>\n<\/p><br \/>\n<br \/>\n<p><b>8. Ces profil\u00e9s en aluminium n\u00e9cessitent-ils un entretien ? <\/b><\/p>\n<p> Non, les profil\u00e9s en aluminium n\u00e9cessitent peu d'entretien et ne requi\u00e8rent qu'un nettoyage occasionnel pour conserver leurs performances et leur aspect.<br \/>\n<\/p><br \/><\/p>","protected":false},"featured_media":7842,"template":"","categories":[67],"class_list":["post-7843","product","type-product","status-publish","has-post-thumbnail","hentry","category-architectural-aluminium-profile"],"meta_box":{"hilight_text_group":{"product_hilight_text":"<li>Durable aluminum profiles ensure smooth, long-lasting sliding door operation for wardrobes and cabinets.<\/li>\r\r\n<li>Corrosion-resistant surface guarantees high performance in high-humidity environments.<\/li>\r\r\n<li>Lightweight yet strong, providing structural stability without adding excess weight.<\/li>\r\r\n<li>Customizable profiles in various sizes, finishes, and designs to suit any wardrobe system.<\/li>\r\r\n<li>Easy to install with pre-engineered components and minimal tools required.<\/li>\r\r\n<li>Ideal for residential and commercial applications, enhancing both functionality and aesthetics.<\/li>","product_chanpin_blog":"<ul>\r\r\n<li><a href=\"https:\/\/sinoextrud.com\/t-slot-v-slot-differences\/\" target=\"_blank\">t slot vs v slot<\/a><\/li>\r\r\n<li><a href=\"https:\/\/sinoextrud.com\/what-is-4040-aluminium-extrud\/\" target=\"_blank\">4040 aluminium extrusion<\/a><\/li>\r\r\n<li><a href=\"https:\/\/sinoextrud.com\/what-is-4040-aluminium-extrud\/\" target=\"_blank\">aluminum extrusions for industrial racks<\/a><\/li>\r\r\n<li><a href=\"https:\/\/sinoextrud.com\/powder-coating-aluminium-process\/\" target=\"_blank\">powder coating aluminium<\/a><\/li>\r\r\n<li><a href=\"https:\/\/sinoextrud.com\/what-is-an-aluminium-strip-ceiling\/\" target=\"_blank\">aluminium strip ceiling<\/a><\/li>\r\r\n<li><a href=\"https:\/\/sinoextrud.com\/what-is-a-heat-sink\/\" target=\"_blank\">what is a heat sink<\/a><\/li>\r\r\n<\/ul>","product_chanpin_chanpin":"<li><a href=\"https:\/\/sinoextrud.com\/product\/sandblasted-aluminum-finish-profile\/\" target=\"_blank\">Sandblasted Aluminum Finish Profile<\/a><\/li>\r\n<li><a href=\"https:\/\/sinoextrud.com\/product\/aluminum-handrail-systems\/\" target=\"_blank\">Aluminum Handrail Systems<\/a><\/li>\r\n<li><a href=\"https:\/\/sinoextrud.com\/product\/curtain-aluminum-profile-extrusion-for-window\/\" target=\"_blank\">Curtain Aluminum Profile Extrusion For Window<\/a><\/li>\r\n<li><a href=\"https:\/\/sinoextrud.com\/product\/extrusion-of-aluminium-alloys-celing-aluminum-tube-wood-grain\/\" target=\"_blank\">Extrusion Of Aluminium Alloys Celing Aluminum Tube Wood Grain<\/a><\/li>\r\n<li><a href=\"https:\/\/sinoextrud.com\/product\/wardrobe-cabinet-sliding-aluminum-profile\/\" target=\"_blank\">Wardrobe Cabinet Sliding Aluminum Profile<\/a><\/li>\r\n<li><a href=\"https:\/\/sinoextrud.com\/product\/aluminum-cabinet-door-extrusion\/\" target=\"_blank\">Aluminum Cabinet Door Extrusion<\/a><\/li>\r\n<li><a href=\"https:\/\/sinoextrud.com\/product\/aluminum-structural-framing-system\/\" target=\"_blank\">Aluminum Structural Framing System<\/a><\/li>\r\n<li><a href=\"https:\/\/sinoextrud.com\/product\/standard-aluminum-shapes\/\" target=\"_blank\">Standard Aluminum Shapes<\/a><\/li>\r\n<li><a href=\"https:\/\/sinoextrud.com\/product\/aluminium-profiles-doors-windows-wood-imitation\/\" target=\"_blank\">Aluminium Profiles Doors Windows Wood Imitation<\/a><\/li>\r\n<li><a href=\"https:\/\/sinoextrud.com\/product\/aluminium-profile-for-glass-railing\/\" target=\"_blank\">Aluminium Profile For Glass Railing<\/a><\/li>\r\n<li><a href=\"https:\/\/sinoextrud.com\/product\/modular-aluminium-frame\/\" target=\"_blank\">Modular Aluminium Frame<\/a><\/li>"},"feature_list":[]},"_links":{"self":[{"href":"https:\/\/sinoextrud.com\/fr\/wp-json\/wp\/v2\/product\/7843","targetHints":{"allow":["GET"]}}],"collection":[{"href":"https:\/\/sinoextrud.com\/fr\/wp-json\/wp\/v2\/product"}],"about":[{"href":"https:\/\/sinoextrud.com\/fr\/wp-json\/wp\/v2\/types\/product"}],"wp:featuredmedia":[{"embeddable":true,"href":"https:\/\/sinoextrud.com\/fr\/wp-json\/wp\/v2\/media\/7842"}],"wp:attachment":[{"href":"https:\/\/sinoextrud.com\/fr\/wp-json\/wp\/v2\/media?parent=7843"}],"wp:term":[{"taxonomy":"category","embeddable":true,"href":"https:\/\/sinoextrud.com\/fr\/wp-json\/wp\/v2\/categories?post=7843"}],"curies":[{"name":"wp","href":"https:\/\/api.w.org\/{rel}","templated":true}]}}