{"id":7833,"date":"2025-06-11T02:30:53","date_gmt":"2025-06-11T02:30:53","guid":{"rendered":"https:\/\/sinoextrud.com\/product\/aluminum-door-jamb-extrusion\/"},"modified":"2025-06-24T06:13:46","modified_gmt":"2025-06-24T06:13:46","slug":"extrusion-de-montants-de-porte-en-aluminium","status":"publish","type":"product","link":"https:\/\/sinoextrud.com\/fr\/product\/aluminum-door-jamb-extrusion\/","title":{"rendered":"Extrusion de montant de porte en aluminium"},"content":{"rendered":"<h2>D\u00e9tails des produits<\/h2>\n<table class=\"custom-table\">\n<tbody>\n<tr>\n<td> Nom du produit<\/td>\n<td> Extrusion de montant de porte en aluminium<\/td>\n<\/tr>\n<tr>\n<td> Mat\u00e9riau<\/td>\n<td> Alliage d'aluminium 6063 ou 6061.<\/td>\n<\/tr>\n<tr>\n<td> Temp\u00e9rer<\/td>\n<td> T3-T8<\/td>\n<\/tr>\n<tr>\n<td> Couleur<\/td>\n<td> Anodis\u00e9, grain de bois ou autre couleur personnalis\u00e9e<\/td>\n<\/tr>\n<tr>\n<td> Candidature<\/td>\n<td> Fen\u00eatres et portes<\/td>\n<\/tr>\n<tr>\n<td> Marque<\/td>\n<td> Sinoextrud ou OEM<\/td>\n<\/tr>\n<tr>\n<td> Processus CNC<\/td>\n<td> Fraisage, poin\u00e7onnage, per\u00e7age, taraudage et pliage CNC<\/td>\n<\/tr>\n<tr>\n<td> MOQ<\/td>\n<td> 200Kg pour les extrusions de bois, 200KG pour les autres surfaces<\/td>\n<\/tr>\n<tr>\n<td> Traitement de surface<\/td>\n<td> Grain de bois, anodis\u00e9, rev\u00eatement en poudre, \u00e9lectrophor\u00e8se, rev\u00eatement PVDF, bross\u00e9, etc.<\/td>\n<\/tr>\n<tr>\n<td> Certifications<\/td>\n<td> ISO9001, ISO4001, CQM, SGS, CE, BV, etc.<\/td>\n<\/tr>\n<tr>\n<td> D\u00e9lai d'ex\u00e9cution<\/td>\n<td> 1. ouverture de la matrice et essai de l'\u00e9chantillon 12-15 jours.<br \/>\n2. production de masse 25-30 jours.<\/td>\n<\/tr>\n<tr>\n<td> D\u00e9lai de livraison<\/td>\n<td> EXW ou FOB Foshan\/Guangzhou\/Shenzhen<\/td>\n<\/tr>\n<tr>\n<td> D\u00e9lai de paiement<\/td>\n<td> Alipay, LC ou TT 30% d\u00e9p\u00f4t, solde avant exp\u00e9dition<\/td>\n<\/tr>\n<tr>\n<td> Lieu d'origine<\/td>\n<td> Guangdong, Chine<\/td>\n<\/tr>\n<\/tbody>\n<\/table>\n<h2>Notre base de production<\/h2>\n<h3>Panorama de l'usine<\/h3>\n<p><img decoding=\"async\" src=\"\/wp-content\/uploads\/factory-01.webp\"\/><\/p>\n<h3>Atelier de fabrication de barres d'aluminium<\/h3>\n<p><img decoding=\"async\" src=\"\/wp-content\/uploads\/factory-02.webp\"\/><\/p>\n<\/p>\n<p><img decoding=\"async\" src=\"\/wp-content\/uploads\/factory-03.webp\"\/><\/p>\n<h3>Entrep\u00f4t de stockage des moules<\/h3>\n<p><img decoding=\"async\" src=\"\/wp-content\/uploads\/factory-04.webp\"\/><\/p>\n<h3>43 lignes d'extrusion d'aluminium (500 \u00e0 5500 tonnes)<\/h3>\n<p><img decoding=\"async\" src=\"\/wp-content\/uploads\/factory-05.webp\"\/><\/p>\n<p><img decoding=\"async\" src=\"\/wp-content\/uploads\/factory-06.webp\"\/><\/p>\n<p><img decoding=\"async\" src=\"\/wp-content\/uploads\/factory-07.webp\"\/><\/p>\n<h3>Atelier de peinture en poudre<\/h3>\n<p><img decoding=\"async\" src=\"\/wp-content\/uploads\/factory-09.webp\"\/><\/p>\n<h3>Atelier d'anodisation<\/h3>\n<p><img decoding=\"async\" src=\"\/wp-content\/uploads\/factory-10.webp\"\/><\/p>\n<h3>Atelier sur le traitement en profondeur<\/h3>\n<p><img decoding=\"async\" src=\"\/wp-content\/uploads\/factory-11.webp\"\/><\/p>\n<h3>Atelier d'usinage de pr\u00e9cision CNC<\/h3>\n<p><img decoding=\"async\" src=\"\/wp-content\/uploads\/factory-11.5.webp\"\/><\/p>\n<h3>Entrep\u00f4t de produits finis et d'exportation<\/h3>\n<p><img decoding=\"async\" src=\"\/wp-content\/uploads\/factory-12.webp\"\/><\/p>\n<p><img decoding=\"async\" src=\"\/wp-content\/uploads\/factory-13.webp\"\/><\/p>\n<p><img decoding=\"async\" src=\"\/wp-content\/uploads\/factory-14.webp\"\/><\/p>\n<h2>FAQ<\/h2>\n<p><b>1) Qu'est-ce qu'une extrusion de montant de porte en aluminium ? <\/b><\/p>\n<p> Un profil\u00e9 de montant de porte en aluminium est un profil\u00e9 en aluminium extrud\u00e9 con\u00e7u pour former le cadre ou la bordure autour d'une porte, offrant ainsi r\u00e9sistance et protection.\n<\/p>\n<p><\/p>\n<p><b>2. pourquoi choisir l'aluminium pour l'extrusion des montants de porte ? <\/b><\/p>\n<p> L'aluminium est durable, l\u00e9ger, r\u00e9sistant \u00e0 la corrosion et pr\u00e9sente un aspect \u00e9l\u00e9gant, ce qui en fait un mat\u00e9riau id\u00e9al pour les montants de porte, tant \u00e0 l'int\u00e9rieur qu'\u00e0 l'ext\u00e9rieur.\n<\/p>\n<p><\/p>\n<p><b>3. ces extrusions peuvent-elles \u00eatre personnalis\u00e9es ? <\/b><\/p>\n<p> Oui, les extrusions de montants de porte en aluminium peuvent \u00eatre adapt\u00e9es en termes de taille, d'\u00e9paisseur, de forme et de finition pour r\u00e9pondre aux exigences sp\u00e9cifiques de votre syst\u00e8me de porte.\n<\/p>\n<p><\/p>\n<p><b>4. Ces profil\u00e9s conviennent-ils \u00e0 une utilisation en ext\u00e9rieur ? <\/b><\/p>\n<p> Oui, avec une anodisation ou un rev\u00eatement en poudre appropri\u00e9, les montants de porte en aluminium sont tr\u00e8s r\u00e9sistants aux intemp\u00e9ries et conviennent parfaitement aux portes ext\u00e9rieures.\n<\/p>\n<p><\/p>\n<p><b>5) Quelles sont les finitions disponibles pour les montants de porte en aluminium ? <\/b><\/p>\n<p> Les finitions les plus courantes sont l'anodisation, le rev\u00eatement par poudre et le brossage, qui offrent \u00e0 la fois une protection fonctionnelle et un attrait esth\u00e9tique.\n<\/p>\n<p><\/p>\n<p><b>6. quelle est la facilit\u00e9 d'installation des montants de porte en aluminium ? <\/b><\/p>\n<p> Les montants de porte en aluminium sont con\u00e7us pour une installation facile avec du mat\u00e9riel de montage standard et un minimum d'outils.\n<\/p>\n<p><\/p>\n<p><b>7. ces extrusions sont-elles durables dans des environnements \u00e0 fort trafic ? <\/b><\/p>\n<p> Oui, le mat\u00e9riau aluminium haute r\u00e9sistance est suffisamment durable pour r\u00e9sister \u00e0 l'usure et aux d\u00e9t\u00e9riorations courantes dans les zones \u00e0 fort trafic telles que les b\u00e2timents commerciaux et les installations industrielles.\n<\/p>\n<p><\/p>\n<p><b>8. les profil\u00e9s peuvent-ils s'adapter \u00e0 diff\u00e9rents types de portes ? <\/b><\/p>\n<p> Oui, ces extrusions sont con\u00e7ues pour fonctionner avec une large gamme de mat\u00e9riaux de porte, y compris le bois, le m\u00e9tal et le verre, pour des options d'installation polyvalentes.\n<\/p>\n<p><\/p>","protected":false},"featured_media":7832,"template":"","categories":[67],"class_list":["post-7833","product","type-product","status-publish","has-post-thumbnail","hentry","category-architectural-aluminium-profile"],"meta_box":{"hilight_text_group":{"product_hilight_text":"<li>High-strength aluminum construction provides long-lasting durability for door jambs.<\/li>\r\r\n<li>Corrosion-resistant finish ensures reliable performance in both interior and exterior environments.<\/li>\r\r\n<li>Lightweight yet strong, reducing the overall door frame weight while maintaining structural integrity.<\/li>\r\r\n<li>Customizable sizes, finishes, and designs to meet specific project needs.<\/li>\r\r\n<li>Easy to install with precise extruded dimensions for seamless integration with door systems.<\/li>\r\r\n<li>Perfect for commercial, residential, and industrial applications requiring durable and low-maintenance door frames.<\/li>","product_chanpin_blog":"<ul>\r\r\n<li><a href=\"https:\/\/sinoextrud.com\/t-slot-v-slot-differences\/\" target=\"_blank\">t slot vs v slot<\/a><\/li>\r\r\n<li><a href=\"https:\/\/sinoextrud.com\/what-is-4040-aluminium-extrud\/\" target=\"_blank\">4040 aluminium extrusion<\/a><\/li>\r\r\n<li><a href=\"https:\/\/sinoextrud.com\/what-is-4040-aluminium-extrud\/\" target=\"_blank\">aluminum extrusions for industrial racks<\/a><\/li>\r\r\n<li><a href=\"https:\/\/sinoextrud.com\/powder-coating-aluminium-process\/\" target=\"_blank\">powder coating aluminium<\/a><\/li>\r\r\n<li><a href=\"https:\/\/sinoextrud.com\/what-is-an-aluminium-strip-ceiling\/\" target=\"_blank\">aluminium strip ceiling<\/a><\/li>\r\r\n<li><a href=\"https:\/\/sinoextrud.com\/what-is-a-heat-sink\/\" target=\"_blank\">what is a heat sink<\/a><\/li>\r\r\n<\/ul>","product_chanpin_chanpin":"<li><a href=\"https:\/\/sinoextrud.com\/product\/l-shaped-aluminium-profile\/\" target=\"_blank\">L Shaped Aluminium Profile<\/a><\/li>\r\n<li><a href=\"https:\/\/sinoextrud.com\/product\/80-x-80-aluminum-extrusion\/\" target=\"_blank\">80 X 80 Aluminum Extrusion<\/a><\/li>\r\n<li><a href=\"https:\/\/sinoextrud.com\/product\/aluminum-profile-price-of-aluminium-partition-wall-studs-aluminum-manufacturer\/\" target=\"_blank\">aluminum profile price of aluminium partition wall studs aluminum manufacturer<\/a><\/li>\r\n<li><a href=\"https:\/\/sinoextrud.com\/product\/extrusions-aluminum-structural-framing-kitchen-cabinet-doors-oem-anodized-champagne-selling-in-pakistan\/\" target=\"_blank\">extrusions aluminum structural framing kitchen cabinet doors OEM Anodized champagne selling in pakistan<\/a><\/li>\r\n<li><a href=\"https:\/\/sinoextrud.com\/product\/aluminum-door-jamb-extrusion\/\" target=\"_blank\">Aluminum Door Jamb Extrusion<\/a><\/li>\r\n<li><a href=\"https:\/\/sinoextrud.com\/product\/sandblasted-aluminum-finish-profile\/\" target=\"_blank\">Sandblasted Aluminum Finish Profile<\/a><\/li>\r\n<li><a href=\"https:\/\/sinoextrud.com\/product\/aluminum-handrail-systems\/\" target=\"_blank\">Aluminum Handrail Systems<\/a><\/li>\r\n<li><a href=\"https:\/\/sinoextrud.com\/product\/curtain-aluminum-profile-extrusion-for-window\/\" target=\"_blank\">Curtain Aluminum Profile Extrusion For Window<\/a><\/li>\r\n<li><a href=\"https:\/\/sinoextrud.com\/product\/extrusion-of-aluminium-alloys-celing-aluminum-tube-wood-grain\/\" target=\"_blank\">Extrusion Of Aluminium Alloys Celing Aluminum Tube Wood Grain<\/a><\/li>\r\n<li><a href=\"https:\/\/sinoextrud.com\/product\/extrude-6000-series-aluminium-bar\/\" target=\"_blank\">Extrude 6000 Series Aluminium bar<\/a><\/li>\r\n<li><a href=\"https:\/\/sinoextrud.com\/product\/aluminum-extrusion-polished-square-tupe\/\" target=\"_blank\">Aluminum Extrusion Polished Square Tupe<\/a><\/li>"},"feature_list":[]},"_links":{"self":[{"href":"https:\/\/sinoextrud.com\/fr\/wp-json\/wp\/v2\/product\/7833","targetHints":{"allow":["GET"]}}],"collection":[{"href":"https:\/\/sinoextrud.com\/fr\/wp-json\/wp\/v2\/product"}],"about":[{"href":"https:\/\/sinoextrud.com\/fr\/wp-json\/wp\/v2\/types\/product"}],"wp:featuredmedia":[{"embeddable":true,"href":"https:\/\/sinoextrud.com\/fr\/wp-json\/wp\/v2\/media\/7832"}],"wp:attachment":[{"href":"https:\/\/sinoextrud.com\/fr\/wp-json\/wp\/v2\/media?parent=7833"}],"wp:term":[{"taxonomy":"category","embeddable":true,"href":"https:\/\/sinoextrud.com\/fr\/wp-json\/wp\/v2\/categories?post=7833"}],"curies":[{"name":"wp","href":"https:\/\/api.w.org\/{rel}","templated":true}]}}