{"id":7829,"date":"2025-06-11T02:27:20","date_gmt":"2025-06-11T02:27:20","guid":{"rendered":"https:\/\/sinoextrud.com\/product\/aluminum-profile-price-of-aluminium-partition-wall-studs-aluminum-manufacturer\/"},"modified":"2025-06-24T06:13:44","modified_gmt":"2025-06-24T06:13:44","slug":"profiles-en-aluminium-prix-des-cloisons-de-separation-en-aluminium-fabricants-daluminium","status":"publish","type":"product","link":"https:\/\/sinoextrud.com\/fr\/product\/aluminum-profile-price-of-aluminium-partition-wall-studs-aluminum-manufacturer\/","title":{"rendered":"profil\u00e9s en aluminium prix des cloisons de s\u00e9paration en aluminium fabricants d'aluminium"},"content":{"rendered":"<h2>D\u00e9tails des produits<\/h2>\n<table class=\"custom-table\">\n<tbody>\n<tr>\n<td> Alliage Article :<\/td>\n<td> 6063 profil\u00e9 aluminium prix des montants de cloison aluminium fabricant aluminium<\/td>\n<\/tr>\n<tr>\n<td> profil\u00e9 en aluminium :<\/td>\n<td> Polissage m\u00e9canique<\/td>\n<\/tr>\n<tr>\n<td> Type :<\/td>\n<td> prix d'une cloison en aluminium<\/td>\n<\/tr>\n<tr>\n<td> Grade :<\/td>\n<td> S\u00e9rie 6000<\/td>\n<\/tr>\n<tr>\n<td> Finition de la surface :<\/td>\n<td> Anodis\u00e9, rev\u00eatement en poudre, grain de bois, personnalis\u00e9<\/td>\n<\/tr>\n<tr>\n<td> Certification :<\/td>\n<td> CE, SONCAP, ISO, CIQ, RoHS, TUV<\/td>\n<\/tr>\n<tr>\n<td> Produit :<\/td>\n<td> Profil\u00e9s en aluminium<\/td>\n<\/tr>\n<tr>\n<td> Traitement de surface :<\/td>\n<td> Anodis\u00e9, \u00e9lectrophor\u00e8se, rev\u00eatement en poudre, grain de bois<\/td>\n<\/tr>\n<tr>\n<td> Couleur :<\/td>\n<td> Personnalis\u00e9 (une large gamme de couleurs est disponible)<\/td>\n<\/tr>\n<tr>\n<td> Port de chargement :<\/td>\n<td> Shenzhen\/ Guangzhou\/ Foshan<\/td>\n<\/tr>\n<tr>\n<td> Garantie :<\/td>\n<td> La couleur de la surface peut \u00eatre stable pendant 10 \u00e0 20 ans \u00e0 l'int\u00e9rieur.<\/td>\n<\/tr>\n<tr>\n<td> Marque d\u00e9pos\u00e9e :<\/td>\n<td> Sinoextrud(Sinoextrud)\/ OEM<\/td>\n<\/tr>\n<tr>\n<td> Sp\u00e9cification :<\/td>\n<td> personnalis\u00e9<\/td>\n<\/tr>\n<tr>\n<td> Code HS :<\/td>\n<td> 7604210000<\/td>\n<\/tr>\n<\/tbody>\n<\/table>\n<h2>Notre base de production<\/h2>\n<h3>Panorama de l'usine<\/h3>\n<p><img decoding=\"async\" src=\"\/wp-content\/uploads\/factory-01.webp\"\/><\/p>\n<h3>Atelier de fabrication de barres d'aluminium<\/h3>\n<p><img decoding=\"async\" src=\"\/wp-content\/uploads\/factory-02.webp\"\/><\/p>\n<p><img decoding=\"async\" src=\"\/wp-content\/uploads\/factory-03.webp\"\/><\/p>\n<h3>Entrep\u00f4t de stockage des moules<\/h3>\n<p><img decoding=\"async\" src=\"\/wp-content\/uploads\/factory-04.webp\"\/><\/p>\n<h3>43 lignes d'extrusion d'aluminium (500 \u00e0 5500 tonnes)<\/h3>\n<p><img decoding=\"async\" src=\"\/wp-content\/uploads\/factory-05.webp\"\/><\/p>\n<p><img decoding=\"async\" src=\"\/wp-content\/uploads\/factory-06.webp\"\/><\/p>\n<p><img decoding=\"async\" src=\"\/wp-content\/uploads\/factory-07.webp\"\/><\/p>\n<h3>Atelier de peinture en poudre<\/h3>\n<p><img decoding=\"async\" src=\"\/wp-content\/uploads\/factory-09.webp\"\/><\/p>\n<h3>Atelier d'anodisation<\/h3>\n<p><img decoding=\"async\" src=\"\/wp-content\/uploads\/factory-10.webp\"\/><\/p>\n<h3>Atelier sur le traitement en profondeur<\/h3>\n<p><img decoding=\"async\" src=\"\/wp-content\/uploads\/factory-11.webp\"\/><\/p>\n<h3>Atelier d'usinage de pr\u00e9cision CNC<\/h3>\n<p><img decoding=\"async\" src=\"\/wp-content\/uploads\/factory-11.5.webp\"\/><\/p>\n<h3>Entrep\u00f4t de produits finis et d'exportation<\/h3>\n<p><img decoding=\"async\" src=\"\/wp-content\/uploads\/factory-12.webp\"\/><\/p>\n<p><img decoding=\"async\" src=\"\/wp-content\/uploads\/factory-13.webp\"\/><\/p>\n<p><img decoding=\"async\" src=\"\/wp-content\/uploads\/factory-14.webp\"\/><\/p>\n<h2>FAQ<\/h2>\n<p><p><b>1) Qu'est-ce qu'un montant de cloison en aluminium ?<\/b><\/p>\n<p>Les montants de cloison en aluminium sont des profil\u00e9s structurels utilis\u00e9s pour construire des murs int\u00e9rieurs non porteurs, offrant une alternative l\u00e9g\u00e8re et durable aux mat\u00e9riaux traditionnels.<br \/>\n<\/p><br \/>\n<br \/>\n<p><b>2. pourquoi choisir des profil\u00e9s en aluminium pour les cloisons ?<\/b><\/p>\n<p>Les profil\u00e9s en aluminium sont l\u00e9gers, r\u00e9sistants \u00e0 la corrosion et faciles \u00e0 installer, ce qui les rend id\u00e9aux pour les cloisons de bureaux modulaires et les int\u00e9rieurs commerciaux.<br \/>\n<\/p><br \/>\n<br \/>\n<p><b>3. les montants de cloison en aluminium sont-ils plus abordables que les options en acier ?<\/b><\/p>\n<p>Oui, lorsqu'ils sont achet\u00e9s directement aupr\u00e8s de fabricants d'aluminium, les montants de cloison offrent des prix comp\u00e9titifs et des \u00e9conomies \u00e0 long terme gr\u00e2ce \u00e0 un entretien r\u00e9duit.<br \/>\n<\/p><br \/>\n<br \/>\n<p><b>4) Quelle est la fourchette de prix des profil\u00e9s de cloison en aluminium ?<\/b><\/p>\n<p>Le prix d\u00e9pend de la taille, de la finition et de la quantit\u00e9, mais les fabricants proposent g\u00e9n\u00e9ralement des tarifs avantageux pour les commandes en gros et les commandes OEM.<br \/>\n<\/p><br \/>\n<br \/>\n<p><b>5. les profil\u00e9s de cloison de s\u00e9paration en aluminium peuvent-ils \u00eatre personnalis\u00e9s ?<\/b><\/p>\n<p>Dans l'absolu, les fabricants d'aluminium proposent des services d'extrusion sur mesure, y compris des options de forme, de finition et de taille pour r\u00e9pondre aux exigences sp\u00e9cifiques d'un projet.<br \/>\n<\/p><br \/>\n<br \/>\n<p><b>6. les montants en aluminium permettent-ils une installation rapide ?<\/b><\/p>\n<p>En effet, gr\u00e2ce \u00e0 leur l\u00e9g\u00e8ret\u00e9 et \u00e0 leurs dimensions constantes, les montants en aluminium sont faciles \u00e0 couper, \u00e0 aligner et \u00e0 assembler sur place.<br \/>\n<\/p><br \/>\n<br \/>\n<p><b>7. les profil\u00e9s de cloison en aluminium conviennent-ils pour les zones \u00e0 fort trafic ?<\/b><\/p>\n<p>En effet, leur durabilit\u00e9 et leur r\u00e9sistance \u00e0 la corrosion en font la solution id\u00e9ale pour les bureaux, les magasins de d\u00e9tail et les int\u00e9rieurs publics n\u00e9cessitant des syst\u00e8mes muraux durables.<br \/>\n<\/p><br \/><\/p>","protected":false},"featured_media":7828,"template":"","categories":[67],"class_list":["post-7829","product","type-product","status-publish","has-post-thumbnail","hentry","category-architectural-aluminium-profile"],"meta_box":{"hilight_text_group":{"product_hilight_text":"<li>High-strength aluminum profiles engineered for partition wall applications<\/li>\r\r\n<li>Lightweight material reduces construction load and simplifies installation<\/li>\r\r\n<li>Corrosion-resistant surface ensures long-term indoor performance<\/li>\r\r\n<li>Consistent profile dimensions ensure easy assembly and alignment<\/li>\r\r\n<li>Cost-effective pricing from direct aluminum manufacturer<\/li>\r\r\n<li>Custom sizes and finishes available for commercial and office interiors<\/li>","product_chanpin_blog":"<ul>\r\r\n<li><a href=\"https:\/\/sinoextrud.com\/t-slot-v-slot-differences\/\" target=\"_blank\">t slot vs v slot<\/a><\/li>\r\r\n<li><a href=\"https:\/\/sinoextrud.com\/what-is-4040-aluminium-extrud\/\" target=\"_blank\">4040 aluminium extrusion<\/a><\/li>\r\r\n<li><a href=\"https:\/\/sinoextrud.com\/what-is-4040-aluminium-extrud\/\" target=\"_blank\">aluminum extrusions for industrial racks<\/a><\/li>\r\r\n<li><a href=\"https:\/\/sinoextrud.com\/powder-coating-aluminium-process\/\" target=\"_blank\">powder coating aluminium<\/a><\/li>\r\r\n<li><a href=\"https:\/\/sinoextrud.com\/what-is-an-aluminium-strip-ceiling\/\" target=\"_blank\">aluminium strip ceiling<\/a><\/li>\r\r\n<li><a href=\"https:\/\/sinoextrud.com\/what-is-a-heat-sink\/\" target=\"_blank\">what is a heat sink<\/a><\/li>\r\r\n<\/ul>","product_chanpin_chanpin":"<li><a href=\"https:\/\/sinoextrud.com\/product\/double-angle-aluminum-extrusion\/\" target=\"_blank\">Double Angle Aluminum Extrusion<\/a><\/li>\r\n<li><a href=\"https:\/\/sinoextrud.com\/product\/sructrual-aluminum-extrusion-profiles-ceiling-drop-ceiling\/\" target=\"_blank\">Sructrual Aluminum Extrusion Profiles Ceiling Drop Ceiling<\/a><\/li>\r\n<li><a href=\"https:\/\/sinoextrud.com\/product\/l-shaped-aluminium-profile\/\" target=\"_blank\">L Shaped Aluminium Profile<\/a><\/li>\r\n<li><a href=\"https:\/\/sinoextrud.com\/product\/80-x-80-aluminum-extrusion\/\" target=\"_blank\">80 X 80 Aluminum Extrusion<\/a><\/li>\r\n<li><a href=\"https:\/\/sinoextrud.com\/product\/aluminum-profile-price-of-aluminium-partition-wall-studs-aluminum-manufacturer\/\" target=\"_blank\">aluminum profile price of aluminium partition wall studs aluminum manufacturer<\/a><\/li>\r\n<li><a href=\"https:\/\/sinoextrud.com\/product\/extrusions-aluminum-structural-framing-kitchen-cabinet-doors-oem-anodized-champagne-selling-in-pakistan\/\" target=\"_blank\">extrusions aluminum structural framing kitchen cabinet doors OEM Anodized champagne selling in pakistan<\/a><\/li>\r\n<li><a href=\"https:\/\/sinoextrud.com\/product\/aluminum-door-jamb-extrusion\/\" target=\"_blank\">Aluminum Door Jamb Extrusion<\/a><\/li>\r\n<li><a href=\"https:\/\/sinoextrud.com\/product\/sandblasted-aluminum-finish-profile\/\" target=\"_blank\">Sandblasted Aluminum Finish Profile<\/a><\/li>\r\n<li><a href=\"https:\/\/sinoextrud.com\/product\/aluminum-handrail-systems\/\" target=\"_blank\">Aluminum Handrail Systems<\/a><\/li>\r\n<li><a href=\"https:\/\/sinoextrud.com\/product\/aluminium-extrusion-hinge\/\" target=\"_blank\">Aluminium Extrusion Hinge<\/a><\/li>\r\n<li><a href=\"https:\/\/sinoextrud.com\/product\/aluminum-wood-grain-handrail\/\" target=\"_blank\">Aluminum Wood Grain Handrail<\/a><\/li>"},"feature_list":[]},"_links":{"self":[{"href":"https:\/\/sinoextrud.com\/fr\/wp-json\/wp\/v2\/product\/7829","targetHints":{"allow":["GET"]}}],"collection":[{"href":"https:\/\/sinoextrud.com\/fr\/wp-json\/wp\/v2\/product"}],"about":[{"href":"https:\/\/sinoextrud.com\/fr\/wp-json\/wp\/v2\/types\/product"}],"wp:featuredmedia":[{"embeddable":true,"href":"https:\/\/sinoextrud.com\/fr\/wp-json\/wp\/v2\/media\/7828"}],"wp:attachment":[{"href":"https:\/\/sinoextrud.com\/fr\/wp-json\/wp\/v2\/media?parent=7829"}],"wp:term":[{"taxonomy":"category","embeddable":true,"href":"https:\/\/sinoextrud.com\/fr\/wp-json\/wp\/v2\/categories?post=7829"}],"curies":[{"name":"wp","href":"https:\/\/api.w.org\/{rel}","templated":true}]}}