{"id":7792,"date":"2025-06-10T07:34:57","date_gmt":"2025-06-10T07:34:57","guid":{"rendered":"https:\/\/sinoextrud.com\/product\/aluminum-curtain-wall-powder-coating-properties-prices-competitive-extrusion-uses-in-construction\/"},"modified":"2025-06-24T06:13:42","modified_gmt":"2025-06-24T06:13:42","slug":"aluminium-mur-rideau-revetement-en-poudre-proprietes-prix-extrusion-competitive-utilisations-dans-la-construction","status":"publish","type":"product","link":"https:\/\/sinoextrud.com\/fr\/product\/aluminum-curtain-wall-powder-coating-properties-prices-competitive-extrusion-uses-in-construction\/","title":{"rendered":"aluminium mur-rideau rev\u00eatement en poudre propri\u00e9t\u00e9s prix comp\u00e9titifs Extrusion utilisations dans la construction"},"content":{"rendered":"<h2>D\u00e9tails des produits<\/h2>\n<table class=\"custom-table\">\n<tr>\n<td class=\"label\">\nMod\u00e8le NO :<\/td>\n<td> Mur-rideau en aluminium Propri\u00e9t\u00e9s du rev\u00eatement en poudre Prix comp\u00e9titifs Extrusion Utilisations dans la construction<\/td>\n<\/tr>\n<tr>\n<td class=\"label\">Forme :<\/td>\n<td> mur-rideau en aluminium<\/td>\n<\/tr>\n<tr>\n<td class=\"label\">Temp\u00e9rer :<\/td>\n<td> T3-T8<\/td>\n<\/tr>\n<tr>\n<td class=\"label\">Alliage :<\/td>\n<td> Alliage<\/td>\n<\/tr>\n<tr>\n<td class=\"label\">Ingr\u00e9dient d'alliage :<\/td>\n<td> 6063<\/td>\n<\/tr>\n<tr>\n<td class=\"label\">Garantie :<\/td>\n<td> Garantie de couleur de 15 \u00e0 20 ans<\/td>\n<\/tr>\n<tr>\n<td class=\"label\">Focus sur :<\/td>\n<td> Architecture, Appareils m\u00e9nagers<\/td>\n<\/tr>\n<tr>\n<td class=\"label\">Taille :<\/td>\n<td> Selon les besoins du client<\/td>\n<\/tr>\n<tr>\n<td class=\"label\">Mat\u00e9riau :<\/td>\n<td> 6063\/6061\/6005\/6060 T5\/T6<\/td>\n<\/tr>\n<tr>\n<td class=\"label\">Type de produits :<\/td>\n<td> Profil de l'industrie des extrusions d'aluminium<\/td>\n<\/tr>\n<tr>\n<td class=\"label\">Paquet de transport :<\/td>\n<td> Film plastique et papier kraft<\/td>\n<\/tr>\n<tr>\n<td class=\"label\">Origine :<\/td>\n<td> Foshan, Guangdong.<\/td>\n<\/tr>\n<tr>\n<td class=\"label\">Type :<\/td>\n<td> Profil\u00e9 d'aluminium pour portes et fen\u00eatres, profil\u00e9 d'aluminium pour la d\u00e9coration, profil\u00e9 d'aluminium pour dissipateur thermique, profil\u00e9 d'aluminium pour parois en verre, profil\u00e9 d'aluminium pour le transport<\/td>\n<\/tr>\n<tr>\n<td class=\"label\">Grade :<\/td>\n<td> S\u00e9rie 6000<\/td>\n<\/tr>\n<tr>\n<td class=\"label\">Certification :<\/td>\n<td> CE, SONCAP, ISO, CIQ, RoHS, TUV<\/td>\n<\/tr>\n<tr>\n<td class=\"label\">Hornors :<\/td>\n<td> Chine Top 10 Assured Quality Supplier<\/td>\n<\/tr>\n<tr>\n<td class=\"label\">Certificat :<\/td>\n<td> ISO9001, Aama, DIN, GB<\/td>\n<\/tr>\n<tr>\n<td class=\"label\">Marque d\u00e9pos\u00e9e :<\/td>\n<td> Sinoextrud, OEM<\/td>\n<\/tr>\n<tr>\n<td class=\"label\">Sp\u00e9cification :<\/td>\n<td> \u00c0 la demande des clients<\/td>\n<\/tr>\n<tr>\n<td class=\"label\">Code HS :<\/td>\n<td> 7604299000<\/td>\n<\/tr>\n<\/table>\n<h2>Notre base de production<\/h2>\n<h3>Panorama de l'usine<\/h3>\n<p><img decoding=\"async\" src=\"\/wp-content\/uploads\/factory-01.webp\"\/><\/p>\n<h3>Atelier de fabrication de barres d'aluminium<\/h3>\n<p><img decoding=\"async\" src=\"\/wp-content\/uploads\/factory-02.webp\"\/><\/p>\n<\/p>\n<p><img decoding=\"async\" src=\"\/wp-content\/uploads\/factory-03.webp\"\/><\/p>\n<h3>Entrep\u00f4t de stockage des moules<\/h3>\n<p><img decoding=\"async\" src=\"\/wp-content\/uploads\/factory-04.webp\"\/><\/p>\n<h3>43 lignes d'extrusion d'aluminium (500 \u00e0 5500 tonnes)<\/h3>\n<p><img decoding=\"async\" src=\"\/wp-content\/uploads\/factory-05.webp\"\/><\/p>\n<p><img decoding=\"async\" src=\"\/wp-content\/uploads\/factory-06.webp\"\/><\/p>\n<p><img decoding=\"async\" src=\"\/wp-content\/uploads\/factory-07.webp\"\/><\/p>\n<h3>Atelier de peinture en poudre<\/h3>\n<p><img decoding=\"async\" src=\"\/wp-content\/uploads\/factory-09.webp\"\/><\/p>\n<h3>Atelier d'anodisation<\/h3>\n<p><img decoding=\"async\" src=\"\/wp-content\/uploads\/factory-10.webp\"\/><\/p>\n<h3>Atelier sur le traitement en profondeur<\/h3>\n<p><img decoding=\"async\" src=\"\/wp-content\/uploads\/factory-11.webp\"\/><\/p>\n<h3>Atelier d'usinage de pr\u00e9cision CNC<\/h3>\n<p><img decoding=\"async\" src=\"\/wp-content\/uploads\/factory-11.5.webp\"\/><\/p>\n<h3>Entrep\u00f4t de produits finis et d'exportation<\/h3>\n<p><img decoding=\"async\" src=\"\/wp-content\/uploads\/factory-12.webp\"\/><\/p>\n<p><img decoding=\"async\" src=\"\/wp-content\/uploads\/factory-13.webp\"\/><\/p>\n<p><img decoding=\"async\" src=\"\/wp-content\/uploads\/factory-14.webp\"\/><\/p>\n<h2>FAQ<\/h2>\n<p><b>1) Qu'est-ce qu'une extrusion de mur-rideau en aluminium thermolaqu\u00e9 ?<\/b><\/p>\n<p>Il s'agit d'un profil\u00e9 en aluminium trait\u00e9 avec un rev\u00eatement en poudre, con\u00e7u pour \u00eatre utilis\u00e9 dans les syst\u00e8mes de murs-rideaux des b\u00e2timents commerciaux et r\u00e9sidentiels.\n<\/p>\n<p><\/p>\n<p><b>2) Pourquoi utiliser le rev\u00eatement par poudre sur les murs-rideaux en aluminium ?<\/b><\/p>\n<p>Le rev\u00eatement en poudre offre une finition solide et durable qui r\u00e9siste \u00e0 la d\u00e9coloration, \u00e0 la corrosion et aux dommages caus\u00e9s par les intemp\u00e9ries, ce qui est id\u00e9al pour les applications ext\u00e9rieures.\n<\/p>\n<p><\/p>\n<p><b>3. L'extrusion d'aluminium est-elle adapt\u00e9e \u00e0 la construction de murs-rideaux ?<\/b><\/p>\n<p>Oui, l'aluminium extrud\u00e9 offre une excellente r\u00e9sistance, une grande pr\u00e9cision dimensionnelle et une grande l\u00e9g\u00e8ret\u00e9, ce qui en fait un mat\u00e9riau id\u00e9al pour les structures de murs-rideaux.\n<\/p>\n<p><\/p>\n<p><b>4) Comment l'aluminium rev\u00eatu par poudre se compare-t-il aux finitions anodis\u00e9es ?<\/b><\/p>\n<p>Le rev\u00eatement par poudre offre une plus large gamme de couleurs et une meilleure couverture, tandis que l'anodisation offre une finition m\u00e9tallique plus dure et une excellente r\u00e9sistance aux UV.\n<\/p>\n<p><\/p>\n<p><b>5. les profil\u00e9s de mur-rideau en aluminium thermolaqu\u00e9 sont-ils rentables ?<\/b><\/p>\n<p>Oui, ils offrent une valeur \u00e0 long terme avec un minimum d'entretien, et les fabricants proposent souvent des prix comp\u00e9titifs pour les commandes de construction en gros.\n<\/p>\n<p><\/p>\n<p><b>6. ces profils peuvent-ils \u00eatre personnalis\u00e9s pour des projets architecturaux ?<\/b><\/p>\n<p>Absolument, ils peuvent \u00eatre adapt\u00e9s en termes de taille, de forme, d'\u00e9paisseur et de couleur pour r\u00e9pondre aux exigences uniques de conception des b\u00e2timents.\n<\/p>\n<p><\/p>\n<p><b>7) Quelles sont les utilisations courantes des extrusions d'aluminium pour murs-rideaux dans la construction ?<\/b><\/p>\n<p>Ils sont utilis\u00e9s dans les fa\u00e7ades de grande hauteur, les enveloppes de b\u00e2timents commerciaux, les syst\u00e8mes de vitrines et les rev\u00eatements architecturaux modernes.\n<\/p>\n<p><\/p>","protected":false},"featured_media":7791,"template":"","categories":[67],"class_list":["post-7792","product","type-product","status-publish","has-post-thumbnail","hentry","category-architectural-aluminium-profile"],"meta_box":{"hilight_text_group":{"product_hilight_text":"<li>Durable powder coated surface enhances weather and UV resistance<\/li>\r\r\n<li>High-strength aluminum extrusion ideal for structural curtain wall use<\/li>\r\r\n<li>Lightweight material reduces construction load and simplifies installation<\/li>\r\r\n<li>Competitive factory-direct pricing for large-scale construction projects<\/li>\r\r\n<li>Available in a wide range of colors and finishes for architectural flexibility<\/li>\r\r\n<li>Corrosion-resistant and low-maintenance for long-term fa?ade performance<\/li>","product_chanpin_blog":"<ul>\r\r\n<li><a href=\"https:\/\/sinoextrud.com\/t-slot-v-slot-differences\/\" target=\"_blank\">t slot vs v slot<\/a><\/li>\r\r\n<li><a href=\"https:\/\/sinoextrud.com\/what-is-4040-aluminium-extrud\/\" target=\"_blank\">4040 aluminium extrusion<\/a><\/li>\r\r\n<li><a href=\"https:\/\/sinoextrud.com\/what-is-4040-aluminium-extrud\/\" target=\"_blank\">aluminum extrusions for industrial racks<\/a><\/li>\r\r\n<li><a href=\"https:\/\/sinoextrud.com\/powder-coating-aluminium-process\/\" target=\"_blank\">powder coating aluminium<\/a><\/li>\r\r\n<li><a href=\"https:\/\/sinoextrud.com\/what-is-an-aluminium-strip-ceiling\/\" target=\"_blank\">aluminium strip ceiling<\/a><\/li>\r\r\n<li><a href=\"https:\/\/sinoextrud.com\/what-is-a-heat-sink\/\" target=\"_blank\">what is a heat sink<\/a><\/li>\r\r\n<\/ul>","product_chanpin_chanpin":"<li><a href=\"https:\/\/sinoextrud.com\/product\/window-extrusion-profiles\/\" target=\"_blank\">Window Extrusion Profiles<\/a><\/li>\r\n<li><a href=\"https:\/\/sinoextrud.com\/product\/aluminum-outdoor-louver\/\" target=\"_blank\">Aluminum Outdoor Louver<\/a><\/li>\r\n<li><a href=\"https:\/\/sinoextrud.com\/product\/aluminium-extrusion-profile\/\" target=\"_blank\">Aluminium Extrusion Profile<\/a><\/li>\r\n<li><a href=\"https:\/\/sinoextrud.com\/product\/extruded-aluminium-electronics-enclosures\/\" target=\"_blank\">Extruded aluminium electronics enclosures<\/a><\/li>\r\n<li><a href=\"https:\/\/sinoextrud.com\/product\/aluminum-curtain-wall-powder-coating-properties-prices-competitive-extrusion-uses-in-construction\/\" target=\"_blank\">aluminum curtain wall Powder Coating properties prices competitive Extrusion uses in construction<\/a><\/li>\r\n<li><a href=\"https:\/\/sinoextrud.com\/product\/large-custom-aluminum-extrusions\/\" target=\"_blank\">Large Custom Aluminum Extrusions<\/a><\/li>\r\n<li><a href=\"https:\/\/sinoextrud.com\/product\/double-angle-aluminum-extrusion\/\" target=\"_blank\">Double Angle Aluminum Extrusion<\/a><\/li>\r\n<li><a href=\"https:\/\/sinoextrud.com\/product\/sructrual-aluminum-extrusion-profiles-ceiling-drop-ceiling\/\" target=\"_blank\">Sructrual Aluminum Extrusion Profiles Ceiling Drop Ceiling<\/a><\/li>\r\n<li><a href=\"https:\/\/sinoextrud.com\/product\/l-shaped-aluminium-profile\/\" target=\"_blank\">L Shaped Aluminium Profile<\/a><\/li>\r\n<li><a href=\"https:\/\/sinoextrud.com\/product\/h-shaped-aluminum-extrusion\/\" target=\"_blank\">H Shaped Aluminum Extrusion<\/a><\/li>\r\n<li><a href=\"https:\/\/sinoextrud.com\/product\/wood-look-aluminum-soffit\/\" target=\"_blank\">Wood Look Aluminum Soffit<\/a><\/li>"},"feature_list":[]},"_links":{"self":[{"href":"https:\/\/sinoextrud.com\/fr\/wp-json\/wp\/v2\/product\/7792","targetHints":{"allow":["GET"]}}],"collection":[{"href":"https:\/\/sinoextrud.com\/fr\/wp-json\/wp\/v2\/product"}],"about":[{"href":"https:\/\/sinoextrud.com\/fr\/wp-json\/wp\/v2\/types\/product"}],"wp:featuredmedia":[{"embeddable":true,"href":"https:\/\/sinoextrud.com\/fr\/wp-json\/wp\/v2\/media\/7791"}],"wp:attachment":[{"href":"https:\/\/sinoextrud.com\/fr\/wp-json\/wp\/v2\/media?parent=7792"}],"wp:term":[{"taxonomy":"category","embeddable":true,"href":"https:\/\/sinoextrud.com\/fr\/wp-json\/wp\/v2\/categories?post=7792"}],"curies":[{"name":"wp","href":"https:\/\/api.w.org\/{rel}","templated":true}]}}