{"id":7790,"date":"2025-06-10T07:32:57","date_gmt":"2025-06-10T07:32:57","guid":{"rendered":"https:\/\/sinoextrud.com\/product\/extruded-aluminium-electronics-enclosures\/"},"modified":"2025-06-24T06:13:42","modified_gmt":"2025-06-24T06:13:42","slug":"boitiers-electroniques-en-aluminium-extrude","status":"publish","type":"product","link":"https:\/\/sinoextrud.com\/fr\/product\/extruded-aluminium-electronics-enclosures\/","title":{"rendered":"Bo\u00eetiers \u00e9lectroniques en aluminium extrud\u00e9"},"content":{"rendered":"<h2>D\u00e9tails des produits<\/h2>\n<table class=\"custom-table\">\n<tbody>\n<tr>\n<td> Mod\u00e8le NO :<\/td>\n<td> OEM<\/td>\n<\/tr>\n<tr>\n<td> Certification :<\/td>\n<td> CE, RoHS, SGS, ISO9001<\/td>\n<\/tr>\n<tr>\n<td> Mat\u00e9riau :<\/td>\n<td> Aluminium<\/td>\n<\/tr>\n<tr>\n<td> Nom du produit :<\/td>\n<td> Anodisation de la coque en aluminium<\/td>\n<\/tr>\n<tr>\n<td> Traitement de surface :<\/td>\n<td> Peinture, sablage, anodisation, etc.<\/td>\n<\/tr>\n<tr>\n<td> MOQ :<\/td>\n<td> 1Pi\u00e8ce<\/td>\n<\/tr>\n<tr>\n<td> Contr\u00f4le de la qualit\u00e9 :<\/td>\n<td> Contr\u00f4le total de la qualit\u00e9<\/td>\n<\/tr>\n<tr>\n<td> Caract\u00e9ristiques principales :<\/td>\n<td> Taille de pr\u00e9cision, color\u00e9<\/td>\n<\/tr>\n<tr>\n<td> Marque d\u00e9pos\u00e9e :<\/td>\n<td> OEM<\/td>\n<\/tr>\n<tr>\n<td> Sp\u00e9cification :<\/td>\n<td> OEM<\/td>\n<\/tr>\n<tr>\n<td> \u00c9tat :<\/td>\n<td> Nouveau<\/td>\n<\/tr>\n<tr>\n<td> Sur mesure :<\/td>\n<td> Sur mesure<\/td>\n<\/tr>\n<tr>\n<td> Application :<\/td>\n<td> Machines de recyclage des m\u00e9taux, machines de d\u00e9coupe des m\u00e9taux, pi\u00e8ces pour machines de traitement des m\u00e9taux, machines de gravure des m\u00e9taux, machines de rev\u00eatement des m\u00e9taux, machines de coul\u00e9e des m\u00e9taux<\/td>\n<\/tr>\n<tr>\n<td> Mots cl\u00e9s :<\/td>\n<td> Anodisation de la coque en aluminium<\/td>\n<\/tr>\n<tr>\n<td> Emplacement de l'usine :<\/td>\n<td> Shenzhen Chine<\/td>\n<\/tr>\n<tr>\n<td> \u00c9chantillon :<\/td>\n<td> Disponible<\/td>\n<\/tr>\n<tr>\n<td> Tol\u00e9rance de travail :<\/td>\n<td> +\/- 0,02 mm<\/td>\n<\/tr>\n<tr>\n<td> OEM\/ODM :<\/td>\n<td> Acceptable<\/td>\n<\/tr>\n<tr>\n<td> Paquet de transport :<\/td>\n<td> Bo\u00eete en carton pour chaque pi\u00e8ce, selon la demande des clients\u2032.<\/td>\n<\/tr>\n<tr>\n<td> Origine :<\/td>\n<td> FOSHAN CHINE<\/td>\n<\/tr>\n<\/tbody>\n<\/table>\n<h2>Notre base de production<\/h2>\n<h3>Panorama de l'usine<\/h3>\n<p><img decoding=\"async\" src=\"\/wp-content\/uploads\/factory-01.webp\"\/><\/p>\n<h3>Atelier de fabrication de barres d'aluminium<\/h3>\n<p><img decoding=\"async\" src=\"\/wp-content\/uploads\/factory-02.webp\"\/><\/p>\n<\/p>\n<p><img decoding=\"async\" src=\"\/wp-content\/uploads\/factory-03.webp\"\/><\/p>\n<h3>Entrep\u00f4t de stockage des moules<\/h3>\n<p><img decoding=\"async\" src=\"\/wp-content\/uploads\/factory-04.webp\"\/><\/p>\n<h3>43 lignes d'extrusion d'aluminium (500-5500 tonnes)<\/h3>\n<p><img decoding=\"async\" src=\"\/wp-content\/uploads\/factory-05.webp\"\/><\/p>\n<p><img decoding=\"async\" src=\"\/wp-content\/uploads\/factory-06.webp\"\/><\/p>\n<p><img decoding=\"async\" src=\"\/wp-content\/uploads\/factory-07.webp\"\/><\/p>\n<h3>Atelier de peinture en poudre<\/h3>\n<p><img decoding=\"async\" src=\"\/wp-content\/uploads\/factory-09.webp\"\/><\/p>\n<h3>Atelier d'anodisation<\/h3>\n<p><img decoding=\"async\" src=\"\/wp-content\/uploads\/factory-10.webp\"\/><\/p>\n<h3>Atelier sur le traitement en profondeur<\/h3>\n<p><img decoding=\"async\" src=\"\/wp-content\/uploads\/factory-11.webp\"\/><\/p>\n<h3>Atelier d'usinage de pr\u00e9cision CNC<\/h3>\n<p><img decoding=\"async\" src=\"\/wp-content\/uploads\/factory-11.5.webp\"\/><\/p>\n<h3>Entrep\u00f4t de produits finis et d'exportation<\/h3>\n<p><img decoding=\"async\" src=\"\/wp-content\/uploads\/factory-12.webp\"\/><\/p>\n<p><img decoding=\"async\" src=\"\/wp-content\/uploads\/factory-13.webp\"\/><\/p>\n<p><img decoding=\"async\" src=\"\/wp-content\/uploads\/factory-14.webp\"\/><\/p>\n<h2>FAQ<\/h2>\n<p><b>1. qu'est-ce qu'un bo\u00eetier \u00e9lectronique en aluminium extrud\u00e9 ?<\/b><\/p>\n<p>Les bo\u00eetiers \u00e9lectroniques en aluminium extrud\u00e9 sont des bo\u00eetiers de protection en aluminium tr\u00e8s r\u00e9sistant, con\u00e7us pour abriter et prot\u00e9ger efficacement les composants \u00e9lectroniques.\n<\/p>\n<p><\/p>\n<p><b>2 Pourquoi utiliser des bo\u00eetiers \u00e9lectroniques en aluminium extrud\u00e9 ?<\/b><\/p>\n<p>Les bo\u00eetiers \u00e9lectroniques en aluminium extrud\u00e9 offrent une dissipation thermique, une r\u00e9sistance \u00e0 la corrosion et une protection m\u00e9canique sup\u00e9rieures pour les appareils \u00e9lectroniques.\n<\/p>\n<p><\/p>\n<p><b>3. Les bo\u00eetiers \u00e9lectroniques en aluminium extrud\u00e9 sont-ils personnalisables ?<\/b><\/p>\n<p>Oui, ces bo\u00eetiers peuvent \u00eatre enti\u00e8rement personnalis\u00e9s en termes de dimensions, de couleur, de traitement de surface et de configuration des d\u00e9coupes pour r\u00e9pondre aux besoins sp\u00e9cifiques d'un projet.\n<\/p>\n<p><\/p>\n<p><b>4. les bo\u00eetiers \u00e9lectroniques en aluminium extrud\u00e9 contribuent-ils \u00e0 la gestion thermique ?<\/b><\/p>\n<p>Absolument, la construction en aluminium offre une excellente dissipation de la chaleur, ce qui les rend id\u00e9ales pour l'\u00e9lectronique avec des composants sensibles \u00e0 la chaleur.\n<\/p>\n<p><\/p>\n<p><b>5. les bo\u00eetiers \u00e9lectroniques en aluminium extrud\u00e9 sont-ils l\u00e9gers ?<\/b><\/p>\n<p>Oui, l'aluminium extrud\u00e9 est \u00e0 la fois l\u00e9ger et solide, ce qui rend ces bo\u00eetiers faciles \u00e0 manipuler et \u00e0 installer.\n<\/p>\n<p><\/p>\n<p><b>6. Les bo\u00eetiers \u00e9lectroniques en aluminium extrud\u00e9 peuvent-ils prot\u00e9ger contre les interf\u00e9rences \u00e9lectromagn\u00e9tiques (EMI) et les perturbations \u00e9lectromagn\u00e9tiques (RFI) ?<\/b><\/p>\n<p>Oui, des fonctions optionnelles de blindage EMI\/RFI peuvent \u00eatre int\u00e9gr\u00e9es pour prot\u00e9ger l'\u00e9lectronique des interf\u00e9rences \u00e9lectromagn\u00e9tiques.\n<\/p>\n<p><\/p>\n<p><b>7. les bo\u00eetiers \u00e9lectroniques en aluminium extrud\u00e9 conviennent-ils \u00e0 une utilisation en ext\u00e9rieur ?<\/b><\/p>\n<p>En effet, les propri\u00e9t\u00e9s anticorrosion de l'aluminium rendent ces bo\u00eetiers id\u00e9aux pour les environnements int\u00e9rieurs et ext\u00e9rieurs.\n<\/p>\n<p><\/p>","protected":false},"featured_media":7789,"template":"","categories":[67],"class_list":["post-7790","product","type-product","status-publish","has-post-thumbnail","hentry","category-architectural-aluminium-profile"],"meta_box":{"hilight_text_group":{"product_hilight_text":"<li>High-strength extruded aluminum provides robust protection for electronics<\/li>\r\r\n<li>Excellent heat dissipation for thermal management of sensitive components<\/li>\r\r\n<li>Lightweight and corrosion-resistant for long-term durability<\/li>\r\r\n<li>Customizable sizes, finishes, and cutouts to fit various applications<\/li>\r\r\n<li>Easy assembly with sliding or snap-fit designs<\/li>\r\r\n<li>EMI\/RFI shielding options for enhanced electronic protection<\/li>","product_chanpin_blog":"<ul>\r\r\n<li><a href=\"https:\/\/sinoextrud.com\/t-slot-v-slot-differences\/\" target=\"_blank\">t slot vs v slot<\/a><\/li>\r\r\n<li><a href=\"https:\/\/sinoextrud.com\/what-is-4040-aluminium-extrud\/\" target=\"_blank\">4040 aluminium extrusion<\/a><\/li>\r\r\n<li><a href=\"https:\/\/sinoextrud.com\/what-is-4040-aluminium-extrud\/\" target=\"_blank\">aluminum extrusions for industrial racks<\/a><\/li>\r\r\n<li><a href=\"https:\/\/sinoextrud.com\/powder-coating-aluminium-process\/\" target=\"_blank\">powder coating aluminium<\/a><\/li>\r\r\n<li><a href=\"https:\/\/sinoextrud.com\/what-is-an-aluminium-strip-ceiling\/\" target=\"_blank\">aluminium strip ceiling<\/a><\/li>\r\r\n<li><a href=\"https:\/\/sinoextrud.com\/what-is-a-heat-sink\/\" target=\"_blank\">what is a heat sink<\/a><\/li>\r\r\n<\/ul>","product_chanpin_chanpin":"<li><a href=\"https:\/\/sinoextrud.com\/product\/anodizing-aluminium-alloy-wire-slot\/\" target=\"_blank\">Anodizing Aluminium Alloy Wire Slot<\/a><\/li>\r\n<li><a href=\"https:\/\/sinoextrud.com\/product\/window-extrusion-profiles\/\" target=\"_blank\">Window Extrusion Profiles<\/a><\/li>\r\n<li><a href=\"https:\/\/sinoextrud.com\/product\/aluminum-outdoor-louver\/\" target=\"_blank\">Aluminum Outdoor Louver<\/a><\/li>\r\n<li><a href=\"https:\/\/sinoextrud.com\/product\/aluminium-extrusion-profile\/\" target=\"_blank\">Aluminium Extrusion Profile<\/a><\/li>\r\n<li><a href=\"https:\/\/sinoextrud.com\/product\/extruded-aluminium-electronics-enclosures\/\" target=\"_blank\">Extruded aluminium electronics enclosures<\/a><\/li>\r\n<li><a href=\"https:\/\/sinoextrud.com\/product\/aluminum-curtain-wall-powder-coating-properties-prices-competitive-extrusion-uses-in-construction\/\" target=\"_blank\">aluminum curtain wall Powder Coating properties prices competitive Extrusion uses in construction<\/a><\/li>\r\n<li><a href=\"https:\/\/sinoextrud.com\/product\/large-custom-aluminum-extrusions\/\" target=\"_blank\">Large Custom Aluminum Extrusions<\/a><\/li>\r\n<li><a href=\"https:\/\/sinoextrud.com\/product\/double-angle-aluminum-extrusion\/\" target=\"_blank\">Double Angle Aluminum Extrusion<\/a><\/li>\r\n<li><a href=\"https:\/\/sinoextrud.com\/product\/sructrual-aluminum-extrusion-profiles-ceiling-drop-ceiling\/\" target=\"_blank\">Sructrual Aluminum Extrusion Profiles Ceiling Drop Ceiling<\/a><\/li>\r\n<li><a href=\"https:\/\/sinoextrud.com\/product\/extruded-aluminum-stock-shapes\/\" target=\"_blank\">Extruded Aluminum Stock Shapes<\/a><\/li>\r\n<li><a href=\"https:\/\/sinoextrud.com\/product\/alu-squ-tube-in-wood-grain-painting\/\" target=\"_blank\">Alu squ tube In Wood Grain Painting<\/a><\/li>"},"feature_list":[]},"_links":{"self":[{"href":"https:\/\/sinoextrud.com\/fr\/wp-json\/wp\/v2\/product\/7790","targetHints":{"allow":["GET"]}}],"collection":[{"href":"https:\/\/sinoextrud.com\/fr\/wp-json\/wp\/v2\/product"}],"about":[{"href":"https:\/\/sinoextrud.com\/fr\/wp-json\/wp\/v2\/types\/product"}],"wp:featuredmedia":[{"embeddable":true,"href":"https:\/\/sinoextrud.com\/fr\/wp-json\/wp\/v2\/media\/7789"}],"wp:attachment":[{"href":"https:\/\/sinoextrud.com\/fr\/wp-json\/wp\/v2\/media?parent=7790"}],"wp:term":[{"taxonomy":"category","embeddable":true,"href":"https:\/\/sinoextrud.com\/fr\/wp-json\/wp\/v2\/categories?post=7790"}],"curies":[{"name":"wp","href":"https:\/\/api.w.org\/{rel}","templated":true}]}}