{"id":7788,"date":"2025-06-10T07:27:14","date_gmt":"2025-06-10T07:27:14","guid":{"rendered":"https:\/\/sinoextrud.com\/product\/aluminium-extrusion-profile\/"},"modified":"2025-06-24T06:13:42","modified_gmt":"2025-06-24T06:13:42","slug":"profile-dextrusion-en-aluminium-2","status":"publish","type":"product","link":"https:\/\/sinoextrud.com\/fr\/product\/aluminium-extrusion-profile\/","title":{"rendered":"Profil\u00e9 d'extrusion en aluminium"},"content":{"rendered":"<h2>D\u00e9tails des produits<\/h2>\n<table class=\"custom-table\">\n<tbody>\n<tr>\n<td> Article :<\/td>\n<td> Profil\u00e9 d'aluminium extrud\u00e9, Profil\u00e9 d'aluminium extrud\u00e9, Profil\u00e9 d'aluminium extrud\u00e9<\/td>\n<\/tr>\n<tr>\n<td> Mat\u00e9riau :<\/td>\n<td> Alliage d'aluminium<\/td>\n<\/tr>\n<tr>\n<td> alliage :<\/td>\n<td> S\u00e9rie 6000<\/td>\n<\/tr>\n<tr>\n<td> Marque :<\/td>\n<td> Sinoextrud<\/td>\n<\/tr>\n<tr>\n<td> Taille :<\/td>\n<td> 1m-9m ou taille personnalis\u00e9e<\/td>\n<\/tr>\n<tr>\n<td> Application :<\/td>\n<td> Industrie, construction, mobilier, portes et fen\u00eatres, d\u00e9corations, etc.<\/td>\n<\/tr>\n<tr>\n<td> Traitement de surface :<\/td>\n<td> personnalis\u00e9<\/td>\n<\/tr>\n<tr>\n<td> MOQ :<\/td>\n<td> 200KG pour chaque profil<\/td>\n<\/tr>\n<tr>\n<td> Service OEM :<\/td>\n<td> acceptable<\/td>\n<\/tr>\n<tr>\n<td> Certification disponible :<\/td>\n<td> ISO:9001, SONCAP, certificat BV ou certificat du client disponible<\/td>\n<\/tr>\n<tr>\n<td> D\u00e9tails de l'emballage :<\/td>\n<td> (1) A l'int\u00e9rieur : emball\u00e9 avec un film plastique de protection pour prot\u00e9ger chaque profil.<\/td>\n<\/tr>\n<tr>\n<td> D\u00e9lai de livraison :<\/td>\n<td> (1) D\u00e9veloppement de l'outil et test de l'\u00e9chantillon : 12-18 jours<\/td>\n<\/tr>\n<tr>\n<td> Conditions de paiement :<\/td>\n<td> T\/T, 30% acompte et solde avant la livraison<\/td>\n<\/tr>\n<tr>\n<td> D\u00e9lai de r\u00e8glement :<\/td>\n<td> Le paiement final est bas\u00e9 sur le poids physique r\u00e9el final.<\/td>\n<\/tr>\n<tr>\n<td> Capacit\u00e9 de production :<\/td>\n<td> 15 000+ tonalit\u00e9s par mois<\/td>\n<\/tr>\n<tr>\n<td> Garantie de production<\/td>\n<td> La couleur de la surface peut \u00eatre maintenue pendant 10 \u00e0 20 ans pour une utilisation \u00e0 l'int\u00e9rieur.<\/td>\n<\/tr>\n<tr>\n<td> Port :<\/td>\n<td> Fob Shenzhen, Guangzhou, Foshan<\/td>\n<\/tr>\n<\/tbody>\n<\/table>\n<h2>Notre base de production<\/h2>\n<h3>Panorama de l'usine<\/h3>\n<p><img decoding=\"async\" src=\"\/wp-content\/uploads\/factory-01.webp\"\/><\/p>\n<h3>Atelier de fabrication de barres d'aluminium<\/h3>\n<p><img decoding=\"async\" src=\"\/wp-content\/uploads\/factory-02.webp\"\/><\/p>\n<\/p>\n<p><img decoding=\"async\" src=\"\/wp-content\/uploads\/factory-03.webp\"\/><\/p>\n<h3>Entrep\u00f4t de stockage des moules<\/h3>\n<p><img decoding=\"async\" src=\"\/wp-content\/uploads\/factory-04.webp\"\/><\/p>\n<h3>43 lignes d'extrusion d'aluminium (500 \u00e0 5500 tonnes)<\/h3>\n<p><img decoding=\"async\" src=\"\/wp-content\/uploads\/factory-05.webp\"\/><\/p>\n<p><img decoding=\"async\" src=\"\/wp-content\/uploads\/factory-06.webp\"\/><\/p>\n<p><img decoding=\"async\" src=\"\/wp-content\/uploads\/factory-07.webp\"\/><\/p>\n<h3>Atelier de peinture en poudre<\/h3>\n<p><img decoding=\"async\" src=\"\/wp-content\/uploads\/factory-09.webp\"\/><\/p>\n<h3>Atelier d'anodisation<\/h3>\n<p><img decoding=\"async\" src=\"\/wp-content\/uploads\/factory-10.webp\"\/><\/p>\n<h3>Atelier sur le traitement en profondeur<\/h3>\n<p><img decoding=\"async\" src=\"\/wp-content\/uploads\/factory-11.webp\"\/><\/p>\n<h3>Atelier d'usinage de pr\u00e9cision CNC<\/h3>\n<p><img decoding=\"async\" src=\"\/wp-content\/uploads\/factory-11.5.webp\"\/><\/p>\n<h3>Entrep\u00f4t de produits finis et d'exportation<\/h3>\n<p><img decoding=\"async\" src=\"\/wp-content\/uploads\/factory-12.webp\"\/><\/p>\n<p><img decoding=\"async\" src=\"\/wp-content\/uploads\/factory-13.webp\"\/><\/p>\n<p><img decoding=\"async\" src=\"\/wp-content\/uploads\/factory-14.webp\"\/><\/p>\n<h2>FAQ<\/h2>\n<p><b>1) Qu'est-ce qu'un profil\u00e9 d'extrusion en aluminium ?<\/b><\/p>\n<p>Un profil\u00e9 d'extrusion en aluminium est un composant en aluminium form\u00e9 en for\u00e7ant de l'aluminium chauff\u00e9 \u00e0 travers une fili\u00e8re pour cr\u00e9er des sections transversales coh\u00e9rentes \u00e0 des fins industrielles et architecturales.\n<\/p>\n<p><\/p>\n<p><b>2. Pourquoi utiliser des profil\u00e9s d'extrusion en aluminium ?<\/b><\/p>\n<p>Ils sont l\u00e9gers, durables, r\u00e9sistants \u00e0 la corrosion et faciles \u00e0 personnaliser, ce qui les rend id\u00e9aux pour une large gamme d'applications.\n<\/p>\n<p><\/p>\n<p><b>3. les profil\u00e9s d'extrusion en aluminium peuvent-ils \u00eatre personnalis\u00e9s ?<\/b><\/p>\n<p>Oui, ils peuvent \u00eatre adapt\u00e9s en termes de forme, d'alliage, de finition de surface et de longueur pour r\u00e9pondre aux exigences sp\u00e9cifiques d'un projet ou d'un OEM.\n<\/p>\n<p><\/p>\n<p><b>4) Quelles sont les industries qui utilisent couramment les profil\u00e9s d'extrusion en aluminium ?<\/b><\/p>\n<p>Ils sont largement utilis\u00e9s dans la construction, l'automobile, l'\u00e9lectronique, l'a\u00e9rospatiale, l'ameublement et les syst\u00e8mes d'\u00e9nergie solaire.\n<\/p>\n<p><\/p>\n<p><b>5. les profil\u00e9s en aluminium sont-ils r\u00e9sistants \u00e0 la corrosion ?<\/b><\/p>\n<p>Absolument, l'aluminium forme naturellement une couche d'oxyde protectrice, et des finitions suppl\u00e9mentaires comme l'anodisation renforcent sa r\u00e9sistance \u00e0 la corrosion.\n<\/p>\n<p><\/p>\n<p><b>6. Quels sont les traitements de surface disponibles pour les profil\u00e9s en aluminium ?<\/b><\/p>\n<p>Les finitions courantes comprennent l'anodisation, le rev\u00eatement par poudre, le polissage, le sablage et l'\u00e9lectrophor\u00e8se pour la durabilit\u00e9 et l'esth\u00e9tique.\n<\/p>\n<p><\/p>\n<p><b>7. l'extrusion d'aluminium est-elle respectueuse de l'environnement ?<\/b><\/p>\n<p>Oui, l'aluminium est 100% recyclable sans perte de qualit\u00e9, ce qui fait des profil\u00e9s d'extrusion un choix durable pour la fabrication.\n<\/p>\n<p><\/p>","protected":false},"featured_media":7787,"template":"","categories":[67],"class_list":["post-7788","product","type-product","status-publish","has-post-thumbnail","hentry","category-architectural-aluminium-profile"],"meta_box":{"hilight_text_group":{"product_hilight_text":"<li>High-strength and lightweight aluminum ideal for structural and decorative use<\/li>\r\r\n<li>Precision-extruded for consistent quality and dimensional accuracy<\/li>\r\r\n<li>Corrosion-resistant surface suitable for indoor and outdoor environments<\/li>\r\r\n<li>Available in a wide range of shapes, sizes, and alloys<\/li>\r\r\n<li>Customizable with various surface finishes including anodizing and powder coating<\/li>\r\r\n<li>Cost-effective solution for automotive, construction, and industrial applications<\/li>","product_chanpin_blog":"<ul>\r\r\n<li><a href=\"https:\/\/sinoextrud.com\/t-slot-v-slot-differences\/\" target=\"_blank\">t slot vs v slot<\/a><\/li>\r\r\n<li><a href=\"https:\/\/sinoextrud.com\/what-is-4040-aluminium-extrud\/\" target=\"_blank\">4040 aluminium extrusion<\/a><\/li>\r\r\n<li><a href=\"https:\/\/sinoextrud.com\/what-is-4040-aluminium-extrud\/\" target=\"_blank\">aluminum extrusions for industrial racks<\/a><\/li>\r\r\n<li><a href=\"https:\/\/sinoextrud.com\/powder-coating-aluminium-process\/\" target=\"_blank\">powder coating aluminium<\/a><\/li>\r\r\n<li><a href=\"https:\/\/sinoextrud.com\/what-is-an-aluminium-strip-ceiling\/\" target=\"_blank\">aluminium strip ceiling<\/a><\/li>\r\r\n<li><a href=\"https:\/\/sinoextrud.com\/what-is-a-heat-sink\/\" target=\"_blank\">what is a heat sink<\/a><\/li>\r\r\n<\/ul>","product_chanpin_chanpin":"<li><a href=\"https:\/\/sinoextrud.com\/product\/aluminum-profile-wardrobe-hanging-rail\/\" target=\"_blank\">Aluminum Profile Wardrobe Hanging Rail<\/a><\/li>\r\n<li><a href=\"https:\/\/sinoextrud.com\/product\/anodizing-aluminium-alloy-wire-slot\/\" target=\"_blank\">Anodizing Aluminium Alloy Wire Slot<\/a><\/li>\r\n<li><a href=\"https:\/\/sinoextrud.com\/product\/window-extrusion-profiles\/\" target=\"_blank\">Window Extrusion Profiles<\/a><\/li>\r\n<li><a href=\"https:\/\/sinoextrud.com\/product\/aluminum-outdoor-louver\/\" target=\"_blank\">Aluminum Outdoor Louver<\/a><\/li>\r\n<li><a href=\"https:\/\/sinoextrud.com\/product\/aluminium-extrusion-profile\/\" target=\"_blank\">Aluminium Extrusion Profile<\/a><\/li>\r\n<li><a href=\"https:\/\/sinoextrud.com\/product\/extruded-aluminium-electronics-enclosures\/\" target=\"_blank\">Extruded aluminium electronics enclosures<\/a><\/li>\r\n<li><a href=\"https:\/\/sinoextrud.com\/product\/aluminum-curtain-wall-powder-coating-properties-prices-competitive-extrusion-uses-in-construction\/\" target=\"_blank\">aluminum curtain wall Powder Coating properties prices competitive Extrusion uses in construction<\/a><\/li>\r\n<li><a href=\"https:\/\/sinoextrud.com\/product\/large-custom-aluminum-extrusions\/\" target=\"_blank\">Large Custom Aluminum Extrusions<\/a><\/li>\r\n<li><a href=\"https:\/\/sinoextrud.com\/product\/double-angle-aluminum-extrusion\/\" target=\"_blank\">Double Angle Aluminum Extrusion<\/a><\/li>\r\n<li><a href=\"https:\/\/sinoextrud.com\/product\/aluminum-angle-extrusion\/\" target=\"_blank\">Aluminum Angle Extrusion<\/a><\/li>\r\n<li><a href=\"https:\/\/sinoextrud.com\/product\/cnc-machining-aluminum-heat-sink\/\" target=\"_blank\">CNC Machining Aluminum Heat Sink<\/a><\/li>"},"feature_list":[]},"_links":{"self":[{"href":"https:\/\/sinoextrud.com\/fr\/wp-json\/wp\/v2\/product\/7788","targetHints":{"allow":["GET"]}}],"collection":[{"href":"https:\/\/sinoextrud.com\/fr\/wp-json\/wp\/v2\/product"}],"about":[{"href":"https:\/\/sinoextrud.com\/fr\/wp-json\/wp\/v2\/types\/product"}],"wp:featuredmedia":[{"embeddable":true,"href":"https:\/\/sinoextrud.com\/fr\/wp-json\/wp\/v2\/media\/7787"}],"wp:attachment":[{"href":"https:\/\/sinoextrud.com\/fr\/wp-json\/wp\/v2\/media?parent=7788"}],"wp:term":[{"taxonomy":"category","embeddable":true,"href":"https:\/\/sinoextrud.com\/fr\/wp-json\/wp\/v2\/categories?post=7788"}],"curies":[{"name":"wp","href":"https:\/\/api.w.org\/{rel}","templated":true}]}}