{"id":7786,"date":"2025-06-10T07:24:28","date_gmt":"2025-06-10T07:24:28","guid":{"rendered":"https:\/\/sinoextrud.com\/product\/aluminum-outdoor-louver\/"},"modified":"2025-06-24T06:13:40","modified_gmt":"2025-06-24T06:13:40","slug":"persiennes-exterieures-en-aluminium","status":"publish","type":"product","link":"https:\/\/sinoextrud.com\/fr\/product\/aluminum-outdoor-louver\/","title":{"rendered":"Persiennes d'ext\u00e9rieur en aluminium"},"content":{"rendered":"<h2>D\u00e9tails des produits<\/h2>\n<table class=\"custom-table\">\n<tr>\n<td class=\"label\">Article :<\/td>\n<td> Persiennes d'ext\u00e9rieur en aluminium<\/td>\n<\/tr>\n<tr>\n<td class=\"label\">Mod\u00e8le NO :<\/td>\n<td> Persiennes ext\u00e9rieures en aluminium s\u00e9rie 6000<\/td>\n<\/tr>\n<tr>\n<td class=\"label\">Traitement de surface :<\/td>\n<td> Anodis\u00e9, grain de bois, poli, bross\u00e9, etc.<\/td>\n<\/tr>\n<tr>\n<td class=\"label\">Alliage :<\/td>\n<td> Alliage<\/td>\n<\/tr>\n<tr>\n<td class=\"label\">D\u00e9lai de livraison :<\/td>\n<td> 20 jours apr\u00e8s la r\u00e9ception du d\u00e9p\u00f4t<\/td>\n<\/tr>\n<tr>\n<td class=\"label\">D\u00e9lai de paiement :<\/td>\n<td> T\/T, 30% Acompte et paiement du solde<\/td>\n<\/tr>\n<tr>\n<td class=\"label\">Garantie :<\/td>\n<td> La couleur de la surface peut \u00eatre maintenue pendant 10 \u00e0 20 ans F<\/td>\n<\/tr>\n<tr>\n<td class=\"label\">Mat\u00e9riau :<\/td>\n<td> 6063-T5, 6061-T6, 6463-T5, 7075-T6, 6082<\/td>\n<\/tr>\n<tr>\n<td class=\"label\">Certificat :<\/td>\n<td> Cqm, SGS, Ce, Soncap ISO, JIS, as, Nzs<\/td>\n<\/tr>\n<tr>\n<td class=\"label\">Marque d\u00e9pos\u00e9e :<\/td>\n<td> OEM<\/td>\n<\/tr>\n<tr>\n<td class=\"label\">Sp\u00e9cification :<\/td>\n<td> 1m-9m ou taille personnalis\u00e9e<\/td>\n<\/tr>\n<tr>\n<td class=\"label\">Code HS :<\/td>\n<td> 76042100<\/td>\n<\/tr>\n<tr>\n<td class=\"label\">Forme :<\/td>\n<td> Angle, carr\u00e9, rond, plat, profil\u00e9 en T, personnalis\u00e9<\/td>\n<\/tr>\n<tr>\n<td class=\"label\">Grade :<\/td>\n<td> S\u00e9rie 6000<\/td>\n<\/tr>\n<tr>\n<td class=\"label\">Temp\u00e9rer :<\/td>\n<td> T3 - T8<\/td>\n<\/tr>\n<tr>\n<td class=\"label\">Standard :<\/td>\n<td> GB\/75237-2004, Q\/320281\/Pdwd-2008<\/td>\n<\/tr>\n<tr>\n<td class=\"label\">Port :<\/td>\n<td> Shenzhen, Guangzhou, Foshan<\/td>\n<\/tr>\n<tr>\n<td class=\"label\">Couleurs :<\/td>\n<td> Anodis\u00e9, grain de bois, rev\u00eatement en poudre<\/td>\n<\/tr>\n<tr>\n<td class=\"label\">MOQ :<\/td>\n<td> 200KG pour chaque article<\/td>\n<\/tr>\n<tr>\n<td class=\"label\">Processus en profondeur :<\/td>\n<td> CNC, per\u00e7age, fraisage, d\u00e9coupage, soudage, pliage<\/td>\n<\/tr>\n<tr>\n<td class=\"label\">Paquet de transport :<\/td>\n<td> Film plastique ou sac en poly\u00e9thyl\u00e8ne, papier de bricolage imperm\u00e9able<\/td>\n<\/tr>\n<tr>\n<td class=\"label\">Origine :<\/td>\n<td> Foshan, Chine<br \/>\nDescription du produit<br \/>\nVolet roulant en profil\u00e9 d'extrusion d'aluminium anodis\u00e9 rev\u00eatu de poudre sur mesure <\/td>\n<\/tr>\n<\/table>\n<h2>Notre base de production<\/h2>\n<h3>Panorama de l'usine<\/h3>\n<p><img decoding=\"async\" src=\"\/wp-content\/uploads\/factory-01.webp\"\/><\/p>\n<h3>Atelier de fabrication de barres d'aluminium<\/h3>\n<p><img decoding=\"async\" src=\"\/wp-content\/uploads\/factory-02.webp\"\/><\/p>\n<p><img decoding=\"async\" src=\"\/wp-content\/uploads\/factory-03.webp\"\/><\/p>\n<h3>Entrep\u00f4t de stockage des moules<\/h3>\n<p><img decoding=\"async\" src=\"\/wp-content\/uploads\/factory-04.webp\"\/><\/p>\n<h3>43 lignes d'extrusion d'aluminium (500-5500 tonnes)<\/h3>\n<p><img decoding=\"async\" src=\"\/wp-content\/uploads\/factory-05.webp\"\/><\/p>\n<p><img decoding=\"async\" src=\"\/wp-content\/uploads\/factory-06.webp\"\/><\/p>\n<p><img decoding=\"async\" src=\"\/wp-content\/uploads\/factory-07.webp\"\/><\/p>\n<h3>Atelier de peinture en poudre<\/h3>\n<p><img decoding=\"async\" src=\"\/wp-content\/uploads\/factory-09.webp\"\/><\/p>\n<h3>Atelier d'anodisation<\/h3>\n<p><img decoding=\"async\" src=\"\/wp-content\/uploads\/factory-10.webp\"\/><\/p>\n<h3>Atelier sur le traitement en profondeur<\/h3>\n<p><img decoding=\"async\" src=\"\/wp-content\/uploads\/factory-11.webp\"\/><\/p>\n<h3>Atelier d'usinage de pr\u00e9cision CNC<\/h3>\n<p><img decoding=\"async\" src=\"\/wp-content\/uploads\/factory-11.5.webp\"\/><\/p>\n<h3>Entrep\u00f4t de produits finis et d'exportation<\/h3>\n<p><img decoding=\"async\" src=\"\/wp-content\/uploads\/factory-12.webp\"\/><\/p>\n<p><img decoding=\"async\" src=\"\/wp-content\/uploads\/factory-13.webp\"\/><\/p>\n<p><img decoding=\"async\" src=\"\/wp-content\/uploads\/factory-14.webp\"\/><\/p>\n<h2>FAQ<\/h2>\n<p><p><b>1) Qu'est-ce qu'une persienne ext\u00e9rieure en aluminium ?<\/b><\/p>\n<p>Une persienne ext\u00e9rieure en aluminium est un syst\u00e8me de ventilation et d'ombrage en aluminium durable, con\u00e7u pour les applications ext\u00e9rieures.<br \/>\n<\/p><br \/>\n<br \/>\n<p><b>2. pourquoi choisir l'aluminium pour les persiennes ext\u00e9rieures ?<\/b><\/p>\n<p>L'aluminium est l\u00e9ger, r\u00e9sistant \u00e0 la corrosion et aux intemp\u00e9ries, ce qui le rend id\u00e9al pour une utilisation ext\u00e9rieure \u00e0 long terme.<br \/>\n<\/p><br \/>\n<br \/>\n<p><b>3) Quels sont les avantages des persiennes en aluminium ?<\/b><\/p>\n<p>Les persiennes en aluminium offrent une protection solaire, une ventilation et une protection contre les regards indiscrets, tout en am\u00e9liorant la conception des b\u00e2timents ext\u00e9rieurs.<br \/>\n<\/p><br \/>\n<br \/>\n<p><b>4) Les persiennes ext\u00e9rieures en aluminium peuvent-elles \u00eatre personnalis\u00e9es ?<\/b><\/p>\n<p>Oui, ils peuvent \u00eatre adapt\u00e9s en termes de taille, de couleur, de type de lame et de finition pour r\u00e9pondre \u00e0 des exigences architecturales sp\u00e9cifiques.<br \/>\n<\/p><br \/>\n<br \/>\n<p><b>5. les persiennes en aluminium sont-elles adapt\u00e9es aux environnements c\u00f4tiers ?<\/b><\/p>\n<p>Oui, le rev\u00eatement anticorrosion prot\u00e8ge contre le sel, l'humidit\u00e9 et l'exposition aux UV dans les zones c\u00f4ti\u00e8res.<br \/>\n<\/p><br \/>\n<br \/>\n<p><b>6. quels sont les types de persiennes en aluminium disponibles ?<\/b><\/p>\n<p>Les options comprennent des lames fixes et r\u00e9glables, des orientations horizontales et verticales, et des conceptions perfor\u00e9es pour des flux d'air vari\u00e9s.<br \/>\n<\/p><br \/>\n<br \/>\n<p><b>7. les persiennes en aluminium n\u00e9cessitent-elles un entretien ?<\/b><\/p>\n<p>Tr\u00e8s peu d'entretien - les persiennes en aluminium sont faciles \u00e0 nettoyer et conservent leur aspect avec un minimum d'entretien.<br \/>\n<\/p><br \/>\n<br \/>\n<p><b>8. les persiennes en aluminium sont-elles efficaces sur le plan \u00e9nerg\u00e9tique ?<\/b><\/p>\n<p>Oui, en bloquant la lumi\u00e8re directe du soleil et en favorisant la circulation de l'air, ils aident \u00e0 r\u00e9guler les temp\u00e9ratures int\u00e9rieures et \u00e0 r\u00e9duire les co\u00fbts \u00e9nerg\u00e9tiques.<br \/>\n<\/p><br \/><\/p>","protected":false},"featured_media":7785,"template":"","categories":[67],"class_list":["post-7786","product","type-product","status-publish","has-post-thumbnail","hentry","category-architectural-aluminium-profile"],"meta_box":{"hilight_text_group":{"product_hilight_text":"<li>High-quality aluminum construction offers excellent durability<\/li>\r\r\n<li>Corrosion-resistant finish suitable for all-weather outdoor use<\/li>\r\r\n<li>Provides effective ventilation and sun shading<\/li>\r\r\n<li>Modern design enhances building exterior aesthetics<\/li>\r\r\n<li>Lightweight and easy to install with minimal maintenance<\/li>\r\r\n<li>Available in fixed or adjustable blade configurations<\/li>\r\r\n<li>Customizable sizes, colors, and finishes to suit architectural needs<\/li>","product_chanpin_blog":"<ul>\r\r\n<li><a href=\"https:\/\/sinoextrud.com\/t-slot-v-slot-differences\/\" target=\"_blank\">t slot vs v slot<\/a><\/li>\r\r\n<li><a href=\"https:\/\/sinoextrud.com\/what-is-4040-aluminium-extrud\/\" target=\"_blank\">4040 aluminium extrusion<\/a><\/li>\r\r\n<li><a href=\"https:\/\/sinoextrud.com\/what-is-4040-aluminium-extrud\/\" target=\"_blank\">aluminum extrusions for industrial racks<\/a><\/li>\r\r\n<li><a href=\"https:\/\/sinoextrud.com\/powder-coating-aluminium-process\/\" target=\"_blank\">powder coating aluminium<\/a><\/li>\r\r\n<li><a href=\"https:\/\/sinoextrud.com\/what-is-an-aluminium-strip-ceiling\/\" target=\"_blank\">aluminium strip ceiling<\/a><\/li>\r\r\n<li><a href=\"https:\/\/sinoextrud.com\/what-is-a-heat-sink\/\" target=\"_blank\">what is a heat sink<\/a><\/li>\r\r\n<\/ul>","product_chanpin_chanpin":"<li><a href=\"https:\/\/sinoextrud.com\/product\/aluminum-profile-slider-for-window-curtain\/\" target=\"_blank\">Aluminum Profile Slider For Window Curtain<\/a><\/li>\r\n<li><a href=\"https:\/\/sinoextrud.com\/product\/aluminum-profile-wardrobe-hanging-rail\/\" target=\"_blank\">Aluminum Profile Wardrobe Hanging Rail<\/a><\/li>\r\n<li><a href=\"https:\/\/sinoextrud.com\/product\/anodizing-aluminium-alloy-wire-slot\/\" target=\"_blank\">Anodizing Aluminium Alloy Wire Slot<\/a><\/li>\r\n<li><a href=\"https:\/\/sinoextrud.com\/product\/window-extrusion-profiles\/\" target=\"_blank\">Window Extrusion Profiles<\/a><\/li>\r\n<li><a href=\"https:\/\/sinoextrud.com\/product\/aluminum-outdoor-louver\/\" target=\"_blank\">Aluminum Outdoor Louver<\/a><\/li>\r\n<li><a href=\"https:\/\/sinoextrud.com\/product\/aluminium-extrusion-profile\/\" target=\"_blank\">Aluminium Extrusion Profile<\/a><\/li>\r\n<li><a href=\"https:\/\/sinoextrud.com\/product\/extruded-aluminium-electronics-enclosures\/\" target=\"_blank\">Extruded aluminium electronics enclosures<\/a><\/li>\r\n<li><a href=\"https:\/\/sinoextrud.com\/product\/aluminum-curtain-wall-powder-coating-properties-prices-competitive-extrusion-uses-in-construction\/\" target=\"_blank\">aluminum curtain wall Powder Coating properties prices competitive Extrusion uses in construction<\/a><\/li>\r\n<li><a href=\"https:\/\/sinoextrud.com\/product\/large-custom-aluminum-extrusions\/\" target=\"_blank\">Large Custom Aluminum Extrusions<\/a><\/li>\r\n<li><a href=\"https:\/\/sinoextrud.com\/product\/extrusions-aluminum-structural-framing-kitchen-cabinet-doors-oem-anodized-champagne-selling-in-pakistan\/\" target=\"_blank\">extrusions aluminum structural framing kitchen cabinet doors OEM Anodized champagne selling in pakistan<\/a><\/li>\r\n<li><a href=\"https:\/\/sinoextrud.com\/product\/aluminum-track-extrusion\/\" target=\"_blank\">Aluminum Track Extrusion<\/a><\/li>"},"feature_list":[]},"_links":{"self":[{"href":"https:\/\/sinoextrud.com\/fr\/wp-json\/wp\/v2\/product\/7786","targetHints":{"allow":["GET"]}}],"collection":[{"href":"https:\/\/sinoextrud.com\/fr\/wp-json\/wp\/v2\/product"}],"about":[{"href":"https:\/\/sinoextrud.com\/fr\/wp-json\/wp\/v2\/types\/product"}],"wp:featuredmedia":[{"embeddable":true,"href":"https:\/\/sinoextrud.com\/fr\/wp-json\/wp\/v2\/media\/7785"}],"wp:attachment":[{"href":"https:\/\/sinoextrud.com\/fr\/wp-json\/wp\/v2\/media?parent=7786"}],"wp:term":[{"taxonomy":"category","embeddable":true,"href":"https:\/\/sinoextrud.com\/fr\/wp-json\/wp\/v2\/categories?post=7786"}],"curies":[{"name":"wp","href":"https:\/\/api.w.org\/{rel}","templated":true}]}}