{"id":7784,"date":"2025-06-10T07:22:41","date_gmt":"2025-06-10T07:22:41","guid":{"rendered":"https:\/\/sinoextrud.com\/product\/window-extrusion-profiles\/"},"modified":"2025-06-24T06:13:40","modified_gmt":"2025-06-24T06:13:40","slug":"profiles-dextrusion-pour-fenetres","status":"publish","type":"product","link":"https:\/\/sinoextrud.com\/fr\/product\/window-extrusion-profiles\/","title":{"rendered":"Profil\u00e9s d'extrusion pour fen\u00eatres"},"content":{"rendered":"<h2>D\u00e9tails des produits<\/h2>\n<table class=\"custom-table\">\n<tr>\n<td class=\"label\">Nom du produit<\/td>\n<td>Profil\u00e9s d'extrusion pour fen\u00eatres<\/td>\n<\/tr>\n<tr>\n<td class=\"label\">Ingr\u00e9dient<\/td>\n<td>6063 ou 6061<\/td>\n<\/tr>\n<tr>\n<td class=\"label\">Temp\u00e9rer<\/td>\n<td>T3-T8<\/td>\n<\/tr>\n<tr>\n<td class=\"label\">Longueur<\/td>\n<td>Longueur standard 1-9M, autres longueurs sp\u00e9ciales disponibles.<\/td>\n<\/tr>\n<tr>\n<td class=\"label\">Applications typiques<\/td>\n<td>Fen\u00eatres et portes<\/td>\n<\/tr>\n<tr>\n<td class=\"label\">Marque<\/td>\n<td>Sinoextrud ou OEM<\/td>\n<\/tr>\n<tr>\n<td class=\"label\">Processus CNC<\/td>\n<td>Prise en charge du fraisage, du poin\u00e7onnage, du per\u00e7age, du taraudage et du cintrage CNC<\/td>\n<\/tr>\n<tr>\n<td class=\"label\">MOQ<\/td>\n<td>200KG<\/td>\n<\/tr>\n<tr>\n<td class=\"label\">Traitement de surface<\/td>\n<td>Finition en usine, grain de bois, anodisation, rev\u00eatement en poudre, \u00e9lectrophor\u00e8se, rev\u00eatement PVDF, bross\u00e9, etc.<\/td>\n<\/tr>\n<tr>\n<td class=\"label\">Certifications<\/td>\n<td>ISO9001, ISO4001, CQM, SGS, CE, BV, etc.<\/td>\n<\/tr>\n<tr>\n<td class=\"label\">D\u00e9lai d'ex\u00e9cution<\/td>\n<td>1. ouverture du moule et confirmation de l'\u00e9chantillon 12-15 jours.<br \/>\n2. production de masse 25-30 jours.<\/td>\n<\/tr>\n<tr>\n<td class=\"label\">D\u00e9lai de livraison<\/td>\n<td>EXW ou FOB Foshan\/Guangzhou\/Shenzhen<\/td>\n<\/tr>\n<tr>\n<td class=\"label\">D\u00e9lai de paiement<\/td>\n<td>Alipay,LC ou TT 30% d\u00e9p\u00f4t,70% solde avant exp\u00e9dition<\/td>\n<\/tr>\n<tr>\n<td class=\"label\">Origine<\/td>\n<td>Guangdong, Chine<\/td>\n<\/tr>\n<tr>\n<td class=\"label\">M\u00e9thode d'emballage<\/td>\n<td>1. \u00e0 l'int\u00e9rieur : emball\u00e9 dans un film protecteur en plastique ou dans un polybag.<br \/>\n2. ext\u00e9rieur : chaque paquet est emball\u00e9 dans du papier kraft imperm\u00e9able \u00e0 l'eau.<br \/>\n3. autres m\u00e9thodes d'emballage convenues.<\/td>\n<\/tr>\n<\/table>\n<h2>Notre base de production<\/h2>\n<h3>Panorama de l'usine<\/h3>\n<p><img decoding=\"async\" src=\"\/wp-content\/uploads\/factory-01.webp\"\/><\/p>\n<h3>Atelier de fabrication de barres d'aluminium<\/h3>\n<p><img decoding=\"async\" src=\"\/wp-content\/uploads\/factory-02.webp\"\/><\/p>\n<p><img decoding=\"async\" src=\"\/wp-content\/uploads\/factory-03.webp\"\/><\/p>\n<h3>Entrep\u00f4t de stockage des moules<\/h3>\n<p><img decoding=\"async\" src=\"\/wp-content\/uploads\/factory-04.webp\"\/><\/p>\n<h3>43 lignes d'extrusion d'aluminium (500 \u00e0 5500 tonnes)<\/h3>\n<p><img decoding=\"async\" src=\"\/wp-content\/uploads\/factory-05.webp\"\/><\/p>\n<p><img decoding=\"async\" src=\"\/wp-content\/uploads\/factory-06.webp\"\/><\/p>\n<p><img decoding=\"async\" src=\"\/wp-content\/uploads\/factory-07.webp\"\/><\/p>\n<h3>Atelier de peinture en poudre<\/h3>\n<p><img decoding=\"async\" src=\"\/wp-content\/uploads\/factory-09.webp\"\/><\/p>\n<h3>Atelier d'anodisation<\/h3>\n<p><img decoding=\"async\" src=\"\/wp-content\/uploads\/factory-10.webp\"\/><\/p>\n<h3>Atelier sur le traitement en profondeur<\/h3>\n<p><img decoding=\"async\" src=\"\/wp-content\/uploads\/factory-11.webp\"\/><\/p>\n<h3>Atelier d'usinage de pr\u00e9cision CNC<\/h3>\n<p><img decoding=\"async\" src=\"\/wp-content\/uploads\/factory-11.5.webp\"\/><\/p>\n<h3>Entrep\u00f4t de produits finis et d'exportation<\/h3>\n<p><img decoding=\"async\" src=\"\/wp-content\/uploads\/factory-12.webp\"\/><\/p>\n<p><img decoding=\"async\" src=\"\/wp-content\/uploads\/factory-13.webp\"\/><\/p>\n<p><img decoding=\"async\" src=\"\/wp-content\/uploads\/factory-14.webp\"\/><\/p>\n<h2>FAQ<\/h2>\n<p><p><b>1.Qu'est-ce qu'un profil\u00e9 d'extrusion de fen\u00eatre ? <\/b><\/p>\n<p> Les profil\u00e9s d'extrusion pour fen\u00eatres sont des sections d'aluminium de forme sp\u00e9ciale utilis\u00e9es pour construire et soutenir les cadres de fen\u00eatres dans les applications architecturales et industrielles.<br \/>\n<\/p><br \/>\n<br \/>\n<p><b>2. pourquoi utiliser l'aluminium pour les profil\u00e9s d'extrusion de fen\u00eatres ? <\/b><\/p>\n<p> L'aluminium offre une durabilit\u00e9, une r\u00e9sistance \u00e0 la corrosion et une structure l\u00e9g\u00e8re, ce qui en fait un mat\u00e9riau id\u00e9al pour la performance \u00e0 long terme des cadres de fen\u00eatres.<br \/>\n<\/p><br \/>\n<br \/>\n<p><b>3. ces profil\u00e9s peuvent-ils supporter un double ou un triple vitrage ? <\/b><\/p>\n<p> Oui, les profil\u00e9s d'extrusion pour fen\u00eatres sont con\u00e7us pour s'adapter \u00e0 une large gamme de types de vitrages, y compris les doubles et triples vitrages.<br \/>\n<\/p><br \/>\n<br \/>\n<p><b>4. les profils d'extrusion des fen\u00eatres sont-ils personnalisables ? <\/b><\/p>\n<p> Absolument, ils peuvent \u00eatre personnalis\u00e9s en termes de forme, de taille, d'\u00e9paisseur et de finition de surface pour r\u00e9pondre \u00e0 des exigences sp\u00e9cifiques en mati\u00e8re de conception et de fonctionnement.<br \/>\n<\/p><br \/>\n<br \/>\n<p><b>5. Quelles sont les finitions disponibles pour les profil\u00e9s de fen\u00eatres ? <\/b><\/p>\n<p> Les finitions les plus courantes sont l'anodisation, le rev\u00eatement par poudre, le PVDF et le grain de bois, qui assurent \u00e0 la fois une protection fonctionnelle et un attrait visuel.<br \/>\n<\/p><br \/>\n<br \/>\n<p><b>6. les profil\u00e9s de fen\u00eatre en aluminium sont-ils r\u00e9sistants aux intemp\u00e9ries ? <\/b><\/p>\n<p> Oui, avec un traitement de surface appropri\u00e9, ils r\u00e9sistent exceptionnellement bien \u00e0 l'humidit\u00e9, aux UV et aux fluctuations de temp\u00e9rature.<br \/>\n<\/p><br \/>\n<br \/>\n<p><b>7. ces profils n\u00e9cessitent-ils beaucoup d'entretien ? <\/b><\/p>\n<p> Non, les profil\u00e9s de fen\u00eatres en aluminium n\u00e9cessitent peu d'entretien et ne requi\u00e8rent g\u00e9n\u00e9ralement qu'un nettoyage occasionnel pour conserver leur aspect et leurs performances.<br \/>\n<\/p><br \/>\n<br \/>\n<p><b>8. quelles industries utilisent les profil\u00e9s de fen\u00eatre en aluminium ? <\/b><\/p>\n<p> Ces profil\u00e9s sont largement utilis\u00e9s dans les logements r\u00e9sidentiels, les b\u00e2timents commerciaux, les murs-rideaux et les syst\u00e8mes de fen\u00eatres industrielles.<br \/>\n<\/p><br \/><\/p>","protected":false},"featured_media":7783,"template":"","categories":[67],"class_list":["post-7784","product","type-product","status-publish","has-post-thumbnail","hentry","category-architectural-aluminium-profile"],"meta_box":{"hilight_text_group":{"product_hilight_text":"<li>Precision-extruded profiles ensure airtight and secure window frame construction.<\/li>\r\r\n<li>Lightweight aluminum material offers high strength and corrosion resistance.<\/li>\r\r\n<li>Customizable shapes, thicknesses, and finishes for various window designs.<\/li>\r\r\n<li>Compatible with multiple glazing options for thermal and acoustic insulation.<\/li>\r\r\n<li>Low maintenance and long-lasting performance in all weather conditions.<\/li>\r\r\n<li>Ideal for residential, commercial, and industrial window systems.<\/li>","product_chanpin_blog":"<ul>\r\r\n<li><a href=\"https:\/\/sinoextrud.com\/t-slot-v-slot-differences\/\" target=\"_blank\">t slot vs v slot<\/a><\/li>\r\r\n<li><a href=\"https:\/\/sinoextrud.com\/what-is-4040-aluminium-extrud\/\" target=\"_blank\">4040 aluminium extrusion<\/a><\/li>\r\r\n<li><a href=\"https:\/\/sinoextrud.com\/what-is-4040-aluminium-extrud\/\" target=\"_blank\">aluminum extrusions for industrial racks<\/a><\/li>\r\r\n<li><a href=\"https:\/\/sinoextrud.com\/powder-coating-aluminium-process\/\" target=\"_blank\">powder coating aluminium<\/a><\/li>\r\r\n<li><a href=\"https:\/\/sinoextrud.com\/what-is-an-aluminium-strip-ceiling\/\" target=\"_blank\">aluminium strip ceiling<\/a><\/li>\r\r\n<li><a href=\"https:\/\/sinoextrud.com\/what-is-a-heat-sink\/\" target=\"_blank\">what is a heat sink<\/a><\/li>\r\r\n<\/ul>","product_chanpin_chanpin":"<li><a href=\"https:\/\/sinoextrud.com\/product\/aluminum-profile-for-curtain\/\" target=\"_blank\">Aluminum Profile for Curtain<\/a><\/li>\r\n<li><a href=\"https:\/\/sinoextrud.com\/product\/aluminum-profile-slider-for-window-curtain\/\" target=\"_blank\">Aluminum Profile Slider For Window Curtain<\/a><\/li>\r\n<li><a href=\"https:\/\/sinoextrud.com\/product\/aluminum-profile-wardrobe-hanging-rail\/\" target=\"_blank\">Aluminum Profile Wardrobe Hanging Rail<\/a><\/li>\r\n<li><a href=\"https:\/\/sinoextrud.com\/product\/anodizing-aluminium-alloy-wire-slot\/\" target=\"_blank\">Anodizing Aluminium Alloy Wire Slot<\/a><\/li>\r\n<li><a href=\"https:\/\/sinoextrud.com\/product\/window-extrusion-profiles\/\" target=\"_blank\">Window Extrusion Profiles<\/a><\/li>\r\n<li><a href=\"https:\/\/sinoextrud.com\/product\/aluminum-outdoor-louver\/\" target=\"_blank\">Aluminum Outdoor Louver<\/a><\/li>\r\n<li><a href=\"https:\/\/sinoextrud.com\/product\/aluminium-extrusion-profile\/\" target=\"_blank\">Aluminium Extrusion Profile<\/a><\/li>\r\n<li><a href=\"https:\/\/sinoextrud.com\/product\/extruded-aluminium-electronics-enclosures\/\" target=\"_blank\">Extruded aluminium electronics enclosures<\/a><\/li>\r\n<li><a href=\"https:\/\/sinoextrud.com\/product\/aluminum-curtain-wall-powder-coating-properties-prices-competitive-extrusion-uses-in-construction\/\" target=\"_blank\">aluminum curtain wall Powder Coating properties prices competitive Extrusion uses in construction<\/a><\/li>\r\n<li><a href=\"https:\/\/sinoextrud.com\/product\/aluminium-profile-systems\/\" target=\"_blank\">Aluminium Profile Systems<\/a><\/li>\r\n<li><a href=\"https:\/\/sinoextrud.com\/product\/aluminum-mirror-frame-extrusions\/\" target=\"_blank\">Aluminum Mirror Frame Extrusions<\/a><\/li>"},"feature_list":[]},"_links":{"self":[{"href":"https:\/\/sinoextrud.com\/fr\/wp-json\/wp\/v2\/product\/7784","targetHints":{"allow":["GET"]}}],"collection":[{"href":"https:\/\/sinoextrud.com\/fr\/wp-json\/wp\/v2\/product"}],"about":[{"href":"https:\/\/sinoextrud.com\/fr\/wp-json\/wp\/v2\/types\/product"}],"wp:featuredmedia":[{"embeddable":true,"href":"https:\/\/sinoextrud.com\/fr\/wp-json\/wp\/v2\/media\/7783"}],"wp:attachment":[{"href":"https:\/\/sinoextrud.com\/fr\/wp-json\/wp\/v2\/media?parent=7784"}],"wp:term":[{"taxonomy":"category","embeddable":true,"href":"https:\/\/sinoextrud.com\/fr\/wp-json\/wp\/v2\/categories?post=7784"}],"curies":[{"name":"wp","href":"https:\/\/api.w.org\/{rel}","templated":true}]}}