{"id":7781,"date":"2025-06-10T07:17:40","date_gmt":"2025-06-10T07:17:40","guid":{"rendered":"https:\/\/sinoextrud.com\/product\/anodizing-aluminium-alloy-wire-slot\/"},"modified":"2025-06-24T06:13:40","modified_gmt":"2025-06-24T06:13:40","slug":"anodisation-de-lalliage-daluminium-fente-de-fil","status":"publish","type":"product","link":"https:\/\/sinoextrud.com\/fr\/product\/anodizing-aluminium-alloy-wire-slot\/","title":{"rendered":"Anodisation du fil d'alliage d'aluminium"},"content":{"rendered":"<h2>D\u00e9tails des produits<\/h2>\n<table class=\"custom-table\">\n<tr>\n<td class=\"label\">Objet<\/td>\n<td>Anodisation du fil d'alliage d'aluminium<\/td>\n<\/tr>\n<tr>\n<td class=\"label\">Mat\u00e9riau<\/td>\n<td>S\u00e9rie 6000, 6063<\/td>\n<\/tr>\n<tr>\n<td class=\"label\">Temp\u00e9rer<\/td>\n<td>T4, T5, T6<\/td>\n<\/tr>\n<tr>\n<td class=\"label\">Lieu d'origine :<\/td>\n<td>Foshan, Guangdong<\/td>\n<\/tr>\n<tr>\n<td class=\"label\">Forme<\/td>\n<td>30*20 ou sur mesure<\/td>\n<\/tr>\n<tr>\n<td class=\"label\">Application<\/td>\n<td>C\u00e2blage pour les h\u00f4pitaux, les usines, les \u00e9coles, les bureaux, les m\u00e9tros, les tunnels, les communications, l'\u00e9lectricit\u00e9, etc.<\/td>\n<\/tr>\n<tr>\n<td class=\"label\">Traitement de surface<\/td>\n<td>anodis\u00e9\u00e9lectrophor\u00e8se\uff0c grain de bois\uff0cPolissage\uff0cBross\u00e9\uff0cpoudre\uff0c<\/td>\n<\/tr>\n<tr>\n<td class=\"label\">Couleurs<\/td>\n<td>Argent anodis\u00e9, noir anodis\u00e9, gris anodis\u00e9 ou sur mesure<\/td>\n<\/tr>\n<tr>\n<td class=\"label\">Processus en profondeur<\/td>\n<td>SciageFraisage\uff0cMilling\uff0cCutting\uff0cWelding\uff0cbending\uff0cassembling\uff0c<\/td>\n<\/tr>\n<tr>\n<td class=\"label\">Certificat<\/td>\n<td>CQM, SGS, CE, BV, SONCAP \/ GB, ISO, JIS, AS, NZS, QUALICOAT, QUOLANOD<\/td>\n<\/tr>\n<\/table>\n<h2>Notre base de production<\/h2>\n<h3>Panorama de l'usine<\/h3>\n<p><img decoding=\"async\" src=\"\/wp-content\/uploads\/factory-01.webp\"\/><\/p>\n<h3>Atelier de fabrication de barres d'aluminium<\/h3>\n<p><img decoding=\"async\" src=\"\/wp-content\/uploads\/factory-02.webp\"\/><\/p>\n<p><img decoding=\"async\" src=\"\/wp-content\/uploads\/factory-03.webp\"\/><\/p>\n<h3>Entrep\u00f4t de stockage des moules<\/h3>\n<p><img decoding=\"async\" src=\"\/wp-content\/uploads\/factory-04.webp\"\/><\/p>\n<h3>43 lignes d'extrusion d'aluminium (500-5500 tonnes)<\/h3>\n<p><img decoding=\"async\" src=\"\/wp-content\/uploads\/factory-05.webp\"\/><\/p>\n<p><img decoding=\"async\" src=\"\/wp-content\/uploads\/factory-06.webp\"\/><\/p>\n<p><img decoding=\"async\" src=\"\/wp-content\/uploads\/factory-07.webp\"\/><\/p>\n<h3>Atelier de peinture en poudre<\/h3>\n<p><img decoding=\"async\" src=\"\/wp-content\/uploads\/factory-09.webp\"\/><\/p>\n<h3>Atelier d'anodisation<\/h3>\n<p><img decoding=\"async\" src=\"\/wp-content\/uploads\/factory-10.webp\"\/><\/p>\n<h3>Atelier sur le traitement en profondeur<\/h3>\n<p><img decoding=\"async\" src=\"\/wp-content\/uploads\/factory-11.webp\"\/><\/p>\n<h3>Atelier d'usinage de pr\u00e9cision CNC<\/h3>\n<p><img decoding=\"async\" src=\"\/wp-content\/uploads\/factory-11.5.webp\"\/><\/p>\n<h3>Entrep\u00f4t de produits finis et d'exportation<\/h3>\n<p><img decoding=\"async\" src=\"\/wp-content\/uploads\/factory-12.webp\"\/><\/p>\n<p><img decoding=\"async\" src=\"\/wp-content\/uploads\/factory-13.webp\"\/><\/p>\n<p><img decoding=\"async\" src=\"\/wp-content\/uploads\/factory-14.webp\"\/><\/p>\n<h2>FAQ<\/h2>\n<p><p><b>1) Qu'est-ce qu'une rainure pour fil en alliage d'aluminium anodis\u00e9 ? <\/b><\/p>\n<p> Le passage de c\u00e2bles en alliage d'aluminium anodis\u00e9 est un canal de gestion des c\u00e2bles en alliage d'aluminium anodis\u00e9, con\u00e7u pour prot\u00e9ger et organiser efficacement les c\u00e2bles.<br \/>\n<\/p><br \/>\n<br \/>\n<p><b>2) Pourquoi l'anodisation est-elle importante pour les fentes en fil d'aluminium ? <\/b><\/p>\n<p> L'anodisation augmente la r\u00e9sistance \u00e0 la corrosion, l'isolation \u00e9lectrique et la durabilit\u00e9 de la surface, ce qui rend la fente pour fil adapt\u00e9e aux environnements exigeants.<br \/>\n<\/p><br \/>\n<br \/>\n<p><b>3) Quels sont les avantages de l'utilisation d'un alliage d'aluminium pour les rainures de fils ? <\/b><\/p>\n<p> L'alliage d'aluminium offre une r\u00e9sistance l\u00e9g\u00e8re, une r\u00e9sistance \u00e0 la corrosion et d'excellentes performances thermiques, id\u00e9ales pour les syst\u00e8mes de c\u00e2blage industriels.<br \/>\n<\/p><br \/>\n<br \/>\n<p><b>4. la fente du fil peut-elle \u00eatre personnalis\u00e9e ? <\/b><\/p>\n<p> Oui, la fente en alliage d'aluminium anodis\u00e9 peut \u00eatre personnalis\u00e9e en termes de taille, d'espacement des fentes et de finition pour r\u00e9pondre \u00e0 des besoins d'installation sp\u00e9cifiques.<br \/>\n<\/p><br \/>\n<br \/>\n<p><b>5. ce produit est-il adapt\u00e9 aux panneaux de contr\u00f4le \u00e9lectriques ? <\/b><\/p>\n<p> Absolument, son rev\u00eatement anodis\u00e9 non conducteur et sa conception de fente de pr\u00e9cision le rendent parfait pour les armoires de commande et les syst\u00e8mes d'automatisation.<br \/>\n<\/p><br \/>\n<br \/>\n<p><b>6. en quoi la fente anodis\u00e9e am\u00e9liore-t-elle la s\u00e9curit\u00e9 du c\u00e2ble ? <\/b><\/p>\n<p> La surface anodis\u00e9e r\u00e9duit les ar\u00eates vives et ajoute de l'isolation, ce qui permet d'\u00e9viter les dommages aux fils et les courts-circuits.<br \/>\n<\/p><br \/>\n<br \/>\n<p><b>7. est-il facile \u00e0 installer et \u00e0 entretenir ? <\/b><\/p>\n<p> Oui, la structure l\u00e9g\u00e8re et la conception modulaire de la fente en fil d'aluminium permettent une installation rapide et un entretien minimal.<br \/>\n<\/p><br \/>\n<br \/>\n<p><b>8) Quelles sont les industries qui utilisent des fentes en aluminium anodis\u00e9 ? <\/b><\/p>\n<p> Les secteurs les plus courants sont l'\u00e9lectrotechnique, l'automatisation, les t\u00e9l\u00e9communications et la fabrication de machines industrielles.<br \/>\n<\/p><br \/><\/p>","protected":false},"featured_media":7780,"template":"","categories":[67],"class_list":["post-7781","product","type-product","status-publish","has-post-thumbnail","hentry","category-architectural-aluminium-profile"],"meta_box":{"hilight_text_group":{"product_hilight_text":"<li>High-strength aluminum alloy ensures long-lasting structural integrity.<\/li>\r\r\n<li>Anodized surface enhances corrosion resistance and electrical insulation.<\/li>\r\r\n<li>Precision slots designed for efficient cable organization and protection.<\/li>\r\r\n<li>Lightweight yet rigid material simplifies installation and handling.<\/li>\r\r\n<li>Customizable dimensions and slot configurations for diverse applications.<\/li>\r\r\n<li>Ideal for industrial automation, control panels, and cable routing systems.<\/li>","product_chanpin_blog":"<ul>\r\r\n<li><a href=\"https:\/\/sinoextrud.com\/t-slot-v-slot-differences\/\" target=\"_blank\">t slot vs v slot<\/a><\/li>\r\r\n<li><a href=\"https:\/\/sinoextrud.com\/what-is-4040-aluminium-extrud\/\" target=\"_blank\">4040 aluminium extrusion<\/a><\/li>\r\r\n<li><a href=\"https:\/\/sinoextrud.com\/what-is-4040-aluminium-extrud\/\" target=\"_blank\">aluminum extrusions for industrial racks<\/a><\/li>\r\r\n<li><a href=\"https:\/\/sinoextrud.com\/powder-coating-aluminium-process\/\" target=\"_blank\">powder coating aluminium<\/a><\/li>\r\r\n<li><a href=\"https:\/\/sinoextrud.com\/what-is-an-aluminium-strip-ceiling\/\" target=\"_blank\">aluminium strip ceiling<\/a><\/li>\r\r\n<li><a href=\"https:\/\/sinoextrud.com\/what-is-a-heat-sink\/\" target=\"_blank\">what is a heat sink<\/a><\/li>\r\r\n<\/ul>","product_chanpin_chanpin":"<li><a href=\"https:\/\/sinoextrud.com\/product\/aluminum-profile-for-advertising-photo-frame\/\" target=\"_blank\">Aluminum Profile For Advertising Photo Frame<\/a><\/li>\r\n<li><a href=\"https:\/\/sinoextrud.com\/product\/aluminum-profile-for-curtain\/\" target=\"_blank\">Aluminum Profile for Curtain<\/a><\/li>\r\n<li><a href=\"https:\/\/sinoextrud.com\/product\/aluminum-profile-slider-for-window-curtain\/\" target=\"_blank\">Aluminum Profile Slider For Window Curtain<\/a><\/li>\r\n<li><a href=\"https:\/\/sinoextrud.com\/product\/aluminum-profile-wardrobe-hanging-rail\/\" target=\"_blank\">Aluminum Profile Wardrobe Hanging Rail<\/a><\/li>\r\n<li><a href=\"https:\/\/sinoextrud.com\/product\/anodizing-aluminium-alloy-wire-slot\/\" target=\"_blank\">Anodizing Aluminium Alloy Wire Slot<\/a><\/li>\r\n<li><a href=\"https:\/\/sinoextrud.com\/product\/window-extrusion-profiles\/\" target=\"_blank\">Window Extrusion Profiles<\/a><\/li>\r\n<li><a href=\"https:\/\/sinoextrud.com\/product\/aluminum-outdoor-louver\/\" target=\"_blank\">Aluminum Outdoor Louver<\/a><\/li>\r\n<li><a href=\"https:\/\/sinoextrud.com\/product\/aluminium-extrusion-profile\/\" target=\"_blank\">Aluminium Extrusion Profile<\/a><\/li>\r\n<li><a href=\"https:\/\/sinoextrud.com\/product\/extruded-aluminium-electronics-enclosures\/\" target=\"_blank\">Extruded aluminium electronics enclosures<\/a><\/li>\r\n<li><a href=\"https:\/\/sinoextrud.com\/product\/aluminum-profile-windows-extrusion-companies-in-china\/\" target=\"_blank\">aluminum profile windows extrusion companies in china<\/a><\/li>\r\n<li><a href=\"https:\/\/sinoextrud.com\/product\/custom-industrial-extruded-aluminum-alloy\/\" target=\"_blank\">Custom Industrial Extruded Aluminum Alloy<\/a><\/li>"},"feature_list":[]},"_links":{"self":[{"href":"https:\/\/sinoextrud.com\/fr\/wp-json\/wp\/v2\/product\/7781","targetHints":{"allow":["GET"]}}],"collection":[{"href":"https:\/\/sinoextrud.com\/fr\/wp-json\/wp\/v2\/product"}],"about":[{"href":"https:\/\/sinoextrud.com\/fr\/wp-json\/wp\/v2\/types\/product"}],"wp:featuredmedia":[{"embeddable":true,"href":"https:\/\/sinoextrud.com\/fr\/wp-json\/wp\/v2\/media\/7780"}],"wp:attachment":[{"href":"https:\/\/sinoextrud.com\/fr\/wp-json\/wp\/v2\/media?parent=7781"}],"wp:term":[{"taxonomy":"category","embeddable":true,"href":"https:\/\/sinoextrud.com\/fr\/wp-json\/wp\/v2\/categories?post=7781"}],"curies":[{"name":"wp","href":"https:\/\/api.w.org\/{rel}","templated":true}]}}