{"id":7775,"date":"2025-06-10T07:09:29","date_gmt":"2025-06-10T07:09:29","guid":{"rendered":"https:\/\/sinoextrud.com\/product\/aluminum-profile-for-curtain\/"},"modified":"2025-06-24T06:13:39","modified_gmt":"2025-06-24T06:13:39","slug":"profile-en-aluminium-pour-rideau","status":"publish","type":"product","link":"https:\/\/sinoextrud.com\/fr\/product\/aluminum-profile-for-curtain\/","title":{"rendered":"Profil\u00e9s en aluminium pour rideaux"},"content":{"rendered":"<h2>D\u00e9tails des produits<\/h2>\n<table class=\"custom-table\">\n<tr>\n<td class=\"label\">Nom du produit<\/td>\n<td>Profil\u00e9s en aluminium pour rideaux<\/td>\n<\/tr>\n<tr>\n<td class=\"label\">Mat\u00e9riau<\/td>\n<td>Alliage d'aluminium 6063-T5<\/td>\n<\/tr>\n<tr>\n<td class=\"label\">Fini<\/td>\n<td>Norme internationale Argent anodis\u00e9<\/td>\n<\/tr>\n<tr>\n<td class=\"label\">Standard<\/td>\n<td>GB5237-2008<\/td>\n<\/tr>\n<tr>\n<td class=\"label\">Mat\u00e9riau<\/td>\n<td>Alliage d'aluminium 6063, 6061, 6082, 6005, 6005A, 6463<\/td>\n<\/tr>\n<tr>\n<td class=\"label\">Temp\u00e9rer<\/td>\n<td>T3-T8<\/td>\n<\/tr>\n<tr>\n<td class=\"label\">Fini<\/td>\n<td>Finition en usine, anodisation, rev\u00eatement en poudre, \u00e9lectrophor\u00e8se, PVDF, grain de bois, brosse, etc.<\/td>\n<\/tr>\n<tr>\n<td class=\"label\">Coler<\/td>\n<td>Or, argent, noir, blanc, gris, champagne, bronze, couleurs RAL, couleur bois, etc.<\/td>\n<\/tr>\n<tr>\n<td class=\"label\">Service CNC<\/td>\n<td>Un service de machines \u00e0 commande num\u00e9rique peut \u00eatre propos\u00e9 si n\u00e9cessaire.<\/td>\n<\/tr>\n<tr>\n<td class=\"label\">MOQ<\/td>\n<td>200KGS\/article<\/td>\n<\/tr>\n<\/table>\n<h2>Notre base de production<\/h2>\n<h3>Panorama de l'usine<\/h3>\n<p><img decoding=\"async\" src=\"\/wp-content\/uploads\/factory-01.webp\"\/><\/p>\n<h3>Atelier de fabrication de barres d'aluminium<\/h3>\n<p><img decoding=\"async\" src=\"\/wp-content\/uploads\/factory-02.webp\"\/><\/p>\n<p><img decoding=\"async\" src=\"\/wp-content\/uploads\/factory-03.webp\"\/><\/p>\n<h3>Entrep\u00f4t de stockage des moules<\/h3>\n<p><img decoding=\"async\" src=\"\/wp-content\/uploads\/factory-04.webp\"\/><\/p>\n<h3>43 lignes d'extrusion d'aluminium (500 \u00e0 5500 tonnes)<\/h3>\n<p><img decoding=\"async\" src=\"\/wp-content\/uploads\/factory-05.webp\"\/><\/p>\n<p><img decoding=\"async\" src=\"\/wp-content\/uploads\/factory-06.webp\"\/><\/p>\n<p><img decoding=\"async\" src=\"\/wp-content\/uploads\/factory-07.webp\"\/><\/p>\n<h3>Atelier de peinture en poudre<\/h3>\n<p><img decoding=\"async\" src=\"\/wp-content\/uploads\/factory-09.webp\"\/><\/p>\n<h3>Atelier d'anodisation<\/h3>\n<p><img decoding=\"async\" src=\"\/wp-content\/uploads\/factory-10.webp\"\/><\/p>\n<h3>Atelier sur le traitement en profondeur<\/h3>\n<p><img decoding=\"async\" src=\"\/wp-content\/uploads\/factory-11.webp\"\/><\/p>\n<h3>Atelier d'usinage de pr\u00e9cision CNC<\/h3>\n<p><img decoding=\"async\" src=\"\/wp-content\/uploads\/factory-11.5.webp\"\/><\/p>\n<h3>Entrep\u00f4t de produits finis et d'exportation<\/h3>\n<p><img decoding=\"async\" src=\"\/wp-content\/uploads\/factory-12.webp\"\/><\/p>\n<p><img decoding=\"async\" src=\"\/wp-content\/uploads\/factory-13.webp\"\/><\/p>\n<p><img decoding=\"async\" src=\"\/wp-content\/uploads\/factory-14.webp\"\/><\/p>\n<h2>FAQ<\/h2>\n<p><p><b>1) Qu'est-ce qu'un profil\u00e9 en aluminium pour rideau ?<\/b><\/p>\n<p>Il s'agit d'une extrusion d'aluminium sp\u00e9cialement con\u00e7ue pour monter et guider les rideaux dans les maisons, les bureaux et les espaces commerciaux.<br \/>\n<\/p><br \/>\n<br \/>\n<p><b>2) Quels sont les avantages de l'utilisation de profil\u00e9s en aluminium pour les rideaux ?<\/b><\/p>\n<p>Ils sont l\u00e9gers, r\u00e9sistants \u00e0 la rouille, durables et permettent un mouvement fluide et silencieux du rideau.<br \/>\n<\/p><br \/>\n<br \/>\n<p><b>3. Les profil\u00e9s de rideaux en aluminium peuvent-ils \u00eatre utilis\u00e9s dans des zones humides ?<\/b><\/p>\n<p>Oui, la surface anodis\u00e9e ou rev\u00eatue de poudre r\u00e9siste \u00e0 la corrosion, ce qui les rend id\u00e9ales pour les salles de bains et les cuisines.<br \/>\n<\/p><br \/>\n<br \/>\n<p><b>4. ces profils sont-ils compatibles avec diff\u00e9rents types de rideaux ?<\/b><\/p>\n<p>Oui, ils peuvent \u00eatre utilis\u00e9s avec des rideaux pliss\u00e9s, des rideaux \u00e0 \u0153illets, des rideaux \u00e0 pochettes et des rideaux \u00e0 crochets.<br \/>\n<\/p><br \/>\n<br \/>\n<p><b>5. proposez-vous des tailles ou des couleurs personnalis\u00e9es ?<\/b><\/p>\n<p>Oui, nous proposons des longueurs, des finitions et des formes de profil sur mesure pour r\u00e9pondre \u00e0 des besoins sp\u00e9cifiques en mati\u00e8re de conception et d'installation.<br \/>\n<\/p><br \/>\n<br \/>\n<p><b>6. le processus d'installation est-il facile ?<\/b><\/p>\n<p>Oui, les profil\u00e9s sont con\u00e7us avec des accessoires de montage et des trous pr\u00e9-perc\u00e9s pour une installation rapide et s\u00fbre.<br \/>\n<\/p><br \/>\n<br \/>\n<p><b>7. O\u00f9 les profil\u00e9s de rideaux en aluminium sont-ils couramment utilis\u00e9s ?<\/b><\/p>\n<p>Ils sont utilis\u00e9s dans les maisons, les h\u00f4tels, les bureaux, les h\u00f4pitaux et les th\u00e9\u00e2tres pour les syst\u00e8mes de rideaux fonctionnels et d\u00e9coratifs.<br \/>\n<\/p><br \/>\n<br \/>\n<p><b>8. le profil supporte-t-il les rideaux lourds ?<\/b><\/p>\n<p>Oui, nos profil\u00e9s en aluminium renforc\u00e9s peuvent supporter diff\u00e9rents poids de rideaux tout en conservant un fonctionnement souple.<br \/>\n<\/p><br \/><\/p>","protected":false},"featured_media":7774,"template":"","categories":[67],"class_list":["post-7775","product","type-product","status-publish","has-post-thumbnail","hentry","category-architectural-aluminium-profile"],"meta_box":{"hilight_text_group":{"product_hilight_text":"<li>Lightweight aluminum construction for easy curtain support<\/li>\r\r\n<li>Corrosion-resistant finish ideal for humid or indoor environments<\/li>\r\r\n<li>Smooth track design ensures silent and seamless curtain movement<\/li>\r\r\n<li>Compatible with a wide range of curtain types and mounting styles<\/li>\r\r\n<li>Durable and long-lasting, suitable for both commercial and residential use<\/li>\r\r\n<li>Custom lengths and finishes available to match interior aesthetics<\/li>\r\r\n<li>Simple installation with pre-drilled holes and mounting accessories<\/li>","product_chanpin_blog":"<ul>\r\r\n<li><a href=\"https:\/\/sinoextrud.com\/t-slot-v-slot-differences\/\" target=\"_blank\">t slot vs v slot<\/a><\/li>\r\r\n<li><a href=\"https:\/\/sinoextrud.com\/what-is-4040-aluminium-extrud\/\" target=\"_blank\">4040 aluminium extrusion<\/a><\/li>\r\r\n<li><a href=\"https:\/\/sinoextrud.com\/what-is-4040-aluminium-extrud\/\" target=\"_blank\">aluminum extrusions for industrial racks<\/a><\/li>\r\r\n<li><a href=\"https:\/\/sinoextrud.com\/powder-coating-aluminium-process\/\" target=\"_blank\">powder coating aluminium<\/a><\/li>\r\r\n<li><a href=\"https:\/\/sinoextrud.com\/what-is-an-aluminium-strip-ceiling\/\" target=\"_blank\">aluminium strip ceiling<\/a><\/li>\r\r\n<li><a href=\"https:\/\/sinoextrud.com\/what-is-a-heat-sink\/\" target=\"_blank\">what is a heat sink<\/a><\/li>\r\r\n<\/ul>","product_chanpin_chanpin":"<li><a href=\"https:\/\/sinoextrud.com\/product\/aluminum-picture-photo-artware-frame-mirror-polished-gold\/\" target=\"_blank\">Aluminum Picture Photo Artware Frame Mirror Polished Gold<\/a><\/li>\r\n<li><a href=\"https:\/\/sinoextrud.com\/product\/aluminum-profile-for-glass-railings\/\" target=\"_blank\">Aluminum Profile For Glass Railings<\/a><\/li>\r\n<li><a href=\"https:\/\/sinoextrud.com\/product\/extruded-aluminum-slide\/\" target=\"_blank\">Extruded Aluminum Slide<\/a><\/li>\r\n<li><a href=\"https:\/\/sinoextrud.com\/product\/aluminum-profile-for-advertising-photo-frame\/\" target=\"_blank\">Aluminum Profile For Advertising Photo Frame<\/a><\/li>\r\n<li><a href=\"https:\/\/sinoextrud.com\/product\/aluminum-profile-for-curtain\/\" target=\"_blank\">Aluminum Profile for Curtain<\/a><\/li>\r\n<li><a href=\"https:\/\/sinoextrud.com\/product\/aluminum-profile-slider-for-window-curtain\/\" target=\"_blank\">Aluminum Profile Slider For Window Curtain<\/a><\/li>\r\n<li><a href=\"https:\/\/sinoextrud.com\/product\/aluminum-profile-wardrobe-hanging-rail\/\" target=\"_blank\">Aluminum Profile Wardrobe Hanging Rail<\/a><\/li>\r\n<li><a href=\"https:\/\/sinoextrud.com\/product\/anodizing-aluminium-alloy-wire-slot\/\" target=\"_blank\">Anodizing Aluminium Alloy Wire Slot<\/a><\/li>\r\n<li><a href=\"https:\/\/sinoextrud.com\/product\/window-extrusion-profiles\/\" target=\"_blank\">Window Extrusion Profiles<\/a><\/li>\r\n<li><a href=\"https:\/\/sinoextrud.com\/product\/greenhouse-aluminium-extrusions-aluminium-sunroom-profile\/\" target=\"_blank\">Greenhouse Aluminium Extrusions Aluminium Sunroom Profile<\/a><\/li>\r\n<li><a href=\"https:\/\/sinoextrud.com\/product\/oem-precision-cnc-machining-for-aluminum-parts\/\" target=\"_blank\">OEM Precision CNC Machining For Aluminum Parts<\/a><\/li>"},"feature_list":[]},"_links":{"self":[{"href":"https:\/\/sinoextrud.com\/fr\/wp-json\/wp\/v2\/product\/7775","targetHints":{"allow":["GET"]}}],"collection":[{"href":"https:\/\/sinoextrud.com\/fr\/wp-json\/wp\/v2\/product"}],"about":[{"href":"https:\/\/sinoextrud.com\/fr\/wp-json\/wp\/v2\/types\/product"}],"wp:featuredmedia":[{"embeddable":true,"href":"https:\/\/sinoextrud.com\/fr\/wp-json\/wp\/v2\/media\/7774"}],"wp:attachment":[{"href":"https:\/\/sinoextrud.com\/fr\/wp-json\/wp\/v2\/media?parent=7775"}],"wp:term":[{"taxonomy":"category","embeddable":true,"href":"https:\/\/sinoextrud.com\/fr\/wp-json\/wp\/v2\/categories?post=7775"}],"curies":[{"name":"wp","href":"https:\/\/api.w.org\/{rel}","templated":true}]}}